{"id":2337,"date":"2017-04-07T11:56:32","date_gmt":"2017-04-07T09:56:32","guid":{"rendered":"http:\/\/agora.xtec.cat\/ies-antoni-pous\/?page_id=2337"},"modified":"2024-04-29T18:32:23","modified_gmt":"2024-04-29T16:32:23","slug":"preinscripcio-i-matriculacio","status":"publish","type":"page","link":"https:\/\/agora.xtec.cat\/ies-antoni-pous\/preinscripcio-i-matriculacio\/","title":{"rendered":"Preinscripci\u00f3 i matriculaci\u00f3"},"content":{"rendered":"<ul>\n<li style=\"text-align: justify;\">La <strong>preinscripci\u00f3<\/strong> \u00e9s el proc\u00e9s que cal fer per demanar pla\u00e7a per primera vegada en un centre educatiu, i tamb\u00e9 quan es vol canviar de centre.<\/li>\n<li style=\"text-align: justify;\">La <strong>matr\u00edcula<\/strong> \u00e9s el proc\u00e9s per confirmar la inscripci\u00f3 al centre un cop s\u2019hi ha obtingut pla\u00e7a. Per tant, la preinscripci\u00f3 no \u00e9s v\u00e0lida si no es fa la matr\u00edcula.<\/li>\n<li style=\"text-align: justify;\">Els alumnes de centres adscrits rebran tota la informaci\u00f3 directament a trav\u00e9s de la seva escola.<\/li>\n<\/ul>\n<h4><\/h4>\n<h4>El calendari de\u00a0<strong>preinscripci\u00f3<\/strong> 2024-2025 \u00e9s:<\/h4>\n<hr \/>\n<ul>\n<li>Educaci\u00f3 Secund\u00e0ria Obligat\u00f2ria (ESO): <strong>Del 8 al 20 de mar\u00e7 de 2024<\/strong><strong>. <\/strong><a style=\"font-family: inherit; font-size: 1em;\" href=\"https:\/\/preinscripcio.gencat.cat\/ca\/estudis\/eso\/inici\/\" target=\"_blank\" rel=\"noopener noreferrer\">La preinscripci\u00f3 escolar a l&#8217;ESO<\/a><\/li>\n<\/ul>\n<ul>\n<li>Batxillerat : <strong>Del 16 al 25 d\u2019abril de 2024<\/strong><\/li>\n<li>Informaci\u00f3 general del proc\u00e9s: <a href=\"https:\/\/preinscripcio.gencat.cat\/ca\/estudis\/batxillerat\/inici\/\" target=\"_blank\" rel=\"noopener noreferrer\">La preinscripci\u00f3 escolar al batxillerat<\/a><\/li>\n<\/ul>\n<ul>\n<li>Cicles Formatius de Grau Mitj\u00e0: <strong>del 24 al 30 de maig de 2024<\/strong><\/li>\n<li>Informaci\u00f3 general: <a href=\"https:\/\/preinscripcio.gencat.cat\/ca\/estudis\/fp-grau-mitja\/inici\/\" target=\"_blank\" rel=\"noopener noreferrer\">La preinscripci\u00f3 escolar al grau mitj\u00e0 de formaci\u00f3 professional<\/a><\/li>\n<\/ul>\n<ul>\n<li>Cicles Formatius de Grau Superior:<strong> del 24 al 30 de maig de 2024<\/strong><\/li>\n<li>Informaci\u00f3 general: <a href=\"https:\/\/preinscripcio.gencat.cat\/ca\/estudis\/fp-grau-superior\/inici\/\" target=\"_blank\" rel=\"noopener noreferrer\">La preinscripci\u00f3 escolar al grau superior de formaci\u00f3 professional<\/a><\/li>\n<\/ul>\n<ul>\n<li>IFE (Itineraris formatius espec\u00edfics): <strong>del 13 al 24 de maig de 2024<\/strong><\/li>\n<li>Informaci\u00f3 general: <a href=\"https:\/\/preinscripcio.gencat.cat\/ca\/estudis\/ife\/inici\/\" target=\"_blank\" rel=\"noopener noreferrer\">Itineraris formatius espec\u00edfics<\/a><\/li>\n<\/ul>\n<ul>\n<li>PFI (Programa de Formaci\u00f3 i Inserci\u00f3): <strong>del 2 al 9 de maig de 2024<\/strong><\/li>\n<li>Informaci\u00f3 general: <a href=\"https:\/\/preinscripcio.gencat.cat\/ca\/estudis\/pfi\/inici\/\" target=\"_blank\" rel=\"noopener noreferrer\">La preinscripci\u00f3 escolar als programes de formaci\u00f3 i inserci\u00f3<\/a><\/li>\n<\/ul>\n<p>&nbsp;<\/p>\n<h4>El calendari de\u00a0<strong>matr\u00edcula<\/strong> 2024-2025 \u00e9s:<\/h4>\n<hr \/>\n<ul>\n<li>Educaci\u00f3 Secund\u00e0ria Obligat\u00f2ria (ESO)<strong>: Del 18 al 26 de juny de 2024<\/strong><\/li>\n<\/ul>\n<ul>\n<li>Batxillerat: <strong>Del 21 de juny a l&#8217;1 de juliol de 2024<\/strong><\/li>\n<\/ul>\n<ul>\n<li>Cicles formatius de grau mitj\u00e0: <strong>Del 17 al 22 de juliol de 2024<\/strong><\/li>\n<li>Cicles Formatius de grau superior: <strong>Del 15 al 18 de juliol de 2024<\/strong><\/li>\n<li>IFE (Itineraris formatius espec\u00edfics): <strong>Del 20 al 28 de juny de 2024<\/strong><\/li>\n<li>PFI (Programa de Formaci\u00f3 i Inserci\u00f3): <strong>Del 2 al 8 de juliol de 2024<\/strong><br \/>\n<h3><\/h3>\n<\/li>\n<\/ul>\n<p>&nbsp;<\/p>\n<p>&nbsp;<\/p>\n<p>&nbsp;<\/p>\n<p>&nbsp;<\/p>\n<p>&nbsp;<\/p>\n","protected":false},"excerpt":{"rendered":"<p>La preinscripci\u00f3 \u00e9s el proc\u00e9s que cal fer per demanar pla\u00e7a per primera vegada en un centre educatiu, i tamb\u00e9 [&hellip;]<\/p>\n","protected":false},"author":3,"featured_media":0,"parent":0,"menu_order":0,"comment_status":"closed","ping_status":"closed","template":"","meta":{"_bbp_topic_count":0,"_bbp_reply_count":0,"_bbp_total_topic_count":0,"_bbp_total_reply_count":0,"_bbp_voice_count":0,"_bbp_anonymous_reply_count":0,"_bbp_topic_count_hidden":0,"_bbp_reply_count_hidden":0,"_bbp_forum_subforum_count":0,"site-sidebar-layout":"default","site-content-layout":"","ast-site-content-layout":"","site-content-style":"default","site-sidebar-style":"default","ast-global-header-display":"","ast-banner-title-visibility":"","ast-main-header-display":"","ast-hfb-above-header-display":"","ast-hfb-below-header-display":"","ast-hfb-mobile-header-display":"","site-post-title":"","ast-breadcrumbs-content":"","ast-featured-img":"","footer-sml-layout":"","theme-transparent-header-meta":"","adv-header-id-meta":"","stick-header-meta":"","header-above-stick-meta":"","header-main-stick-meta":"","header-below-stick-meta":"","astra-migrate-meta-layouts":"default","ast-page-background-enabled":"default","ast-page-background-meta":{"desktop":{"background-color":"var(--ast-global-color-4)","background-image":"","background-repeat":"repeat","background-position":"center center","background-size":"auto","background-attachment":"scroll","background-type":"","background-media":"","overlay-type":"","overlay-color":"","overlay-opacity":"","overlay-gradient":""},"tablet":{"background-color":"","background-image":"","background-repeat":"repeat","background-position":"center center","background-size":"auto","background-attachment":"scroll","background-type":"","background-media":"","overlay-type":"","overlay-color":"","overlay-opacity":"","overlay-gradient":""},"mobile":{"background-color":"","background-image":"","background-repeat":"repeat","background-position":"center center","background-size":"auto","background-attachment":"scroll","background-type":"","background-media":"","overlay-type":"","overlay-color":"","overlay-opacity":"","overlay-gradient":""}},"ast-content-background-meta":{"desktop":{"background-color":"var(--ast-global-color-5)","background-image":"","background-repeat":"repeat","background-position":"center center","background-size":"auto","background-attachment":"scroll","background-type":"","background-media":"","overlay-type":"","overlay-color":"","overlay-opacity":"","overlay-gradient":""},"tablet":{"background-color":"var(--ast-global-color-5)","background-image":"","background-repeat":"repeat","background-position":"center center","background-size":"auto","background-attachment":"scroll","background-type":"","background-media":"","overlay-type":"","overlay-color":"","overlay-opacity":"","overlay-gradient":""},"mobile":{"background-color":"var(--ast-global-color-5)","background-image":"","background-repeat":"repeat","background-position":"center center","background-size":"auto","background-attachment":"scroll","background-type":"","background-media":"","overlay-type":"","overlay-color":"","overlay-opacity":"","overlay-gradient":""}},"footnotes":""},"class_list":["post-2337","page","type-page","status-publish","hentry"],"post_mailing_queue_ids":[],"_links":{"self":[{"href":"https:\/\/agora.xtec.cat\/ies-antoni-pous\/wp-json\/wp\/v2\/pages\/2337","targetHints":{"allow":["GET"]}}],"collection":[{"href":"https:\/\/agora.xtec.cat\/ies-antoni-pous\/wp-json\/wp\/v2\/pages"}],"about":[{"href":"https:\/\/agora.xtec.cat\/ies-antoni-pous\/wp-json\/wp\/v2\/types\/page"}],"author":[{"embeddable":true,"href":"https:\/\/agora.xtec.cat\/ies-antoni-pous\/wp-json\/wp\/v2\/users\/3"}],"replies":[{"embeddable":true,"href":"https:\/\/agora.xtec.cat\/ies-antoni-pous\/wp-json\/wp\/v2\/comments?post=2337"}],"version-history":[{"count":4,"href":"https:\/\/agora.xtec.cat\/ies-antoni-pous\/wp-json\/wp\/v2\/pages\/2337\/revisions"}],"predecessor-version":[{"id":15225,"href":"https:\/\/agora.xtec.cat\/ies-antoni-pous\/wp-json\/wp\/v2\/pages\/2337\/revisions\/15225"}],"wp:attachment":[{"href":"https:\/\/agora.xtec.cat\/ies-antoni-pous\/wp-json\/wp\/v2\/media?parent=2337"}],"curies":[{"name":"wp","href":"https:\/\/api.w.org\/{rel}","templated":true}]}}