{"id":2063,"date":"2017-04-02T01:32:19","date_gmt":"2017-04-01T23:32:19","guid":{"rendered":"http:\/\/agora.xtec.cat\/ies-antoni-pous\/?page_id=2063"},"modified":"2024-01-12T12:24:48","modified_gmt":"2024-01-12T11:24:48","slug":"mobilitat","status":"publish","type":"page","link":"https:\/\/agora.xtec.cat\/ies-antoni-pous\/projectes-2\/mobilitat\/","title":{"rendered":"Mobilitat"},"content":{"rendered":"<p><a href=\"http:\/\/agora.xtec.cat\/ies-antoni-pous\/wp-content\/uploads\/usu283\/2017\/04\/mobilitat1.jpg\"><img loading=\"lazy\" decoding=\"async\" class=\"size-large wp-image-2253 aligncenter\" src=\"http:\/\/agora.xtec.cat\/ies-antoni-pous\/wp-content\/uploads\/usu283\/2017\/04\/mobilitat1-1024x401.jpg\" alt=\"mobilitat1\" width=\"1024\" height=\"401\" srcset=\"https:\/\/agora.xtec.cat\/ies-antoni-pous\/wp-content\/uploads\/usu283\/2017\/04\/mobilitat1-1024x401.jpg 1024w, https:\/\/agora.xtec.cat\/ies-antoni-pous\/wp-content\/uploads\/usu283\/2017\/04\/mobilitat1-300x117.jpg 300w, https:\/\/agora.xtec.cat\/ies-antoni-pous\/wp-content\/uploads\/usu283\/2017\/04\/mobilitat1-768x300.jpg 768w\" sizes=\"auto, (max-width: 1024px) 100vw, 1024px\" \/><\/a><br \/>\n<script src=\"\/\/embedr.flickr.com\/assets\/client-code.js\" async=\"\" charset=\"utf-8\"><\/script><script src=\"\/\/embedr.flickr.com\/assets\/client-code.js\" async=\"\" charset=\"utf-8\"><\/script><script src=\"\/\/embedr.flickr.com\/assets\/client-code.js\" async=\"\" charset=\"utf-8\"><\/script><\/p>\n<h3 style=\"text-align: justify;\"><span style=\"color: #008000;\"><strong>Mobilitat: Viatjar per aprendre<\/strong><\/span><\/h3>\n<hr \/>\n<div style=\"text-align: justify;\"><\/div>\n<div style=\"text-align: justify;\">\n<p>El nostre centre promou i participa en l\u2019organitzaci\u00f3 de projectes europeus de mobilitat, un valor afegit als nostres estudiants que ofereix la possibilitat d\u2019enriquir la formaci\u00f3 dels alumnes.<\/p>\n<\/div>\n<h4 style=\"text-align: justify;\"><\/h4>\n<h3 style=\"text-align: justify;\"><span style=\"color: #008000;\"><strong>Els projectes internacionals Erasmus+<\/strong><\/span><\/h3>\n<hr \/>\n<p style=\"text-align: justify;\">Trobareu m\u00e9s informaci\u00f3 sobre el projecte de Mobilitat internacional Erasmus + a la <a href=\"http:\/\/agora.xtec.cat\/ies-antoni-pous\/categoria\/erasmus\/\">nostra web d&#8217;Erasmus\u00a0<\/a><\/p>\n<h3 style=\"text-align: justify;\"><span style=\"color: #008000;\"><strong>Mobilitat a l&#8217;ESO<\/strong><\/span><\/h3>\n<hr \/>\n<p style=\"text-align: justify;\">El nostre centre t\u00e9 una marcada tradici\u00f3 en projectes internacionals.<br \/>\nEn els darrers anys s\u2019han portat a terme projectes com ara Highway to Health, green.if.i. o All In. Tots amb un impacte molt positiu en el centre.<br \/>\nDes de fa anys es porta a terme un intercanvi amb B\u00e8lgica a 1 r de BAT.<br \/>\nL\u2019Institut \u00e9s un centre Erasmus acreditat fins l\u2019any 2027 i amb aix\u00f2 es garanteix la participaci\u00f3 en projectes europeus en tot aquest per\u00edode.<br \/>\nDurant el curs 2023-24 tamb\u00e9 som centre eTwinning \u2013 una plataforma de treball a nivell europeu.<br \/>\nDurant aquest curs es porta a terme un projecte Erasmus anomenat Speak up! a 2n d\u2019ESO. Es treballen aspectes relacionats amb les lleng\u00fces i l\u2019aprenentatge de l\u2019angl\u00e8s.<\/p>\n<p><a href=\"https:\/\/school-education.ec.europa.eu\/es\/etwinning\/projects\/speak-lets-talk\/twinspace\/pages\"><img loading=\"lazy\" decoding=\"async\" class=\"aligncenter\" src=\"https:\/\/agora.xtec.cat\/ies-antoni-pous\/wp-content\/uploads\/usu283\/2023\/09\/1686411764856a.jpg\" alt=\"speak UP!\" width=\"417\" height=\"209\" \/><\/a><\/p>\n<p>&nbsp;<\/p>\n<h3 style=\"text-align: justify;\"><span style=\"color: #008000;\"><strong>Mobilitat al Batxillerat<\/strong><\/span><\/h3>\n<hr \/>\n<p style=\"text-align: justify;\">Aquest projecte d\u2019intercanvi ling\u00fc\u00edstic i cultural neix de la convicci\u00f3 que l\u2019aprenentatge de l\u2019angl\u00e8s, entre els nostres alumnes els ha de permetre una major autonomia i alhora mobilitat en el que ser\u00e0, molt probablement, el seu espai de treball: la Uni\u00f3 Europea. Per aquest motiu \u00a0l\u2019alumnat de\u00a0batxillerat \u00a0viatja cada curs escolar a Overpelt (B\u00e8lgica) acompanyat de 2 professors del centre.<\/p>\n<h4 style=\"text-align: justify;\"><\/h4>\n<h3 style=\"text-align: justify;\"><span style=\"color: #008000;\"><strong>Mobilitat a la FP<\/strong><\/span><\/h3>\n<hr \/>\n<p style=\"text-align: justify;\">Des dels cicles formatius es promociona la mobilitat internacional per tal d\u2019oferir experi\u00e8ncies m\u00e9s enriquidores a nivell cultural, social i formatiu. Cada cicle ofereix experi\u00e8ncies pr\u00f2pies relacionades amb el propi perfil professional:<\/p>\n<ul>\n<li style=\"text-align: justify;\">En primer lloc, destacar que el centre disposa de la <a href=\"http:\/\/sepie.es\/educacion-superior\/carta-eche.html\">Carta ECHE<\/a>, la qual permet accedir a suports per dissenyar projectes internacionals en el context europeu i dins l&#8217;\u00e0mbit de l&#8217;educaci\u00f3 superior.<\/li>\n<li style=\"text-align: justify;\">Des del CFGS Integraci\u00f3 Social s\u2019ofereix l\u2019oportunitat de con\u00e8ixer la realitat d\u2019un pa\u00eds pr\u00f2xim i al mateix temps lluny\u00e0 com \u00e9s el <a href=\"http:\/\/agora.xtec.cat\/ies-antoni-pous\/erasmus\/experiencies-de-mobilitat\/projecte-jaima-estada-fez-marroc\/\">Marroc (Fez)<\/a>.<\/li>\n<li style=\"text-align: justify;\">Des del CFGS Educaci\u00f3 Infantil s\u2019ofereix l\u2019oportunitat de con\u00e8ixer realitats d\u2019innovaci\u00f3 pedag\u00f2gica a l\u2019\u00e0mbit de l\u2019atenci\u00f3 educativa infantil, com per exemple els <a href=\"http:\/\/agora.xtec.cat\/ies-antoni-pous\/erasmus\/experiencies-de-mobilitat\/estada-pistoia-febrer-2016\/\">serveis educatius de Pistoia<\/a>, els serveis educatius de <a href=\"https:\/\/www.google.es\/url?sa=t&amp;rct=j&amp;q=&amp;esrc=s&amp;source=web&amp;cd=1&amp;cad=rja&amp;uact=8&amp;ved=0ahUKEwja89jBypDXAhUsLcAKHUYUDZAQFggmMAA&amp;url=http%3A%2F%2Fwww.comune.san-miniato.pi.it%2Fservizi%2Fsettore-4-servizi-alla-persona-e-politiche-di-solidarieta%2Fservizi-educativi-e-scolastici.html&amp;usg=AOvVaw1rInpYNu352X1R8h79DFQ5\">San Miniato<\/a>\u00a0i serveis educatois del Pa\u00eds Basc.<\/li>\n<li style=\"text-align: justify;\">Des del CFGM Atenci\u00f3 a persones en situaci\u00f3 de depend\u00e8ncia s\u2019ofereix l\u2019oportunitat de con\u00e8ixer diferents realitats, com cursos de formaci\u00f3 de nivell universitari en el context de la <a href=\"http:\/\/www.aula-salud-mojacar.com\/\">Universitat de Granada<\/a> (Moj\u00e0car), visita a centres del Pa\u00eds Basc, aix\u00ed com a Dinamarca (Aarhus) per con\u00e8ixer la seva realitat d&#8217;assist\u00e8ncia psicosocial amb el nostre partner <a href=\"http:\/\/www.sosuoj.dk\/\">Centre SOSU, Aarhus<\/a>.<\/li>\n<li>A m\u00e9s, es promou la realitzaci\u00f3 de les pr\u00e0ctiques en empreses en contextos internacionals, com ara Dinamarca o It\u00e0lia.<\/li>\n<\/ul>\n<p><iframe loading=\"lazy\" src=\"https:\/\/www.google.com\/maps\/d\/embed?mid=1d8vP7bqGeyajxfyzrvtfSTGhts0\" width=\"1024\" height=\"680\"><\/iframe><\/p>\n","protected":false},"excerpt":{"rendered":"<p>Mobilitat: Viatjar per aprendre El nostre centre promou i participa en l\u2019organitzaci\u00f3 de projectes europeus de mobilitat, un valor afegit [&hellip;]<\/p>\n","protected":false},"author":3,"featured_media":0,"parent":57,"menu_order":2,"comment_status":"closed","ping_status":"closed","template":"page-templates\/side-menu.php","meta":{"_bbp_topic_count":0,"_bbp_reply_count":0,"_bbp_total_topic_count":0,"_bbp_total_reply_count":0,"_bbp_voice_count":0,"_bbp_anonymous_reply_count":0,"_bbp_topic_count_hidden":0,"_bbp_reply_count_hidden":0,"_bbp_forum_subforum_count":0,"site-sidebar-layout":"default","site-content-layout":"","ast-site-content-layout":"","site-content-style":"default","site-sidebar-style":"default","ast-global-header-display":"","ast-banner-title-visibility":"","ast-main-header-display":"","ast-hfb-above-header-display":"","ast-hfb-below-header-display":"","ast-hfb-mobile-header-display":"","site-post-title":"","ast-breadcrumbs-content":"","ast-featured-img":"","footer-sml-layout":"","theme-transparent-header-meta":"","adv-header-id-meta":"","stick-header-meta":"","header-above-stick-meta":"","header-main-stick-meta":"","header-below-stick-meta":"","astra-migrate-meta-layouts":"default","ast-page-background-enabled":"default","ast-page-background-meta":{"desktop":{"background-color":"var(--ast-global-color-4)","background-image":"","background-repeat":"repeat","background-position":"center center","background-size":"auto","background-attachment":"scroll","background-type":"","background-media":"","overlay-type":"","overlay-color":"","overlay-opacity":"","overlay-gradient":""},"tablet":{"background-color":"","background-image":"","background-repeat":"repeat","background-position":"center center","background-size":"auto","background-attachment":"scroll","background-type":"","background-media":"","overlay-type":"","overlay-color":"","overlay-opacity":"","overlay-gradient":""},"mobile":{"background-color":"","background-image":"","background-repeat":"repeat","background-position":"center center","background-size":"auto","background-attachment":"scroll","background-type":"","background-media":"","overlay-type":"","overlay-color":"","overlay-opacity":"","overlay-gradient":""}},"ast-content-background-meta":{"desktop":{"background-color":"var(--ast-global-color-5)","background-image":"","background-repeat":"repeat","background-position":"center center","background-size":"auto","background-attachment":"scroll","background-type":"","background-media":"","overlay-type":"","overlay-color":"","overlay-opacity":"","overlay-gradient":""},"tablet":{"background-color":"var(--ast-global-color-5)","background-image":"","background-repeat":"repeat","background-position":"center center","background-size":"auto","background-attachment":"scroll","background-type":"","background-media":"","overlay-type":"","overlay-color":"","overlay-opacity":"","overlay-gradient":""},"mobile":{"background-color":"var(--ast-global-color-5)","background-image":"","background-repeat":"repeat","background-position":"center center","background-size":"auto","background-attachment":"scroll","background-type":"","background-media":"","overlay-type":"","overlay-color":"","overlay-opacity":"","overlay-gradient":""}},"footnotes":""},"class_list":["post-2063","page","type-page","status-publish","hentry"],"post_mailing_queue_ids":[],"_links":{"self":[{"href":"https:\/\/agora.xtec.cat\/ies-antoni-pous\/wp-json\/wp\/v2\/pages\/2063","targetHints":{"allow":["GET"]}}],"collection":[{"href":"https:\/\/agora.xtec.cat\/ies-antoni-pous\/wp-json\/wp\/v2\/pages"}],"about":[{"href":"https:\/\/agora.xtec.cat\/ies-antoni-pous\/wp-json\/wp\/v2\/types\/page"}],"author":[{"embeddable":true,"href":"https:\/\/agora.xtec.cat\/ies-antoni-pous\/wp-json\/wp\/v2\/users\/3"}],"replies":[{"embeddable":true,"href":"https:\/\/agora.xtec.cat\/ies-antoni-pous\/wp-json\/wp\/v2\/comments?post=2063"}],"version-history":[{"count":6,"href":"https:\/\/agora.xtec.cat\/ies-antoni-pous\/wp-json\/wp\/v2\/pages\/2063\/revisions"}],"predecessor-version":[{"id":14979,"href":"https:\/\/agora.xtec.cat\/ies-antoni-pous\/wp-json\/wp\/v2\/pages\/2063\/revisions\/14979"}],"up":[{"embeddable":true,"href":"https:\/\/agora.xtec.cat\/ies-antoni-pous\/wp-json\/wp\/v2\/pages\/57"}],"wp:attachment":[{"href":"https:\/\/agora.xtec.cat\/ies-antoni-pous\/wp-json\/wp\/v2\/media?parent=2063"}],"curies":[{"name":"wp","href":"https:\/\/api.w.org\/{rel}","templated":true}]}}