{"id":1997,"date":"2017-04-01T23:14:52","date_gmt":"2017-04-01T21:14:52","guid":{"rendered":"http:\/\/agora.xtec.cat\/ies-antoni-pous\/?page_id=1997"},"modified":"2024-09-28T15:27:31","modified_gmt":"2024-09-28T13:27:31","slug":"certificat-apluss","status":"publish","type":"page","link":"https:\/\/agora.xtec.cat\/ies-antoni-pous\/linstitut\/sistema-de-gestio\/certificat-apluss\/","title":{"rendered":"Qualitat i millora cont\u00ednua"},"content":{"rendered":"<p style=\"text-align: justify;\"><a href=\"http:\/\/agora.xtec.cat\/ies-antoni-pous\/wp-content\/uploads\/usu283\/2017\/04\/pqimc_logo-1.jpg\"><img loading=\"lazy\" decoding=\"async\" class=\"size-full wp-image-2256 aligncenter\" src=\"http:\/\/agora.xtec.cat\/ies-antoni-pous\/wp-content\/uploads\/usu283\/2017\/04\/pqimc_logo-1.jpg\" alt=\"pqimc_logo\" width=\"638\" height=\"255\" srcset=\"https:\/\/agora.xtec.cat\/ies-antoni-pous\/wp-content\/uploads\/usu283\/2017\/04\/pqimc_logo-1.jpg 638w, https:\/\/agora.xtec.cat\/ies-antoni-pous\/wp-content\/uploads\/usu283\/2017\/04\/pqimc_logo-1-300x120.jpg 300w\" sizes=\"auto, (max-width: 638px) 100vw, 638px\" \/><\/a><a href=\"http:\/\/agora.xtec.cat\/ies-antoni-pous\/wp-content\/uploads\/usu283\/2017\/04\/pqimc_logo.jpg\"><br \/>\n<\/a><br \/>\nL&#8217;Institut Antoni Pous i Argila participa en el\u00a0projecte de qualitat de millora cont\u00ednua que t\u00e9 com a objectiu ajudar als centres educatius a dissenyar, implementar, avaluar i millorar cont\u00ednuament els seus sistemes de gesti\u00f3. Les metodologies utilitzades es fonamenten en els principis de la gesti\u00f3 de la qualitat i d\u2019acord amb models\u00a0basats en les\u00a0normes internacionals (ISO 9001 i EFQM).\u00a0La finalitat \u00faltima del Projecte \u00e9s la d\u2019aconseguir l\u2019excel\u00b7l\u00e8ncia en els resultats educatius a trav\u00e9s de la millora cont\u00ednua dels processos, la confian\u00e7a i la satisfacci\u00f3 de l\u2019alumnat, les fam\u00edlies, les empreses i els diferents agents implicats, envers el servei educatiu proporcionat.<\/p>\n<p style=\"text-align: justify;\">Actualment som un centre que tenim\u00a0consolidat i certificat el sistema de gesti\u00f3 i treballem per estendre la qualitat al conjunt d\u2019activitats del centre, prenent com a refer\u00e8ncia el model d\u2019excel\u2022l\u00e8ncia educatiu e2cat basat en models europeus d\u2019excel\u2022l\u00e8ncia (EFQM, entre d\u2019altres).<\/p>\n<p style=\"text-align: justify;\"><a href=\"http:\/\/agora.xtec.cat\/ies-antoni-pous\/wp-content\/uploads\/usu283\/2018\/06\/Carta-Pous-i-Argila-_president.pdf\">Carta del president QUALIcat<\/a><\/p>\n<p style=\"text-align: justify;\"><a href=\"http:\/\/agora.xtec.cat\/ies-antoni-pous\/wp-content\/uploads\/usu283\/2018\/06\/Ins-Pous-i-Argila_Informe-avaluacio\u0301-e2cat2015_v0.pdf\">informe avaluacio\u0301 e2cat<\/a><\/p>\n<p><a href=\"https:\/\/agora.xtec.cat\/ies-antoni-pous\/wp-content\/uploads\/usu283\/2021\/03\/9001-cat.pdf\">9001 cat<\/a><\/p>\n<p><a href=\"https:\/\/agora.xtec.cat\/ies-antoni-pous\/wp-content\/uploads\/usu283\/2024\/09\/45001-CAT-INSTITUT-ANTONI-POUS-I-ARGILA-p_signed-1.pdf\">45001 CAT &#8211; INSTITUT ANTONI POUS I ARGILA (p)_signed (1)<\/a><\/p>\n<p><a href=\"https:\/\/agora.xtec.cat\/ies-antoni-pous\/wp-content\/uploads\/usu283\/2024\/09\/45001-CAT-INSTITUT-ANTONI-POUS-I-ARGILA-p_signed.pdf\">45001 CAT &#8211; INSTITUT ANTONI POUS I ARGILA (p)_signed<\/a><\/p>\n<p><a href=\"http:\/\/agora.xtec.cat\/ies-antoni-pous\/wp-content\/uploads\/usu283\/2018\/06\/Logo_groc_compromi\u0301s-.jpg\"><img loading=\"lazy\" decoding=\"async\" class=\"size-full wp-image-9515 aligncenter\" src=\"http:\/\/agora.xtec.cat\/ies-antoni-pous\/wp-content\/uploads\/usu283\/2018\/06\/Logo_groc_compromi\u0301s-.jpg\" alt=\"\" width=\"534\" height=\"707\" srcset=\"https:\/\/agora.xtec.cat\/ies-antoni-pous\/wp-content\/uploads\/usu283\/2018\/06\/Logo_groc_compromi\u0301s-.jpg 534w, https:\/\/agora.xtec.cat\/ies-antoni-pous\/wp-content\/uploads\/usu283\/2018\/06\/Logo_groc_compromi\u0301s--227x300.jpg 227w\" sizes=\"auto, (max-width: 534px) 100vw, 534px\" \/><\/a><\/p>\n","protected":false},"excerpt":{"rendered":"<p>L&#8217;Institut Antoni Pous i Argila participa en el\u00a0projecte de qualitat de millora cont\u00ednua que t\u00e9 com a objectiu ajudar als [&hellip;]<\/p>\n","protected":false},"author":3,"featured_media":0,"parent":1944,"menu_order":0,"comment_status":"closed","ping_status":"closed","template":"page-templates\/side-menu.php","meta":{"_bbp_topic_count":0,"_bbp_reply_count":0,"_bbp_total_topic_count":0,"_bbp_total_reply_count":0,"_bbp_voice_count":0,"_bbp_anonymous_reply_count":0,"_bbp_topic_count_hidden":0,"_bbp_reply_count_hidden":0,"_bbp_forum_subforum_count":0,"site-sidebar-layout":"default","site-content-layout":"","ast-site-content-layout":"","site-content-style":"default","site-sidebar-style":"default","ast-global-header-display":"","ast-banner-title-visibility":"","ast-main-header-display":"","ast-hfb-above-header-display":"","ast-hfb-below-header-display":"","ast-hfb-mobile-header-display":"","site-post-title":"","ast-breadcrumbs-content":"","ast-featured-img":"","footer-sml-layout":"","theme-transparent-header-meta":"","adv-header-id-meta":"","stick-header-meta":"","header-above-stick-meta":"","header-main-stick-meta":"","header-below-stick-meta":"","astra-migrate-meta-layouts":"default","ast-page-background-enabled":"default","ast-page-background-meta":{"desktop":{"background-color":"var(--ast-global-color-4)","background-image":"","background-repeat":"repeat","background-position":"center center","background-size":"auto","background-attachment":"scroll","background-type":"","background-media":"","overlay-type":"","overlay-color":"","overlay-opacity":"","overlay-gradient":""},"tablet":{"background-color":"","background-image":"","background-repeat":"repeat","background-position":"center center","background-size":"auto","background-attachment":"scroll","background-type":"","background-media":"","overlay-type":"","overlay-color":"","overlay-opacity":"","overlay-gradient":""},"mobile":{"background-color":"","background-image":"","background-repeat":"repeat","background-position":"center center","background-size":"auto","background-attachment":"scroll","background-type":"","background-media":"","overlay-type":"","overlay-color":"","overlay-opacity":"","overlay-gradient":""}},"ast-content-background-meta":{"desktop":{"background-color":"var(--ast-global-color-5)","background-image":"","background-repeat":"repeat","background-position":"center center","background-size":"auto","background-attachment":"scroll","background-type":"","background-media":"","overlay-type":"","overlay-color":"","overlay-opacity":"","overlay-gradient":""},"tablet":{"background-color":"var(--ast-global-color-5)","background-image":"","background-repeat":"repeat","background-position":"center center","background-size":"auto","background-attachment":"scroll","background-type":"","background-media":"","overlay-type":"","overlay-color":"","overlay-opacity":"","overlay-gradient":""},"mobile":{"background-color":"var(--ast-global-color-5)","background-image":"","background-repeat":"repeat","background-position":"center center","background-size":"auto","background-attachment":"scroll","background-type":"","background-media":"","overlay-type":"","overlay-color":"","overlay-opacity":"","overlay-gradient":""}},"footnotes":""},"class_list":["post-1997","page","type-page","status-publish","hentry"],"post_mailing_queue_ids":[],"_links":{"self":[{"href":"https:\/\/agora.xtec.cat\/ies-antoni-pous\/wp-json\/wp\/v2\/pages\/1997","targetHints":{"allow":["GET"]}}],"collection":[{"href":"https:\/\/agora.xtec.cat\/ies-antoni-pous\/wp-json\/wp\/v2\/pages"}],"about":[{"href":"https:\/\/agora.xtec.cat\/ies-antoni-pous\/wp-json\/wp\/v2\/types\/page"}],"author":[{"embeddable":true,"href":"https:\/\/agora.xtec.cat\/ies-antoni-pous\/wp-json\/wp\/v2\/users\/3"}],"replies":[{"embeddable":true,"href":"https:\/\/agora.xtec.cat\/ies-antoni-pous\/wp-json\/wp\/v2\/comments?post=1997"}],"version-history":[{"count":7,"href":"https:\/\/agora.xtec.cat\/ies-antoni-pous\/wp-json\/wp\/v2\/pages\/1997\/revisions"}],"predecessor-version":[{"id":15486,"href":"https:\/\/agora.xtec.cat\/ies-antoni-pous\/wp-json\/wp\/v2\/pages\/1997\/revisions\/15486"}],"up":[{"embeddable":true,"href":"https:\/\/agora.xtec.cat\/ies-antoni-pous\/wp-json\/wp\/v2\/pages\/1944"}],"wp:attachment":[{"href":"https:\/\/agora.xtec.cat\/ies-antoni-pous\/wp-json\/wp\/v2\/media?parent=1997"}],"curies":[{"name":"wp","href":"https:\/\/api.w.org\/{rel}","templated":true}]}}