{"id":195,"date":"2014-09-22T10:39:39","date_gmt":"2014-09-22T10:39:39","guid":{"rendered":"http:\/\/agora.xtec.cat\/ies-antoni-pous\/?page_id=195"},"modified":"2020-04-30T13:51:13","modified_gmt":"2020-04-30T11:51:13","slug":"estudis","status":"publish","type":"page","link":"https:\/\/agora.xtec.cat\/ies-antoni-pous\/estudis\/","title":{"rendered":"Estudis"},"content":{"rendered":"<p><a title=\"Cartell de l'entrada\" href=\"https:\/\/www.flickr.com\/photos\/127700851@N02\/22528707061\/in\/album-72157660374742982\/\" data-flickr-embed=\"true\"><img loading=\"lazy\" decoding=\"async\" src=\"https:\/\/c1.staticflickr.com\/1\/709\/22528707061_86c13b104b_b.jpg\" alt=\"Cartell de l'entrada\" width=\"1024\" height=\"410\" \/><\/a><script src=\"\/\/embedr.flickr.com\/assets\/client-code.js\" async=\"\" charset=\"utf-8\"><span data-mce-type=\"bookmark\" style=\"display: inline-block; width: 0px; overflow: hidden; line-height: 0;\" class=\"mce_SELRES_start\">\ufeff<\/span><\/script><\/p>\n<p style=\"text-align: justify;\">L\u2019institut Antoni Pous i Argila \u00e9s un centre p\u00fablic d\u2019Educaci\u00f3 Secund\u00e0ria Obligat\u00f2ria, Batxillerat, Cicles Formatius de grau mitj\u00e0 d&#8217;atenci\u00f3 a les persones en situaci\u00f3 de depend\u00e8ncia i el de conducci\u00f3 d&#8217;activitats fisicoesportives en el medi natural, els cicles formatius de grau superior d\u2019Educaci\u00f3 Infantil i d\u2019Integraci\u00f3 Social i l&#8217;itinerari formatiu espec\u00edfic en manteniment d&#8217;instal\u00b7lacions esportives.<\/p>\n<table style=\"height: 118px; width: 950px;\" border=\"0\">\n<tbody>\n<tr>\n<td style=\"width: 292px;\"><a href=\"http:\/\/agora.xtec.cat\/ies-antoni-pous\/categoria\/eso\/\"><img loading=\"lazy\" decoding=\"async\" class=\"wp-image-2087 aligncenter\" src=\"http:\/\/agora.xtec.cat\/ies-antoni-pous\/wp-content\/uploads\/usu283\/2017\/04\/eso.gif\" alt=\"eso\" width=\"255\" height=\"98\" \/><\/a><\/td>\n<td style=\"width: 294px;\"><a href=\"http:\/\/agora.xtec.cat\/ies-antoni-pous\/categoria\/batxillerat\/\"><img loading=\"lazy\" decoding=\"async\" class=\"wp-image-2088 aligncenter\" src=\"http:\/\/agora.xtec.cat\/ies-antoni-pous\/wp-content\/uploads\/usu283\/2017\/04\/batxillerat.png\" alt=\"batxillerat\" width=\"255\" height=\"98\" \/><\/a><\/td>\n<td style=\"width: 294px;\"><a href=\"http:\/\/agora.xtec.cat\/ies-antoni-pous\/categoria\/cicles-formatius\/\"><img loading=\"lazy\" decoding=\"async\" class=\"aligncenter wp-image-2089\" src=\"http:\/\/agora.xtec.cat\/ies-antoni-pous\/wp-content\/uploads\/usu283\/2017\/04\/cicles.png\" alt=\"cicles\" width=\"255\" height=\"98\" \/><\/a><\/td>\n<\/tr>\n<\/tbody>\n<\/table>\n<p>&nbsp;<\/p>\n<p>&nbsp;<\/p>\n<p>&nbsp;<\/p>\n","protected":false},"excerpt":{"rendered":"<p>L\u2019institut Antoni Pous i Argila \u00e9s un centre p\u00fablic d\u2019Educaci\u00f3 Secund\u00e0ria Obligat\u00f2ria, Batxillerat, Cicles Formatius de grau mitj\u00e0 d&#8217;atenci\u00f3 a [&hellip;]<\/p>\n","protected":false},"author":1,"featured_media":0,"parent":0,"menu_order":0,"comment_status":"closed","ping_status":"closed","template":"page-templates\/side-menu.php","meta":{"_bbp_topic_count":0,"_bbp_reply_count":0,"_bbp_total_topic_count":0,"_bbp_total_reply_count":0,"_bbp_voice_count":0,"_bbp_anonymous_reply_count":0,"_bbp_topic_count_hidden":0,"_bbp_reply_count_hidden":0,"_bbp_forum_subforum_count":0,"site-sidebar-layout":"default","site-content-layout":"","ast-site-content-layout":"","site-content-style":"default","site-sidebar-style":"default","ast-global-header-display":"","ast-banner-title-visibility":"","ast-main-header-display":"","ast-hfb-above-header-display":"","ast-hfb-below-header-display":"","ast-hfb-mobile-header-display":"","site-post-title":"","ast-breadcrumbs-content":"","ast-featured-img":"","footer-sml-layout":"","theme-transparent-header-meta":"","adv-header-id-meta":"","stick-header-meta":"","header-above-stick-meta":"","header-main-stick-meta":"","header-below-stick-meta":"","astra-migrate-meta-layouts":"default","ast-page-background-enabled":"default","ast-page-background-meta":{"desktop":{"background-color":"var(--ast-global-color-4)","background-image":"","background-repeat":"repeat","background-position":"center center","background-size":"auto","background-attachment":"scroll","background-type":"","background-media":"","overlay-type":"","overlay-color":"","overlay-opacity":"","overlay-gradient":""},"tablet":{"background-color":"","background-image":"","background-repeat":"repeat","background-position":"center center","background-size":"auto","background-attachment":"scroll","background-type":"","background-media":"","overlay-type":"","overlay-color":"","overlay-opacity":"","overlay-gradient":""},"mobile":{"background-color":"","background-image":"","background-repeat":"repeat","background-position":"center center","background-size":"auto","background-attachment":"scroll","background-type":"","background-media":"","overlay-type":"","overlay-color":"","overlay-opacity":"","overlay-gradient":""}},"ast-content-background-meta":{"desktop":{"background-color":"var(--ast-global-color-5)","background-image":"","background-repeat":"repeat","background-position":"center center","background-size":"auto","background-attachment":"scroll","background-type":"","background-media":"","overlay-type":"","overlay-color":"","overlay-opacity":"","overlay-gradient":""},"tablet":{"background-color":"var(--ast-global-color-5)","background-image":"","background-repeat":"repeat","background-position":"center center","background-size":"auto","background-attachment":"scroll","background-type":"","background-media":"","overlay-type":"","overlay-color":"","overlay-opacity":"","overlay-gradient":""},"mobile":{"background-color":"var(--ast-global-color-5)","background-image":"","background-repeat":"repeat","background-position":"center center","background-size":"auto","background-attachment":"scroll","background-type":"","background-media":"","overlay-type":"","overlay-color":"","overlay-opacity":"","overlay-gradient":""}},"footnotes":""},"class_list":["post-195","page","type-page","status-publish","hentry"],"post_mailing_queue_ids":[],"_links":{"self":[{"href":"https:\/\/agora.xtec.cat\/ies-antoni-pous\/wp-json\/wp\/v2\/pages\/195","targetHints":{"allow":["GET"]}}],"collection":[{"href":"https:\/\/agora.xtec.cat\/ies-antoni-pous\/wp-json\/wp\/v2\/pages"}],"about":[{"href":"https:\/\/agora.xtec.cat\/ies-antoni-pous\/wp-json\/wp\/v2\/types\/page"}],"author":[{"embeddable":true,"href":"https:\/\/agora.xtec.cat\/ies-antoni-pous\/wp-json\/wp\/v2\/users\/1"}],"replies":[{"embeddable":true,"href":"https:\/\/agora.xtec.cat\/ies-antoni-pous\/wp-json\/wp\/v2\/comments?post=195"}],"version-history":[{"count":3,"href":"https:\/\/agora.xtec.cat\/ies-antoni-pous\/wp-json\/wp\/v2\/pages\/195\/revisions"}],"predecessor-version":[{"id":10806,"href":"https:\/\/agora.xtec.cat\/ies-antoni-pous\/wp-json\/wp\/v2\/pages\/195\/revisions\/10806"}],"wp:attachment":[{"href":"https:\/\/agora.xtec.cat\/ies-antoni-pous\/wp-json\/wp\/v2\/media?parent=195"}],"curies":[{"name":"wp","href":"https:\/\/api.w.org\/{rel}","templated":true}]}}