{"id":1948,"date":"2017-04-01T19:31:32","date_gmt":"2017-04-01T17:31:32","guid":{"rendered":"http:\/\/agora.xtec.cat\/ies-antoni-pous\/?page_id=1948"},"modified":"2026-01-15T13:55:48","modified_gmt":"2026-01-15T12:55:48","slug":"normes-de-funcionament","status":"publish","type":"page","link":"https:\/\/agora.xtec.cat\/ies-antoni-pous\/linstitut\/normes-de-funcionament\/","title":{"rendered":"Normes de funcionament"},"content":{"rendered":"<p><a href=\"http:\/\/agora.xtec.cat\/ies-antoni-pous\/wp-content\/uploads\/usu283\/2017\/04\/normes.jpg\"><img loading=\"lazy\" decoding=\"async\" class=\"alignnone wp-image-2618\" src=\"http:\/\/agora.xtec.cat\/ies-antoni-pous\/wp-content\/uploads\/usu283\/2017\/04\/normes-1024x410.jpg\" alt=\"normes\" width=\"1020\" height=\"408\" srcset=\"https:\/\/agora.xtec.cat\/ies-antoni-pous\/wp-content\/uploads\/usu283\/2017\/04\/normes-1024x410.jpg 1024w, https:\/\/agora.xtec.cat\/ies-antoni-pous\/wp-content\/uploads\/usu283\/2017\/04\/normes-300x120.jpg 300w, https:\/\/agora.xtec.cat\/ies-antoni-pous\/wp-content\/uploads\/usu283\/2017\/04\/normes-768x307.jpg 768w, https:\/\/agora.xtec.cat\/ies-antoni-pous\/wp-content\/uploads\/usu283\/2017\/04\/normes.jpg 2048w\" sizes=\"auto, (max-width: 1020px) 100vw, 1020px\" \/><\/a><\/p>\n<p style=\"text-align: justify;\">Les Normes d&#8217;Organitzaci\u00f3 i Funcionament del Centre, que formen part del projecte educatiu, \u00e9s el document que recull de manera ordenada els preceptes que regeixen la nostra organitzaci\u00f3 i les interrelacions de la vida escolar: explicita l&#8217;estructura; defineix els vincles; recull les funcions, els drets i els deures dels diferents sectors que formen l&#8217;escola; fixa els procediments; adapta la normativa general a la nostra realitat i estableix l&#8217;espec\u00edfica pel nostre centre.<\/p>\n<p><a href=\"https:\/\/agora.xtec.cat\/ies-antoni-pous\/wp-content\/uploads\/usu283\/2026\/01\/NOFC-versio-17.docx.pdf\">NOFC versi\u00f3 17.docx<\/a><\/p>\n","protected":false},"excerpt":{"rendered":"<p>Les Normes d&#8217;Organitzaci\u00f3 i Funcionament del Centre, que formen part del projecte educatiu, \u00e9s el document que recull de manera [&hellip;]<\/p>\n","protected":false},"author":3,"featured_media":0,"parent":19,"menu_order":9,"comment_status":"closed","ping_status":"closed","template":"","meta":{"_bbp_topic_count":0,"_bbp_reply_count":0,"_bbp_total_topic_count":0,"_bbp_total_reply_count":0,"_bbp_voice_count":0,"_bbp_anonymous_reply_count":0,"_bbp_topic_count_hidden":0,"_bbp_reply_count_hidden":0,"_bbp_forum_subforum_count":0,"site-sidebar-layout":"default","site-content-layout":"","ast-site-content-layout":"default","site-content-style":"default","site-sidebar-style":"default","ast-global-header-display":"","ast-banner-title-visibility":"","ast-main-header-display":"","ast-hfb-above-header-display":"","ast-hfb-below-header-display":"","ast-hfb-mobile-header-display":"","site-post-title":"","ast-breadcrumbs-content":"","ast-featured-img":"","footer-sml-layout":"","theme-transparent-header-meta":"default","adv-header-id-meta":"","stick-header-meta":"","header-above-stick-meta":"","header-main-stick-meta":"","header-below-stick-meta":"","astra-migrate-meta-layouts":"set","ast-page-background-enabled":"default","ast-page-background-meta":{"desktop":{"background-color":"var(--ast-global-color-4)","background-image":"","background-repeat":"repeat","background-position":"center center","background-size":"auto","background-attachment":"scroll","background-type":"","background-media":"","overlay-type":"","overlay-color":"","overlay-opacity":"","overlay-gradient":""},"tablet":{"background-color":"","background-image":"","background-repeat":"repeat","background-position":"center center","background-size":"auto","background-attachment":"scroll","background-type":"","background-media":"","overlay-type":"","overlay-color":"","overlay-opacity":"","overlay-gradient":""},"mobile":{"background-color":"","background-image":"","background-repeat":"repeat","background-position":"center center","background-size":"auto","background-attachment":"scroll","background-type":"","background-media":"","overlay-type":"","overlay-color":"","overlay-opacity":"","overlay-gradient":""}},"ast-content-background-meta":{"desktop":{"background-color":"var(--ast-global-color-5)","background-image":"","background-repeat":"repeat","background-position":"center center","background-size":"auto","background-attachment":"scroll","background-type":"","background-media":"","overlay-type":"","overlay-color":"","overlay-opacity":"","overlay-gradient":""},"tablet":{"background-color":"var(--ast-global-color-5)","background-image":"","background-repeat":"repeat","background-position":"center center","background-size":"auto","background-attachment":"scroll","background-type":"","background-media":"","overlay-type":"","overlay-color":"","overlay-opacity":"","overlay-gradient":""},"mobile":{"background-color":"var(--ast-global-color-5)","background-image":"","background-repeat":"repeat","background-position":"center center","background-size":"auto","background-attachment":"scroll","background-type":"","background-media":"","overlay-type":"","overlay-color":"","overlay-opacity":"","overlay-gradient":""}},"footnotes":""},"class_list":["post-1948","page","type-page","status-publish","hentry"],"post_mailing_queue_ids":[],"_links":{"self":[{"href":"https:\/\/agora.xtec.cat\/ies-antoni-pous\/wp-json\/wp\/v2\/pages\/1948","targetHints":{"allow":["GET"]}}],"collection":[{"href":"https:\/\/agora.xtec.cat\/ies-antoni-pous\/wp-json\/wp\/v2\/pages"}],"about":[{"href":"https:\/\/agora.xtec.cat\/ies-antoni-pous\/wp-json\/wp\/v2\/types\/page"}],"author":[{"embeddable":true,"href":"https:\/\/agora.xtec.cat\/ies-antoni-pous\/wp-json\/wp\/v2\/users\/3"}],"replies":[{"embeddable":true,"href":"https:\/\/agora.xtec.cat\/ies-antoni-pous\/wp-json\/wp\/v2\/comments?post=1948"}],"version-history":[{"count":7,"href":"https:\/\/agora.xtec.cat\/ies-antoni-pous\/wp-json\/wp\/v2\/pages\/1948\/revisions"}],"predecessor-version":[{"id":16213,"href":"https:\/\/agora.xtec.cat\/ies-antoni-pous\/wp-json\/wp\/v2\/pages\/1948\/revisions\/16213"}],"up":[{"embeddable":true,"href":"https:\/\/agora.xtec.cat\/ies-antoni-pous\/wp-json\/wp\/v2\/pages\/19"}],"wp:attachment":[{"href":"https:\/\/agora.xtec.cat\/ies-antoni-pous\/wp-json\/wp\/v2\/media?parent=1948"}],"curies":[{"name":"wp","href":"https:\/\/api.w.org\/{rel}","templated":true}]}}