{"id":15497,"date":"2024-10-14T10:15:26","date_gmt":"2024-10-14T08:15:26","guid":{"rendered":"https:\/\/agora.xtec.cat\/ies-antoni-pous\/?page_id=15497"},"modified":"2024-10-14T10:15:26","modified_gmt":"2024-10-14T08:15:26","slug":"programa-complexitat-fse","status":"publish","type":"page","link":"https:\/\/agora.xtec.cat\/ies-antoni-pous\/programa-complexitat-fse\/","title":{"rendered":"Programa Complexitat FSE"},"content":{"rendered":"<p lang=\"ca\"><span style=\"font-family: Arial, serif;\"><span><b>Programa\u00a0<\/b><b>complexitat TIS\/ES<\/b><b>\u00a0<\/b><span style=\"color: #000000;\"><span lang=\"ca\"><b>Fons Social Europeu (FSE+)<\/b><\/span><\/span><\/span><\/span><\/p>\n<p lang=\"ca\"><span style=\"font-family: Arial, serif;\"><span>L\u2019Institut Antoni Pous i Argila\u00a0disposa de\u00a0Professionals d\u2019Atenci\u00f3\u00a0Educativa\u00a0(PAE)\u00a0amb la finalitat de garantir l\u2019equitat en l\u2019acc\u00e9s a l\u2019educaci\u00f3: T\u00e8cnic d\u2019Integraci\u00f3 Social. La contractaci\u00f3 d\u2019aquests professionals est\u00e0 cofinan\u00e7at en un 40% per la Uni\u00f3 Europea i la resta pel Departament d\u2019Educaci\u00f3.<\/span><\/span><\/p>\n<p lang=\"ca\" align=\"justify\"><span style=\"font-family: Arial, serif;\"><span>La incorporaci\u00f3 de\u00a0T\u00e8cnics d\u2019Integraci\u00f3\u00a0Social\u00a0<b>t\u00e9 com a objecte<\/b>\u00a0complementar\u00a0amb\u00a0Professionals d&#8217;Atenci\u00f3\u00a0Educativa l&#8217;activitat que es presta en els centres docents<span style=\"text-decoration: line-through;\">,<\/span>\u00a0amb la finalitat de garantir l&#8217;equitat en l&#8217;acc\u00e9s a l\u2019educaci\u00f3. Els objectius del\u00a0<b>Programa cofinan\u00e7at per la Uni\u00f3 Europea<\/b>\u00a0s\u00f3n:<\/span><\/span><\/p>\n<p lang=\"ca\"><span style=\"font-family: Arial, serif;\"><span>&#8211;<span style=\"font-family: Times New Roman, serif;\">\u00a0<\/span>Prevenir l\u2019abandonament prematur i el frac\u00e0s escolar Procurar el benestar emocional dels alumnes<\/span><\/span><\/p>\n<p lang=\"ca\"><span style=\"font-family: Arial, serif;\"><span>&#8211;<span style=\"font-family: Times New Roman, serif;\">\u00a0<\/span>Facilitar una bona conviv\u00e8ncia en els centres educatius.<\/span><\/span><\/p>\n<p lang=\"ca\"><span style=\"font-family: Arial, serif;\"><span>&#8211;<span style=\"font-family: Times New Roman, serif;\">\u00a0<\/span>Contribuir a l\u2019orientaci\u00f3 dels alumnes<\/span><\/span><\/p>\n<p lang=\"ca\"><span style=\"font-family: Arial, serif;\"><span>&#8211;<span style=\"font-family: Times New Roman, serif;\">\u00a0<\/span>Fomentar la implicaci\u00f3 de les fam\u00edlies<\/span><\/span><\/p>\n<p lang=\"ca\"><span style=\"font-family: Arial, serif;\"><span>&#8211;<span style=\"font-family: Times New Roman, serif;\">\u00a0<\/span>Fomentar el vincle entre l\u2019escola i el seu entorn.<\/span><\/span><\/p>\n<p lang=\"ca\"><span style=\"font-family: Arial, serif;\"><span>&#8211;<span style=\"font-family: Times New Roman, serif;\">\u00a0<\/span>Contribuir al desenvolupament de plans d\u2019\u00e0mbit comunitari.<\/span><\/span><\/p>\n<p lang=\"ca\" align=\"justify\"><span style=\"font-family: Arial, serif;\"><span>El resultat esperat del programa \u00e9s reduir l\u2019absentisme escolar i l\u2019abandonament prematur.\u00a0<\/span><\/span><\/p>\n<p lang=\"ca\" align=\"justify\"><a href=\"https:\/\/agora.xtec.cat\/ies-antoni-pous\/wp-content\/uploads\/usu283\/2024\/10\/Grup-noies-programa-FSE-1.jpg\"><img loading=\"lazy\" decoding=\"async\" class=\"aligncenter size-large wp-image-15500\" src=\"https:\/\/agora.xtec.cat\/ies-antoni-pous\/wp-content\/uploads\/usu283\/2024\/10\/Grup-noies-programa-FSE-1-1024x576.jpg\" alt=\"\" width=\"1024\" height=\"576\" srcset=\"https:\/\/agora.xtec.cat\/ies-antoni-pous\/wp-content\/uploads\/usu283\/2024\/10\/Grup-noies-programa-FSE-1-1024x576.jpg 1024w, https:\/\/agora.xtec.cat\/ies-antoni-pous\/wp-content\/uploads\/usu283\/2024\/10\/Grup-noies-programa-FSE-1-300x169.jpg 300w, https:\/\/agora.xtec.cat\/ies-antoni-pous\/wp-content\/uploads\/usu283\/2024\/10\/Grup-noies-programa-FSE-1-768x432.jpg 768w, https:\/\/agora.xtec.cat\/ies-antoni-pous\/wp-content\/uploads\/usu283\/2024\/10\/Grup-noies-programa-FSE-1-1536x864.jpg 1536w, https:\/\/agora.xtec.cat\/ies-antoni-pous\/wp-content\/uploads\/usu283\/2024\/10\/Grup-noies-programa-FSE-1.jpg 1599w\" sizes=\"auto, (max-width: 1024px) 100vw, 1024px\" \/><\/a> <a href=\"https:\/\/agora.xtec.cat\/ies-antoni-pous\/wp-content\/uploads\/usu283\/2024\/10\/Dinamitzacio-de-pati-programa-FSE-1.jpeg\"><img loading=\"lazy\" decoding=\"async\" class=\"aligncenter size-large wp-image-15501\" src=\"https:\/\/agora.xtec.cat\/ies-antoni-pous\/wp-content\/uploads\/usu283\/2024\/10\/Dinamitzacio-de-pati-programa-FSE-1-1024x768.jpeg\" alt=\"\" width=\"1024\" height=\"768\" srcset=\"https:\/\/agora.xtec.cat\/ies-antoni-pous\/wp-content\/uploads\/usu283\/2024\/10\/Dinamitzacio-de-pati-programa-FSE-1-1024x768.jpeg 1024w, https:\/\/agora.xtec.cat\/ies-antoni-pous\/wp-content\/uploads\/usu283\/2024\/10\/Dinamitzacio-de-pati-programa-FSE-1-300x225.jpeg 300w, https:\/\/agora.xtec.cat\/ies-antoni-pous\/wp-content\/uploads\/usu283\/2024\/10\/Dinamitzacio-de-pati-programa-FSE-1-768x576.jpeg 768w, https:\/\/agora.xtec.cat\/ies-antoni-pous\/wp-content\/uploads\/usu283\/2024\/10\/Dinamitzacio-de-pati-programa-FSE-1-1536x1152.jpeg 1536w, https:\/\/agora.xtec.cat\/ies-antoni-pous\/wp-content\/uploads\/usu283\/2024\/10\/Dinamitzacio-de-pati-programa-FSE-1-200x150.jpeg 200w, https:\/\/agora.xtec.cat\/ies-antoni-pous\/wp-content\/uploads\/usu283\/2024\/10\/Dinamitzacio-de-pati-programa-FSE-1.jpeg 2048w\" sizes=\"auto, (max-width: 1024px) 100vw, 1024px\" \/><\/a> <a href=\"https:\/\/agora.xtec.cat\/ies-antoni-pous\/wp-content\/uploads\/usu283\/2024\/10\/Tallers-habilitats-Socials-progama-FSE-1-1-scaled.jpg\"><img loading=\"lazy\" decoding=\"async\" class=\"aligncenter size-large wp-image-15502\" src=\"https:\/\/agora.xtec.cat\/ies-antoni-pous\/wp-content\/uploads\/usu283\/2024\/10\/Tallers-habilitats-Socials-progama-FSE-1-1-1024x768.jpg\" alt=\"\" width=\"1024\" height=\"768\" srcset=\"https:\/\/agora.xtec.cat\/ies-antoni-pous\/wp-content\/uploads\/usu283\/2024\/10\/Tallers-habilitats-Socials-progama-FSE-1-1-1024x768.jpg 1024w, https:\/\/agora.xtec.cat\/ies-antoni-pous\/wp-content\/uploads\/usu283\/2024\/10\/Tallers-habilitats-Socials-progama-FSE-1-1-300x225.jpg 300w, https:\/\/agora.xtec.cat\/ies-antoni-pous\/wp-content\/uploads\/usu283\/2024\/10\/Tallers-habilitats-Socials-progama-FSE-1-1-768x576.jpg 768w, https:\/\/agora.xtec.cat\/ies-antoni-pous\/wp-content\/uploads\/usu283\/2024\/10\/Tallers-habilitats-Socials-progama-FSE-1-1-1536x1152.jpg 1536w, https:\/\/agora.xtec.cat\/ies-antoni-pous\/wp-content\/uploads\/usu283\/2024\/10\/Tallers-habilitats-Socials-progama-FSE-1-1-2048x1536.jpg 2048w, https:\/\/agora.xtec.cat\/ies-antoni-pous\/wp-content\/uploads\/usu283\/2024\/10\/Tallers-habilitats-Socials-progama-FSE-1-1-200x150.jpg 200w\" sizes=\"auto, (max-width: 1024px) 100vw, 1024px\" \/><\/a><\/p>\n","protected":false},"excerpt":{"rendered":"<p>Programa\u00a0complexitat TIS\/ES\u00a0Fons Social Europeu (FSE+) L\u2019Institut Antoni Pous i Argila\u00a0disposa de\u00a0Professionals d\u2019Atenci\u00f3\u00a0Educativa\u00a0(PAE)\u00a0amb la finalitat de garantir l\u2019equitat en l\u2019acc\u00e9s a [&hellip;]<\/p>\n","protected":false},"author":1,"featured_media":0,"parent":0,"menu_order":0,"comment_status":"closed","ping_status":"closed","template":"","meta":{"_bbp_topic_count":0,"_bbp_reply_count":0,"_bbp_total_topic_count":0,"_bbp_total_reply_count":0,"_bbp_voice_count":0,"_bbp_anonymous_reply_count":0,"_bbp_topic_count_hidden":0,"_bbp_reply_count_hidden":0,"_bbp_forum_subforum_count":0,"site-sidebar-layout":"default","site-content-layout":"","ast-site-content-layout":"","site-content-style":"default","site-sidebar-style":"default","ast-global-header-display":"","ast-banner-title-visibility":"","ast-main-header-display":"","ast-hfb-above-header-display":"","ast-hfb-below-header-display":"","ast-hfb-mobile-header-display":"","site-post-title":"","ast-breadcrumbs-content":"","ast-featured-img":"","footer-sml-layout":"","theme-transparent-header-meta":"","adv-header-id-meta":"","stick-header-meta":"","header-above-stick-meta":"","header-main-stick-meta":"","header-below-stick-meta":"","astra-migrate-meta-layouts":"default","ast-page-background-enabled":"default","ast-page-background-meta":{"desktop":{"background-color":"var(--ast-global-color-4)","background-image":"","background-repeat":"repeat","background-position":"center center","background-size":"auto","background-attachment":"scroll","background-type":"","background-media":"","overlay-type":"","overlay-color":"","overlay-opacity":"","overlay-gradient":""},"tablet":{"background-color":"","background-image":"","background-repeat":"repeat","background-position":"center center","background-size":"auto","background-attachment":"scroll","background-type":"","background-media":"","overlay-type":"","overlay-color":"","overlay-opacity":"","overlay-gradient":""},"mobile":{"background-color":"","background-image":"","background-repeat":"repeat","background-position":"center center","background-size":"auto","background-attachment":"scroll","background-type":"","background-media":"","overlay-type":"","overlay-color":"","overlay-opacity":"","overlay-gradient":""}},"ast-content-background-meta":{"desktop":{"background-color":"var(--ast-global-color-5)","background-image":"","background-repeat":"repeat","background-position":"center center","background-size":"auto","background-attachment":"scroll","background-type":"","background-media":"","overlay-type":"","overlay-color":"","overlay-opacity":"","overlay-gradient":""},"tablet":{"background-color":"var(--ast-global-color-5)","background-image":"","background-repeat":"repeat","background-position":"center center","background-size":"auto","background-attachment":"scroll","background-type":"","background-media":"","overlay-type":"","overlay-color":"","overlay-opacity":"","overlay-gradient":""},"mobile":{"background-color":"var(--ast-global-color-5)","background-image":"","background-repeat":"repeat","background-position":"center center","background-size":"auto","background-attachment":"scroll","background-type":"","background-media":"","overlay-type":"","overlay-color":"","overlay-opacity":"","overlay-gradient":""}},"footnotes":""},"class_list":["post-15497","page","type-page","status-publish","hentry"],"post_mailing_queue_ids":[],"_links":{"self":[{"href":"https:\/\/agora.xtec.cat\/ies-antoni-pous\/wp-json\/wp\/v2\/pages\/15497","targetHints":{"allow":["GET"]}}],"collection":[{"href":"https:\/\/agora.xtec.cat\/ies-antoni-pous\/wp-json\/wp\/v2\/pages"}],"about":[{"href":"https:\/\/agora.xtec.cat\/ies-antoni-pous\/wp-json\/wp\/v2\/types\/page"}],"author":[{"embeddable":true,"href":"https:\/\/agora.xtec.cat\/ies-antoni-pous\/wp-json\/wp\/v2\/users\/1"}],"replies":[{"embeddable":true,"href":"https:\/\/agora.xtec.cat\/ies-antoni-pous\/wp-json\/wp\/v2\/comments?post=15497"}],"version-history":[{"count":1,"href":"https:\/\/agora.xtec.cat\/ies-antoni-pous\/wp-json\/wp\/v2\/pages\/15497\/revisions"}],"predecessor-version":[{"id":15503,"href":"https:\/\/agora.xtec.cat\/ies-antoni-pous\/wp-json\/wp\/v2\/pages\/15497\/revisions\/15503"}],"wp:attachment":[{"href":"https:\/\/agora.xtec.cat\/ies-antoni-pous\/wp-json\/wp\/v2\/media?parent=15497"}],"curies":[{"name":"wp","href":"https:\/\/api.w.org\/{rel}","templated":true}]}}