{"id":14811,"date":"2023-11-12T20:42:17","date_gmt":"2023-11-12T19:42:17","guid":{"rendered":"https:\/\/agora.xtec.cat\/ies-antoni-pous\/?page_id=14811"},"modified":"2025-06-07T20:53:14","modified_gmt":"2025-06-07T18:53:14","slug":"sollicitud-de-titols-oficials","status":"publish","type":"page","link":"https:\/\/agora.xtec.cat\/ies-antoni-pous\/secretaria\/sollicitud-de-titols-oficials\/","title":{"rendered":"Sol\u00b7licitud i recollida de t\u00edtols oficials"},"content":{"rendered":"<hr \/>\n<h2><b>Sol\u00b7licitud de t\u00edtols oficials<\/b><\/h2>\n<hr \/>\n<p><span style=\"font-weight: 400;\">La sol\u00b7licitud de t\u00edtols es pot fer quan tots els m\u00f2duls\/cr\u00e8dits\/mat\u00e8ries de batxillerat o\u00a0 del cicle formatiu estan superats i s&#8217;ha tancat l&#8217;avaluaci\u00f3.<\/span><\/p>\n<p><span style=\"font-weight: 400;\">Heu de fer la sol\u00b7licitud a trav\u00e9s del seg\u00fcent formulari: <\/span><a href=\"https:\/\/forms.gle\/tTbDRkqt33XuUkwU7\"><span style=\"font-weight: 400;\">Tramitaci\u00f3 t\u00edtols<\/span><\/a><\/p>\n<p><span style=\"font-weight: 400;\">Les taxes per a l&#8217;expedici\u00f3 de t\u00edtols, per al curs 2023-2024, s\u00f3n les seg\u00fcents:<\/span><\/p>\n<p>&nbsp;<\/p>\n<table>\n<tbody>\n<tr>\n<td><b>Ensenyament<\/b><\/td>\n<td><b>T\u00edtol<\/b><\/td>\n<td><b>Taxa<\/b><\/td>\n<\/tr>\n<tr>\n<td><span style=\"font-weight: 400;\">Batxillerat i Grau mitj\u00e0<\/span><\/td>\n<td><span style=\"font-weight: 400;\">T\u00e8cnic o t\u00e8cnica<\/span><\/td>\n<td><span style=\"font-weight: 400;\">69,65\u20ac<\/span><\/td>\n<\/tr>\n<tr>\n<td><span style=\"font-weight: 400;\">Grau superior<\/span><\/td>\n<td><span style=\"font-weight: 400;\">T\u00e8cnic o t\u00e8cnica superior<\/span><\/td>\n<td><span style=\"font-weight: 400;\">78\u20ac<\/span><\/td>\n<\/tr>\n<\/tbody>\n<\/table>\n<h2><\/h2>\n<div>\n<h2><b>Sol\u00b7licitud de duplicats de t\u00edtols oficials i de batxillerat\u00a0 \u00a0 \u00a0<\/b><\/h2>\n<h2><b>(en cas de p\u00e8rdua, destrucci\u00f3, canvi de dades\u2026)<\/b><\/h2>\n<\/div>\n<div><b>Cal consultar el tr\u00e0mit publicat al web del Departament:<\/b><\/div>\n<div><b>\u00a0<\/b><\/div>\n<div><b><a href=\"https:\/\/educacio.gencat.cat\/ca\/tramits\/tramits-temes\/titols-academics-no-universitaris\" target=\"_blank\" rel=\"noopener\" data-saferedirecturl=\"https:\/\/www.google.com\/url?q=https:\/\/educacio.gencat.cat\/ca\/tramits\/tramits-temes\/titols-academics-no-universitaris&amp;source=gmail&amp;ust=1729783980280000&amp;usg=AOvVaw3xSY8HqAM_YNUugXKV2_mW\">https:\/\/educacio.gencat.cat\/<wbr \/>ca\/tramits\/tramits-temes\/<wbr \/>titols-academics-no-<wbr \/>universitaris<\/a><\/b><\/div>\n<h2><\/h2>\n<h2><b>Recollida de\u00a0 t\u00edtols oficials: ESO, batxillerat i cicles formatius<\/b><\/h2>\n<p><span style=\"font-weight: 400;\">Quan disposem del t\u00edtol oficial us avisarem per correu electr\u00f2nic per tal que el pugueu recollir a les oficines del centre. Compteu que sol trigar m\u00e9s d\u2019un any.<\/span><span style=\"font-weight: 400;\">\u00a0<\/span><\/p>\n<p><span style=\"font-weight: 400;\">Documentaci\u00f3 que heu de presentar:<\/span><\/p>\n<ul>\n<li style=\"font-weight: 400;\" aria-level=\"1\"><span style=\"font-weight: 400;\">Resguard de la sol\u00b7licitud de t\u00edtol. En el cas que no el tingueu heu de presentar una sol\u00b7licitud de lliurament de t\u00edtol sense rebut\u00a0 <\/span><a href=\"http:\/\/agora.xtec.cat\/ies-antoni-pous\/wp-content\/uploads\/usu283\/2016\/12\/Model-sol%E2%80%A2licitud-lliurament-t%C3%ADtol-_Model-5.pdf\"><b>(Model 5)<\/b><\/a><\/li>\n<li style=\"font-weight: 400;\" aria-level=\"1\"><span style=\"font-weight: 400;\">DNI.<\/span><\/li>\n<li style=\"font-weight: 400;\" aria-level=\"1\"><span style=\"font-weight: 400;\">En el cas que no pugueu realitzar la gesti\u00f3 personalment, podeu autoritzar una altra persona. La persona autoritzada haur\u00e0 de presentar el seu DNI, una fotoc\u00f2pia del DNI de la persona interessada i el model d\u2019autoritzaci\u00f3 degudament emplenat.\u00a0<\/span><a href=\"http:\/\/agora.xtec.cat\/ies-antoni-pous\/wp-content\/uploads\/usu283\/2016\/12\/Autoritzaci%C3%B3-tr%C3%A0mits-centre-Model-1.pdf\"><b>(Model 1)<\/b><\/a><\/li>\n<\/ul>\n<p>&nbsp;<\/p>\n<p>&nbsp;<\/p>\n<p>&nbsp;<\/p>\n<p style=\"padding-left: 30px;\">\n","protected":false},"excerpt":{"rendered":"<p>Sol\u00b7licitud de t\u00edtols oficials La sol\u00b7licitud de t\u00edtols es pot fer quan tots els m\u00f2duls\/cr\u00e8dits\/mat\u00e8ries de batxillerat o\u00a0 del cicle [&hellip;]<\/p>\n","protected":false},"author":1,"featured_media":0,"parent":2005,"menu_order":3,"comment_status":"closed","ping_status":"closed","template":"","meta":{"_bbp_topic_count":0,"_bbp_reply_count":0,"_bbp_total_topic_count":0,"_bbp_total_reply_count":0,"_bbp_voice_count":0,"_bbp_anonymous_reply_count":0,"_bbp_topic_count_hidden":0,"_bbp_reply_count_hidden":0,"_bbp_forum_subforum_count":0,"site-sidebar-layout":"default","site-content-layout":"","ast-site-content-layout":"default","site-content-style":"default","site-sidebar-style":"default","ast-global-header-display":"","ast-banner-title-visibility":"","ast-main-header-display":"","ast-hfb-above-header-display":"","ast-hfb-below-header-display":"","ast-hfb-mobile-header-display":"","site-post-title":"","ast-breadcrumbs-content":"","ast-featured-img":"","footer-sml-layout":"","theme-transparent-header-meta":"default","adv-header-id-meta":"","stick-header-meta":"","header-above-stick-meta":"","header-main-stick-meta":"","header-below-stick-meta":"","astra-migrate-meta-layouts":"set","ast-page-background-enabled":"default","ast-page-background-meta":{"desktop":{"background-color":"var(--ast-global-color-4)","background-image":"","background-repeat":"repeat","background-position":"center center","background-size":"auto","background-attachment":"scroll","background-type":"","background-media":"","overlay-type":"","overlay-color":"","overlay-opacity":"","overlay-gradient":""},"tablet":{"background-color":"","background-image":"","background-repeat":"repeat","background-position":"center center","background-size":"auto","background-attachment":"scroll","background-type":"","background-media":"","overlay-type":"","overlay-color":"","overlay-opacity":"","overlay-gradient":""},"mobile":{"background-color":"","background-image":"","background-repeat":"repeat","background-position":"center center","background-size":"auto","background-attachment":"scroll","background-type":"","background-media":"","overlay-type":"","overlay-color":"","overlay-opacity":"","overlay-gradient":""}},"ast-content-background-meta":{"desktop":{"background-color":"var(--ast-global-color-5)","background-image":"","background-repeat":"repeat","background-position":"center center","background-size":"auto","background-attachment":"scroll","background-type":"","background-media":"","overlay-type":"","overlay-color":"","overlay-opacity":"","overlay-gradient":""},"tablet":{"background-color":"var(--ast-global-color-5)","background-image":"","background-repeat":"repeat","background-position":"center center","background-size":"auto","background-attachment":"scroll","background-type":"","background-media":"","overlay-type":"","overlay-color":"","overlay-opacity":"","overlay-gradient":""},"mobile":{"background-color":"var(--ast-global-color-5)","background-image":"","background-repeat":"repeat","background-position":"center center","background-size":"auto","background-attachment":"scroll","background-type":"","background-media":"","overlay-type":"","overlay-color":"","overlay-opacity":"","overlay-gradient":""}},"footnotes":""},"class_list":["post-14811","page","type-page","status-publish","hentry"],"post_mailing_queue_ids":[],"_links":{"self":[{"href":"https:\/\/agora.xtec.cat\/ies-antoni-pous\/wp-json\/wp\/v2\/pages\/14811","targetHints":{"allow":["GET"]}}],"collection":[{"href":"https:\/\/agora.xtec.cat\/ies-antoni-pous\/wp-json\/wp\/v2\/pages"}],"about":[{"href":"https:\/\/agora.xtec.cat\/ies-antoni-pous\/wp-json\/wp\/v2\/types\/page"}],"author":[{"embeddable":true,"href":"https:\/\/agora.xtec.cat\/ies-antoni-pous\/wp-json\/wp\/v2\/users\/1"}],"replies":[{"embeddable":true,"href":"https:\/\/agora.xtec.cat\/ies-antoni-pous\/wp-json\/wp\/v2\/comments?post=14811"}],"version-history":[{"count":6,"href":"https:\/\/agora.xtec.cat\/ies-antoni-pous\/wp-json\/wp\/v2\/pages\/14811\/revisions"}],"predecessor-version":[{"id":15842,"href":"https:\/\/agora.xtec.cat\/ies-antoni-pous\/wp-json\/wp\/v2\/pages\/14811\/revisions\/15842"}],"up":[{"embeddable":true,"href":"https:\/\/agora.xtec.cat\/ies-antoni-pous\/wp-json\/wp\/v2\/pages\/2005"}],"wp:attachment":[{"href":"https:\/\/agora.xtec.cat\/ies-antoni-pous\/wp-json\/wp\/v2\/media?parent=14811"}],"curies":[{"name":"wp","href":"https:\/\/api.w.org\/{rel}","templated":true}]}}