{"id":14807,"date":"2023-11-12T20:40:07","date_gmt":"2023-11-12T19:40:07","guid":{"rendered":"https:\/\/agora.xtec.cat\/ies-antoni-pous\/?page_id=14807"},"modified":"2024-01-26T13:07:35","modified_gmt":"2024-01-26T12:07:35","slug":"expedicio-de-certificats","status":"publish","type":"page","link":"https:\/\/agora.xtec.cat\/ies-antoni-pous\/secretaria\/expedicio-de-certificats\/","title":{"rendered":"Expedici\u00f3 de certificats"},"content":{"rendered":"<p>&nbsp;<\/p>\n<hr \/>\n<h4><strong>Certificats de catal\u00e0: Nivells B2 i C1:<\/strong><\/h4>\n<hr \/>\n<p><span style=\"color: #444444;\">\u00a0<span style=\"font-family: inherit, serif;\"><span style=\"font-size: medium;\"><b>Els certificats de reconeixement d\u2019equival\u00e8ncia de catal\u00e0 es poden demanar a qualsevol institut p\u00fablic.<\/b><\/span><\/span><\/span><\/p>\n<p><strong><a href=\"https:\/\/forms.gle\/gvZivHAPPzp8aTby5\" target=\"_blank\" rel=\"noopener\">Ompliu el seg\u00fcent formulari<\/a><\/strong><\/p>\n<p><a href=\"https:\/\/educacio.gencat.cat\/ca\/tramits\/tramits-temes\/22046-reconeixement-b2-c1-catala\" target=\"_blank\" rel=\"noopener\">M\u00e9s informaci\u00f3 a la web del departament<\/a><\/p>\n<hr \/>\n<h4><strong>Altres certificats acad\u00e8mics i de matr\u00edcula, etc<\/strong><\/h4>\n<hr \/>\n<p><a href=\"https:\/\/forms.gle\/Uv3kzGRFT2yD7Q5o6\" target=\"_blank\" rel=\"noopener\"><strong>\u00a0Ompliu el seg\u00fcent formulari<\/strong><\/a><\/p>\n","protected":false},"excerpt":{"rendered":"<p>&nbsp; Certificats de catal\u00e0: Nivells B2 i C1: \u00a0Els certificats de reconeixement d\u2019equival\u00e8ncia de catal\u00e0 es poden demanar a qualsevol [&hellip;]<\/p>\n","protected":false},"author":1,"featured_media":0,"parent":2005,"menu_order":2,"comment_status":"closed","ping_status":"closed","template":"page-templates\/side-menu.php","meta":{"_bbp_topic_count":0,"_bbp_reply_count":0,"_bbp_total_topic_count":0,"_bbp_total_reply_count":0,"_bbp_voice_count":0,"_bbp_anonymous_reply_count":0,"_bbp_topic_count_hidden":0,"_bbp_reply_count_hidden":0,"_bbp_forum_subforum_count":0,"site-sidebar-layout":"default","site-content-layout":"","ast-site-content-layout":"","site-content-style":"default","site-sidebar-style":"default","ast-global-header-display":"","ast-banner-title-visibility":"","ast-main-header-display":"","ast-hfb-above-header-display":"","ast-hfb-below-header-display":"","ast-hfb-mobile-header-display":"","site-post-title":"","ast-breadcrumbs-content":"","ast-featured-img":"","footer-sml-layout":"","theme-transparent-header-meta":"","adv-header-id-meta":"","stick-header-meta":"","header-above-stick-meta":"","header-main-stick-meta":"","header-below-stick-meta":"","astra-migrate-meta-layouts":"default","ast-page-background-enabled":"default","ast-page-background-meta":{"desktop":{"background-color":"var(--ast-global-color-4)","background-image":"","background-repeat":"repeat","background-position":"center center","background-size":"auto","background-attachment":"scroll","background-type":"","background-media":"","overlay-type":"","overlay-color":"","overlay-opacity":"","overlay-gradient":""},"tablet":{"background-color":"","background-image":"","background-repeat":"repeat","background-position":"center center","background-size":"auto","background-attachment":"scroll","background-type":"","background-media":"","overlay-type":"","overlay-color":"","overlay-opacity":"","overlay-gradient":""},"mobile":{"background-color":"","background-image":"","background-repeat":"repeat","background-position":"center center","background-size":"auto","background-attachment":"scroll","background-type":"","background-media":"","overlay-type":"","overlay-color":"","overlay-opacity":"","overlay-gradient":""}},"ast-content-background-meta":{"desktop":{"background-color":"var(--ast-global-color-5)","background-image":"","background-repeat":"repeat","background-position":"center center","background-size":"auto","background-attachment":"scroll","background-type":"","background-media":"","overlay-type":"","overlay-color":"","overlay-opacity":"","overlay-gradient":""},"tablet":{"background-color":"var(--ast-global-color-5)","background-image":"","background-repeat":"repeat","background-position":"center center","background-size":"auto","background-attachment":"scroll","background-type":"","background-media":"","overlay-type":"","overlay-color":"","overlay-opacity":"","overlay-gradient":""},"mobile":{"background-color":"var(--ast-global-color-5)","background-image":"","background-repeat":"repeat","background-position":"center center","background-size":"auto","background-attachment":"scroll","background-type":"","background-media":"","overlay-type":"","overlay-color":"","overlay-opacity":"","overlay-gradient":""}},"footnotes":""},"class_list":["post-14807","page","type-page","status-publish","hentry"],"post_mailing_queue_ids":[],"_links":{"self":[{"href":"https:\/\/agora.xtec.cat\/ies-antoni-pous\/wp-json\/wp\/v2\/pages\/14807","targetHints":{"allow":["GET"]}}],"collection":[{"href":"https:\/\/agora.xtec.cat\/ies-antoni-pous\/wp-json\/wp\/v2\/pages"}],"about":[{"href":"https:\/\/agora.xtec.cat\/ies-antoni-pous\/wp-json\/wp\/v2\/types\/page"}],"author":[{"embeddable":true,"href":"https:\/\/agora.xtec.cat\/ies-antoni-pous\/wp-json\/wp\/v2\/users\/1"}],"replies":[{"embeddable":true,"href":"https:\/\/agora.xtec.cat\/ies-antoni-pous\/wp-json\/wp\/v2\/comments?post=14807"}],"version-history":[{"count":6,"href":"https:\/\/agora.xtec.cat\/ies-antoni-pous\/wp-json\/wp\/v2\/pages\/14807\/revisions"}],"predecessor-version":[{"id":15023,"href":"https:\/\/agora.xtec.cat\/ies-antoni-pous\/wp-json\/wp\/v2\/pages\/14807\/revisions\/15023"}],"up":[{"embeddable":true,"href":"https:\/\/agora.xtec.cat\/ies-antoni-pous\/wp-json\/wp\/v2\/pages\/2005"}],"wp:attachment":[{"href":"https:\/\/agora.xtec.cat\/ies-antoni-pous\/wp-json\/wp\/v2\/media?parent=14807"}],"curies":[{"name":"wp","href":"https:\/\/api.w.org\/{rel}","templated":true}]}}