{"id":14519,"date":"2023-09-09T12:52:16","date_gmt":"2023-09-09T10:52:16","guid":{"rendered":"https:\/\/agora.xtec.cat\/ies-antoni-pous\/?page_id=14519"},"modified":"2023-11-12T20:45:30","modified_gmt":"2023-11-12T19:45:30","slug":"semipresencialitat","status":"publish","type":"page","link":"https:\/\/agora.xtec.cat\/ies-antoni-pous\/secretaria\/semipresencialitat\/","title":{"rendered":"Semipresencialitat"},"content":{"rendered":"<p><strong>Semipresencialitat<\/strong><\/p>\n<div>Sol.l\u00edcitud\u00a0de matr\u00edcula semipresencial a FP<\/div>\n<div>\n<p>L&#8217;Institut Antoni Pous defensa l&#8217;aprentatge presencial, per\u00f2 per tal de que l&#8217;alumnat pugui compaginar el seu itinerari formatiu i la seva vida personal, posem al seu abast el procediment de la semipresencialitat.<\/p>\n<p>T\u00e9 com a finalitat facilitar l\u2019acc\u00e9s a les persones que no poden assistir\u00a0presencialment a totes les hores lectives (per motius laborals, per tenir cura d\u2019altres\u00a0persones o per qualsevol altra circumst\u00e0ncia excepcional).<\/p>\n<p>La modalitat semi presencial implica l\u2019assist\u00e8ncia presencial almenys el 50% de\u00a0les hores previstes per a cada una de les unitats formatives i\u00a0<b>realitzar totes les\u00a0<\/b><b>activitats d\u2019aprenentatge programades<\/b>\u00a0i en la mateixa c\u00e0rrega hor\u00e0ria que les\u00a0fetes de forma presencial. El\u00a0<b>professorat decidir\u00e0 en quin % entre el 20 i el 50%\u00a0<\/b>proposa la semipresencialitat del seu MP\/UF.<\/p>\n<p>El procediment de sol\u00b7licitud de semipresencialitat es pot sol.licitar en qualsevol moment del curs<b>(excepte les dues darreres setmanes de curs i una vegada finalitzada la UF).<\/b><\/p>\n<p>Cal\u00a0<b>omplir correctament el seg\u00fcent formulari segons cicle\u00a0, adjuntant la documentaci\u00f3 requerida<\/b>.<\/p>\n<p><i>* La direcci\u00f3 del centre es reserva el dret de demanar qualsevol altre tipus d&#8217;informaci\u00f3 que consideri necess\u00e0ria.<\/i><\/p>\n<p>Una vegada resolta la semipresencialitat<b>\u00a0des d&#8217;oficines enviaran la\u00a0resoluci\u00f3 signada al correu electr\u00f2nic<\/b>\u00a0de\u00a0 l\u2019alumne.\u00a0<u>Fins a aquest moment, l&#8217;alumne no t\u00e9 concedida la semipresencialitat.<\/u><\/p>\n<p>L\u2019alumne\/a haur\u00e0 d\u2019informar al professorat implicat dels m\u00f2duls\/UF\u00a0que se li han atorgat la semipresencialitat presentant la resoluci\u00f3.<\/p>\n<\/div>\n<p><a href=\"https:\/\/docs.google.com\/forms\/d\/e\/1FAIpQLSf21zJd9LWgUhqKHrDL8HwBp0VCsBEij713i08R32rliQxZBg\/viewform\">FORMULARI SOL\u00b7LICITUD TIS<\/a><\/p>\n<p><a href=\"https:\/\/forms.gle\/w7jhWLLdVNJy58U56\" target=\"_blank\" rel=\"noopener\" data-saferedirecturl=\"https:\/\/www.google.com\/url?q=https:\/\/forms.gle\/w7jhWLLdVNJy58U56&amp;source=gmail&amp;ust=1694342735088000&amp;usg=AOvVaw01sfBBd_BnKHBn_mEN4ryZ\"><span id=\"m_-1449472813034918146mt-tracked-link_2_1693932802301\"><\/span>FORMULARI SOL.LICITUD TEI<\/a><\/p>\n<p><a href=\"https:\/\/forms.gle\/aFMB4uKvC7FyonRf8\" target=\"_blank\" rel=\"noopener\" data-saferedirecturl=\"https:\/\/www.google.com\/url?q=https:\/\/forms.gle\/aFMB4uKvC7FyonRf8&amp;source=gmail&amp;ust=1694342735088000&amp;usg=AOvVaw0NLQlQIdHDycPPE5PNk-pP\"><span id=\"m_-1449472813034918146mt-tracked-link_2_1693932486642\"><\/span>FORMULARI SOL.LICITUD EAS<\/a><\/p>\n<p><a href=\"https:\/\/forms.gle\/o7VHhGrTKpSjhsxFA\" target=\"_blank\" rel=\"noopener\" data-saferedirecturl=\"https:\/\/www.google.com\/url?q=https:\/\/forms.gle\/o7VHhGrTKpSjhsxFA&amp;source=gmail&amp;ust=1694342735088000&amp;usg=AOvVaw2UYtA7Z7IbthHVXoW5sjjU\"><span id=\"m_-1449472813034918146mt-tracked-link_2_1693932647871\"><\/span>FORMULARI SOL.LICITUD TAPSD I TAPSD\/CAI<\/a><\/p>\n<p><a href=\"https:\/\/forms.gle\/Rp3qKTc98XDof9U37\" target=\"_blank\" rel=\"noopener\" data-saferedirecturl=\"https:\/\/www.google.com\/url?q=https:\/\/forms.gle\/Rp3qKTc98XDof9U37&amp;source=gmail&amp;ust=1694342735088000&amp;usg=AOvVaw2JCnbdlnvZ2Xswa1zFMlWz\"><span id=\"m_-1449472813034918146mt-tracked-link_2_1693932205894\"><\/span>FORMULARI SOL.LICITUD GMNTLL<\/a><\/p>\n<p>&nbsp;<\/p>\n","protected":false},"excerpt":{"rendered":"<p>Semipresencialitat Sol.l\u00edcitud\u00a0de matr\u00edcula semipresencial a FP L&#8217;Institut Antoni Pous defensa l&#8217;aprentatge presencial, per\u00f2 per tal de que l&#8217;alumnat pugui compaginar [&hellip;]<\/p>\n","protected":false},"author":1,"featured_media":0,"parent":2005,"menu_order":4,"comment_status":"closed","ping_status":"closed","template":"page-templates\/side-menu.php","meta":{"_bbp_topic_count":0,"_bbp_reply_count":0,"_bbp_total_topic_count":0,"_bbp_total_reply_count":0,"_bbp_voice_count":0,"_bbp_anonymous_reply_count":0,"_bbp_topic_count_hidden":0,"_bbp_reply_count_hidden":0,"_bbp_forum_subforum_count":0,"site-sidebar-layout":"default","site-content-layout":"","ast-site-content-layout":"","site-content-style":"default","site-sidebar-style":"default","ast-global-header-display":"","ast-banner-title-visibility":"","ast-main-header-display":"","ast-hfb-above-header-display":"","ast-hfb-below-header-display":"","ast-hfb-mobile-header-display":"","site-post-title":"","ast-breadcrumbs-content":"","ast-featured-img":"","footer-sml-layout":"","theme-transparent-header-meta":"","adv-header-id-meta":"","stick-header-meta":"","header-above-stick-meta":"","header-main-stick-meta":"","header-below-stick-meta":"","astra-migrate-meta-layouts":"default","ast-page-background-enabled":"default","ast-page-background-meta":{"desktop":{"background-color":"var(--ast-global-color-4)","background-image":"","background-repeat":"repeat","background-position":"center center","background-size":"auto","background-attachment":"scroll","background-type":"","background-media":"","overlay-type":"","overlay-color":"","overlay-opacity":"","overlay-gradient":""},"tablet":{"background-color":"","background-image":"","background-repeat":"repeat","background-position":"center center","background-size":"auto","background-attachment":"scroll","background-type":"","background-media":"","overlay-type":"","overlay-color":"","overlay-opacity":"","overlay-gradient":""},"mobile":{"background-color":"","background-image":"","background-repeat":"repeat","background-position":"center center","background-size":"auto","background-attachment":"scroll","background-type":"","background-media":"","overlay-type":"","overlay-color":"","overlay-opacity":"","overlay-gradient":""}},"ast-content-background-meta":{"desktop":{"background-color":"var(--ast-global-color-5)","background-image":"","background-repeat":"repeat","background-position":"center center","background-size":"auto","background-attachment":"scroll","background-type":"","background-media":"","overlay-type":"","overlay-color":"","overlay-opacity":"","overlay-gradient":""},"tablet":{"background-color":"var(--ast-global-color-5)","background-image":"","background-repeat":"repeat","background-position":"center center","background-size":"auto","background-attachment":"scroll","background-type":"","background-media":"","overlay-type":"","overlay-color":"","overlay-opacity":"","overlay-gradient":""},"mobile":{"background-color":"var(--ast-global-color-5)","background-image":"","background-repeat":"repeat","background-position":"center center","background-size":"auto","background-attachment":"scroll","background-type":"","background-media":"","overlay-type":"","overlay-color":"","overlay-opacity":"","overlay-gradient":""}},"footnotes":""},"class_list":["post-14519","page","type-page","status-publish","hentry"],"post_mailing_queue_ids":[],"_links":{"self":[{"href":"https:\/\/agora.xtec.cat\/ies-antoni-pous\/wp-json\/wp\/v2\/pages\/14519","targetHints":{"allow":["GET"]}}],"collection":[{"href":"https:\/\/agora.xtec.cat\/ies-antoni-pous\/wp-json\/wp\/v2\/pages"}],"about":[{"href":"https:\/\/agora.xtec.cat\/ies-antoni-pous\/wp-json\/wp\/v2\/types\/page"}],"author":[{"embeddable":true,"href":"https:\/\/agora.xtec.cat\/ies-antoni-pous\/wp-json\/wp\/v2\/users\/1"}],"replies":[{"embeddable":true,"href":"https:\/\/agora.xtec.cat\/ies-antoni-pous\/wp-json\/wp\/v2\/comments?post=14519"}],"version-history":[{"count":2,"href":"https:\/\/agora.xtec.cat\/ies-antoni-pous\/wp-json\/wp\/v2\/pages\/14519\/revisions"}],"predecessor-version":[{"id":14816,"href":"https:\/\/agora.xtec.cat\/ies-antoni-pous\/wp-json\/wp\/v2\/pages\/14519\/revisions\/14816"}],"up":[{"embeddable":true,"href":"https:\/\/agora.xtec.cat\/ies-antoni-pous\/wp-json\/wp\/v2\/pages\/2005"}],"wp:attachment":[{"href":"https:\/\/agora.xtec.cat\/ies-antoni-pous\/wp-json\/wp\/v2\/media?parent=14519"}],"curies":[{"name":"wp","href":"https:\/\/api.w.org\/{rel}","templated":true}]}}