{"id":14321,"date":"2023-06-26T12:02:46","date_gmt":"2023-06-26T10:02:46","guid":{"rendered":"https:\/\/agora.xtec.cat\/ies-antoni-pous\/?page_id=14321"},"modified":"2024-01-16T18:14:16","modified_gmt":"2024-01-16T17:14:16","slug":"acollida","status":"publish","type":"page","link":"https:\/\/agora.xtec.cat\/ies-antoni-pous\/linstitut\/estrategia-digital-de-centre\/cultura-digital\/acollida\/","title":{"rendered":"Acollida"},"content":{"rendered":"<p style=\"text-align: center;\"><em><strong>Acollida Digital del Professorat<\/strong><\/em><\/p>\n<p>L\u2019arribada d\u2019un nou docent requereix una acollida general que cal tenir protocol\u00b7litzada. Dins aquesta acollida general es troba l\u2019acollida digital, tant pel que fa al professorat de nova incorporaci\u00f3 al setembre com el que es va incorporant durant el curs.<\/p>\n<p>En arribar un docent de nova incorporaci\u00f3 al centre \u00e9s recomanable que s\u2019efectu\u00efn les seg\u00fcents accions:<\/p>\n<ol>\n<li>Actualitzaci\u00f3 de les seves dades a Esfera.<\/li>\n<li>Usuari Xtec. En el cas que el docent no disposi d\u2019usuari xtec el\/la director\/a li gestionar\u00e0 l\u2019alta. Disposar d\u2019aquest usuari \u00e9s imprescindible per a la comunicaci\u00f3 corporativa del docent.<\/li>\n<li>Ordinador port\u00e0til del docent. Se li proporcionar\u00e0 l\u2019ordinador port\u00e0til del PEDC. El docent comprovar\u00e0 que pot iniciar sessi\u00f3 amb el seu identificador digital (credencials).<\/li>\n<li>Correu de centre del docent. El professorat nou disposar\u00e0 d\u2019un correu de centre amb domini @jaumebalmes.net. Si el docent disposa usuari xtec es mantindr\u00e0 el mateix usuari pel correu corporatiu, en cas contrari se li donar\u00e0 un usuari provisional i contrasenya que s\u2019haur\u00e0 creat al comen\u00e7ament de curs. La primera vegada que es connecti al correu l\u2019usuari haur\u00e0 de canviar la contrasenya. Cada usuari ser\u00e0 afegit a grups que serveixen com a llista de distribuci\u00f3 de correu i per accedir als documents i unitats compartides del centre.<\/li>\n<li>Usuari de Moodle. El mateix usuari i contrasenya servir\u00e0 per accedir als cursos de Moodle creats pels departaments. L\u2019usuari podr\u00e0 crear nous cursos, si cal.<\/li>\n<li>Usuari de iEduca, per informar-se dels horaris, comunicaci\u00f3 amb les fam\u00edlies, gestionar les faltes i incid\u00e8ncies de l\u2019alumnat.<\/li>\n<li>Web del centre. Procediment i protocol per publicar articles o afegir continguts. Informaci\u00f3 dels drets d\u2019imatge de l\u2019alumnat.<\/li>\n<li>Impressi\u00f3 i escaneig de documents. L\u2019usuari ser\u00e0 el mateix que el correu i la contrasenya la mateixa que se li dona inicialment per\u00f2 en min\u00fascules.<\/li>\n<li>Informaci\u00f3 sobre la cultura digital del centre que s\u2019ha explicat anteriorment.<\/li>\n<\/ol>\n<h3 style=\"text-align: left;\"><\/h3>\n<p><iframe loading=\"lazy\" src=\"https:\/\/agora.xtec.cat\/ies-antoni-pous\/wp-content\/uploads\/usu283\/2024\/01\/BENVINGUDA-COORDINACIO-DIGITAL-1.pdf\" width=\"1024\" height=\"900\"><span data-mce-type=\"bookmark\" style=\"display: inline-block; width: 0px; overflow: hidden; line-height: 0;\" class=\"mce_SELRES_start\">\ufeff<\/span><span data-mce-type=\"bookmark\" style=\"display: inline-block; width: 0px; overflow: hidden; line-height: 0;\" class=\"mce_SELRES_start\">\ufeff<\/span><\/iframe><\/p>\n","protected":false},"excerpt":{"rendered":"<p>Acollida Digital del Professorat L\u2019arribada d\u2019un nou docent requereix una acollida general que cal tenir protocol\u00b7litzada. Dins aquesta acollida general [&hellip;]<\/p>\n","protected":false},"author":1,"featured_media":0,"parent":13437,"menu_order":0,"comment_status":"closed","ping_status":"closed","template":"","meta":{"_bbp_topic_count":0,"_bbp_reply_count":0,"_bbp_total_topic_count":0,"_bbp_total_reply_count":0,"_bbp_voice_count":0,"_bbp_anonymous_reply_count":0,"_bbp_topic_count_hidden":0,"_bbp_reply_count_hidden":0,"_bbp_forum_subforum_count":0,"site-sidebar-layout":"default","site-content-layout":"","ast-site-content-layout":"","site-content-style":"default","site-sidebar-style":"default","ast-global-header-display":"","ast-banner-title-visibility":"","ast-main-header-display":"","ast-hfb-above-header-display":"","ast-hfb-below-header-display":"","ast-hfb-mobile-header-display":"","site-post-title":"","ast-breadcrumbs-content":"","ast-featured-img":"","footer-sml-layout":"","theme-transparent-header-meta":"","adv-header-id-meta":"","stick-header-meta":"","header-above-stick-meta":"","header-main-stick-meta":"","header-below-stick-meta":"","astra-migrate-meta-layouts":"default","ast-page-background-enabled":"default","ast-page-background-meta":{"desktop":{"background-color":"var(--ast-global-color-4)","background-image":"","background-repeat":"repeat","background-position":"center center","background-size":"auto","background-attachment":"scroll","background-type":"","background-media":"","overlay-type":"","overlay-color":"","overlay-opacity":"","overlay-gradient":""},"tablet":{"background-color":"","background-image":"","background-repeat":"repeat","background-position":"center center","background-size":"auto","background-attachment":"scroll","background-type":"","background-media":"","overlay-type":"","overlay-color":"","overlay-opacity":"","overlay-gradient":""},"mobile":{"background-color":"","background-image":"","background-repeat":"repeat","background-position":"center center","background-size":"auto","background-attachment":"scroll","background-type":"","background-media":"","overlay-type":"","overlay-color":"","overlay-opacity":"","overlay-gradient":""}},"ast-content-background-meta":{"desktop":{"background-color":"var(--ast-global-color-5)","background-image":"","background-repeat":"repeat","background-position":"center center","background-size":"auto","background-attachment":"scroll","background-type":"","background-media":"","overlay-type":"","overlay-color":"","overlay-opacity":"","overlay-gradient":""},"tablet":{"background-color":"var(--ast-global-color-5)","background-image":"","background-repeat":"repeat","background-position":"center center","background-size":"auto","background-attachment":"scroll","background-type":"","background-media":"","overlay-type":"","overlay-color":"","overlay-opacity":"","overlay-gradient":""},"mobile":{"background-color":"var(--ast-global-color-5)","background-image":"","background-repeat":"repeat","background-position":"center center","background-size":"auto","background-attachment":"scroll","background-type":"","background-media":"","overlay-type":"","overlay-color":"","overlay-opacity":"","overlay-gradient":""}},"footnotes":""},"class_list":["post-14321","page","type-page","status-publish","hentry"],"post_mailing_queue_ids":[],"_links":{"self":[{"href":"https:\/\/agora.xtec.cat\/ies-antoni-pous\/wp-json\/wp\/v2\/pages\/14321","targetHints":{"allow":["GET"]}}],"collection":[{"href":"https:\/\/agora.xtec.cat\/ies-antoni-pous\/wp-json\/wp\/v2\/pages"}],"about":[{"href":"https:\/\/agora.xtec.cat\/ies-antoni-pous\/wp-json\/wp\/v2\/types\/page"}],"author":[{"embeddable":true,"href":"https:\/\/agora.xtec.cat\/ies-antoni-pous\/wp-json\/wp\/v2\/users\/1"}],"replies":[{"embeddable":true,"href":"https:\/\/agora.xtec.cat\/ies-antoni-pous\/wp-json\/wp\/v2\/comments?post=14321"}],"version-history":[{"count":4,"href":"https:\/\/agora.xtec.cat\/ies-antoni-pous\/wp-json\/wp\/v2\/pages\/14321\/revisions"}],"predecessor-version":[{"id":15009,"href":"https:\/\/agora.xtec.cat\/ies-antoni-pous\/wp-json\/wp\/v2\/pages\/14321\/revisions\/15009"}],"up":[{"embeddable":true,"href":"https:\/\/agora.xtec.cat\/ies-antoni-pous\/wp-json\/wp\/v2\/pages\/13437"}],"wp:attachment":[{"href":"https:\/\/agora.xtec.cat\/ies-antoni-pous\/wp-json\/wp\/v2\/media?parent=14321"}],"curies":[{"name":"wp","href":"https:\/\/api.w.org\/{rel}","templated":true}]}}