{"id":14000,"date":"2023-04-21T17:09:48","date_gmt":"2023-04-21T15:09:48","guid":{"rendered":"https:\/\/agora.xtec.cat\/ies-antoni-pous\/?page_id=14000"},"modified":"2023-11-15T09:50:44","modified_gmt":"2023-11-15T08:50:44","slug":"programa-mufps-centre-formador","status":"publish","type":"page","link":"https:\/\/agora.xtec.cat\/ies-antoni-pous\/projectes-2\/programa-mufps-centre-formador\/","title":{"rendered":"Programa MUFPS \/ Centre formador"},"content":{"rendered":"<p style=\"text-align: center;\"><a href=\"https:\/\/agora.xtec.cat\/ies-antoni-pous\/wp-content\/uploads\/usu283\/2023\/04\/baixa.jpg\"><img loading=\"lazy\" decoding=\"async\" class=\"alignnone wp-image-14002\" src=\"https:\/\/agora.xtec.cat\/ies-antoni-pous\/wp-content\/uploads\/usu283\/2023\/04\/baixa.jpg\" alt=\"\" width=\"103\" height=\"147\" \/><\/a> \u00a0 \u00a0 \u00a0<a href=\"https:\/\/agora.xtec.cat\/ies-antoni-pous\/wp-content\/uploads\/usu283\/2023\/04\/baixa.png\"><img loading=\"lazy\" decoding=\"async\" class=\"alignnone size-full wp-image-14001\" src=\"https:\/\/agora.xtec.cat\/ies-antoni-pous\/wp-content\/uploads\/usu283\/2023\/04\/baixa.png\" alt=\"\" width=\"127\" height=\"136\" \/><\/a><\/p>\n<p>&nbsp;<\/p>\n<p>L&#8217;INS Antoni Pous i Argila de Manlleu participa en dos programes impulsats pel Departament d&#8217;Educaci\u00f3:<br \/>\na) Centres formadors<br \/>\nb) Programa MUFPS<\/p>\n<p>D&#8217;aquesta manera el nostre centre vol actuar com a centre formador, ent\u00e8s com a centre amb el comprom\u00eds en el desenvolupament personal i professional de tot el professorat, aix\u00ed com en la formaci\u00f3 de futurs docents, acollint-los i fent-los part\u00edcips de l\u2019activitat educativa i la vida escolar. En definitiva, el centre formador es presenta com a un tot que en la seva pr\u00e0ctica educativa promou entorns d&#8217;aprenentatge professionalitzadors (FONT: <a href=\"https:\/\/www.google.com\/url?q=https%3A%2F%2Fprojectes.xtec.cat%2Fcentresformadors%2Fwp-content%2Fuploads%2Fusu1341%2F2021%2F06%2FEl-centre-formador.pdf&amp;sa=D\">Departament d&#8217;Educaci\u00f3<\/a>).<\/p>\n<p>&nbsp;<\/p>\n<p style=\"text-align: center;\"><a href=\"https:\/\/sites.google.com\/insantonipous.cat\/ins-antoni-pous-centreformador\/p%C3%A0gina-principal\">SITES DEL PROJECTE AL NOSTRE CENTRE<\/a><\/p>\n","protected":false},"excerpt":{"rendered":"<p>\u00a0 \u00a0 \u00a0 &nbsp; L&#8217;INS Antoni Pous i Argila de Manlleu participa en dos programes impulsats pel Departament d&#8217;Educaci\u00f3: a) [&hellip;]<\/p>\n","protected":false},"author":13,"featured_media":0,"parent":57,"menu_order":6,"comment_status":"closed","ping_status":"closed","template":"page-templates\/side-menu.php","meta":{"_bbp_topic_count":0,"_bbp_reply_count":0,"_bbp_total_topic_count":0,"_bbp_total_reply_count":0,"_bbp_voice_count":0,"_bbp_anonymous_reply_count":0,"_bbp_topic_count_hidden":0,"_bbp_reply_count_hidden":0,"_bbp_forum_subforum_count":0,"site-sidebar-layout":"default","site-content-layout":"","ast-site-content-layout":"","site-content-style":"default","site-sidebar-style":"default","ast-global-header-display":"","ast-banner-title-visibility":"","ast-main-header-display":"","ast-hfb-above-header-display":"","ast-hfb-below-header-display":"","ast-hfb-mobile-header-display":"","site-post-title":"","ast-breadcrumbs-content":"","ast-featured-img":"","footer-sml-layout":"","theme-transparent-header-meta":"","adv-header-id-meta":"","stick-header-meta":"","header-above-stick-meta":"","header-main-stick-meta":"","header-below-stick-meta":"","astra-migrate-meta-layouts":"default","ast-page-background-enabled":"default","ast-page-background-meta":{"desktop":{"background-color":"var(--ast-global-color-4)","background-image":"","background-repeat":"repeat","background-position":"center center","background-size":"auto","background-attachment":"scroll","background-type":"","background-media":"","overlay-type":"","overlay-color":"","overlay-opacity":"","overlay-gradient":""},"tablet":{"background-color":"","background-image":"","background-repeat":"repeat","background-position":"center center","background-size":"auto","background-attachment":"scroll","background-type":"","background-media":"","overlay-type":"","overlay-color":"","overlay-opacity":"","overlay-gradient":""},"mobile":{"background-color":"","background-image":"","background-repeat":"repeat","background-position":"center center","background-size":"auto","background-attachment":"scroll","background-type":"","background-media":"","overlay-type":"","overlay-color":"","overlay-opacity":"","overlay-gradient":""}},"ast-content-background-meta":{"desktop":{"background-color":"var(--ast-global-color-5)","background-image":"","background-repeat":"repeat","background-position":"center center","background-size":"auto","background-attachment":"scroll","background-type":"","background-media":"","overlay-type":"","overlay-color":"","overlay-opacity":"","overlay-gradient":""},"tablet":{"background-color":"var(--ast-global-color-5)","background-image":"","background-repeat":"repeat","background-position":"center center","background-size":"auto","background-attachment":"scroll","background-type":"","background-media":"","overlay-type":"","overlay-color":"","overlay-opacity":"","overlay-gradient":""},"mobile":{"background-color":"var(--ast-global-color-5)","background-image":"","background-repeat":"repeat","background-position":"center center","background-size":"auto","background-attachment":"scroll","background-type":"","background-media":"","overlay-type":"","overlay-color":"","overlay-opacity":"","overlay-gradient":""}},"footnotes":""},"class_list":["post-14000","page","type-page","status-publish","hentry"],"post_mailing_queue_ids":[],"_links":{"self":[{"href":"https:\/\/agora.xtec.cat\/ies-antoni-pous\/wp-json\/wp\/v2\/pages\/14000","targetHints":{"allow":["GET"]}}],"collection":[{"href":"https:\/\/agora.xtec.cat\/ies-antoni-pous\/wp-json\/wp\/v2\/pages"}],"about":[{"href":"https:\/\/agora.xtec.cat\/ies-antoni-pous\/wp-json\/wp\/v2\/types\/page"}],"author":[{"embeddable":true,"href":"https:\/\/agora.xtec.cat\/ies-antoni-pous\/wp-json\/wp\/v2\/users\/13"}],"replies":[{"embeddable":true,"href":"https:\/\/agora.xtec.cat\/ies-antoni-pous\/wp-json\/wp\/v2\/comments?post=14000"}],"version-history":[{"count":1,"href":"https:\/\/agora.xtec.cat\/ies-antoni-pous\/wp-json\/wp\/v2\/pages\/14000\/revisions"}],"predecessor-version":[{"id":14003,"href":"https:\/\/agora.xtec.cat\/ies-antoni-pous\/wp-json\/wp\/v2\/pages\/14000\/revisions\/14003"}],"up":[{"embeddable":true,"href":"https:\/\/agora.xtec.cat\/ies-antoni-pous\/wp-json\/wp\/v2\/pages\/57"}],"wp:attachment":[{"href":"https:\/\/agora.xtec.cat\/ies-antoni-pous\/wp-json\/wp\/v2\/media?parent=14000"}],"curies":[{"name":"wp","href":"https:\/\/api.w.org\/{rel}","templated":true}]}}