{"id":13667,"date":"2022-12-02T11:43:54","date_gmt":"2022-12-02T10:43:54","guid":{"rendered":"https:\/\/agora.xtec.cat\/ies-antoni-pous\/?page_id=13667"},"modified":"2023-06-18T19:02:21","modified_gmt":"2023-06-18T17:02:21","slug":"diagnosi","status":"publish","type":"page","link":"https:\/\/agora.xtec.cat\/ies-antoni-pous\/linstitut\/estrategia-digital-de-centre\/part-estrategica\/diagnosi\/","title":{"rendered":"Diagnosi"},"content":{"rendered":"<p>La fase de diagnosi consisteix a contextualitzar el centre, saber on ens trobem per poder decidir cap a on ens volem dirigir. \u00c9s molt important realitzar una bona diagnosi perqu\u00e8 les conclusions que obtinguem d&#8217;ella serviran per determinar quins s\u00f3n els punts forts i febles del nostre centre i ens permetr\u00e0 definir els objectius de millora.<\/p>\n<p>Per realitzar la diagnosi del centre s&#8217;han emprat les seg\u00fcents eines:<\/p>\n<ul>\n<li style=\"font-weight: 400;\" aria-level=\"3\"><b>SELFIE<\/b><span style=\"font-weight: 400;\">: Eina desenvolupada per la Uni\u00f3 Europea amb l\u2019objectiu d\u2019ajudar els centres a fer una diagnosi sobre l\u2019\u00fas pedag\u00f2gic de la tecnologia al seu centre. Hi participen tres col\u00b7lectius: l\u2019equip directiu, l\u2019alumnat i el professorat.Eina desenvolupada per la Uni\u00f3 Europea amb l\u2019objectiu d\u2019ajudar els centres a fer una diagnosi sobre l\u2019\u00fas pedag\u00f2gic de la tecnologia al seu centre. Hi participen tres col\u00b7lectius: l\u2019equip directiu, l\u2019alumnat i el professorat.<\/span><\/li>\n<li style=\"font-weight: 400;\" aria-level=\"3\"><b>ENQUESTA A LES FAM\u00cdLIES<\/b><span style=\"font-weight: 400;\">: El centre ha elaborat un formulari per a les fam\u00edlies amb l\u2019objectiu de demanar q\u00fcestions relacionades amb la comunicaci\u00f3 digital del centre.<\/span><\/li>\n<li style=\"font-weight: 400;\" aria-level=\"3\"><a href=\"https:\/\/projectes.xtec.cat\/edc-suport\/eina-selfie-for-teachers\/\"><b>SELFIE FOR TEACHERS<\/b><\/a><span style=\"font-weight: 400;\">: Enquesta de la Comissi\u00f3 Europea per analitzar la compet\u00e8ncia digital dels docents. L\u2019eina est\u00e0 dissenyada per ajudar-los a comprendre la seva situaci\u00f3 actual respecte a l\u2019\u00fas de la tecnologia digital en la seva tasca educativa.<br \/>\nEls resultats del q\u00fcestionari han de servir individualment als professors per identificar en quines \u00e0rees necessiten m\u00e9s formaci\u00f3 i suport, i pel que fa a centre per con\u00e8ixer el nivell mitj\u00e0 de la compet\u00e8ncia digital del claustre.<br \/>\n<\/span><\/li>\n<li style=\"font-weight: 400;\" aria-level=\"3\"><b style=\"font-family: inherit; font-size: 1em;\">REVISI\u00d3 D\u2019\u00cdTEMS DEL PLA TAC ANTIC<\/b><span style=\"font-weight: 400;\">. S\u2019ha revisat l\u2019antic Pla TAC del centre . La revisi\u00f3 dels \u00edtems d\u2019aquest pla TAC servit per avaluar si els punts forts i febles i els objectius detectats en aquest pla segueixen vigents per tal d\u2019incorporar-los a l\u2019EDC.<\/span><\/li>\n<\/ul>\n<p>Punts forts<\/p>\n<p>Els resultats de la diagnosi ens van permetre establir els seg\u00fcents punts forts i febles:<\/p>\n<div class=\"h5p-iframe-wrapper\"><iframe id=\"h5p-iframe-1\" class=\"h5p-iframe\" data-content-id=\"1\" style=\"height:1px\" src=\"about:blank\" frameBorder=\"0\" scrolling=\"no\" title=\"Punts Forts i Febles de l&#039;EDC\"><\/iframe><\/div>\n<p><a href=\"https:\/\/agora.xtec.cat\/ies-antoni-pous\/linstitut\/estrategia-digital-de-centre\/part-estrategica\/\"><img loading=\"lazy\" decoding=\"async\" class=\"wp-image-14078 alignright\" src=\"https:\/\/agora.xtec.cat\/ies-antoni-pous\/wp-content\/uploads\/usu283\/2023\/06\/enrere.jpg\" alt=\"\" width=\"62\" height=\"44\" \/><\/a><\/p>\n","protected":false},"excerpt":{"rendered":"<p>La fase de diagnosi consisteix a contextualitzar el centre, saber on ens trobem per poder decidir cap a on ens [&hellip;]<\/p>\n","protected":false},"author":1,"featured_media":0,"parent":13435,"menu_order":0,"comment_status":"closed","ping_status":"closed","template":"","meta":{"_bbp_topic_count":0,"_bbp_reply_count":0,"_bbp_total_topic_count":0,"_bbp_total_reply_count":0,"_bbp_voice_count":0,"_bbp_anonymous_reply_count":0,"_bbp_topic_count_hidden":0,"_bbp_reply_count_hidden":0,"_bbp_forum_subforum_count":0,"site-sidebar-layout":"default","site-content-layout":"","ast-site-content-layout":"","site-content-style":"default","site-sidebar-style":"default","ast-global-header-display":"","ast-banner-title-visibility":"","ast-main-header-display":"","ast-hfb-above-header-display":"","ast-hfb-below-header-display":"","ast-hfb-mobile-header-display":"","site-post-title":"","ast-breadcrumbs-content":"","ast-featured-img":"","footer-sml-layout":"","theme-transparent-header-meta":"","adv-header-id-meta":"","stick-header-meta":"","header-above-stick-meta":"","header-main-stick-meta":"","header-below-stick-meta":"","astra-migrate-meta-layouts":"default","ast-page-background-enabled":"default","ast-page-background-meta":{"desktop":{"background-color":"var(--ast-global-color-4)","background-image":"","background-repeat":"repeat","background-position":"center center","background-size":"auto","background-attachment":"scroll","background-type":"","background-media":"","overlay-type":"","overlay-color":"","overlay-opacity":"","overlay-gradient":""},"tablet":{"background-color":"","background-image":"","background-repeat":"repeat","background-position":"center center","background-size":"auto","background-attachment":"scroll","background-type":"","background-media":"","overlay-type":"","overlay-color":"","overlay-opacity":"","overlay-gradient":""},"mobile":{"background-color":"","background-image":"","background-repeat":"repeat","background-position":"center center","background-size":"auto","background-attachment":"scroll","background-type":"","background-media":"","overlay-type":"","overlay-color":"","overlay-opacity":"","overlay-gradient":""}},"ast-content-background-meta":{"desktop":{"background-color":"var(--ast-global-color-5)","background-image":"","background-repeat":"repeat","background-position":"center center","background-size":"auto","background-attachment":"scroll","background-type":"","background-media":"","overlay-type":"","overlay-color":"","overlay-opacity":"","overlay-gradient":""},"tablet":{"background-color":"var(--ast-global-color-5)","background-image":"","background-repeat":"repeat","background-position":"center center","background-size":"auto","background-attachment":"scroll","background-type":"","background-media":"","overlay-type":"","overlay-color":"","overlay-opacity":"","overlay-gradient":""},"mobile":{"background-color":"var(--ast-global-color-5)","background-image":"","background-repeat":"repeat","background-position":"center center","background-size":"auto","background-attachment":"scroll","background-type":"","background-media":"","overlay-type":"","overlay-color":"","overlay-opacity":"","overlay-gradient":""}},"footnotes":""},"class_list":["post-13667","page","type-page","status-publish","hentry"],"post_mailing_queue_ids":[],"_links":{"self":[{"href":"https:\/\/agora.xtec.cat\/ies-antoni-pous\/wp-json\/wp\/v2\/pages\/13667","targetHints":{"allow":["GET"]}}],"collection":[{"href":"https:\/\/agora.xtec.cat\/ies-antoni-pous\/wp-json\/wp\/v2\/pages"}],"about":[{"href":"https:\/\/agora.xtec.cat\/ies-antoni-pous\/wp-json\/wp\/v2\/types\/page"}],"author":[{"embeddable":true,"href":"https:\/\/agora.xtec.cat\/ies-antoni-pous\/wp-json\/wp\/v2\/users\/1"}],"replies":[{"embeddable":true,"href":"https:\/\/agora.xtec.cat\/ies-antoni-pous\/wp-json\/wp\/v2\/comments?post=13667"}],"version-history":[{"count":4,"href":"https:\/\/agora.xtec.cat\/ies-antoni-pous\/wp-json\/wp\/v2\/pages\/13667\/revisions"}],"predecessor-version":[{"id":14994,"href":"https:\/\/agora.xtec.cat\/ies-antoni-pous\/wp-json\/wp\/v2\/pages\/13667\/revisions\/14994"}],"up":[{"embeddable":true,"href":"https:\/\/agora.xtec.cat\/ies-antoni-pous\/wp-json\/wp\/v2\/pages\/13435"}],"wp:attachment":[{"href":"https:\/\/agora.xtec.cat\/ies-antoni-pous\/wp-json\/wp\/v2\/media?parent=13667"}],"curies":[{"name":"wp","href":"https:\/\/api.w.org\/{rel}","templated":true}]}}