{"id":13433,"date":"2022-07-12T21:18:02","date_gmt":"2022-07-12T19:18:02","guid":{"rendered":"https:\/\/agora.xtec.cat\/ies-antoni-pous\/?page_id=13433"},"modified":"2024-01-16T18:15:56","modified_gmt":"2024-01-16T17:15:56","slug":"estrategia-digital-de-centre","status":"publish","type":"page","link":"https:\/\/agora.xtec.cat\/ies-antoni-pous\/linstitut\/estrategia-digital-de-centre\/","title":{"rendered":"Estrat\u00e8gia Digital de Centre"},"content":{"rendered":"<p style=\"padding-left: 0px;\">Aquest espai correspon a l&#8217;estrat\u00e8gia digital de centre (EDC) de l&#8217;Antoni Pous i Argila que ha estat elaborada, entre els anys 2021 i 2023, per la comissi\u00f3 d&#8217;estrat\u00e8gia digital del centre liderada per l&#8217;equip directiu i amb la col\u00b7laboraci\u00f3 de tota la comunitat educativa.<\/p>\n<p>En ell es pret\u00e9n definir i concretar les l\u00ednies d&#8217;actuaci\u00f3 que fan possible que docents, alumnat i el mateix centre assoleixin la compet\u00e8ncia digital.<\/p>\n<p>Per aconseguir aquesta compet\u00e8ncia digital, l&#8217;EDC t\u00e9 en compte tots els \u00e0mbits del centre: organitzatius, metodol\u00f2gics, curriculars i comunicatius, els quals s&#8217;han de veure necess\u00e0riament implicats i transformats sempre des d&#8217;una perspectiva d&#8217;innovadora i de millora cont\u00ednua d&#8217;acord amb la nostra identitat com a centre. \u00c9s per aquest motiu que per definir-la s&#8217;ha tingut en compte el que recull la missi\u00f3 del PEC de l&#8217;Antoni Pous:<\/p>\n<p><span style=\"font-weight: 400;\">\u201cFacilitem l\u2019\u00fas de les noves tecnologies, la innovaci\u00f3 en l\u2019\u00e0mbit tecnol\u00f2gic i cient\u00edfic, i el domini d\u2019altres lleng\u00fces com el castell\u00e0, l\u2019angl\u00e8s i el franc\u00e8s, impulsant la mobilitat internacional del centre, tot fomentant els intercanvis.\u201d<\/span><\/p>\n<p>Els objectius de l&#8217;EDC es poden agrupar en cinc \u00e0mbits, que tenen com a fita el m\u00e0xim assoliment de la compet\u00e8ncia digital de l\u2019alumnat, del professorat i del mateix centre:<\/p>\n<ul>\n<li>Assoliment de la compet\u00e8ncia digital<\/li>\n<li>Planificaci\u00f3 estrat\u00e8gica i organitzaci\u00f3<\/li>\n<li>Metodologies did\u00e0ctiques i innovaci\u00f3<\/li>\n<li>Inclusi\u00f3 digital i de g\u00e8nere<\/li>\n<li>Seguretat i protecci\u00f3 de dades<\/li>\n<\/ul>\n<p>Per dissenyar una bona EDC cal seguir unes fases determinades. Per a cada fase ens valdrem de diferents instruments que ens permetran concretar quin grau de maduresa digital necessitem que assoleixi el centre en cada \u00e0mbit (alumnat, professorat i centre) i com fer-ho. Tot i aix\u00f2, en el document EDC no caldr\u00e0 indicar tots els instruments que s\u2019han utilitzat. Nom\u00e9s haurem d\u2019incloure-hi els que s\u00f3n necessaris per entendre el disseny final de l\u2019EDC. Veiem, fase per fase, qu\u00e8 \u00e9s recomanable que inclogui el document d\u2019EDC.<\/p>\n<p style=\"text-align: center;\"><iframe loading=\"lazy\" title=\"YouTube video player\" src=\"https:\/\/www.youtube.com\/embed\/uS5UUZIYLPQ\" width=\"560\" height=\"315\" frameborder=\"0\" allowfullscreen=\"allowfullscreen\"><span data-mce-type=\"bookmark\" style=\"display: inline-block; width: 0px; overflow: hidden; line-height: 0;\" class=\"mce_SELRES_start\">\ufeff<\/span><\/iframe><\/p>\n<p>&nbsp;<\/p>\n<h2>La Comissi\u00f3 Digital del Centre<\/h2>\n<div class=\"separador_2_big\"><\/div>\n<p>La comissi\u00f3 digital \u00e9s l\u2019equip encarregat de definir i implementar l\u2019estrat\u00e8gia que vol seguir un centre en relaci\u00f3 amb les tecnologies digitals, amb l\u2019objectiu que l\u2019alumnat, els docents i el centre assoleixin el nivell m\u00e9s alt possible de maduresa i compet\u00e8ncia digital des d\u2019una perspectiva d\u2019innovaci\u00f3 i de millora cont\u00ednua.<\/p>\n<p>La comissi\u00f3 ha de reflectir la diversitat del centre i ha de tenir un enfocament participatiu. Aquesta \u00e9s la ra\u00f3 per la qual est\u00e0 formada per:<\/p>\n<ul>\n<li aria-level=\"1\">Un membre de l\u2019equip directiu, en el nostre cas el secretari.<\/li>\n<li aria-level=\"1\">El\/la coordinador\/a digital.<\/li>\n<li aria-level=\"1\">Professorat de diferents nivells, mat\u00e8ries o \u00e0mbits i amb diferents c\u00e0rrecs de coordinaci\u00f3.<\/li>\n<\/ul>\n<p>Un dels membres de l\u2019equip ser\u00e0 el\/la responsable de la comissi\u00f3 digital i s\u2019encarregar\u00e0 de coordinar totes les actuacions i convocar les reunions de la comissi\u00f3.<\/p>\n","protected":false},"excerpt":{"rendered":"<p>Aquest espai correspon a l&#8217;estrat\u00e8gia digital de centre (EDC) de l&#8217;Antoni Pous i Argila que ha estat elaborada, entre els [&hellip;]<\/p>\n","protected":false},"author":1,"featured_media":0,"parent":19,"menu_order":4,"comment_status":"closed","ping_status":"closed","template":"page-templates\/side-menu.php","meta":{"_bbp_topic_count":0,"_bbp_reply_count":0,"_bbp_total_topic_count":0,"_bbp_total_reply_count":0,"_bbp_voice_count":0,"_bbp_anonymous_reply_count":0,"_bbp_topic_count_hidden":0,"_bbp_reply_count_hidden":0,"_bbp_forum_subforum_count":0,"site-sidebar-layout":"default","site-content-layout":"","ast-site-content-layout":"","site-content-style":"default","site-sidebar-style":"default","ast-global-header-display":"","ast-banner-title-visibility":"","ast-main-header-display":"","ast-hfb-above-header-display":"","ast-hfb-below-header-display":"","ast-hfb-mobile-header-display":"","site-post-title":"","ast-breadcrumbs-content":"","ast-featured-img":"","footer-sml-layout":"","theme-transparent-header-meta":"","adv-header-id-meta":"","stick-header-meta":"","header-above-stick-meta":"","header-main-stick-meta":"","header-below-stick-meta":"","astra-migrate-meta-layouts":"default","ast-page-background-enabled":"default","ast-page-background-meta":{"desktop":{"background-color":"var(--ast-global-color-4)","background-image":"","background-repeat":"repeat","background-position":"center center","background-size":"auto","background-attachment":"scroll","background-type":"","background-media":"","overlay-type":"","overlay-color":"","overlay-opacity":"","overlay-gradient":""},"tablet":{"background-color":"","background-image":"","background-repeat":"repeat","background-position":"center center","background-size":"auto","background-attachment":"scroll","background-type":"","background-media":"","overlay-type":"","overlay-color":"","overlay-opacity":"","overlay-gradient":""},"mobile":{"background-color":"","background-image":"","background-repeat":"repeat","background-position":"center center","background-size":"auto","background-attachment":"scroll","background-type":"","background-media":"","overlay-type":"","overlay-color":"","overlay-opacity":"","overlay-gradient":""}},"ast-content-background-meta":{"desktop":{"background-color":"var(--ast-global-color-5)","background-image":"","background-repeat":"repeat","background-position":"center center","background-size":"auto","background-attachment":"scroll","background-type":"","background-media":"","overlay-type":"","overlay-color":"","overlay-opacity":"","overlay-gradient":""},"tablet":{"background-color":"var(--ast-global-color-5)","background-image":"","background-repeat":"repeat","background-position":"center center","background-size":"auto","background-attachment":"scroll","background-type":"","background-media":"","overlay-type":"","overlay-color":"","overlay-opacity":"","overlay-gradient":""},"mobile":{"background-color":"var(--ast-global-color-5)","background-image":"","background-repeat":"repeat","background-position":"center center","background-size":"auto","background-attachment":"scroll","background-type":"","background-media":"","overlay-type":"","overlay-color":"","overlay-opacity":"","overlay-gradient":""}},"footnotes":""},"class_list":["post-13433","page","type-page","status-publish","hentry"],"post_mailing_queue_ids":[],"_links":{"self":[{"href":"https:\/\/agora.xtec.cat\/ies-antoni-pous\/wp-json\/wp\/v2\/pages\/13433","targetHints":{"allow":["GET"]}}],"collection":[{"href":"https:\/\/agora.xtec.cat\/ies-antoni-pous\/wp-json\/wp\/v2\/pages"}],"about":[{"href":"https:\/\/agora.xtec.cat\/ies-antoni-pous\/wp-json\/wp\/v2\/types\/page"}],"author":[{"embeddable":true,"href":"https:\/\/agora.xtec.cat\/ies-antoni-pous\/wp-json\/wp\/v2\/users\/1"}],"replies":[{"embeddable":true,"href":"https:\/\/agora.xtec.cat\/ies-antoni-pous\/wp-json\/wp\/v2\/comments?post=13433"}],"version-history":[{"count":5,"href":"https:\/\/agora.xtec.cat\/ies-antoni-pous\/wp-json\/wp\/v2\/pages\/13433\/revisions"}],"predecessor-version":[{"id":15011,"href":"https:\/\/agora.xtec.cat\/ies-antoni-pous\/wp-json\/wp\/v2\/pages\/13433\/revisions\/15011"}],"up":[{"embeddable":true,"href":"https:\/\/agora.xtec.cat\/ies-antoni-pous\/wp-json\/wp\/v2\/pages\/19"}],"wp:attachment":[{"href":"https:\/\/agora.xtec.cat\/ies-antoni-pous\/wp-json\/wp\/v2\/media?parent=13433"}],"curies":[{"name":"wp","href":"https:\/\/api.w.org\/{rel}","templated":true}]}}