{"id":13429,"date":"2022-07-12T12:56:03","date_gmt":"2022-07-12T10:56:03","guid":{"rendered":"https:\/\/agora.xtec.cat\/ies-antoni-pous\/?page_id=13429"},"modified":"2025-11-12T09:19:09","modified_gmt":"2025-11-12T08:19:09","slug":"acords-consell-escolar","status":"publish","type":"page","link":"https:\/\/agora.xtec.cat\/ies-antoni-pous\/acords-consell-escolar\/","title":{"rendered":"Acords consell escolar"},"content":{"rendered":"<h3><strong>Pressupost anual<\/strong><\/h3>\n<p>D\u2019acord amb la normativa en mat\u00e8ria de\u00a0<a href=\"http:\/\/educacio.gencat.cat\/documents\/IPCNormativa\/DOIGC\/GEST_Transparencia.pdf\" target=\"_blank\" rel=\"noopener noreferrer\">transpar\u00e8ncia i acc\u00e9s a la informaci\u00f3 p\u00fablica<\/a>,\u00a0 en aquest apartat hi trobareu el pressupost vigent.<\/p>\n<p>El pressupost est\u00e0 subjecte a modificacions al llarg del curs que s\u2019aproven per consell escolar de centre.<\/p>\n<p><a href=\"https:\/\/agora.xtec.cat\/ies-antoni-pous\/wp-content\/uploads\/usu283\/2025\/11\/Dades-Pressupost-2025.pdf\" target=\"_blank\" rel=\"noopener\">Dades del pressupost 2025<\/a> Aprovat el 29 de gener de 2025<\/p>\n<p><a href=\"https:\/\/agora.xtec.cat\/ies-antoni-pous\/wp-content\/uploads\/usu283\/2025\/11\/Liquidacio-del-pressupost-2.pdf\">Liquidaci\u00f3 del pressupost 2024<\/a> aprovat el 27 de mar\u00e7 de 2025<\/p>\n<p><strong>ACORDS<\/strong><\/p>\n<p><a href=\"https:\/\/agora.xtec.cat\/ies-antoni-pous\/wp-content\/uploads\/usu283\/2025\/01\/12_12_24_Acords_consell-escolar_web_CER_008.pdf\">Institut Antoni Pous i Argila \u2013 Acords de reuni\u00f3 desembre 2024<\/a><\/p>\n<p><a href=\"https:\/\/agora.xtec.cat\/ies-antoni-pous\/wp-content\/uploads\/usu283\/2025\/01\/26_09_24_Acords_consell-escolar_web_CER_008.pdf\">Institut Antoni Pous i Argila \u2013 Acords de reuni\u00f3 setembre 2024<\/a><\/p>\n<p>&nbsp;<\/p>\n","protected":false},"excerpt":{"rendered":"<p>Pressupost anual D\u2019acord amb la normativa en mat\u00e8ria de\u00a0transpar\u00e8ncia i acc\u00e9s a la informaci\u00f3 p\u00fablica,\u00a0 en aquest apartat hi trobareu [&hellip;]<\/p>\n","protected":false},"author":1,"featured_media":0,"parent":0,"menu_order":15,"comment_status":"closed","ping_status":"closed","template":"","meta":{"_bbp_topic_count":0,"_bbp_reply_count":0,"_bbp_total_topic_count":0,"_bbp_total_reply_count":0,"_bbp_voice_count":0,"_bbp_anonymous_reply_count":0,"_bbp_topic_count_hidden":0,"_bbp_reply_count_hidden":0,"_bbp_forum_subforum_count":0,"site-sidebar-layout":"default","site-content-layout":"","ast-site-content-layout":"default","site-content-style":"default","site-sidebar-style":"default","ast-global-header-display":"","ast-banner-title-visibility":"","ast-main-header-display":"","ast-hfb-above-header-display":"","ast-hfb-below-header-display":"","ast-hfb-mobile-header-display":"","site-post-title":"","ast-breadcrumbs-content":"","ast-featured-img":"","footer-sml-layout":"","theme-transparent-header-meta":"default","adv-header-id-meta":"","stick-header-meta":"","header-above-stick-meta":"","header-main-stick-meta":"","header-below-stick-meta":"","astra-migrate-meta-layouts":"set","ast-page-background-enabled":"default","ast-page-background-meta":{"desktop":{"background-color":"var(--ast-global-color-4)","background-image":"","background-repeat":"repeat","background-position":"center center","background-size":"auto","background-attachment":"scroll","background-type":"","background-media":"","overlay-type":"","overlay-color":"","overlay-opacity":"","overlay-gradient":""},"tablet":{"background-color":"","background-image":"","background-repeat":"repeat","background-position":"center center","background-size":"auto","background-attachment":"scroll","background-type":"","background-media":"","overlay-type":"","overlay-color":"","overlay-opacity":"","overlay-gradient":""},"mobile":{"background-color":"","background-image":"","background-repeat":"repeat","background-position":"center center","background-size":"auto","background-attachment":"scroll","background-type":"","background-media":"","overlay-type":"","overlay-color":"","overlay-opacity":"","overlay-gradient":""}},"ast-content-background-meta":{"desktop":{"background-color":"var(--ast-global-color-5)","background-image":"","background-repeat":"repeat","background-position":"center center","background-size":"auto","background-attachment":"scroll","background-type":"","background-media":"","overlay-type":"","overlay-color":"","overlay-opacity":"","overlay-gradient":""},"tablet":{"background-color":"var(--ast-global-color-5)","background-image":"","background-repeat":"repeat","background-position":"center center","background-size":"auto","background-attachment":"scroll","background-type":"","background-media":"","overlay-type":"","overlay-color":"","overlay-opacity":"","overlay-gradient":""},"mobile":{"background-color":"var(--ast-global-color-5)","background-image":"","background-repeat":"repeat","background-position":"center center","background-size":"auto","background-attachment":"scroll","background-type":"","background-media":"","overlay-type":"","overlay-color":"","overlay-opacity":"","overlay-gradient":""}},"footnotes":""},"class_list":["post-13429","page","type-page","status-publish","hentry"],"post_mailing_queue_ids":[],"_links":{"self":[{"href":"https:\/\/agora.xtec.cat\/ies-antoni-pous\/wp-json\/wp\/v2\/pages\/13429","targetHints":{"allow":["GET"]}}],"collection":[{"href":"https:\/\/agora.xtec.cat\/ies-antoni-pous\/wp-json\/wp\/v2\/pages"}],"about":[{"href":"https:\/\/agora.xtec.cat\/ies-antoni-pous\/wp-json\/wp\/v2\/types\/page"}],"author":[{"embeddable":true,"href":"https:\/\/agora.xtec.cat\/ies-antoni-pous\/wp-json\/wp\/v2\/users\/1"}],"replies":[{"embeddable":true,"href":"https:\/\/agora.xtec.cat\/ies-antoni-pous\/wp-json\/wp\/v2\/comments?post=13429"}],"version-history":[{"count":6,"href":"https:\/\/agora.xtec.cat\/ies-antoni-pous\/wp-json\/wp\/v2\/pages\/13429\/revisions"}],"predecessor-version":[{"id":16093,"href":"https:\/\/agora.xtec.cat\/ies-antoni-pous\/wp-json\/wp\/v2\/pages\/13429\/revisions\/16093"}],"wp:attachment":[{"href":"https:\/\/agora.xtec.cat\/ies-antoni-pous\/wp-json\/wp\/v2\/media?parent=13429"}],"curies":[{"name":"wp","href":"https:\/\/api.w.org\/{rel}","templated":true}]}}