{"id":12682,"date":"2021-12-11T21:18:57","date_gmt":"2021-12-11T20:18:57","guid":{"rendered":"https:\/\/agora.xtec.cat\/ies-antoni-pous\/?page_id=12682"},"modified":"2026-05-06T16:11:39","modified_gmt":"2026-05-06T14:11:39","slug":"vaga-alumnat-inassistencia-collectiva","status":"publish","type":"page","link":"https:\/\/agora.xtec.cat\/ies-antoni-pous\/serveis\/vaga-alumnat-inassistencia-collectiva\/","title":{"rendered":"VAGA ALUMNAT (Inassist\u00e8ncia col\u00b7lectiva)"},"content":{"rendered":"<div><strong>Consideracions generals<\/strong><\/div>\n<div><\/div>\n<div>\n<p dir=\"ltr\">Davant de convocat\u00f2ries de vagues per part de diferents organitzacions d\u2019estudiants, la postura que adopta el centre ser\u00e0 la seg\u00fcent:<\/p>\n<ul>\n<li dir=\"ltr\">\n<p dir=\"ltr\" role=\"presentation\">Aquestes jornades de vaga s\u00f3n convocades per l\u2019alumnat, sense que el personal docent i no docent de l\u2019Institut hi prengui part.<\/p>\n<\/li>\n<li dir=\"ltr\">\n<p dir=\"ltr\" role=\"presentation\">En aquestes jornades, cal que totes les fam\u00edlies tinguin clar que l\u2019Institut segueix el seu horari habitual i que l\u2019alumnat \u00e9s at\u00e8s, encara que el nombre sigui redu\u00eft, i que tamb\u00e9 funcionen tots els serveis escolars.<\/p>\n<\/li>\n<li dir=\"ltr\">\n<p dir=\"ltr\" role=\"presentation\">La Direcci\u00f3 del centre, si l\u2019alumnat segueix el procediment indicat, no considerar\u00e0 faltes no justificades les que es produeixen en aquestes ocasions.<\/p>\n<\/li>\n<li dir=\"ltr\">\n<p dir=\"ltr\" role=\"presentation\">L\u2019Institut deixa const\u00e0ncia, davant de les fam\u00edlies, que no es responsabilitza de cap circumst\u00e0ncia que pugui afectar algun alumne\/a, durant aquestes jornades, si no assisteix al centre.<\/p>\n<\/li>\n<\/ul>\n<p dir=\"ltr\"><strong>Normativa de centre<\/strong><\/p>\n<p dir=\"ltr\">L\u2019alumnat d\u2019estudis postobligatoris i l\u2019alumnat de 3r i 4t ESO t\u00e9 dret a exercir el dret de vaga. L\u2019abs\u00e8ncia per vaga es considera una falta justificada, tot i que s&#8217;avan\u00e7a la mat\u00e8ria corresponent a la sessi\u00f3 lectiva. Es recomana al professorat no posar activitats qualificatives en aquest dia.<\/p>\n<p dir=\"ltr\">Cada delegat\/da de grup utilitzar\u00e0 la plantilla de sol\u00b7licitud d&#8217;assist\u00e8ncia massiva d\u2019alumnat, seguint escrupolosament les seves indicacions. Cal descarrgar el seg\u00fcent document: <a href=\"https:\/\/docs.google.com\/document\/d\/1Jcn8JVK52izEvaznYP0JxSQfQF3BZjov\/edit?usp=sharing&amp;ouid=118369456235164937446&amp;rtpof=true&amp;sd=true\" target=\"_blank\" rel=\"noopener\" data-saferedirecturl=\"https:\/\/www.google.com\/url?q=https:\/\/docs.google.com\/document\/d\/1Jcn8JVK52izEvaznYP0JxSQfQF3BZjov\/edit?usp%3Dsharing%26ouid%3D118369456235164937446%26rtpof%3Dtrue%26sd%3Dtrue&amp;source=gmail&amp;ust=1639339854746000&amp;usg=AOvVaw3kQaRwh9Hh4tEV2CJXnu1u\"><b>ENLLA\u00c7 SOL\u00b7LICITUD INASSIST\u00c8NCIA COL\u00b7LECTIVA.<\/b><\/a><\/p>\n<p dir=\"ltr\"><strong>Requisits per tal que es consideri acceptada la vaga com a falta justificada;<\/strong><\/p>\n<ul>\n<li dir=\"ltr\">\n<p dir=\"ltr\" role=\"presentation\">S\u2019envia la sol\u00b7licitud degudament omplerta via correu electr\u00f2nic a<\/p>\n<ul>\n<li dir=\"ltr\">\n<p dir=\"ltr\" role=\"presentation\">Alumnat de BATX i ESO: Cap d\u2019estudis alumnat: <a href=\"mailto:convivencia@insantonipous.cat\" target=\"_blank\" rel=\"noopener\">convivencia@insantonipous.cat<\/a><\/p>\n<\/li>\n<li dir=\"ltr\">\n<p dir=\"ltr\" role=\"presentation\">Alumnat de FP: Coordinadora pedag\u00f2gica FP: <a href=\"mailto:convivencia@insantonipous.cat\" target=\"_blank\" rel=\"noopener\">coordinaciopedagogicaFP@<wbr \/>insantonipous.cat<\/a><\/p>\n<\/li>\n<li dir=\"ltr\">\n<p dir=\"ltr\" role=\"presentation\">NOTA: Nom\u00e9s s\u2019acceptar\u00e0 un correu per grup. No s\u2019acceptaran correus posteriors amb modificacions o alumnat afegit.<\/p>\n<\/li>\n<\/ul>\n<\/li>\n<li dir=\"ltr\">S\u2019envia la sol\u00b7licitud amb antelaci\u00f3 pr\u00e8via 48 hores, per raons de conviv\u00e8ncia i organitzaci\u00f3:<\/li>\n<\/ul>\n<p>&#8211; Alumnat mat\u00ed (FP\/BATX\/ESO): fins les 15h tarda<\/p>\n<p>&#8211; Alumnat tarda (FP): fins les 20h tarda<\/p>\n<p>&nbsp;<\/p>\n<p><b>Si la vaga \u00e9s dilluns o dimarts, tenen fins el divendres anterior per enviar la informaci\u00f3.<\/b><\/p>\n<p dir=\"ltr\"><strong><em>Qui no compleixi aquests requisits i condicions queda excl\u00f2s de la justificaci\u00f3 de la falta.<\/em><\/strong><\/p>\n<\/div>\n<div id=\"gtx-trans\" style=\"position: absolute; left: 557px; top: 1118.6px;\">\n<div class=\"gtx-trans-icon\"><\/div>\n<\/div>\n","protected":false},"excerpt":{"rendered":"<p>Consideracions generals Davant de convocat\u00f2ries de vagues per part de diferents organitzacions d\u2019estudiants, la postura que adopta el centre ser\u00e0 [&hellip;]<\/p>\n","protected":false},"author":1,"featured_media":0,"parent":63,"menu_order":11,"comment_status":"closed","ping_status":"closed","template":"","meta":{"_bbp_topic_count":0,"_bbp_reply_count":0,"_bbp_total_topic_count":0,"_bbp_total_reply_count":0,"_bbp_voice_count":0,"_bbp_anonymous_reply_count":0,"_bbp_topic_count_hidden":0,"_bbp_reply_count_hidden":0,"_bbp_forum_subforum_count":0,"site-sidebar-layout":"default","site-content-layout":"","ast-site-content-layout":"default","site-content-style":"default","site-sidebar-style":"default","ast-global-header-display":"","ast-banner-title-visibility":"","ast-main-header-display":"","ast-hfb-above-header-display":"","ast-hfb-below-header-display":"","ast-hfb-mobile-header-display":"","site-post-title":"","ast-breadcrumbs-content":"","ast-featured-img":"","footer-sml-layout":"","theme-transparent-header-meta":"default","adv-header-id-meta":"","stick-header-meta":"","header-above-stick-meta":"","header-main-stick-meta":"","header-below-stick-meta":"","astra-migrate-meta-layouts":"set","ast-page-background-enabled":"default","ast-page-background-meta":{"desktop":{"background-color":"var(--ast-global-color-4)","background-image":"","background-repeat":"repeat","background-position":"center center","background-size":"auto","background-attachment":"scroll","background-type":"","background-media":"","overlay-type":"","overlay-color":"","overlay-opacity":"","overlay-gradient":""},"tablet":{"background-color":"","background-image":"","background-repeat":"repeat","background-position":"center center","background-size":"auto","background-attachment":"scroll","background-type":"","background-media":"","overlay-type":"","overlay-color":"","overlay-opacity":"","overlay-gradient":""},"mobile":{"background-color":"","background-image":"","background-repeat":"repeat","background-position":"center center","background-size":"auto","background-attachment":"scroll","background-type":"","background-media":"","overlay-type":"","overlay-color":"","overlay-opacity":"","overlay-gradient":""}},"ast-content-background-meta":{"desktop":{"background-color":"var(--ast-global-color-5)","background-image":"","background-repeat":"repeat","background-position":"center center","background-size":"auto","background-attachment":"scroll","background-type":"","background-media":"","overlay-type":"","overlay-color":"","overlay-opacity":"","overlay-gradient":""},"tablet":{"background-color":"var(--ast-global-color-5)","background-image":"","background-repeat":"repeat","background-position":"center center","background-size":"auto","background-attachment":"scroll","background-type":"","background-media":"","overlay-type":"","overlay-color":"","overlay-opacity":"","overlay-gradient":""},"mobile":{"background-color":"var(--ast-global-color-5)","background-image":"","background-repeat":"repeat","background-position":"center center","background-size":"auto","background-attachment":"scroll","background-type":"","background-media":"","overlay-type":"","overlay-color":"","overlay-opacity":"","overlay-gradient":""}},"footnotes":""},"class_list":["post-12682","page","type-page","status-publish","hentry"],"post_mailing_queue_ids":[],"_links":{"self":[{"href":"https:\/\/agora.xtec.cat\/ies-antoni-pous\/wp-json\/wp\/v2\/pages\/12682","targetHints":{"allow":["GET"]}}],"collection":[{"href":"https:\/\/agora.xtec.cat\/ies-antoni-pous\/wp-json\/wp\/v2\/pages"}],"about":[{"href":"https:\/\/agora.xtec.cat\/ies-antoni-pous\/wp-json\/wp\/v2\/types\/page"}],"author":[{"embeddable":true,"href":"https:\/\/agora.xtec.cat\/ies-antoni-pous\/wp-json\/wp\/v2\/users\/1"}],"replies":[{"embeddable":true,"href":"https:\/\/agora.xtec.cat\/ies-antoni-pous\/wp-json\/wp\/v2\/comments?post=12682"}],"version-history":[{"count":7,"href":"https:\/\/agora.xtec.cat\/ies-antoni-pous\/wp-json\/wp\/v2\/pages\/12682\/revisions"}],"predecessor-version":[{"id":16383,"href":"https:\/\/agora.xtec.cat\/ies-antoni-pous\/wp-json\/wp\/v2\/pages\/12682\/revisions\/16383"}],"up":[{"embeddable":true,"href":"https:\/\/agora.xtec.cat\/ies-antoni-pous\/wp-json\/wp\/v2\/pages\/63"}],"wp:attachment":[{"href":"https:\/\/agora.xtec.cat\/ies-antoni-pous\/wp-json\/wp\/v2\/media?parent=12682"}],"curies":[{"name":"wp","href":"https:\/\/api.w.org\/{rel}","templated":true}]}}