{"id":11763,"date":"2021-02-08T13:09:57","date_gmt":"2021-02-08T12:09:57","guid":{"rendered":"https:\/\/agora.xtec.cat\/ies-antoni-pous\/?page_id=11763"},"modified":"2021-03-16T18:32:36","modified_gmt":"2021-03-16T17:32:36","slug":"projectes-etwinning","status":"publish","type":"page","link":"https:\/\/agora.xtec.cat\/ies-antoni-pous\/projectes-etwinning\/","title":{"rendered":"PROJECTES eTWINNING DE L&#8217;INS ANTONI POUS"},"content":{"rendered":"<p><a href=\"https:\/\/agora.xtec.cat\/ies-antoni-pous\/wp-content\/uploads\/usu283\/2021\/02\/Logo_eTwinning.jpg\"><img loading=\"lazy\" decoding=\"async\" class=\"aligncenter wp-image-11762\" src=\"https:\/\/agora.xtec.cat\/ies-antoni-pous\/wp-content\/uploads\/usu283\/2021\/02\/Logo_eTwinning-300x214.jpg\" alt=\"\" width=\"508\" height=\"363\" srcset=\"https:\/\/agora.xtec.cat\/ies-antoni-pous\/wp-content\/uploads\/usu283\/2021\/02\/Logo_eTwinning-300x214.jpg 300w, https:\/\/agora.xtec.cat\/ies-antoni-pous\/wp-content\/uploads\/usu283\/2021\/02\/Logo_eTwinning-768x548.jpg 768w, https:\/\/agora.xtec.cat\/ies-antoni-pous\/wp-content\/uploads\/usu283\/2021\/02\/Logo_eTwinning.jpg 811w\" sizes=\"auto, (max-width: 508px) 100vw, 508px\" \/><\/a><\/p>\n<p>L&#8217;INS Antoni Pous fa una aposta pels projectes eTwinning, ja sigui dins del marc de projectes Erasmus+ com en altres projectes online.<\/p>\n<p>Aquests s\u00f3n els projectes eTwinning que es porten a terme actualment:<\/p>\n<p>&nbsp;<\/p>\n<p><strong>ESO\/BATX<\/strong><\/p>\n<p>&#8211;<a href=\"https:\/\/twinspace.etwinning.net\/124169\/home\" target=\"_blank\" rel=\"noopener noreferrer\">Walls and Bridges<\/a> (un projecte online amb el Sint-Paulus Instituut de Herzele).<\/p>\n<p>&#8211;<a href=\"https:\/\/twinspace.etwinning.net\/56047\/home\" target=\"_blank\" rel=\"noopener noreferrer\">Highway to Health<\/a> (Twinspace d&#8217;un projecte Erasmus+)<\/p>\n<p>&#8211;<a href=\"https:\/\/twinspace.etwinning.net\/107765\/home\" target=\"_blank\" rel=\"noopener noreferrer\">green.if.i.<\/a> (Twinspace d&#8217;un Projecte Erasmus+)<\/p>\n<p>&nbsp;<\/p>\n<p><strong>FP<\/strong><\/p>\n<p>&#8211;<a href=\"https:\/\/twinspace.etwinning.net\/166447\">A year in my life<\/a> (Twinspace d&#8217;un projecte amb SOSU Aarhus)<\/p>\n<p>&nbsp;<\/p>\n<p>En el centre es fa formaci\u00f3 i difusi\u00f3 interna sobre la plataforma i en el 2018 vam rebre la distinci\u00f3 com a centre eTwinning.\u00a0 En el futur volem ampliar encara m\u00e9s l&#8217;\u00fas de la plataforma.<\/p>\n<p>&nbsp;<\/p>\n","protected":false},"excerpt":{"rendered":"<p>L&#8217;INS Antoni Pous fa una aposta pels projectes eTwinning, ja sigui dins del marc de projectes Erasmus+ com en altres [&hellip;]<\/p>\n","protected":false},"author":1,"featured_media":0,"parent":0,"menu_order":0,"comment_status":"closed","ping_status":"closed","template":"","meta":{"_bbp_topic_count":0,"_bbp_reply_count":0,"_bbp_total_topic_count":0,"_bbp_total_reply_count":0,"_bbp_voice_count":0,"_bbp_anonymous_reply_count":0,"_bbp_topic_count_hidden":0,"_bbp_reply_count_hidden":0,"_bbp_forum_subforum_count":0,"site-sidebar-layout":"default","site-content-layout":"","ast-site-content-layout":"","site-content-style":"default","site-sidebar-style":"default","ast-global-header-display":"","ast-banner-title-visibility":"","ast-main-header-display":"","ast-hfb-above-header-display":"","ast-hfb-below-header-display":"","ast-hfb-mobile-header-display":"","site-post-title":"","ast-breadcrumbs-content":"","ast-featured-img":"","footer-sml-layout":"","theme-transparent-header-meta":"","adv-header-id-meta":"","stick-header-meta":"","header-above-stick-meta":"","header-main-stick-meta":"","header-below-stick-meta":"","astra-migrate-meta-layouts":"default","ast-page-background-enabled":"default","ast-page-background-meta":{"desktop":{"background-color":"var(--ast-global-color-4)","background-image":"","background-repeat":"repeat","background-position":"center center","background-size":"auto","background-attachment":"scroll","background-type":"","background-media":"","overlay-type":"","overlay-color":"","overlay-opacity":"","overlay-gradient":""},"tablet":{"background-color":"","background-image":"","background-repeat":"repeat","background-position":"center center","background-size":"auto","background-attachment":"scroll","background-type":"","background-media":"","overlay-type":"","overlay-color":"","overlay-opacity":"","overlay-gradient":""},"mobile":{"background-color":"","background-image":"","background-repeat":"repeat","background-position":"center center","background-size":"auto","background-attachment":"scroll","background-type":"","background-media":"","overlay-type":"","overlay-color":"","overlay-opacity":"","overlay-gradient":""}},"ast-content-background-meta":{"desktop":{"background-color":"var(--ast-global-color-5)","background-image":"","background-repeat":"repeat","background-position":"center center","background-size":"auto","background-attachment":"scroll","background-type":"","background-media":"","overlay-type":"","overlay-color":"","overlay-opacity":"","overlay-gradient":""},"tablet":{"background-color":"var(--ast-global-color-5)","background-image":"","background-repeat":"repeat","background-position":"center center","background-size":"auto","background-attachment":"scroll","background-type":"","background-media":"","overlay-type":"","overlay-color":"","overlay-opacity":"","overlay-gradient":""},"mobile":{"background-color":"var(--ast-global-color-5)","background-image":"","background-repeat":"repeat","background-position":"center center","background-size":"auto","background-attachment":"scroll","background-type":"","background-media":"","overlay-type":"","overlay-color":"","overlay-opacity":"","overlay-gradient":""}},"footnotes":""},"class_list":["post-11763","page","type-page","status-publish","hentry"],"post_mailing_queue_ids":[],"_links":{"self":[{"href":"https:\/\/agora.xtec.cat\/ies-antoni-pous\/wp-json\/wp\/v2\/pages\/11763","targetHints":{"allow":["GET"]}}],"collection":[{"href":"https:\/\/agora.xtec.cat\/ies-antoni-pous\/wp-json\/wp\/v2\/pages"}],"about":[{"href":"https:\/\/agora.xtec.cat\/ies-antoni-pous\/wp-json\/wp\/v2\/types\/page"}],"author":[{"embeddable":true,"href":"https:\/\/agora.xtec.cat\/ies-antoni-pous\/wp-json\/wp\/v2\/users\/1"}],"replies":[{"embeddable":true,"href":"https:\/\/agora.xtec.cat\/ies-antoni-pous\/wp-json\/wp\/v2\/comments?post=11763"}],"version-history":[{"count":2,"href":"https:\/\/agora.xtec.cat\/ies-antoni-pous\/wp-json\/wp\/v2\/pages\/11763\/revisions"}],"predecessor-version":[{"id":11880,"href":"https:\/\/agora.xtec.cat\/ies-antoni-pous\/wp-json\/wp\/v2\/pages\/11763\/revisions\/11880"}],"wp:attachment":[{"href":"https:\/\/agora.xtec.cat\/ies-antoni-pous\/wp-json\/wp\/v2\/media?parent=11763"}],"curies":[{"name":"wp","href":"https:\/\/api.w.org\/{rel}","templated":true}]}}