{"id":1059,"date":"2016-01-26T22:21:45","date_gmt":"2016-01-26T21:21:45","guid":{"rendered":"http:\/\/agora.xtec.cat\/ies-antoni-pous\/?page_id=1059"},"modified":"2026-02-18T13:42:25","modified_gmt":"2026-02-18T12:42:25","slug":"treballs-per-projectes-arxivada","status":"publish","type":"page","link":"https:\/\/agora.xtec.cat\/ies-antoni-pous\/treballs-per-projectes-arxivada\/","title":{"rendered":"Espai globalitzat (Treball per projectes)"},"content":{"rendered":"<h4><a href=\"http:\/\/agora.xtec.cat\/ies-antoni-pous\/wp-content\/uploads\/usu283\/2016\/01\/projectes1.jpg\"><img loading=\"lazy\" decoding=\"async\" class=\"alignnone size-large wp-image-2251\" src=\"http:\/\/agora.xtec.cat\/ies-antoni-pous\/wp-content\/uploads\/usu283\/2016\/01\/projectes1-1024x409.jpg\" alt=\"projectes1\" width=\"1024\" height=\"409\" srcset=\"https:\/\/agora.xtec.cat\/ies-antoni-pous\/wp-content\/uploads\/usu283\/2016\/01\/projectes1-1024x409.jpg 1024w, https:\/\/agora.xtec.cat\/ies-antoni-pous\/wp-content\/uploads\/usu283\/2016\/01\/projectes1-300x120.jpg 300w, https:\/\/agora.xtec.cat\/ies-antoni-pous\/wp-content\/uploads\/usu283\/2016\/01\/projectes1-768x307.jpg 768w, https:\/\/agora.xtec.cat\/ies-antoni-pous\/wp-content\/uploads\/usu283\/2016\/01\/projectes1.jpg 1233w\" sizes=\"auto, (max-width: 1024px) 100vw, 1024px\" \/><\/a><\/h4>\n<h3><span style=\"color: #008000;\"><strong>Que \u00e9s?<\/strong><\/span><\/h3>\n<hr \/>\n<p>El <b>treball per projectes<\/b> \u00e9s una metodologia que es basa a oferir eines que puguin ajudar els nois i noies a pensar per ells mateixos, a investigar, a aprendre dels seus errors i dels seus encerts i d\u2019aquesta manera tamb\u00e9 a aprendre a ser cr\u00edtics.<\/p>\n<p><a href=\"https:\/\/sites.google.com\/insantonipous.cat\/espaiglobalitzat?usp=sharing\" target=\"_blank\" rel=\"noopener\">P\u00e0gina web de l&#8217;espai globalitzat (Curs 25-26)<\/a><\/p>\n<p>Tamb\u00e9 implica el\u00a0<em><a href=\"https:\/\/sites.google.com\/insantonipous.cat\/treballcooperatiu\/introducci%C3%B3?authuser=0\" target=\"_blank\" rel=\"noopener\">treball cooperatiu<\/a> que contribueix a desenvolupar correctament diverses compet\u00e8ncies personals, socials i prosocials.<\/em><\/p>\n<p>Aquests projectes tenen aplicaci\u00f3 en el m\u00f3n real m\u00e9s enll\u00e0 de l\u2019aula i busquen crear una educaci\u00f3 interdisciplin\u00e0ria amb un significat.<\/p>\n<hr \/>\n<h2>Projectes curs 24-25<\/h2>\n<h3><span style=\"color: #008000;\"><strong>Primer d&#8217;ESO\u00a0<\/strong><\/span><\/h3>\n<p><a class=\"XqQF9c\" style=\"font-size: 16px; background-color: #ffffff;\" href=\"https:\/\/sites.google.com\/insantonipous.cat\/1resoquisomiqufarem\/inicio?authuser=2\" target=\"_blank\" rel=\"noopener\"><span class=\"C9DxTc \">QUI SOM I COM TREBALLEM<\/span><\/a><\/p>\n<div class=\"oKdM2c ZZyype\">\n<div id=\"h.542ce9aff87e638f_108\" class=\"hJDwNd-AhqUyc-qWD73c Ft7HRd-AhqUyc-qWD73c jXK9ad D2fZ2 zu5uec wHaque g5GTcb\">\n<div class=\"jXK9ad-SmKAyb\">\n<div class=\"tyJCtd mGzaTb Depvyb baZpAe\">\n<p class=\"zfr3Q CDt4Ke \" dir=\"ltr\"><span class=\"C9DxTc \">Durant quatre sessions, s&#8217;explica la metodologia i els projectes del curs. Es realitzen din\u00e0miques per cohesionar grups, es decideixen els rols i s&#8217;introdueixen les eines de treball: Classroom, Sites, Drive i correu electr\u00f2nic.<\/span><\/p>\n<\/div>\n<\/div>\n<\/div>\n<\/div>\n<div class=\"oKdM2c ZZyype\">\n<div id=\"h.542ce9aff87e638f_113\" class=\"hJDwNd-AhqUyc-II5mzb Ft7HRd-AhqUyc-II5mzb pSzOP-AhqUyc-II5mzb Ktthjf-AhqUyc-II5mzb jXK9ad D2fZ2 zu5uec\">\n<div class=\"jXK9ad-SmKAyb\">\n<div class=\"tyJCtd mGzaTb Depvyb baZpAe\">\n<p class=\"zfr3Q CDt4Ke \" dir=\"ltr\"><a class=\"XqQF9c\" href=\"https:\/\/sites.google.com\/insantonipous.cat\/astronomia\/?pli=1&amp;authuser=2\" target=\"_blank\" rel=\"noopener\"><span class=\"C9DxTc \">VIATGE INTERDISCIPLINARI<\/span><\/a><\/p>\n<\/div>\n<\/div>\n<\/div>\n<\/div>\n<div class=\"oKdM2c ZZyype\">\n<div id=\"h.542ce9aff87e638f_115\" class=\"hJDwNd-AhqUyc-II5mzb Ft7HRd-AhqUyc-II5mzb pSzOP-AhqUyc-II5mzb Ktthjf-AhqUyc-II5mzb jXK9ad D2fZ2 zu5uec wHaque g5GTcb\">\n<div class=\"jXK9ad-SmKAyb\">\n<div class=\"tyJCtd mGzaTb Depvyb baZpAe\">\n<p class=\"zfr3Q CDt4Ke \" dir=\"ltr\"><span class=\"C9DxTc \">En aquest projecte, es profunditza en l&#8217;Univers i el sistema solar, estudiant un planeta espec\u00edfic per a un viatge interplanetari hipot\u00e8tic. Es desenvolupen compet\u00e8ncies transversals i espec\u00edfiques en biologia, geologia, arts visuals, tecnologia i matem\u00e0tiques, culminant amb la creaci\u00f3 d&#8217;una maqueta representant una base en Mart.<\/span><\/p>\n<div class=\"oKdM2c ZZyype\">\n<div id=\"h.542ce9aff87e638f_120\" class=\"hJDwNd-AhqUyc-II5mzb Ft7HRd-AhqUyc-II5mzb pSzOP-AhqUyc-II5mzb Ktthjf-AhqUyc-II5mzb jXK9ad D2fZ2 zu5uec\">\n<div class=\"jXK9ad-SmKAyb\">\n<div class=\"tyJCtd mGzaTb Depvyb baZpAe\">\n<p class=\"zfr3Q CDt4Ke \" dir=\"ltr\"><a class=\"XqQF9c\" href=\"https:\/\/sites.google.com\/insantonipous.cat\/cicle-de-laigua\/?pli=1&amp;authuser=2\" target=\"_blank\" rel=\"noopener\"><span class=\"C9DxTc \">CICLE DE L&#8217;AIGUA<\/span><\/a><\/p>\n<\/div>\n<\/div>\n<\/div>\n<\/div>\n<div class=\"oKdM2c ZZyype\">\n<div id=\"h.542ce9aff87e638f_122\" class=\"hJDwNd-AhqUyc-II5mzb Ft7HRd-AhqUyc-II5mzb pSzOP-AhqUyc-II5mzb Ktthjf-AhqUyc-II5mzb jXK9ad D2fZ2 zu5uec wHaque g5GTcb\">\n<div class=\"jXK9ad-SmKAyb\">\n<div class=\"tyJCtd mGzaTb Depvyb baZpAe\">\n<p class=\"zfr3Q CDt4Ke \" dir=\"ltr\"><span class=\"C9DxTc \">En aquest projecte es treballen aspectes cient\u00edfics com els canvis d&#8217;estat, es representen els percentatges d&#8217;aigua a l&#8217;hidrosfera i s&#8217;utilitza la programaci\u00f3 de micro:bits per a fer m\u00fasica, controlar llums LED i simular el flux d&#8217;aigua amb una bomba. El producte final \u00e9s una maqueta que il\u00b7lustra el cicle de l&#8217;aigua de manera gr\u00e0fica i interactiva.<\/span><\/p>\n<div class=\"oKdM2c ZZyype\">\n<div id=\"h.542ce9aff87e638f_131\" class=\"hJDwNd-AhqUyc-II5mzb Ft7HRd-AhqUyc-II5mzb pSzOP-AhqUyc-II5mzb Ktthjf-AhqUyc-II5mzb jXK9ad D2fZ2 zu5uec\">\n<div class=\"jXK9ad-SmKAyb\">\n<div class=\"tyJCtd mGzaTb Depvyb baZpAe\">\n<p class=\"zfr3Q CDt4Ke \" dir=\"ltr\"><a class=\"XqQF9c\" href=\"https:\/\/sites.google.com\/insantonipous.cat\/illustrem-la-natura\/?pli=1&amp;authuser=2\" target=\"_blank\" rel=\"noopener\"><span class=\"C9DxTc \">IL\u00b7LUSTREM LA NATURA<\/span><\/a><\/p>\n<\/div>\n<\/div>\n<\/div>\n<\/div>\n<div class=\"oKdM2c ZZyype\">\n<div id=\"h.542ce9aff87e638f_133\" class=\"hJDwNd-AhqUyc-II5mzb Ft7HRd-AhqUyc-II5mzb pSzOP-AhqUyc-II5mzb Ktthjf-AhqUyc-II5mzb jXK9ad D2fZ2 zu5uec wHaque g5GTcb\">\n<div class=\"jXK9ad-SmKAyb\">\n<div class=\"tyJCtd mGzaTb Depvyb baZpAe\">\n<p class=\"zfr3Q CDt4Ke \" dir=\"ltr\"><span class=\"C9DxTc \">En el projecte d&#8217;il\u00b7lustraci\u00f3 de la natura, es fa servir la il\u00b7lustraci\u00f3 cient\u00edfica per descriure aspectes de la natura. L&#8217;alumnat observa les esp\u00e8cies de la cadena tr\u00f2fica al voltant del Riu Ter i les il\u00b7lustra, el producte final \u00e9s un diari o quadern il\u00b7lustrat.<\/span><\/p>\n<div class=\"oKdM2c ZZyype\">\n<div id=\"h.542ce9aff87e638f_106\" class=\"hJDwNd-AhqUyc-qWD73c Ft7HRd-AhqUyc-qWD73c jXK9ad D2fZ2 zu5uec\">\n<div class=\"jXK9ad-SmKAyb\">\n<div class=\"tyJCtd mGzaTb Depvyb baZpAe\"><\/div>\n<\/div>\n<\/div>\n<\/div>\n<div class=\"oKdM2c ZZyype\">\n<div id=\"h.542ce9aff87e638f_108\" class=\"hJDwNd-AhqUyc-qWD73c Ft7HRd-AhqUyc-qWD73c jXK9ad D2fZ2 zu5uec wHaque g5GTcb\">\n<div class=\"jXK9ad-SmKAyb\">\n<div class=\"tyJCtd mGzaTb Depvyb baZpAe\">\n<p class=\"zfr3Q CDt4Ke \" dir=\"ltr\"><a class=\"XqQF9c\" style=\"font-size: 16px; background-color: #ffffff;\" href=\"https:\/\/sites.google.com\/insantonipous.cat\/elpinballdeledatantiga\/?pli=1&amp;authuser=2\" target=\"_blank\" rel=\"noopener\"><span class=\"C9DxTc \">EL PINBALL<\/span><\/a><\/p>\n<div class=\"oKdM2c ZZyype\">\n<div id=\"h.542ce9aff87e638f_140\" class=\"hJDwNd-AhqUyc-qWD73c Ft7HRd-AhqUyc-qWD73c jXK9ad D2fZ2 zu5uec wHaque g5GTcb\">\n<div class=\"jXK9ad-SmKAyb\">\n<div class=\"tyJCtd mGzaTb Depvyb baZpAe\">\n<p class=\"zfr3Q CDt4Ke \" dir=\"ltr\"><span class=\"C9DxTc \">Mitjan\u00e7ant la construcci\u00f3 d&#8217;una maqueta de pinball ambientada en l&#8217;antiguitat, es combinen coneixements de disseny, construcci\u00f3, programaci\u00f3 i hist\u00f2ria en un objectiu creatiu i educatiu.<\/span><\/p>\n<p dir=\"ltr\"><a class=\"XqQF9c\" href=\"https:\/\/sites.google.com\/insantonipous.cat\/visitaguiada2024\/fase-1-planificaci%C3%B3?authuser=2\" target=\"_blank\" rel=\"noopener\"><span class=\"C9DxTc \">VISITA GUIADA PER MANLLEU<\/span><\/a><\/p>\n<div class=\"CjVfdc CJIdie\"><span class=\"C9DxTc \">Aquest mes d&#8217;octubre, un grup molt important de persones vindran a visitar Manlleu. Vosaltres formeu part d&#8217;una empresa que organitza<\/span><span class=\"C9DxTc \">\u00a0tours\/\u00a0<\/span><span class=\"C9DxTc \">visites guiades<\/span><span class=\"C9DxTc \"> fant\u00e0stiques i \u00e9s per aix\u00f2, que <\/span><span class=\"C9DxTc \">us han encarregat el disseny i planificaci\u00f3 d&#8217;un\u00a0<\/span><span class=\"C9DxTc \">tour<\/span><span class=\"C9DxTc \">\/visita guiada per ensenyar diferents llocs d&#8217;inter\u00e8s de Manlleu.<\/span><\/div>\n<div><\/div>\n<p dir=\"ltr\"><a class=\"XqQF9c\" href=\"https:\/\/sites.google.com\/insantonipous.cat\/projectelardio\/projecte-la-r%C3%A0dio?authuser=2\" target=\"_blank\" rel=\"noopener\"><span class=\"C9DxTc \">LA R\u00c0DIO<\/span><\/a><\/p>\n<p dir=\"ltr\"><a class=\"XqQF9c\" href=\"https:\/\/sites.google.com\/insantonipous.cat\/egsociolingstic\/inici?authuser=2\" target=\"_blank\" rel=\"noopener\"><span class=\"C9DxTc \">MUSEU DE L&#8217;EDAT ANTIGA<\/span><\/a><\/p>\n<hr \/>\n<\/div>\n<\/div>\n<\/div>\n<\/div>\n<\/div>\n<\/div>\n<\/div>\n<\/div>\n<\/div>\n<\/div>\n<\/div>\n<\/div>\n<\/div>\n<\/div>\n<\/div>\n<\/div>\n<\/div>\n<\/div>\n<\/div>\n<\/div>\n<h3><span style=\"color: #008000;\"><strong>Segon d&#8217;ESO<\/strong><\/span><\/h3>\n<p class=\"zfr3Q CDt4Ke \" dir=\"ltr\" role=\"presentation\"><span class=\"C9DxTc \"><a href=\"https:\/\/sites.google.com\/insantonipous.cat\/vidasaludable2425?usp=sharing\" target=\"_blank\" rel=\"noopener\">VIDA SALUDABLE<\/a><\/span><\/p>\n<p dir=\"ltr\" role=\"presentation\">El regidor de Medi Ambient, Salut P\u00fablica i M\u00f3n Rural de l&#8217;Ajuntament de Manlleu,\u00a0 ha demanat a l&#8217;alumnat de 2n d&#8217;ESO de l&#8217;Antoni Pous que facin d&#8217;agents dinamitzadors\u00a0 per promoure entre la societat h\u00e0bits de consum alimentari responsable, els productes de proximitat,\u00a0 i lluitar contra el malbaratament alimentari.<\/p>\n<p class=\"zfr3Q CDt4Ke \" dir=\"ltr\" role=\"presentation\"><a class=\"XqQF9c\" href=\"https:\/\/sites.google.com\/insantonipous.cat\/filalagulla\/inici?authuser=2\" target=\"_blank\" rel=\"noopener\"><span class=\"C9DxTc \">POSEM FIL A L&#8217;AGULLA (FASHION SHOW)<\/span><\/a><\/p>\n<p class=\"zfr3Q CDt4Ke \" dir=\"ltr\" role=\"presentation\"><span class=\"C9DxTc \">I si li doneu una nova vida a tot all\u00f2 que ja no utilitzeu? En comptes de tirar objectes a les escombraries, com creieu que els podr\u00edeu donar una segona utilitat? Reciclant els objectes o reutilitzant-los per fer-ne un nou \u00fas? <\/span><\/p>\n<div class=\"CjVfdc CJIdie\"><span class=\"C9DxTc \">La c<\/span><span class=\"C9DxTc \">rea<\/span><span class=\"C9DxTc \">ci\u00f3<\/span><span class=\"C9DxTc \">\u00a0d&#8217;una vestimenta\u00a0<\/span><span class=\"C9DxTc \">amb materials que ja han estat utilitzats i els donarem un altre \u00fas. Al mar\u00e7 farem un\u00a0<\/span><span class=\"C9DxTc \">FASHION SHOW<\/span><span class=\"C9DxTc \">\u00a0al\u00a0<\/span><span class=\"C9DxTc \">Centre C\u00edvic Frederica Montseny<\/span><span class=\"C9DxTc \">\u00a0adre\u00e7at a les fam\u00edlies on hi presentarem les nostres creacions i el proc\u00e9s creatiu!!<\/span><\/div>\n<hr \/>\n<h3><span style=\"color: #008000;\"><strong>Tercer d&#8217;ESO\u00a0<\/strong><\/span><\/h3>\n<p class=\"zfr3Q CDt4Ke \" dir=\"ltr\"><a class=\"XqQF9c\" href=\"https:\/\/sites.google.com\/insantonipous.cat\/estudidarquitectura\/?pli=1&amp;authuser=2\" target=\"_blank\" rel=\"noopener\"><span class=\"C9DxTc \">ARQUITECTURA MODULAR<\/span><\/a><\/p>\n<p class=\"zfr3Q CDt4Ke \" dir=\"ltr\"><a href=\"https:\/\/sites.google.com\/insantonipous.cat\/projecte-donar-sang1?usp=sharing\" target=\"_blank\" rel=\"noopener\"><span class=\"C9DxTc \">DONACI\u00d3 DE SANG<\/span><\/a><\/p>\n<p dir=\"ltr\">Segons diversos estudis, donar sang pot salvar fins a 3 vides. La sang no es pot fabricar, nom\u00e9s es pot aconseguir per la donaci\u00f3 i t\u00e9 una import\u00e0ncia vital en l&#8217;\u00e0mbit hospitalari.<\/p>\n<p class=\"zfr3Q CDt4Ke \" dir=\"ltr\"><a class=\"XqQF9c\" href=\"https:\/\/sites.google.com\/insantonipous.cat\/quin-element\/?pli=1&amp;authuser=2\" target=\"_blank\" rel=\"noopener\"><span class=\"C9DxTc \">TAULA PERI\u00d2DICA<\/span><\/a><\/p>\n<p class=\"zfr3Q CDt4Ke \" dir=\"ltr\"><span class=\"C9DxTc \">CLUEDO<\/span><\/p>\n<p class=\"zfr3Q CDt4Ke \" dir=\"ltr\"><span class=\"C9DxTc \">MANLLEU FUTURAMA<\/span><\/p>\n<hr \/>\n<h3><span style=\"color: #008000;\"><strong>Quart d&#8217;ESO<\/strong><\/span><\/h3>\n<p class=\"zfr3Q CDt4Ke \" dir=\"ltr\" role=\"presentation\"><a href=\"https:\/\/sites.google.com\/insantonipous.cat\/treballderecerca?usp=sharing\" target=\"_blank\" rel=\"noopener\"><span class=\"C9DxTc \">PROJECTE\/TREBALL DE RECERCA<\/span><\/a><\/p>\n<p dir=\"ltr\">A 4t d&#8217;ESO tot l\u2019alumnat realitza un treball de recerca, com a iniciaci\u00f3 del treball de recerca que realitzar\u00e0 a batxillerat, per\u00f2 tamb\u00e9 dels treballs finals de cicles formatius de grau mitj\u00e0.<\/p>\n<p dir=\"ltr\">Aquest projecte ha d\u2019estar constitu\u00eft per un conjunt d\u2019activitats de descoberta i recerca realitzades per l\u2019alumnat entorn d\u2019un tema escollit i acotat, en part, per l\u2019alumnat mateix i sota el guiatge del professorat d&#8217;EG.<\/p>\n<p class=\"zfr3Q CDt4Ke \" dir=\"ltr\" role=\"presentation\"><a class=\"XqQF9c\" href=\"https:\/\/www.wmcproject.org\/professorat-barcelonada\/\" target=\"_blank\" rel=\"noopener\"><span class=\"C9DxTc \">BARCELONADA<\/span><\/a><\/p>\n<p dir=\"ltr\" role=\"presentation\">Es tracta d&#8217;un projecte col\u00b7laboratiu del <strong>World Mobile City Project<\/strong>, on l&#8217;alumnat explora Barcelona amb ulls d\u2019investigador, connectant literatura, tecnologia i ciutadania en una experi\u00e8ncia \u00fanica per la millora educativa.<\/p>\n<p class=\"zfr3Q CDt4Ke \" dir=\"ltr\" role=\"presentation\"><a href=\"https:\/\/sites.google.com\/insantonipous.cat\/memoria-i-exili?usp=sharing\" target=\"_blank\" rel=\"noopener\"><span class=\"C9DxTc \">MEM\u00d2RIA I EXILI<\/span><\/a><\/p>\n<p dir=\"ltr\">El primer ter\u00e7 del segle XX a l&#8217;Estat Espanyol est\u00e0 marcat per una dictadura militar, la Segona Rep\u00fablica i la Guerra Civil entre el b\u00e0ndol nacional i el b\u00e0ndol republic\u00e0.<\/p>\n<p dir=\"ltr\">Aquests tres fets s\u00f3n l&#8217;empremta de la configuraci\u00f3 social de l&#8217;actual Espanya. L&#8217;alumnat, doncs, a trav\u00e9s d&#8217;aquest projecte descobrir\u00e0 aquests fets hist\u00f2rics i valorar\u00e0 els elements personals, emocionals i de ruptura que va suposar l&#8217;exili que van patir m\u00e9s de 500.000 persones de tot l&#8217;estat espanyol durant el final de la Guerra Civil Espanyola.<\/p>\n<hr \/>\n<h2>Repositori projectes antics<\/h2>\n<h3><span style=\"color: #008000;\"><strong>Primer d&#8217;ESO\u00a0<\/strong><\/span><\/h3>\n<hr \/>\n<p><a href=\"https:\/\/campus.insantonipous.cat\/course\/view.php?id=241\" target=\"_blank\" rel=\"noopener noreferrer\">Projectes primer d&#8217;ESO (Acc\u00e9s a visitants)<\/a><\/p>\n<p><a href=\"https:\/\/sites.google.com\/a\/xtec.cat\/projectealimentacio1eso\/\" target=\"_blank\" rel=\"noopener noreferrer\">Web del projecte alimentari<\/a>.<a title=\"IMG_20161201_120815560_HDR\" href=\"https:\/\/www.flickr.com\/photos\/127700851@N02\/31642766791\/in\/album-72157676433467101\/\" data-flickr-embed=\"true\"><img loading=\"lazy\" decoding=\"async\" src=\"https:\/\/c1.staticflickr.com\/1\/721\/31642766791_626bcbdc66_k.jpg\" alt=\"IMG_20161201_120815560_HDR\" width=\"2048\" height=\"1152\" \/><\/a><br \/>\n<script src=\"\/\/embedr.flickr.com\/assets\/client-code.js\" async=\"\" charset=\"utf-8\"><\/script><br \/>\n<a href=\"http:\/\/agora.xtec.cat\/ies-antoni-pous\/wp-content\/uploads\/usu283\/2016\/01\/primer.jpg\" rel=\"attachment wp-att-1536\"><img loading=\"lazy\" decoding=\"async\" class=\"alignnone wp-image-1536\" src=\"http:\/\/agora.xtec.cat\/ies-antoni-pous\/wp-content\/uploads\/usu283\/2016\/01\/primer-1024x1024.jpg\" alt=\"primer\" width=\"428\" height=\"428\" srcset=\"https:\/\/agora.xtec.cat\/ies-antoni-pous\/wp-content\/uploads\/usu283\/2016\/01\/primer-1024x1024.jpg 1024w, https:\/\/agora.xtec.cat\/ies-antoni-pous\/wp-content\/uploads\/usu283\/2016\/01\/primer-150x150.jpg 150w, https:\/\/agora.xtec.cat\/ies-antoni-pous\/wp-content\/uploads\/usu283\/2016\/01\/primer-300x300.jpg 300w, https:\/\/agora.xtec.cat\/ies-antoni-pous\/wp-content\/uploads\/usu283\/2016\/01\/primer-768x768.jpg 768w, https:\/\/agora.xtec.cat\/ies-antoni-pous\/wp-content\/uploads\/usu283\/2016\/01\/primer.jpg 1200w\" sizes=\"auto, (max-width: 428px) 100vw, 428px\" \/><\/a><\/p>\n<p>&nbsp;<\/p>\n<h3><span style=\"color: #008000;\"><strong>Segon d&#8217;ESO<\/strong><\/span><\/h3>\n<hr \/>\n<p><a href=\"https:\/\/campus.insantonipous.cat\/course\/view.php?id=256\" target=\"_blank\" rel=\"noopener noreferrer\">Projectes\u00a0segon d&#8217;ESO (Acc\u00e9s a visitants)<\/a><\/p>\n<p><a href=\"https:\/\/sites.google.com\/a\/xtec.cat\/projectealimentaco2eso\/\" target=\"_blank\" rel=\"noopener noreferrer\">Web del projecte alimentari<\/a><\/p>\n<p><a title=\"photo2\" href=\"https:\/\/www.flickr.com\/photos\/127700851@N02\/27324215033\/in\/album-72157669540633162\/\" data-flickr-embed=\"true\"><img loading=\"lazy\" decoding=\"async\" src=\"https:\/\/c1.staticflickr.com\/8\/7306\/27324215033_015761349c_b.jpg\" alt=\"photo2\" width=\"1024\" height=\"576\" \/><\/a><script src=\"\/\/embedr.flickr.com\/assets\/client-code.js\" async=\"\" charset=\"utf-8\"><\/script><\/p>\n<p><a href=\"https:\/\/sites.google.com\/a\/xtec.cat\/elmeuhabitatge\/\" target=\"_blank\" rel=\"noopener noreferrer\">Web del projecte &#8220;El meu habitatge<\/a>&#8221;<br \/>\n<a title=\"IMG_3571\" href=\"https:\/\/www.flickr.com\/photos\/127700851@N02\/27743582482\/in\/photostream\/\" data-flickr-embed=\"true\"><img loading=\"lazy\" decoding=\"async\" src=\"https:\/\/c1.staticflickr.com\/8\/7214\/27743582482_9885505ee5_z.jpg\" alt=\"IMG_3571\" width=\"1024\" height=\"576\" \/><\/a><script src=\"\/\/embedr.flickr.com\/assets\/client-code.js\" async=\"\" charset=\"utf-8\"><\/script><\/p>\n<p><a href=\"https:\/\/sites.google.com\/xtec.cat\/la-cursa-de-bolids\/inici?authuser=1\" target=\"_blank\" rel=\"noopener noreferrer\">Web del projecte &#8220;El B\u00f2lid&#8221;<\/a><br \/>\n<strong><iframe loading=\"lazy\" src=\"https:\/\/www.youtube.com\/embed\/1CLe39d6kVw\" width=\"1020\" height=\"576\" frameborder=\"0\" allowfullscreen=\"allowfullscreen\"><\/iframe><\/strong><\/p>\n<p><a title=\"IMG_6908\" href=\"https:\/\/www.flickr.com\/photos\/127700851@N02\/18705732678\/in\/album-72157654276757150\/\" data-flickr-embed=\"true\"><img loading=\"lazy\" decoding=\"async\" class=\"alignleft\" src=\"https:\/\/c1.staticflickr.com\/6\/5581\/18705732678_276c3d7b86_b.jpg\" alt=\"IMG_6908\" width=\"403\" height=\"540\" \/><\/a><script src=\"\/\/embedr.flickr.com\/assets\/client-code.js\" async=\"\" charset=\"utf-8\"><\/script><br \/>\n<a title=\"IMG_9890\" href=\"https:\/\/www.flickr.com\/photos\/127700851@N02\/27232733834\/in\/album-72157667396271633\/\" data-flickr-embed=\"true\"><img loading=\"lazy\" decoding=\"async\" class=\"alignright\" src=\"https:\/\/c1.staticflickr.com\/8\/7599\/27232733834_3d3773656d_z.jpg\" alt=\"IMG_9890\" width=\"387\" height=\"518\" \/><\/a><script src=\"\/\/embedr.flickr.com\/assets\/client-code.js\" async=\"\" charset=\"utf-8\"><\/script><\/p>\n<p>&nbsp;<\/p>\n<h4><\/h4>\n<h4><\/h4>\n<hr \/>\n<p>&nbsp;<\/p>\n<h3><span style=\"color: #008000;\"><strong>Tercer d&#8217;ESO\u00a0<\/strong><\/span><\/h3>\n<hr \/>\n<p><a href=\"https:\/\/campus.insantonipous.cat\/course\/view.php?id=243\" target=\"_blank\" rel=\"noopener noreferrer\">Projectes\u00a0segon\u00a0d&#8217;ESO (Acc\u00e9s a visitants)<\/a><\/p>\n<p><a href=\"https:\/\/sites.google.com\/site\/projectealimentari3deso\/\" target=\"_blank\" rel=\"noopener noreferrer\">Web del projecte alimentari<\/a><\/p>\n<p><a href=\"https:\/\/sites.google.com\/insantonipous.cat\/projecte-envas\/inici\" target=\"_blank\" rel=\"noopener noreferrer\">Web del projecte &#8220;El taller del tetra-brick&#8221;<\/a><br \/>\n<a title=\"14059503820_0b5104017a_o\" href=\"https:\/\/www.flickr.com\/photos\/127700851@N02\/15629011158\/in\/album-72157649331276471\/\" data-flickr-embed=\"true\"><img loading=\"lazy\" decoding=\"async\" class=\"aligncenter\" src=\"https:\/\/c1.staticflickr.com\/8\/7545\/15629011158_32367d7ba2_z.jpg\" alt=\"14059503820_0b5104017a_o\" width=\"1024\" height=\"576\" \/><\/a><\/p>\n<p><script src=\"\/\/embedr.flickr.com\/assets\/client-code.js\" async=\"\" charset=\"utf-8\"><\/script><\/p>\n<p>&nbsp;<\/p>\n<h3><span style=\"color: #008000;\"><strong>Quart d&#8217;ESO<\/strong><\/span><\/h3>\n<hr \/>\n<p><a href=\"https:\/\/campus.insantonipous.cat\/course\/view.php?id=207\" target=\"_blank\" rel=\"noopener noreferrer\">Projectes\u00a0segon\u00a0d&#8217;ESO (Acc\u00e9s a visitants)<\/a><\/p>\n<p><a href=\"https:\/\/sites.google.com\/site\/projectealimentari4deso\/\" target=\"_blank\" rel=\"noopener noreferrer\">Web del projecte alimentari\u00a0<\/a><\/p>\n<p><a href=\"https:\/\/someco2016.wordpress.com\/\">Producte final: Web de la cooperativa<\/a>\u00a0&#8220;SomEco&#8221;<\/p>\n<p><a href=\"http:\/\/agora.xtec.cat\/ies-antoni-pous\/wp-content\/uploads\/usu283\/2016\/01\/foto-per-portada-de-inici-numero-61.jpg\"><img loading=\"lazy\" decoding=\"async\" class=\"alignnone size-large wp-image-2131\" src=\"http:\/\/agora.xtec.cat\/ies-antoni-pous\/wp-content\/uploads\/usu283\/2016\/01\/foto-per-portada-de-inici-numero-61-1024x505.jpg\" alt=\"foto-per-portada-de-inici-numero-61\" width=\"1024\" height=\"505\" srcset=\"https:\/\/agora.xtec.cat\/ies-antoni-pous\/wp-content\/uploads\/usu283\/2016\/01\/foto-per-portada-de-inici-numero-61-1024x505.jpg 1024w, https:\/\/agora.xtec.cat\/ies-antoni-pous\/wp-content\/uploads\/usu283\/2016\/01\/foto-per-portada-de-inici-numero-61-300x148.jpg 300w, https:\/\/agora.xtec.cat\/ies-antoni-pous\/wp-content\/uploads\/usu283\/2016\/01\/foto-per-portada-de-inici-numero-61-768x379.jpg 768w, https:\/\/agora.xtec.cat\/ies-antoni-pous\/wp-content\/uploads\/usu283\/2016\/01\/foto-per-portada-de-inici-numero-61.jpg 1250w\" sizes=\"auto, (max-width: 1024px) 100vw, 1024px\" \/><\/a><\/p>\n<p><script src=\"\/\/embedr.flickr.com\/assets\/client-code.js\" async=\"\" charset=\"utf-8\"><\/script><\/p>\n","protected":false},"excerpt":{"rendered":"<p>Que \u00e9s? El treball per projectes \u00e9s una metodologia que es basa a oferir eines que puguin ajudar els nois [&hellip;]<\/p>\n","protected":false},"author":1,"featured_media":0,"parent":0,"menu_order":4,"comment_status":"closed","ping_status":"closed","template":"","meta":{"_bbp_topic_count":0,"_bbp_reply_count":0,"_bbp_total_topic_count":0,"_bbp_total_reply_count":0,"_bbp_voice_count":0,"_bbp_anonymous_reply_count":0,"_bbp_topic_count_hidden":0,"_bbp_reply_count_hidden":0,"_bbp_forum_subforum_count":0,"site-sidebar-layout":"default","site-content-layout":"","ast-site-content-layout":"default","site-content-style":"default","site-sidebar-style":"default","ast-global-header-display":"","ast-banner-title-visibility":"","ast-main-header-display":"","ast-hfb-above-header-display":"","ast-hfb-below-header-display":"","ast-hfb-mobile-header-display":"","site-post-title":"","ast-breadcrumbs-content":"","ast-featured-img":"","footer-sml-layout":"","theme-transparent-header-meta":"default","adv-header-id-meta":"","stick-header-meta":"","header-above-stick-meta":"","header-main-stick-meta":"","header-below-stick-meta":"","astra-migrate-meta-layouts":"set","ast-page-background-enabled":"default","ast-page-background-meta":{"desktop":{"background-color":"var(--ast-global-color-4)","background-image":"","background-repeat":"repeat","background-position":"center center","background-size":"auto","background-attachment":"scroll","background-type":"","background-media":"","overlay-type":"","overlay-color":"","overlay-opacity":"","overlay-gradient":""},"tablet":{"background-color":"","background-image":"","background-repeat":"repeat","background-position":"center center","background-size":"auto","background-attachment":"scroll","background-type":"","background-media":"","overlay-type":"","overlay-color":"","overlay-opacity":"","overlay-gradient":""},"mobile":{"background-color":"","background-image":"","background-repeat":"repeat","background-position":"center center","background-size":"auto","background-attachment":"scroll","background-type":"","background-media":"","overlay-type":"","overlay-color":"","overlay-opacity":"","overlay-gradient":""}},"ast-content-background-meta":{"desktop":{"background-color":"var(--ast-global-color-5)","background-image":"","background-repeat":"repeat","background-position":"center center","background-size":"auto","background-attachment":"scroll","background-type":"","background-media":"","overlay-type":"","overlay-color":"","overlay-opacity":"","overlay-gradient":""},"tablet":{"background-color":"var(--ast-global-color-5)","background-image":"","background-repeat":"repeat","background-position":"center center","background-size":"auto","background-attachment":"scroll","background-type":"","background-media":"","overlay-type":"","overlay-color":"","overlay-opacity":"","overlay-gradient":""},"mobile":{"background-color":"var(--ast-global-color-5)","background-image":"","background-repeat":"repeat","background-position":"center center","background-size":"auto","background-attachment":"scroll","background-type":"","background-media":"","overlay-type":"","overlay-color":"","overlay-opacity":"","overlay-gradient":""}},"footnotes":""},"class_list":["post-1059","page","type-page","status-publish","hentry"],"post_mailing_queue_ids":[],"_links":{"self":[{"href":"https:\/\/agora.xtec.cat\/ies-antoni-pous\/wp-json\/wp\/v2\/pages\/1059","targetHints":{"allow":["GET"]}}],"collection":[{"href":"https:\/\/agora.xtec.cat\/ies-antoni-pous\/wp-json\/wp\/v2\/pages"}],"about":[{"href":"https:\/\/agora.xtec.cat\/ies-antoni-pous\/wp-json\/wp\/v2\/types\/page"}],"author":[{"embeddable":true,"href":"https:\/\/agora.xtec.cat\/ies-antoni-pous\/wp-json\/wp\/v2\/users\/1"}],"replies":[{"embeddable":true,"href":"https:\/\/agora.xtec.cat\/ies-antoni-pous\/wp-json\/wp\/v2\/comments?post=1059"}],"version-history":[{"count":7,"href":"https:\/\/agora.xtec.cat\/ies-antoni-pous\/wp-json\/wp\/v2\/pages\/1059\/revisions"}],"predecessor-version":[{"id":16280,"href":"https:\/\/agora.xtec.cat\/ies-antoni-pous\/wp-json\/wp\/v2\/pages\/1059\/revisions\/16280"}],"wp:attachment":[{"href":"https:\/\/agora.xtec.cat\/ies-antoni-pous\/wp-json\/wp\/v2\/media?parent=1059"}],"curies":[{"name":"wp","href":"https:\/\/api.w.org\/{rel}","templated":true}]}}