{"id":10548,"date":"2020-02-25T10:18:38","date_gmt":"2020-02-25T09:18:38","guid":{"rendered":"https:\/\/agora.xtec.cat\/ies-antoni-pous\/?page_id=10548"},"modified":"2023-11-13T18:34:52","modified_gmt":"2023-11-13T17:34:52","slug":"tallers-de-suport-i-reforc-educatius-en-horari-extraescolar","status":"publish","type":"page","link":"https:\/\/agora.xtec.cat\/ies-antoni-pous\/serveis\/tallers-de-suport-i-reforc-educatius-en-horari-extraescolar\/","title":{"rendered":"Tallers de suport i refor\u00e7 educatius en horari extraescolar (PMOE-PROA+)"},"content":{"rendered":"<p style=\"text-align: justify;\">Per acord del consell escolar, i amb el suport econ\u00f2mic del Fons Social Europeu (FSE), aquest curs 2023-2024, seguim amb el servei de classes de refor\u00e7.<\/p>\n<p style=\"text-align: justify;\">Els tallers de suport i refor\u00e7 educatiu s\u00f3n una acci\u00f3 educativa, realitzada en horari extraescolar, per ajudar l&#8217;alumnat a adquirir h\u00e0bits i t\u00e8cniques d&#8217;organitzaci\u00f3 i d&#8217;estudi, afavorint una actitud positiva cap a l&#8217;aprenentatge, col\u00b7laborant en l&#8217;adquisici\u00f3 de les compet\u00e8ncies b\u00e0siques en finalitzar l&#8217;etapa educativa. Entre aquestes compet\u00e8ncies es treballaran, preferentment, les vinculades a l&#8217;aprendre a aprendre, a l&#8217;autonomia personal i la compet\u00e8ncia comunicativa (recerca d&#8217;informaci\u00f3, interpretaci\u00f3, responsabilitat, expressi\u00f3 oral i escrita).<\/p>\n<p>&nbsp;<\/p>\n<table style=\"border-collapse: collapse; width: 100%;\">\n<tbody>\n<tr>\n<td style=\"width: 50%;\">\n<h5><strong>Objectiu general:<\/strong><\/h5>\n<p>&#8211; Reduir el frac\u00e0s escolar i l&#8217;abandonament prematur.<br \/>\n&#8211; Promoure t\u00e8cniques d&#8217;estudi i adquirir autonomia personal.<\/p>\n<p>&nbsp;<\/td>\n<td style=\"width: 50%;\">\n<h4><strong>Objectius espec\u00edfics:<\/strong><\/h4>\n<p>&#8211; Augmentar les expectatives de l&#8217;alumnat en els estudis.<br \/>\n&#8211; Acompanyar l&#8217;alumnat en la realitzaci\u00f3 de les tasques escolars i l&#8217;adquisici\u00f3 de les compet\u00e8ncies b\u00e0siques.<br \/>\n&#8211; Reforcem continguts fent classes espec\u00edfiques<\/td>\n<\/tr>\n<\/tbody>\n<\/table>\n<table style=\"border-collapse: collapse; width: 100%; height: 283px;\">\n<tbody>\n<tr style=\"height: 58px;\">\n<td style=\"width: 998.4px; height: 58px;\" colspan=\"2\">\n<h4 style=\"text-align: center;\"><strong>HORARI DE CLASSES DE REFOR\u00c7:<\/strong><\/h4>\n<\/td>\n<\/tr>\n<tr style=\"height: 49px;\">\n<td style=\"width: 499.2px; height: 49px; text-align: center;\">\n<h5><strong>ESO<\/strong><\/h5>\n<\/td>\n<td style=\"width: 499.2px; height: 49px; text-align: center;\">\n<h5><strong>BATXILLERAT<\/strong><\/h5>\n<\/td>\n<\/tr>\n<tr style=\"height: 176px;\">\n<td style=\"width: 499.2px; height: 176px;\">\n<p style=\"padding-left: 40px;\">Alumnes de 1r de l\u2019ESO, dimecres, de 16:00h a 17:30h i dijous de 17:30h a 19:00h<\/p>\n<p style=\"padding-left: 40px;\"><span style=\"font-family: inherit; font-size: 1em;\">Alumnes de 2n de l&#8217;ESO, dijous, de 16:00h a 17:30h i dimecres 17:30h a 19:00h<\/span><\/p>\n<p style=\"padding-left: 40px;\">Alumnes de 3r de l&#8217;ESO, dimarts, de 16:00h a 17:30h<\/p>\n<p style=\"padding-left: 40px;\">Alumnes de 4t de l\u2019ESO, dilluns de 16:00h a 17:30h<\/p>\n<\/td>\n<td style=\"width: 499.2px; height: 176px;\">\n<p style=\"padding-left: 40px;\">Alumnes de 2n BAT, dilluns, de 17:30h a 19:00h<\/p>\n<p style=\"padding-left: 40px;\">Alumnes de 1r BAT , dimarts, de 17:30h a 19:00h<\/p>\n<p style=\"padding-left: 40px;\">\n<\/td>\n<\/tr>\n<\/tbody>\n<\/table>\n<table style=\"border-collapse: collapse; width: 100%;\">\n<tbody>\n<tr>\n<td style=\"width: 100%;\">\n<h4 style=\"text-align: center;\"><strong>HORARI ESTUDI ASSISTIT:<\/strong><\/h4>\n<\/td>\n<\/tr>\n<tr>\n<td style=\"width: 100%; text-align: center;\">Alumnes de 1r l&#8217;ESO, dilluns, de 17:30h a 19:00h<\/p>\n<p>Alumnes de 2r l&#8217;ESO, dimarts, de 17:30h a 19:00h<\/td>\n<\/tr>\n<\/tbody>\n<\/table>\n<table style=\"border-collapse: collapse; width: 100%;\">\n<tbody>\n<tr>\n<td style=\"width: 100%;\">\n<h4 style=\"text-align: center;\"><strong>HORARI INVULNERABLES:<\/strong><\/h4>\n<\/td>\n<\/tr>\n<tr>\n<td style=\"width: 100%; text-align: center;\">Dilluns i dimarts de 15:30h a 16:50h<\/td>\n<\/tr>\n<\/tbody>\n<\/table>\n<p>&nbsp;<\/p>\n<table>\n<tbody>\n<tr>\n<td><img loading=\"lazy\" decoding=\"async\" class=\"aligncenter wp-image-10549\" src=\"https:\/\/agora.xtec.cat\/ies-antoni-pous\/wp-content\/uploads\/usu283\/2020\/02\/fons-europeu.jpg\" alt=\"\" width=\"407\" height=\"117\" srcset=\"https:\/\/agora.xtec.cat\/ies-antoni-pous\/wp-content\/uploads\/usu283\/2020\/02\/fons-europeu.jpg 512w, https:\/\/agora.xtec.cat\/ies-antoni-pous\/wp-content\/uploads\/usu283\/2020\/02\/fons-europeu-300x86.jpg 300w\" sizes=\"auto, (max-width: 407px) 100vw, 407px\" \/><\/td>\n<td><img loading=\"lazy\" decoding=\"async\" class=\"aligncenter wp-image-10552\" src=\"https:\/\/agora.xtec.cat\/ies-antoni-pous\/wp-content\/uploads\/usu283\/2020\/02\/educaci\u00f3.jpg\" alt=\"\" width=\"269\" height=\"49\" srcset=\"https:\/\/agora.xtec.cat\/ies-antoni-pous\/wp-content\/uploads\/usu283\/2020\/02\/educaci\u00f3.jpg 769w, https:\/\/agora.xtec.cat\/ies-antoni-pous\/wp-content\/uploads\/usu283\/2020\/02\/educaci\u00f3-300x55.jpg 300w, https:\/\/agora.xtec.cat\/ies-antoni-pous\/wp-content\/uploads\/usu283\/2020\/02\/educaci\u00f3-768x140.jpg 768w\" sizes=\"auto, (max-width: 269px) 100vw, 269px\" \/><img loading=\"lazy\" decoding=\"async\" class=\"aligncenter wp-image-10551\" src=\"https:\/\/agora.xtec.cat\/ies-antoni-pous\/wp-content\/uploads\/usu283\/2020\/02\/logo-ministerio-1024x256.png\" alt=\"\" width=\"257\" height=\"64\" srcset=\"https:\/\/agora.xtec.cat\/ies-antoni-pous\/wp-content\/uploads\/usu283\/2020\/02\/logo-ministerio-1024x256.png 1024w, https:\/\/agora.xtec.cat\/ies-antoni-pous\/wp-content\/uploads\/usu283\/2020\/02\/logo-ministerio-300x75.png 300w, https:\/\/agora.xtec.cat\/ies-antoni-pous\/wp-content\/uploads\/usu283\/2020\/02\/logo-ministerio-768x192.png 768w, https:\/\/agora.xtec.cat\/ies-antoni-pous\/wp-content\/uploads\/usu283\/2020\/02\/logo-ministerio.png 1200w\" sizes=\"auto, (max-width: 257px) 100vw, 257px\" \/><\/td>\n<\/tr>\n<\/tbody>\n<\/table>\n<p>&nbsp;<\/p>\n<p>&nbsp;<\/p>\n","protected":false},"excerpt":{"rendered":"<p>Per acord del consell escolar, i amb el suport econ\u00f2mic del Fons Social Europeu (FSE), aquest curs 2023-2024, seguim amb [&hellip;]<\/p>\n","protected":false},"author":1,"featured_media":0,"parent":63,"menu_order":11,"comment_status":"closed","ping_status":"closed","template":"page-templates\/side-menu.php","meta":{"_bbp_topic_count":0,"_bbp_reply_count":0,"_bbp_total_topic_count":0,"_bbp_total_reply_count":0,"_bbp_voice_count":0,"_bbp_anonymous_reply_count":0,"_bbp_topic_count_hidden":0,"_bbp_reply_count_hidden":0,"_bbp_forum_subforum_count":0,"site-sidebar-layout":"default","site-content-layout":"","ast-site-content-layout":"","site-content-style":"default","site-sidebar-style":"default","ast-global-header-display":"","ast-banner-title-visibility":"","ast-main-header-display":"","ast-hfb-above-header-display":"","ast-hfb-below-header-display":"","ast-hfb-mobile-header-display":"","site-post-title":"","ast-breadcrumbs-content":"","ast-featured-img":"","footer-sml-layout":"","theme-transparent-header-meta":"","adv-header-id-meta":"","stick-header-meta":"","header-above-stick-meta":"","header-main-stick-meta":"","header-below-stick-meta":"","astra-migrate-meta-layouts":"default","ast-page-background-enabled":"default","ast-page-background-meta":{"desktop":{"background-color":"var(--ast-global-color-4)","background-image":"","background-repeat":"repeat","background-position":"center center","background-size":"auto","background-attachment":"scroll","background-type":"","background-media":"","overlay-type":"","overlay-color":"","overlay-opacity":"","overlay-gradient":""},"tablet":{"background-color":"","background-image":"","background-repeat":"repeat","background-position":"center center","background-size":"auto","background-attachment":"scroll","background-type":"","background-media":"","overlay-type":"","overlay-color":"","overlay-opacity":"","overlay-gradient":""},"mobile":{"background-color":"","background-image":"","background-repeat":"repeat","background-position":"center center","background-size":"auto","background-attachment":"scroll","background-type":"","background-media":"","overlay-type":"","overlay-color":"","overlay-opacity":"","overlay-gradient":""}},"ast-content-background-meta":{"desktop":{"background-color":"var(--ast-global-color-5)","background-image":"","background-repeat":"repeat","background-position":"center center","background-size":"auto","background-attachment":"scroll","background-type":"","background-media":"","overlay-type":"","overlay-color":"","overlay-opacity":"","overlay-gradient":""},"tablet":{"background-color":"var(--ast-global-color-5)","background-image":"","background-repeat":"repeat","background-position":"center center","background-size":"auto","background-attachment":"scroll","background-type":"","background-media":"","overlay-type":"","overlay-color":"","overlay-opacity":"","overlay-gradient":""},"mobile":{"background-color":"var(--ast-global-color-5)","background-image":"","background-repeat":"repeat","background-position":"center center","background-size":"auto","background-attachment":"scroll","background-type":"","background-media":"","overlay-type":"","overlay-color":"","overlay-opacity":"","overlay-gradient":""}},"footnotes":""},"class_list":["post-10548","page","type-page","status-publish","hentry"],"post_mailing_queue_ids":[],"_links":{"self":[{"href":"https:\/\/agora.xtec.cat\/ies-antoni-pous\/wp-json\/wp\/v2\/pages\/10548","targetHints":{"allow":["GET"]}}],"collection":[{"href":"https:\/\/agora.xtec.cat\/ies-antoni-pous\/wp-json\/wp\/v2\/pages"}],"about":[{"href":"https:\/\/agora.xtec.cat\/ies-antoni-pous\/wp-json\/wp\/v2\/types\/page"}],"author":[{"embeddable":true,"href":"https:\/\/agora.xtec.cat\/ies-antoni-pous\/wp-json\/wp\/v2\/users\/1"}],"replies":[{"embeddable":true,"href":"https:\/\/agora.xtec.cat\/ies-antoni-pous\/wp-json\/wp\/v2\/comments?post=10548"}],"version-history":[{"count":6,"href":"https:\/\/agora.xtec.cat\/ies-antoni-pous\/wp-json\/wp\/v2\/pages\/10548\/revisions"}],"predecessor-version":[{"id":14844,"href":"https:\/\/agora.xtec.cat\/ies-antoni-pous\/wp-json\/wp\/v2\/pages\/10548\/revisions\/14844"}],"up":[{"embeddable":true,"href":"https:\/\/agora.xtec.cat\/ies-antoni-pous\/wp-json\/wp\/v2\/pages\/63"}],"wp:attachment":[{"href":"https:\/\/agora.xtec.cat\/ies-antoni-pous\/wp-json\/wp\/v2\/media?parent=10548"}],"curies":[{"name":"wp","href":"https:\/\/api.w.org\/{rel}","templated":true}]}}