{"id":8859,"date":"2026-03-05T16:39:28","date_gmt":"2026-03-05T15:39:28","guid":{"rendered":"https:\/\/agora.xtec.cat\/ies-alexandre-de-riquer\/?page_id=8859"},"modified":"2026-03-11T16:01:02","modified_gmt":"2026-03-11T15:01:02","slug":"cfgm-sortides-educatives-i-professionals","status":"publish","type":"page","link":"https:\/\/agora.xtec.cat\/ies-alexandre-de-riquer\/cfgm-administracio-i-gestio\/cfgm-sortides-educatives-i-professionals\/","title":{"rendered":"Sortides educatives i professionals"},"content":{"rendered":"\n<p><strong>Sortides educatives<\/strong><\/p>\n\n\n\n<p>La formaci\u00f3 professional permet crear itineraris formatius amb prioritat d\u2019acc\u00e9s als cicles de grau superior que tinguin afinitat. El t\u00edtol de gesti\u00f3 administrativa de grau mitj\u00e0 forma part de l\u2019itinerari C i per tant t\u00e9 afinitat i prioritat d\u2019acc\u00e9s als cicles de grau superior de les fam\u00edlies:<\/p>\n\n\n\n<ul class=\"wp-block-list\">\n<li>Administraci\u00f3 i gesti\u00f3,\u00a0<\/li>\n\n\n\n<li>Comer\u00e7 i m\u00e0rqueting,\u00a0<\/li>\n\n\n\n<li>Hoteleria i turisme,\u00a0<\/li>\n\n\n\n<li>Inform\u00e0tica i comunicacions,\u00a0<\/li>\n\n\n\n<li>Serveis socioculturals i a la comunitat (inclou el cicle superior d\u2019educaci\u00f3 infantil),<\/li>\n\n\n\n<li>Seguretat i medi ambient (inclou el cicle superior de prevenci\u00f3 de riscos professionals)<\/li>\n<\/ul>\n\n\n\n<p><a href=\"https:\/\/triaeducativa.gencat.cat\/ca\/fp\/afinitat-families-professionals\/\">Consulta els itineraris<\/a><\/p>\n\n\n\n<p><a href=\"https:\/\/triaeducativa.gencat.cat\/ca\/fp\/grau-superior\/index.html\">Consulta els cicles de Grau Superior de cada familia<\/a><\/p>\n\n\n\n<p>Un cop finalitzat un cicle de grau superior, els alumnes poden continuar la seva formaci\u00f3 amb:<\/p>\n\n\n\n<ul class=\"wp-block-list\">\n<li>cursos d\u2019especialitzaci\u00f3<\/li>\n\n\n\n<li>graus universitaris<\/li>\n<\/ul>\n\n\n\n<p><strong>Sortides professionals<\/strong><\/p>\n\n\n\n<p>La superaci\u00f3 d&#8217;aquest cicle formatiu permet accedir al m\u00f3n laboral tant en grans com en petites empreses, en tots els sectors industrials i de serveis, oferint suport administratiu com a:&nbsp;<\/p>\n\n\n\n<ul class=\"wp-block-list\">\n<li>auxiliar administratiu o administrativa;\u00a0<\/li>\n\n\n\n<li>ajudant o ajudanta d&#8217;oficina;\u00a0<\/li>\n\n\n\n<li>auxiliar administratiu o administrativa de cobraments i pagaments, de gesti\u00f3 de personal;\u00a0<\/li>\n\n\n\n<li>administratiu o administrativa comercial;\u00a0<\/li>\n\n\n\n<li>auxiliar administratiu o administrativa de les administracions p\u00fabliques;\u00a0<\/li>\n\n\n\n<li>recepcionista;\u00a0<\/li>\n\n\n\n<li>empleat o empleada d&#8217;atenci\u00f3 al p\u00fablic;\u00a0<\/li>\n\n\n\n<li>empleat o empleada de tresoreria, i\u00a0<\/li>\n\n\n\n<li>empleat o empleada en mitjans de pagament.<\/li>\n<\/ul>\n","protected":false},"excerpt":{"rendered":"<p>Sortides educatives La formaci\u00f3 professional permet crear itineraris formatius amb prioritat d\u2019acc\u00e9s als cicles de grau superior que tinguin afinitat. El t\u00edtol de gesti\u00f3 administrativa de grau mitj\u00e0 forma part de l\u2019itinerari C i per tant t\u00e9 afinitat i prioritat d\u2019acc\u00e9s als cicles de grau superior de les fam\u00edlies: Consulta els itineraris Consulta els cicles [&hellip;]<\/p>\n","protected":false},"author":1,"featured_media":0,"parent":8826,"menu_order":0,"comment_status":"closed","ping_status":"close","template":"","meta":{"_bbp_topic_count":0,"_bbp_reply_count":0,"_bbp_total_topic_count":0,"_bbp_total_reply_count":0,"_bbp_voice_count":0,"_bbp_anonymous_reply_count":0,"_bbp_topic_count_hidden":0,"_bbp_reply_count_hidden":0,"_bbp_forum_subforum_count":0,"site-sidebar-layout":"default","site-content-layout":"","ast-site-content-layout":"default","site-content-style":"default","site-sidebar-style":"default","ast-global-header-display":"","ast-banner-title-visibility":"","ast-main-header-display":"","ast-hfb-above-header-display":"","ast-hfb-below-header-display":"","ast-hfb-mobile-header-display":"","site-post-title":"","ast-breadcrumbs-content":"","ast-featured-img":"","footer-sml-layout":"","theme-transparent-header-meta":"","adv-header-id-meta":"","stick-header-meta":"","header-above-stick-meta":"","header-main-stick-meta":"","header-below-stick-meta":"","astra-migrate-meta-layouts":"set","ast-page-background-enabled":"default","ast-page-background-meta":{"desktop":{"background-color":"var(--ast-global-color-4)","background-image":"","background-repeat":"repeat","background-position":"center center","background-size":"auto","background-attachment":"scroll","background-type":"","background-media":"","overlay-type":"","overlay-color":"","overlay-opacity":"","overlay-gradient":""},"tablet":{"background-color":"","background-image":"","background-repeat":"repeat","background-position":"center center","background-size":"auto","background-attachment":"scroll","background-type":"","background-media":"","overlay-type":"","overlay-color":"","overlay-opacity":"","overlay-gradient":""},"mobile":{"background-color":"","background-image":"","background-repeat":"repeat","background-position":"center center","background-size":"auto","background-attachment":"scroll","background-type":"","background-media":"","overlay-type":"","overlay-color":"","overlay-opacity":"","overlay-gradient":""}},"ast-content-background-meta":{"desktop":{"background-color":"var(--ast-global-color-5)","background-image":"","background-repeat":"repeat","background-position":"center center","background-size":"auto","background-attachment":"scroll","background-type":"","background-media":"","overlay-type":"","overlay-color":"","overlay-opacity":"","overlay-gradient":""},"tablet":{"background-color":"var(--ast-global-color-5)","background-image":"","background-repeat":"repeat","background-position":"center center","background-size":"auto","background-attachment":"scroll","background-type":"","background-media":"","overlay-type":"","overlay-color":"","overlay-opacity":"","overlay-gradient":""},"mobile":{"background-color":"var(--ast-global-color-5)","background-image":"","background-repeat":"repeat","background-position":"center center","background-size":"auto","background-attachment":"scroll","background-type":"","background-media":"","overlay-type":"","overlay-color":"","overlay-opacity":"","overlay-gradient":""}},"footnotes":""},"class_list":["post-8859","page","type-page","status-publish","hentry"],"post_mailing_queue_ids":[],"_links":{"self":[{"href":"https:\/\/agora.xtec.cat\/ies-alexandre-de-riquer\/wp-json\/wp\/v2\/pages\/8859","targetHints":{"allow":["GET"]}}],"collection":[{"href":"https:\/\/agora.xtec.cat\/ies-alexandre-de-riquer\/wp-json\/wp\/v2\/pages"}],"about":[{"href":"https:\/\/agora.xtec.cat\/ies-alexandre-de-riquer\/wp-json\/wp\/v2\/types\/page"}],"author":[{"embeddable":true,"href":"https:\/\/agora.xtec.cat\/ies-alexandre-de-riquer\/wp-json\/wp\/v2\/users\/1"}],"replies":[{"embeddable":true,"href":"https:\/\/agora.xtec.cat\/ies-alexandre-de-riquer\/wp-json\/wp\/v2\/comments?post=8859"}],"version-history":[{"count":3,"href":"https:\/\/agora.xtec.cat\/ies-alexandre-de-riquer\/wp-json\/wp\/v2\/pages\/8859\/revisions"}],"predecessor-version":[{"id":8903,"href":"https:\/\/agora.xtec.cat\/ies-alexandre-de-riquer\/wp-json\/wp\/v2\/pages\/8859\/revisions\/8903"}],"up":[{"embeddable":true,"href":"https:\/\/agora.xtec.cat\/ies-alexandre-de-riquer\/wp-json\/wp\/v2\/pages\/8826"}],"wp:attachment":[{"href":"https:\/\/agora.xtec.cat\/ies-alexandre-de-riquer\/wp-json\/wp\/v2\/media?parent=8859"}],"curies":[{"name":"wp","href":"https:\/\/api.w.org\/{rel}","templated":true}]}}