{"id":8854,"date":"2026-03-05T16:38:40","date_gmt":"2026-03-05T15:38:40","guid":{"rendered":"https:\/\/agora.xtec.cat\/ies-alexandre-de-riquer\/?page_id=8854"},"modified":"2026-03-11T16:01:13","modified_gmt":"2026-03-11T15:01:13","slug":"cfgm-moduls-del-cicle","status":"publish","type":"page","link":"https:\/\/agora.xtec.cat\/ies-alexandre-de-riquer\/cfgm-administracio-i-gestio\/cfgm-moduls-del-cicle\/","title":{"rendered":"M\u00f2duls del cicle"},"content":{"rendered":"\n<p><strong>M\u00f2duls del cicle de grau mitj\u00e0 de gesti\u00f3 administrativa<\/strong><\/p>\n\n\n\n<h3 class=\"wp-block-heading\">M\u00f2duls de 1r curs<\/h3>\n\n\n\n<figure class=\"wp-block-image size-full\"><a href=\"https:\/\/agora.xtec.cat\/ies-alexandre-de-riquer\/wp-content\/uploads\/usu862\/2026\/03\/image-1.png\"><img loading=\"lazy\" decoding=\"async\" width=\"940\" height=\"373\" src=\"https:\/\/agora.xtec.cat\/ies-alexandre-de-riquer\/wp-content\/uploads\/usu862\/2026\/03\/image-1.png\" alt=\"\" class=\"wp-image-8872\" srcset=\"https:\/\/agora.xtec.cat\/ies-alexandre-de-riquer\/wp-content\/uploads\/usu862\/2026\/03\/image-1.png 940w, https:\/\/agora.xtec.cat\/ies-alexandre-de-riquer\/wp-content\/uploads\/usu862\/2026\/03\/image-1-300x119.png 300w, https:\/\/agora.xtec.cat\/ies-alexandre-de-riquer\/wp-content\/uploads\/usu862\/2026\/03\/image-1-768x305.png 768w\" sizes=\"auto, (max-width: 940px) 100vw, 940px\" \/><\/a><\/figure>\n\n\n\n<h3 class=\"wp-block-heading\">M\u00f2duls de 2n curs<\/h3>\n\n\n\n<figure class=\"wp-block-image size-full\"><a href=\"https:\/\/agora.xtec.cat\/ies-alexandre-de-riquer\/wp-content\/uploads\/usu862\/2026\/03\/image.png\"><img loading=\"lazy\" decoding=\"async\" width=\"933\" height=\"401\" src=\"https:\/\/agora.xtec.cat\/ies-alexandre-de-riquer\/wp-content\/uploads\/usu862\/2026\/03\/image.png\" alt=\"\" class=\"wp-image-8871\" srcset=\"https:\/\/agora.xtec.cat\/ies-alexandre-de-riquer\/wp-content\/uploads\/usu862\/2026\/03\/image.png 933w, https:\/\/agora.xtec.cat\/ies-alexandre-de-riquer\/wp-content\/uploads\/usu862\/2026\/03\/image-300x129.png 300w, https:\/\/agora.xtec.cat\/ies-alexandre-de-riquer\/wp-content\/uploads\/usu862\/2026\/03\/image-768x330.png 768w\" sizes=\"auto, (max-width: 933px) 100vw, 933px\" \/><\/a><\/figure>\n","protected":false},"excerpt":{"rendered":"<p>M\u00f2duls del cicle de grau mitj\u00e0 de gesti\u00f3 administrativa M\u00f2duls de 1r curs M\u00f2duls de 2n curs<\/p>\n","protected":false},"author":1,"featured_media":0,"parent":8826,"menu_order":0,"comment_status":"closed","ping_status":"close","template":"","meta":{"_bbp_topic_count":0,"_bbp_reply_count":0,"_bbp_total_topic_count":0,"_bbp_total_reply_count":0,"_bbp_voice_count":0,"_bbp_anonymous_reply_count":0,"_bbp_topic_count_hidden":0,"_bbp_reply_count_hidden":0,"_bbp_forum_subforum_count":0,"site-sidebar-layout":"default","site-content-layout":"","ast-site-content-layout":"default","site-content-style":"default","site-sidebar-style":"default","ast-global-header-display":"","ast-banner-title-visibility":"","ast-main-header-display":"","ast-hfb-above-header-display":"","ast-hfb-below-header-display":"","ast-hfb-mobile-header-display":"","site-post-title":"","ast-breadcrumbs-content":"","ast-featured-img":"","footer-sml-layout":"","theme-transparent-header-meta":"","adv-header-id-meta":"","stick-header-meta":"","header-above-stick-meta":"","header-main-stick-meta":"","header-below-stick-meta":"","astra-migrate-meta-layouts":"set","ast-page-background-enabled":"default","ast-page-background-meta":{"desktop":{"background-color":"var(--ast-global-color-4)","background-image":"","background-repeat":"repeat","background-position":"center center","background-size":"auto","background-attachment":"scroll","background-type":"","background-media":"","overlay-type":"","overlay-color":"","overlay-opacity":"","overlay-gradient":""},"tablet":{"background-color":"","background-image":"","background-repeat":"repeat","background-position":"center center","background-size":"auto","background-attachment":"scroll","background-type":"","background-media":"","overlay-type":"","overlay-color":"","overlay-opacity":"","overlay-gradient":""},"mobile":{"background-color":"","background-image":"","background-repeat":"repeat","background-position":"center center","background-size":"auto","background-attachment":"scroll","background-type":"","background-media":"","overlay-type":"","overlay-color":"","overlay-opacity":"","overlay-gradient":""}},"ast-content-background-meta":{"desktop":{"background-color":"var(--ast-global-color-5)","background-image":"","background-repeat":"repeat","background-position":"center center","background-size":"auto","background-attachment":"scroll","background-type":"","background-media":"","overlay-type":"","overlay-color":"","overlay-opacity":"","overlay-gradient":""},"tablet":{"background-color":"var(--ast-global-color-5)","background-image":"","background-repeat":"repeat","background-position":"center center","background-size":"auto","background-attachment":"scroll","background-type":"","background-media":"","overlay-type":"","overlay-color":"","overlay-opacity":"","overlay-gradient":""},"mobile":{"background-color":"var(--ast-global-color-5)","background-image":"","background-repeat":"repeat","background-position":"center center","background-size":"auto","background-attachment":"scroll","background-type":"","background-media":"","overlay-type":"","overlay-color":"","overlay-opacity":"","overlay-gradient":""}},"footnotes":""},"class_list":["post-8854","page","type-page","status-publish","hentry"],"post_mailing_queue_ids":[],"_links":{"self":[{"href":"https:\/\/agora.xtec.cat\/ies-alexandre-de-riquer\/wp-json\/wp\/v2\/pages\/8854","targetHints":{"allow":["GET"]}}],"collection":[{"href":"https:\/\/agora.xtec.cat\/ies-alexandre-de-riquer\/wp-json\/wp\/v2\/pages"}],"about":[{"href":"https:\/\/agora.xtec.cat\/ies-alexandre-de-riquer\/wp-json\/wp\/v2\/types\/page"}],"author":[{"embeddable":true,"href":"https:\/\/agora.xtec.cat\/ies-alexandre-de-riquer\/wp-json\/wp\/v2\/users\/1"}],"replies":[{"embeddable":true,"href":"https:\/\/agora.xtec.cat\/ies-alexandre-de-riquer\/wp-json\/wp\/v2\/comments?post=8854"}],"version-history":[{"count":4,"href":"https:\/\/agora.xtec.cat\/ies-alexandre-de-riquer\/wp-json\/wp\/v2\/pages\/8854\/revisions"}],"predecessor-version":[{"id":8905,"href":"https:\/\/agora.xtec.cat\/ies-alexandre-de-riquer\/wp-json\/wp\/v2\/pages\/8854\/revisions\/8905"}],"up":[{"embeddable":true,"href":"https:\/\/agora.xtec.cat\/ies-alexandre-de-riquer\/wp-json\/wp\/v2\/pages\/8826"}],"wp:attachment":[{"href":"https:\/\/agora.xtec.cat\/ies-alexandre-de-riquer\/wp-json\/wp\/v2\/media?parent=8854"}],"curies":[{"name":"wp","href":"https:\/\/api.w.org\/{rel}","templated":true}]}}