{"id":8850,"date":"2026-03-05T16:38:09","date_gmt":"2026-03-05T15:38:09","guid":{"rendered":"https:\/\/agora.xtec.cat\/ies-alexandre-de-riquer\/?page_id=8850"},"modified":"2026-03-11T16:03:23","modified_gmt":"2026-03-11T15:03:23","slug":"cfgm-durada-i-semipresencialitat","status":"publish","type":"page","link":"https:\/\/agora.xtec.cat\/ies-alexandre-de-riquer\/cfgm-administracio-i-gestio\/cfgm-durada-i-semipresencialitat\/","title":{"rendered":"Durada i semipresencialitat"},"content":{"rendered":"\n<p><strong>Durada<\/strong><\/p>\n\n\n\n<p>Els estudis de gesti\u00f3 administrativa tenen una <strong>durada ordin\u00e0ria de 2.000 hores i s\u2019organitzen en 2 cursos,<\/strong> combinant les sessions lectives a l\u2019aula amb l\u2019estada a l\u2019empresa formativa.<\/p>\n\n\n\n<p>De forma ordin\u00e0ria s\u2019imparteix aquesta formaci\u00f3 en<strong> horari de mat\u00ed de 8 a 14:30 hores<\/strong>. Aquest horari \u00e9s orientatiu. L\u2019hora d\u2019inici al mat\u00ed i de finalitzaci\u00f3 al migdia pot variar lleugerament per organitzaci\u00f3 de les hores de formaci\u00f3 de cada curs i l\u2019estada a l\u2019empresa.<\/p>\n\n\n\n<p>\u00c9s voluntat de l\u2019Institut desenvolupar les activitats formatives amb la major adaptaci\u00f3 possible a l\u2019entorn del qual forma part, i \u00e9s per aquest motiu que a la formaci\u00f3 professional <strong>tamb\u00e9 s\u2019ofereix en modalitat semipresencial.&nbsp;<\/strong><\/p>\n\n\n\n<p><strong>Caracter\u00edstiques de la modalitat semipresencial<\/strong><\/p>\n\n\n\n<p>La modalitat semipresencial permet l\u2019acc\u00e9s a la formaci\u00f3 professional de les <strong>persones que no poden assistir presencialment a la totalitat de les classes (per feina, cura d\u2019altres persones o altra circumst\u00e0ncia excepcional).&nbsp;<\/strong><\/p>\n\n\n\n<p>Aquesta mesura flexibilitzadora combina l\u2019assist\u00e8ncia presencial a les classes amb activitats que no impliquen la pres\u00e8ncia al centre.<\/p>\n\n\n\n<ul class=\"wp-block-list\">\n<li>Pot aplicar-se a tots els m\u00f2duls, cr\u00e8dits o unitats formatives que es cursin o nom\u00e9s a una part.<\/li>\n\n\n\n<li>Cal assistir presencialment almenys a la meitat de les hores previstes per al cr\u00e8dit o unitat formativa.<\/li>\n\n\n\n<li>Cal fer totes les activitats d&#8217;aprenentatge programades per al cr\u00e8dit o unitat formativa.<\/li>\n\n\n\n<li>Les activitats que els alumnes cursin de modalitat semipresencial han de comportar la mateixa c\u00e0rrega hor\u00e0ria que les presencials.<\/li>\n\n\n\n<li>Els professors tutoritzen les activitats dels alumnes de manera telem\u00e0tica o amb els mitjans que s&#8217;acordin conjuntament amb l&#8217;alumne.<\/li>\n\n\n\n<li>Els continguts cursats de manera semipresencial s&#8217;avaluen de manera presencial.<\/li>\n<\/ul>\n\n\n\n<p>Cursar la formaci\u00f3 professional en modalitat semipresencial \u00e9s voluntari. <strong>Les persones interessades han de sol\u00b7licitar-ho per escrit a trav\u00e9s d\u2019inst\u00e0ncia a la secretaria de l\u2019institut, adjuntant la documentaci\u00f3 justificativa.<\/strong> El centre en tramitar\u00e0 la sol.licitud i en retornar\u00e0 la resposta que correspongui segons la normativa vigent que la regula.<\/p>\n","protected":false},"excerpt":{"rendered":"<p>Durada Els estudis de gesti\u00f3 administrativa tenen una durada ordin\u00e0ria de 2.000 hores i s\u2019organitzen en 2 cursos, combinant les sessions lectives a l\u2019aula amb l\u2019estada a l\u2019empresa formativa. De forma ordin\u00e0ria s\u2019imparteix aquesta formaci\u00f3 en horari de mat\u00ed de 8 a 14:30 hores. Aquest horari \u00e9s orientatiu. L\u2019hora d\u2019inici al mat\u00ed i de finalitzaci\u00f3 [&hellip;]<\/p>\n","protected":false},"author":1,"featured_media":0,"parent":8826,"menu_order":0,"comment_status":"closed","ping_status":"close","template":"","meta":{"_bbp_topic_count":0,"_bbp_reply_count":0,"_bbp_total_topic_count":0,"_bbp_total_reply_count":0,"_bbp_voice_count":0,"_bbp_anonymous_reply_count":0,"_bbp_topic_count_hidden":0,"_bbp_reply_count_hidden":0,"_bbp_forum_subforum_count":0,"site-sidebar-layout":"default","site-content-layout":"","ast-site-content-layout":"default","site-content-style":"default","site-sidebar-style":"default","ast-global-header-display":"","ast-banner-title-visibility":"","ast-main-header-display":"","ast-hfb-above-header-display":"","ast-hfb-below-header-display":"","ast-hfb-mobile-header-display":"","site-post-title":"","ast-breadcrumbs-content":"","ast-featured-img":"","footer-sml-layout":"","theme-transparent-header-meta":"","adv-header-id-meta":"","stick-header-meta":"","header-above-stick-meta":"","header-main-stick-meta":"","header-below-stick-meta":"","astra-migrate-meta-layouts":"set","ast-page-background-enabled":"default","ast-page-background-meta":{"desktop":{"background-color":"var(--ast-global-color-4)","background-image":"","background-repeat":"repeat","background-position":"center center","background-size":"auto","background-attachment":"scroll","background-type":"","background-media":"","overlay-type":"","overlay-color":"","overlay-opacity":"","overlay-gradient":""},"tablet":{"background-color":"","background-image":"","background-repeat":"repeat","background-position":"center center","background-size":"auto","background-attachment":"scroll","background-type":"","background-media":"","overlay-type":"","overlay-color":"","overlay-opacity":"","overlay-gradient":""},"mobile":{"background-color":"","background-image":"","background-repeat":"repeat","background-position":"center center","background-size":"auto","background-attachment":"scroll","background-type":"","background-media":"","overlay-type":"","overlay-color":"","overlay-opacity":"","overlay-gradient":""}},"ast-content-background-meta":{"desktop":{"background-color":"var(--ast-global-color-5)","background-image":"","background-repeat":"repeat","background-position":"center center","background-size":"auto","background-attachment":"scroll","background-type":"","background-media":"","overlay-type":"","overlay-color":"","overlay-opacity":"","overlay-gradient":""},"tablet":{"background-color":"var(--ast-global-color-5)","background-image":"","background-repeat":"repeat","background-position":"center center","background-size":"auto","background-attachment":"scroll","background-type":"","background-media":"","overlay-type":"","overlay-color":"","overlay-opacity":"","overlay-gradient":""},"mobile":{"background-color":"var(--ast-global-color-5)","background-image":"","background-repeat":"repeat","background-position":"center center","background-size":"auto","background-attachment":"scroll","background-type":"","background-media":"","overlay-type":"","overlay-color":"","overlay-opacity":"","overlay-gradient":""}},"footnotes":""},"class_list":["post-8850","page","type-page","status-publish","hentry"],"post_mailing_queue_ids":[],"_links":{"self":[{"href":"https:\/\/agora.xtec.cat\/ies-alexandre-de-riquer\/wp-json\/wp\/v2\/pages\/8850","targetHints":{"allow":["GET"]}}],"collection":[{"href":"https:\/\/agora.xtec.cat\/ies-alexandre-de-riquer\/wp-json\/wp\/v2\/pages"}],"about":[{"href":"https:\/\/agora.xtec.cat\/ies-alexandre-de-riquer\/wp-json\/wp\/v2\/types\/page"}],"author":[{"embeddable":true,"href":"https:\/\/agora.xtec.cat\/ies-alexandre-de-riquer\/wp-json\/wp\/v2\/users\/1"}],"replies":[{"embeddable":true,"href":"https:\/\/agora.xtec.cat\/ies-alexandre-de-riquer\/wp-json\/wp\/v2\/comments?post=8850"}],"version-history":[{"count":4,"href":"https:\/\/agora.xtec.cat\/ies-alexandre-de-riquer\/wp-json\/wp\/v2\/pages\/8850\/revisions"}],"predecessor-version":[{"id":8908,"href":"https:\/\/agora.xtec.cat\/ies-alexandre-de-riquer\/wp-json\/wp\/v2\/pages\/8850\/revisions\/8908"}],"up":[{"embeddable":true,"href":"https:\/\/agora.xtec.cat\/ies-alexandre-de-riquer\/wp-json\/wp\/v2\/pages\/8826"}],"wp:attachment":[{"href":"https:\/\/agora.xtec.cat\/ies-alexandre-de-riquer\/wp-json\/wp\/v2\/media?parent=8850"}],"curies":[{"name":"wp","href":"https:\/\/api.w.org\/{rel}","templated":true}]}}