{"id":8368,"date":"2025-02-05T10:37:16","date_gmt":"2025-02-05T09:37:16","guid":{"rendered":"https:\/\/agora.xtec.cat\/ies-alexandre-de-riquer\/?page_id=8368"},"modified":"2025-02-07T16:20:42","modified_gmt":"2025-02-07T15:20:42","slug":"comissions","status":"publish","type":"page","link":"https:\/\/agora.xtec.cat\/ies-alexandre-de-riquer\/comissions\/","title":{"rendered":"Comissions"},"content":{"rendered":"<p><span style=\"font-weight: 400;\">El professorat s&#8217;organitza en una de les diferents comissions i part de l&#8217;alumant en la d&#8217;Escoles Verdes i de Conviv\u00e8ncia.\u00a0<\/span><\/p>\n<ul>\n<li aria-level=\"1\"><b>Comissi\u00f3 d\u2019Escoles Verdes<\/b><\/li>\n<\/ul>\n<p><span style=\"font-weight: 400;\">Com a Escola Verda es treballa en la reducci\u00f3 de residus (especialment al pati), en l\u2019estalvi energ\u00e8tic a les aules, l\u2019hort, el Comit\u00e8 Ambiental, Let\u2019s Clean Up, el projecte Rius, el reciclatge de piles i amb l\u2019\u00fas de la nova estaci\u00f3 meteorol\u00f2gica.\u00a0<\/span><\/p>\n<ul>\n<li aria-level=\"1\"><b>Comissi\u00f3 de Conviv\u00e8ncia<\/b><\/li>\n<\/ul>\n<p><span style=\"font-weight: 400;\">La Comissi\u00f3 de Conviv\u00e8ncia est\u00e0 dividida en 6 subcomissions: benestar emocional, coeducaci\u00f3, patis educatius, programa Vincles, mediaci\u00f3 i fam\u00edlia i escola<\/span><span style=\"font-weight: 400;\">.\u00a0<\/span><\/p>\n<ul>\n<li aria-level=\"1\"><b>Comissi\u00f3 Digital<\/b><\/li>\n<\/ul>\n<p><span style=\"font-weight: 400;\">Anir\u00e0 fent el seguiment de l&#8217;Estrat\u00e8gia Digital del Centre.\u00a0\u00a0<\/span><\/p>\n<ul>\n<li aria-level=\"1\"><b>Comissi\u00f3 de Festes<\/b><\/li>\n<\/ul>\n<p><span style=\"font-weight: 400;\">Ajuda a organitzar jornades concretes com la festa de Nadal o esdeveniments com el 8M.\u00a0\u00a0<\/span><\/p>\n<ul>\n<li aria-level=\"1\"><b>Comissi\u00f3 de Llengua<\/b><\/li>\n<\/ul>\n<p><span style=\"font-weight: 400;\">Aquest curs s\u2019inicia la formaci\u00f3 ULAE d\u2019usos ling\u00fc\u00edstics. S&#8217;est\u00e0 treballant en l\u2019elaboraci\u00f3 de noves situacions d\u2019aprenentatge sobre la conscienciaci\u00f3 en l\u2019\u00fas del catal\u00e0 i la valoraci\u00f3 de les lleng\u00fces minoritzades i d\u2019origen dels alumnes.\u00a0<\/span><\/p>\n<p><a href=\"https:\/\/agora.xtec.cat\/ies-alexandre-de-riquer\/wp-content\/uploads\/usu862\/2025\/02\/Logo-ESCOLA-VERDA-DEFINITIU-1-300x300-1.png\"><img loading=\"lazy\" decoding=\"async\" class=\"alignnone size-full wp-image-8407\" src=\"https:\/\/agora.xtec.cat\/ies-alexandre-de-riquer\/wp-content\/uploads\/usu862\/2025\/02\/Logo-ESCOLA-VERDA-DEFINITIU-1-300x300-1.png\" alt=\"\" width=\"300\" height=\"300\" srcset=\"https:\/\/agora.xtec.cat\/ies-alexandre-de-riquer\/wp-content\/uploads\/usu862\/2025\/02\/Logo-ESCOLA-VERDA-DEFINITIU-1-300x300-1.png 300w, https:\/\/agora.xtec.cat\/ies-alexandre-de-riquer\/wp-content\/uploads\/usu862\/2025\/02\/Logo-ESCOLA-VERDA-DEFINITIU-1-300x300-1-150x150.png 150w\" sizes=\"auto, (max-width: 300px) 100vw, 300px\" \/><\/a><\/p>\n","protected":false},"excerpt":{"rendered":"<p>El professorat s&#8217;organitza en una de les diferents comissions i part de l&#8217;alumant en la d&#8217;Escoles Verdes i de Conviv\u00e8ncia.\u00a0 Comissi\u00f3 d\u2019Escoles Verdes Com a Escola Verda es treballa en la reducci\u00f3 de residus (especialment al pati), en l\u2019estalvi energ\u00e8tic a les aules, l\u2019hort, el Comit\u00e8 Ambiental, Let\u2019s Clean Up, el projecte Rius, el reciclatge [&hellip;]<\/p>\n","protected":false},"author":1,"featured_media":0,"parent":0,"menu_order":0,"comment_status":"closed","ping_status":"closed","template":"","meta":{"_bbp_topic_count":0,"_bbp_reply_count":0,"_bbp_total_topic_count":0,"_bbp_total_reply_count":0,"_bbp_voice_count":0,"_bbp_anonymous_reply_count":0,"_bbp_topic_count_hidden":0,"_bbp_reply_count_hidden":0,"_bbp_forum_subforum_count":0,"site-sidebar-layout":"default","site-content-layout":"","ast-site-content-layout":"","site-content-style":"default","site-sidebar-style":"default","ast-global-header-display":"","ast-banner-title-visibility":"","ast-main-header-display":"","ast-hfb-above-header-display":"","ast-hfb-below-header-display":"","ast-hfb-mobile-header-display":"","site-post-title":"","ast-breadcrumbs-content":"","ast-featured-img":"","footer-sml-layout":"","theme-transparent-header-meta":"","adv-header-id-meta":"","stick-header-meta":"","header-above-stick-meta":"","header-main-stick-meta":"","header-below-stick-meta":"","astra-migrate-meta-layouts":"default","ast-page-background-enabled":"default","ast-page-background-meta":{"desktop":{"background-color":"var(--ast-global-color-4)","background-image":"","background-repeat":"repeat","background-position":"center center","background-size":"auto","background-attachment":"scroll","background-type":"","background-media":"","overlay-type":"","overlay-color":"","overlay-opacity":"","overlay-gradient":""},"tablet":{"background-color":"","background-image":"","background-repeat":"repeat","background-position":"center center","background-size":"auto","background-attachment":"scroll","background-type":"","background-media":"","overlay-type":"","overlay-color":"","overlay-opacity":"","overlay-gradient":""},"mobile":{"background-color":"","background-image":"","background-repeat":"repeat","background-position":"center center","background-size":"auto","background-attachment":"scroll","background-type":"","background-media":"","overlay-type":"","overlay-color":"","overlay-opacity":"","overlay-gradient":""}},"ast-content-background-meta":{"desktop":{"background-color":"var(--ast-global-color-5)","background-image":"","background-repeat":"repeat","background-position":"center center","background-size":"auto","background-attachment":"scroll","background-type":"","background-media":"","overlay-type":"","overlay-color":"","overlay-opacity":"","overlay-gradient":""},"tablet":{"background-color":"var(--ast-global-color-5)","background-image":"","background-repeat":"repeat","background-position":"center center","background-size":"auto","background-attachment":"scroll","background-type":"","background-media":"","overlay-type":"","overlay-color":"","overlay-opacity":"","overlay-gradient":""},"mobile":{"background-color":"var(--ast-global-color-5)","background-image":"","background-repeat":"repeat","background-position":"center center","background-size":"auto","background-attachment":"scroll","background-type":"","background-media":"","overlay-type":"","overlay-color":"","overlay-opacity":"","overlay-gradient":""}},"footnotes":""},"class_list":["post-8368","page","type-page","status-publish","hentry"],"post_mailing_queue_ids":[],"_links":{"self":[{"href":"https:\/\/agora.xtec.cat\/ies-alexandre-de-riquer\/wp-json\/wp\/v2\/pages\/8368","targetHints":{"allow":["GET"]}}],"collection":[{"href":"https:\/\/agora.xtec.cat\/ies-alexandre-de-riquer\/wp-json\/wp\/v2\/pages"}],"about":[{"href":"https:\/\/agora.xtec.cat\/ies-alexandre-de-riquer\/wp-json\/wp\/v2\/types\/page"}],"author":[{"embeddable":true,"href":"https:\/\/agora.xtec.cat\/ies-alexandre-de-riquer\/wp-json\/wp\/v2\/users\/1"}],"replies":[{"embeddable":true,"href":"https:\/\/agora.xtec.cat\/ies-alexandre-de-riquer\/wp-json\/wp\/v2\/comments?post=8368"}],"version-history":[{"count":4,"href":"https:\/\/agora.xtec.cat\/ies-alexandre-de-riquer\/wp-json\/wp\/v2\/pages\/8368\/revisions"}],"predecessor-version":[{"id":8408,"href":"https:\/\/agora.xtec.cat\/ies-alexandre-de-riquer\/wp-json\/wp\/v2\/pages\/8368\/revisions\/8408"}],"wp:attachment":[{"href":"https:\/\/agora.xtec.cat\/ies-alexandre-de-riquer\/wp-json\/wp\/v2\/media?parent=8368"}],"curies":[{"name":"wp","href":"https:\/\/api.w.org\/{rel}","templated":true}]}}