{"id":8357,"date":"2025-02-05T10:35:23","date_gmt":"2025-02-05T09:35:23","guid":{"rendered":"https:\/\/agora.xtec.cat\/ies-alexandre-de-riquer\/?page_id=8357"},"modified":"2025-10-23T11:17:11","modified_gmt":"2025-10-23T09:17:11","slug":"espai-i-benestar-emocional","status":"publish","type":"page","link":"https:\/\/agora.xtec.cat\/ies-alexandre-de-riquer\/espai-i-benestar-emocional\/","title":{"rendered":"Espai i Benestar Emocional"},"content":{"rendered":"<p><a href=\"https:\/\/padlet.com\/insalexandrederiquer\/recursos_educatius\">Espai<\/a><\/p>\n<p><span style=\"font-weight: 400;\">El programa Espai \u00e9s una proposta d&#8217;ajuda psicopedag\u00f2gica que utilitza la psicomotricitat com a marc metodol\u00f2gic tamb\u00e9 per als adolescents.\u00a0<\/span><\/p>\n<p><span style=\"font-weight: 400;\">Les sessions s\u00f3n d&#8217;una hora de durada i es duen a terme un cop per setmana\u00a0 a l&#8217;aula ESPAI. Es fan en grups d&#8217;entre 4 i 6 participants que s\u00f3n escollits per la psicopedagoga, la coordinadora pedag\u00f2gica i els tutors. El seguiment de les sessions tamb\u00e9 es fa conjuntament amb la col\u00b7laboraci\u00f3 de l&#8217;EAP i de les fam\u00edlies. El programa dura un m\u00ednim d&#8217;un trimestre i un m\u00e0xim de tot un curs.<\/span><\/p>\n<ul style=\"list-style-type: circle;\">\n<li><span style=\"font-weight: 400;\">Objectiu general: <\/span><i><span style=\"font-weight: 400;\">ajudar a adquirir les habilitats emocionals que els permetin dignificar les seves vides i enfortir el seu proc\u00e9s maduratiu.<\/span><\/i><\/li>\n<li><span style=\"font-weight: 400;\">Objectius espec\u00edfics: <\/span><i><span style=\"font-weight: 400;\">ajudar a desenvolupar la pr\u00f2pia expressivitat, millorar les capacitats relacionals i comunicatives<\/span><\/i><span style=\"font-weight: 400;\"> \u00a0<\/span><i><span style=\"font-weight: 400;\">per poder formar part del grup amb seguretat i autonomia, i poder establir vincles.<\/span><\/i><\/li>\n<\/ul>\n<p><a href=\"https:\/\/padlet.com\/insalexandrederiquer\/playlist-for-democracy-3mk12mgxhy3mmqfl\"><strong>Playlist for Democracy<\/strong><\/a><\/p>\n<p><span style=\"font-weight: 400;\">Cada canvi de classe, inici o final ve marcat per un fragment de can\u00e7\u00f3. Per tal que hi hagi una implicaci\u00f3 de l\u2019alumnat s\u2019ha creat un projecte en qu\u00e8 e<\/span><span style=\"font-weight: 400;\">ls professors proposen als alumnes que s&#8217;han esfro\u00e7at molt per fer una tasca , que tri\u00efn una can\u00e7\u00f3 per aquella setmana.\u00a0<\/span><\/p>\n<p><a href=\"https:\/\/agora.xtec.cat\/ies-alexandre-de-riquer\/wp-content\/uploads\/usu862\/2025\/02\/playlist.png\"><img loading=\"lazy\" decoding=\"async\" class=\"alignnone size-full wp-image-8405\" src=\"https:\/\/agora.xtec.cat\/ies-alexandre-de-riquer\/wp-content\/uploads\/usu862\/2025\/02\/playlist.png\" alt=\"\" width=\"300\" height=\"300\" srcset=\"https:\/\/agora.xtec.cat\/ies-alexandre-de-riquer\/wp-content\/uploads\/usu862\/2025\/02\/playlist.png 300w, https:\/\/agora.xtec.cat\/ies-alexandre-de-riquer\/wp-content\/uploads\/usu862\/2025\/02\/playlist-150x150.png 150w\" sizes=\"auto, (max-width: 300px) 100vw, 300px\" \/><\/a><\/p>\n<p><a href=\"https:\/\/padlet.com\/insalexandrederiquer\/recursos_educatius\">Recursos Educatius per al professorat i les fam\u00edlies<\/a><\/p>\n<p>Aquest \u00e9s un Padlet per compartir materials interessants que ens poden servir, tant a professorat com a les fam\u00edles, per entendre, reflexionar i saber m\u00e9s sobre el proc\u00e9s de creixement durant l&#8217;adolesc\u00e8ncia. Hi podeu penjar lectures, articles, documentals o entrevistes que penseu que ens poden ajudar.<\/p>\n\n\n<p><\/p>\n","protected":false},"excerpt":{"rendered":"<p>Espai El programa Espai \u00e9s una proposta d&#8217;ajuda psicopedag\u00f2gica que utilitza la psicomotricitat com a marc metodol\u00f2gic tamb\u00e9 per als adolescents.\u00a0 Les sessions s\u00f3n d&#8217;una hora de durada i es duen a terme un cop per setmana\u00a0 a l&#8217;aula ESPAI. Es fan en grups d&#8217;entre 4 i 6 participants que s\u00f3n escollits per la psicopedagoga, [&hellip;]<\/p>\n","protected":false},"author":1,"featured_media":0,"parent":0,"menu_order":0,"comment_status":"closed","ping_status":"closed","template":"","meta":{"_bbp_topic_count":0,"_bbp_reply_count":0,"_bbp_total_topic_count":0,"_bbp_total_reply_count":0,"_bbp_voice_count":0,"_bbp_anonymous_reply_count":0,"_bbp_topic_count_hidden":0,"_bbp_reply_count_hidden":0,"_bbp_forum_subforum_count":0,"site-sidebar-layout":"default","site-content-layout":"","ast-site-content-layout":"default","site-content-style":"default","site-sidebar-style":"default","ast-global-header-display":"","ast-banner-title-visibility":"","ast-main-header-display":"","ast-hfb-above-header-display":"","ast-hfb-below-header-display":"","ast-hfb-mobile-header-display":"","site-post-title":"","ast-breadcrumbs-content":"","ast-featured-img":"","footer-sml-layout":"","theme-transparent-header-meta":"","adv-header-id-meta":"","stick-header-meta":"","header-above-stick-meta":"","header-main-stick-meta":"","header-below-stick-meta":"","astra-migrate-meta-layouts":"set","ast-page-background-enabled":"default","ast-page-background-meta":{"desktop":{"background-color":"var(--ast-global-color-4)","background-image":"","background-repeat":"repeat","background-position":"center center","background-size":"auto","background-attachment":"scroll","background-type":"","background-media":"","overlay-type":"","overlay-color":"","overlay-opacity":"","overlay-gradient":""},"tablet":{"background-color":"","background-image":"","background-repeat":"repeat","background-position":"center center","background-size":"auto","background-attachment":"scroll","background-type":"","background-media":"","overlay-type":"","overlay-color":"","overlay-opacity":"","overlay-gradient":""},"mobile":{"background-color":"","background-image":"","background-repeat":"repeat","background-position":"center center","background-size":"auto","background-attachment":"scroll","background-type":"","background-media":"","overlay-type":"","overlay-color":"","overlay-opacity":"","overlay-gradient":""}},"ast-content-background-meta":{"desktop":{"background-color":"var(--ast-global-color-5)","background-image":"","background-repeat":"repeat","background-position":"center center","background-size":"auto","background-attachment":"scroll","background-type":"","background-media":"","overlay-type":"","overlay-color":"","overlay-opacity":"","overlay-gradient":""},"tablet":{"background-color":"var(--ast-global-color-5)","background-image":"","background-repeat":"repeat","background-position":"center center","background-size":"auto","background-attachment":"scroll","background-type":"","background-media":"","overlay-type":"","overlay-color":"","overlay-opacity":"","overlay-gradient":""},"mobile":{"background-color":"var(--ast-global-color-5)","background-image":"","background-repeat":"repeat","background-position":"center center","background-size":"auto","background-attachment":"scroll","background-type":"","background-media":"","overlay-type":"","overlay-color":"","overlay-opacity":"","overlay-gradient":""}},"footnotes":""},"class_list":["post-8357","page","type-page","status-publish","hentry"],"post_mailing_queue_ids":[],"_links":{"self":[{"href":"https:\/\/agora.xtec.cat\/ies-alexandre-de-riquer\/wp-json\/wp\/v2\/pages\/8357","targetHints":{"allow":["GET"]}}],"collection":[{"href":"https:\/\/agora.xtec.cat\/ies-alexandre-de-riquer\/wp-json\/wp\/v2\/pages"}],"about":[{"href":"https:\/\/agora.xtec.cat\/ies-alexandre-de-riquer\/wp-json\/wp\/v2\/types\/page"}],"author":[{"embeddable":true,"href":"https:\/\/agora.xtec.cat\/ies-alexandre-de-riquer\/wp-json\/wp\/v2\/users\/1"}],"replies":[{"embeddable":true,"href":"https:\/\/agora.xtec.cat\/ies-alexandre-de-riquer\/wp-json\/wp\/v2\/comments?post=8357"}],"version-history":[{"count":6,"href":"https:\/\/agora.xtec.cat\/ies-alexandre-de-riquer\/wp-json\/wp\/v2\/pages\/8357\/revisions"}],"predecessor-version":[{"id":8738,"href":"https:\/\/agora.xtec.cat\/ies-alexandre-de-riquer\/wp-json\/wp\/v2\/pages\/8357\/revisions\/8738"}],"wp:attachment":[{"href":"https:\/\/agora.xtec.cat\/ies-alexandre-de-riquer\/wp-json\/wp\/v2\/media?parent=8357"}],"curies":[{"name":"wp","href":"https:\/\/api.w.org\/{rel}","templated":true}]}}