{"id":8355,"date":"2025-02-05T10:35:16","date_gmt":"2025-02-05T09:35:16","guid":{"rendered":"https:\/\/agora.xtec.cat\/ies-alexandre-de-riquer\/?page_id=8355"},"modified":"2025-02-07T16:36:32","modified_gmt":"2025-02-07T15:36:32","slug":"hort-escolar","status":"publish","type":"page","link":"https:\/\/agora.xtec.cat\/ies-alexandre-de-riquer\/hort-escolar\/","title":{"rendered":"Hort Escolar"},"content":{"rendered":"<div><span style=\"font-family: arial, sans-serif;\">\u00a0<\/span><\/div>\n<div>\n<p><span style=\"font-family: arial, sans-serif;\">El projecte d\u2019un hort municipal escolar ecol\u00f2gic facilitat per l\u2019ajuntament de Calaf continua sent cabdal en el funcionament de l\u2019institut. Forma part del programa d&#8217;Escoles Verdes.<\/span><\/p>\n<p class=\"gmail-western\" lang=\"ca-ES\"><span style=\"font-family: arial, sans-serif;\">L&#8217;objectiu principal consisteix en crear un hort escolar ecol\u00f2gic que permeti als alumnes el desenvolupament dels seus coneixements i habilitats. L&#8217;hort escolar utilitza la metodologia de treball per projectes. De fet, l&#8217;hort passa\u00a0a ser considerat com una aula m\u00e9s de l&#8217;institut.\u00a0<\/span><\/p>\n<p class=\"gmail-western\" lang=\"ca-ES\"><span style=\"font-family: arial, sans-serif;\">L&#8217;hort urb\u00e0 va destinat a alumnes de 4t de l&#8217;ESO que fan l&#8217;assignatura de tecnologia en la modalitat del professional. Tamb\u00e9 en fan \u00fas la resta d&#8217;alumnes del centre com poden ser els alumnes de 1r d&#8217;ESO amb la mat\u00e8ria de Cuidem l&#8217;Entorn i l&#8217;apartat de Plantes Medicinals i Arom\u00e0tiques.<\/span><\/p>\n<p class=\"gmail-western\" lang=\"ca-ES\"><span style=\"font-family: arial, sans-serif;\">Els objectius espec\u00edfics s\u00f3n:<\/span><\/p>\n<ul>\n<li><span style=\"font-family: arial, sans-serif;\">Aprendre a analitzar el medi natural per descobrir els seus elements, interrelacions, organitzaci\u00f3 i funcions.<\/span><\/li>\n<li lang=\"ca-ES\"><span style=\"font-family: arial, sans-serif;\">Con\u00e8ixer els impactes negatius associats a la producci\u00f3 agr\u00edcola: pesticides, aliments transg\u00e8nics, etc.<\/span><\/li>\n<li lang=\"ca-ES\"><span style=\"font-family: arial, sans-serif;\">Possibilitar un aprenentatge interdisciplinar.<\/span><\/li>\n<li lang=\"ca-ES\"><span style=\"font-family: arial, sans-serif;\">Fomentar les activitats cooperatives a trav\u00e9s de\u00ed treball en grup.<\/span><\/li>\n<li lang=\"ca-ES\"><span style=\"font-family: arial, sans-serif;\">Valorar la import\u00e0ncia del consum de verdures fresques i una dieta sana.<\/span><\/li>\n<li lang=\"ca-ES\"><span style=\"font-family: arial, sans-serif;\">Reflexionar sobre la producci\u00f3, distribuci\u00f3 i consum dels productes.<\/span><\/li>\n<li lang=\"ca-ES\"><span style=\"font-family: arial, sans-serif;\">Formar els alumnes en t\u00e8cniques de cultiu ecol\u00f2gic i desenvolupament de l&#8217;hort.<\/span><\/li>\n<\/ul>\n<p><a href=\"https:\/\/agora.xtec.cat\/ies-alexandre-de-riquer\/wp-content\/uploads\/usu862\/2025\/02\/hort.jpg\"><img loading=\"lazy\" decoding=\"async\" class=\"alignnone size-full wp-image-8410\" src=\"https:\/\/agora.xtec.cat\/ies-alexandre-de-riquer\/wp-content\/uploads\/usu862\/2025\/02\/hort.jpg\" alt=\"\" width=\"1024\" height=\"805\" srcset=\"https:\/\/agora.xtec.cat\/ies-alexandre-de-riquer\/wp-content\/uploads\/usu862\/2025\/02\/hort.jpg 1024w, https:\/\/agora.xtec.cat\/ies-alexandre-de-riquer\/wp-content\/uploads\/usu862\/2025\/02\/hort-300x236.jpg 300w, https:\/\/agora.xtec.cat\/ies-alexandre-de-riquer\/wp-content\/uploads\/usu862\/2025\/02\/hort-768x604.jpg 768w\" sizes=\"auto, (max-width: 1024px) 100vw, 1024px\" \/><\/a><\/p>\n<\/div>\n","protected":false},"excerpt":{"rendered":"<p>\u00a0 El projecte d\u2019un hort municipal escolar ecol\u00f2gic facilitat per l\u2019ajuntament de Calaf continua sent cabdal en el funcionament de l\u2019institut. Forma part del programa d&#8217;Escoles Verdes. L&#8217;objectiu principal consisteix en crear un hort escolar ecol\u00f2gic que permeti als alumnes el desenvolupament dels seus coneixements i habilitats. L&#8217;hort escolar utilitza la metodologia de treball per [&hellip;]<\/p>\n","protected":false},"author":1,"featured_media":0,"parent":0,"menu_order":0,"comment_status":"closed","ping_status":"closed","template":"","meta":{"_bbp_topic_count":0,"_bbp_reply_count":0,"_bbp_total_topic_count":0,"_bbp_total_reply_count":0,"_bbp_voice_count":0,"_bbp_anonymous_reply_count":0,"_bbp_topic_count_hidden":0,"_bbp_reply_count_hidden":0,"_bbp_forum_subforum_count":0,"site-sidebar-layout":"default","site-content-layout":"","ast-site-content-layout":"","site-content-style":"default","site-sidebar-style":"default","ast-global-header-display":"","ast-banner-title-visibility":"","ast-main-header-display":"","ast-hfb-above-header-display":"","ast-hfb-below-header-display":"","ast-hfb-mobile-header-display":"","site-post-title":"","ast-breadcrumbs-content":"","ast-featured-img":"","footer-sml-layout":"","theme-transparent-header-meta":"","adv-header-id-meta":"","stick-header-meta":"","header-above-stick-meta":"","header-main-stick-meta":"","header-below-stick-meta":"","astra-migrate-meta-layouts":"default","ast-page-background-enabled":"default","ast-page-background-meta":{"desktop":{"background-color":"var(--ast-global-color-4)","background-image":"","background-repeat":"repeat","background-position":"center center","background-size":"auto","background-attachment":"scroll","background-type":"","background-media":"","overlay-type":"","overlay-color":"","overlay-opacity":"","overlay-gradient":""},"tablet":{"background-color":"","background-image":"","background-repeat":"repeat","background-position":"center center","background-size":"auto","background-attachment":"scroll","background-type":"","background-media":"","overlay-type":"","overlay-color":"","overlay-opacity":"","overlay-gradient":""},"mobile":{"background-color":"","background-image":"","background-repeat":"repeat","background-position":"center center","background-size":"auto","background-attachment":"scroll","background-type":"","background-media":"","overlay-type":"","overlay-color":"","overlay-opacity":"","overlay-gradient":""}},"ast-content-background-meta":{"desktop":{"background-color":"var(--ast-global-color-5)","background-image":"","background-repeat":"repeat","background-position":"center center","background-size":"auto","background-attachment":"scroll","background-type":"","background-media":"","overlay-type":"","overlay-color":"","overlay-opacity":"","overlay-gradient":""},"tablet":{"background-color":"var(--ast-global-color-5)","background-image":"","background-repeat":"repeat","background-position":"center center","background-size":"auto","background-attachment":"scroll","background-type":"","background-media":"","overlay-type":"","overlay-color":"","overlay-opacity":"","overlay-gradient":""},"mobile":{"background-color":"var(--ast-global-color-5)","background-image":"","background-repeat":"repeat","background-position":"center center","background-size":"auto","background-attachment":"scroll","background-type":"","background-media":"","overlay-type":"","overlay-color":"","overlay-opacity":"","overlay-gradient":""}},"footnotes":""},"class_list":["post-8355","page","type-page","status-publish","hentry"],"post_mailing_queue_ids":[],"_links":{"self":[{"href":"https:\/\/agora.xtec.cat\/ies-alexandre-de-riquer\/wp-json\/wp\/v2\/pages\/8355","targetHints":{"allow":["GET"]}}],"collection":[{"href":"https:\/\/agora.xtec.cat\/ies-alexandre-de-riquer\/wp-json\/wp\/v2\/pages"}],"about":[{"href":"https:\/\/agora.xtec.cat\/ies-alexandre-de-riquer\/wp-json\/wp\/v2\/types\/page"}],"author":[{"embeddable":true,"href":"https:\/\/agora.xtec.cat\/ies-alexandre-de-riquer\/wp-json\/wp\/v2\/users\/1"}],"replies":[{"embeddable":true,"href":"https:\/\/agora.xtec.cat\/ies-alexandre-de-riquer\/wp-json\/wp\/v2\/comments?post=8355"}],"version-history":[{"count":4,"href":"https:\/\/agora.xtec.cat\/ies-alexandre-de-riquer\/wp-json\/wp\/v2\/pages\/8355\/revisions"}],"predecessor-version":[{"id":8411,"href":"https:\/\/agora.xtec.cat\/ies-alexandre-de-riquer\/wp-json\/wp\/v2\/pages\/8355\/revisions\/8411"}],"wp:attachment":[{"href":"https:\/\/agora.xtec.cat\/ies-alexandre-de-riquer\/wp-json\/wp\/v2\/media?parent=8355"}],"curies":[{"name":"wp","href":"https:\/\/api.w.org\/{rel}","templated":true}]}}