{"id":8353,"date":"2025-02-05T10:34:22","date_gmt":"2025-02-05T09:34:22","guid":{"rendered":"https:\/\/agora.xtec.cat\/ies-alexandre-de-riquer\/?page_id=8353"},"modified":"2025-02-07T16:12:29","modified_gmt":"2025-02-07T15:12:29","slug":"materies-diferenciades","status":"publish","type":"page","link":"https:\/\/agora.xtec.cat\/ies-alexandre-de-riquer\/materies-diferenciades\/","title":{"rendered":"Mat\u00e8ries diferenciades"},"content":{"rendered":"<p><strong>Optatives de centre<\/strong><\/p>\n<p><span style=\"font-weight: 400;\">El desplegament de les optatives de centre en l\u2019ESO \u00e9s el que es veu en la taula:\u00a0<\/span><\/p>\n<table>\n<tbody>\n<tr>\n<td><span style=\"font-weight: 400;\">Optatives 1r ESO<\/span><\/td>\n<td><span style=\"font-weight: 400;\">Optatives 2n ESO<\/span><\/td>\n<td><span style=\"font-weight: 400;\">Optatives 3r ESO<\/span><\/td>\n<td><span style=\"font-weight: 400;\">Optatives 4t ESO<\/span><\/p>\n<p><span style=\"font-weight: 400;\">(franja lliure)<\/span><\/td>\n<\/tr>\n<tr>\n<td><span style=\"font-weight: 400;\">Cuidem l&#8217;entorn<\/span><\/td>\n<td><span style=\"font-weight: 400;\">Emprenedoria (Teatre)<\/span><\/td>\n<td><span style=\"font-weight: 400;\">Rob\u00f2tica i programaci\u00f3<\/span><\/td>\n<td><span style=\"font-weight: 400;\">Emprenedoria<\/span><\/td>\n<\/tr>\n<tr>\n<td><span style=\"font-weight: 400;\">Reptes Matem\u00e0tics<\/span><\/td>\n<td><span style=\"font-weight: 400;\">Difusi\u00f3 digital<\/span><\/td>\n<td><span style=\"font-weight: 400;\">Cultura Cl\u00e0ssica<\/span><\/td>\n<td><span style=\"font-weight: 400;\">Tecnologia i programaci\u00f3<\/span><\/td>\n<\/tr>\n<tr>\n<td><span style=\"font-weight: 400;\">Franc\u00e8s<\/span><\/td>\n<td><span style=\"font-weight: 400;\">Franc\u00e8s<\/span><\/td>\n<td><span style=\"font-weight: 400;\">Franc\u00e8s<\/span><\/td>\n<td><span style=\"font-weight: 400;\">Franc\u00e8s<\/span><\/td>\n<\/tr>\n<tr>\n<td colspan=\"3\"><\/td>\n<td><span style=\"font-weight: 400;\">Filosofia<\/span><\/td>\n<\/tr>\n<\/tbody>\n<\/table>\n<p><strong>Rob\u00f2tica<\/strong><\/p>\n<p><span style=\"font-weight: 400;\">A les mat\u00e8ries de tecnologia i les seves optatives (des de 3r d\u2019ESO fins al batxillerat), s&#8217;intenta que l&#8217;alumnat vagi tenint coneixements de rob\u00f2tica i programaci\u00f3 i els puguin aplicar. En els darrers cursos s\u2019ha anat adquirint nou material propi o desplegat pel Departament d&#8217;Educaci\u00f3. Alguns d&#8217;aquests s\u00f3n: sensors, robots i plaques. <\/span><\/p>\n<p><span style=\"font-weight: 400;\">En l&#8217;entorn de programaci\u00f3 s&#8217;ha anat combinant plaques d\u2019Arduino amb Arduino IDE o Arduino Blocks i d\u2019altres plaques com la Raspberry i la programaci\u00f3 amb Python. S&#8217;obre la possibilitat d&#8217;utilitzar aquest material en d&#8217;altres mat\u00e8ries.\u00a0<\/span><\/p>\n<p><a href=\"https:\/\/agora.xtec.cat\/ies-alexandre-de-riquer\/wp-content\/uploads\/usu862\/2023\/11\/WhatsApp-Image-2023-11-24-at-10.11.57.jpeg\"><img loading=\"lazy\" decoding=\"async\" class=\"alignnone size-large wp-image-8000\" src=\"https:\/\/agora.xtec.cat\/ies-alexandre-de-riquer\/wp-content\/uploads\/usu862\/2023\/11\/WhatsApp-Image-2023-11-24-at-10.11.57-1024x768.jpeg\" alt=\"\" width=\"1024\" height=\"768\" srcset=\"https:\/\/agora.xtec.cat\/ies-alexandre-de-riquer\/wp-content\/uploads\/usu862\/2023\/11\/WhatsApp-Image-2023-11-24-at-10.11.57-1024x768.jpeg 1024w, https:\/\/agora.xtec.cat\/ies-alexandre-de-riquer\/wp-content\/uploads\/usu862\/2023\/11\/WhatsApp-Image-2023-11-24-at-10.11.57-300x225.jpeg 300w, https:\/\/agora.xtec.cat\/ies-alexandre-de-riquer\/wp-content\/uploads\/usu862\/2023\/11\/WhatsApp-Image-2023-11-24-at-10.11.57-768x576.jpeg 768w, https:\/\/agora.xtec.cat\/ies-alexandre-de-riquer\/wp-content\/uploads\/usu862\/2023\/11\/WhatsApp-Image-2023-11-24-at-10.11.57-1536x1152.jpeg 1536w, https:\/\/agora.xtec.cat\/ies-alexandre-de-riquer\/wp-content\/uploads\/usu862\/2023\/11\/WhatsApp-Image-2023-11-24-at-10.11.57-200x150.jpeg 200w, https:\/\/agora.xtec.cat\/ies-alexandre-de-riquer\/wp-content\/uploads\/usu862\/2023\/11\/WhatsApp-Image-2023-11-24-at-10.11.57.jpeg 1600w\" sizes=\"auto, (max-width: 1024px) 100vw, 1024px\" \/><\/a><\/p>\n","protected":false},"excerpt":{"rendered":"<p>Optatives de centre El desplegament de les optatives de centre en l\u2019ESO \u00e9s el que es veu en la taula:\u00a0 Optatives 1r ESO Optatives 2n ESO Optatives 3r ESO Optatives 4t ESO (franja lliure) Cuidem l&#8217;entorn Emprenedoria (Teatre) Rob\u00f2tica i programaci\u00f3 Emprenedoria Reptes Matem\u00e0tics Difusi\u00f3 digital Cultura Cl\u00e0ssica Tecnologia i programaci\u00f3 Franc\u00e8s Franc\u00e8s Franc\u00e8s Franc\u00e8s [&hellip;]<\/p>\n","protected":false},"author":1,"featured_media":0,"parent":0,"menu_order":0,"comment_status":"closed","ping_status":"closed","template":"","meta":{"_bbp_topic_count":0,"_bbp_reply_count":0,"_bbp_total_topic_count":0,"_bbp_total_reply_count":0,"_bbp_voice_count":0,"_bbp_anonymous_reply_count":0,"_bbp_topic_count_hidden":0,"_bbp_reply_count_hidden":0,"_bbp_forum_subforum_count":0,"site-sidebar-layout":"default","site-content-layout":"","ast-site-content-layout":"","site-content-style":"default","site-sidebar-style":"default","ast-global-header-display":"","ast-banner-title-visibility":"","ast-main-header-display":"","ast-hfb-above-header-display":"","ast-hfb-below-header-display":"","ast-hfb-mobile-header-display":"","site-post-title":"","ast-breadcrumbs-content":"","ast-featured-img":"","footer-sml-layout":"","theme-transparent-header-meta":"","adv-header-id-meta":"","stick-header-meta":"","header-above-stick-meta":"","header-main-stick-meta":"","header-below-stick-meta":"","astra-migrate-meta-layouts":"default","ast-page-background-enabled":"default","ast-page-background-meta":{"desktop":{"background-color":"var(--ast-global-color-4)","background-image":"","background-repeat":"repeat","background-position":"center center","background-size":"auto","background-attachment":"scroll","background-type":"","background-media":"","overlay-type":"","overlay-color":"","overlay-opacity":"","overlay-gradient":""},"tablet":{"background-color":"","background-image":"","background-repeat":"repeat","background-position":"center center","background-size":"auto","background-attachment":"scroll","background-type":"","background-media":"","overlay-type":"","overlay-color":"","overlay-opacity":"","overlay-gradient":""},"mobile":{"background-color":"","background-image":"","background-repeat":"repeat","background-position":"center center","background-size":"auto","background-attachment":"scroll","background-type":"","background-media":"","overlay-type":"","overlay-color":"","overlay-opacity":"","overlay-gradient":""}},"ast-content-background-meta":{"desktop":{"background-color":"var(--ast-global-color-5)","background-image":"","background-repeat":"repeat","background-position":"center center","background-size":"auto","background-attachment":"scroll","background-type":"","background-media":"","overlay-type":"","overlay-color":"","overlay-opacity":"","overlay-gradient":""},"tablet":{"background-color":"var(--ast-global-color-5)","background-image":"","background-repeat":"repeat","background-position":"center center","background-size":"auto","background-attachment":"scroll","background-type":"","background-media":"","overlay-type":"","overlay-color":"","overlay-opacity":"","overlay-gradient":""},"mobile":{"background-color":"var(--ast-global-color-5)","background-image":"","background-repeat":"repeat","background-position":"center center","background-size":"auto","background-attachment":"scroll","background-type":"","background-media":"","overlay-type":"","overlay-color":"","overlay-opacity":"","overlay-gradient":""}},"footnotes":""},"class_list":["post-8353","page","type-page","status-publish","hentry"],"post_mailing_queue_ids":[],"_links":{"self":[{"href":"https:\/\/agora.xtec.cat\/ies-alexandre-de-riquer\/wp-json\/wp\/v2\/pages\/8353","targetHints":{"allow":["GET"]}}],"collection":[{"href":"https:\/\/agora.xtec.cat\/ies-alexandre-de-riquer\/wp-json\/wp\/v2\/pages"}],"about":[{"href":"https:\/\/agora.xtec.cat\/ies-alexandre-de-riquer\/wp-json\/wp\/v2\/types\/page"}],"author":[{"embeddable":true,"href":"https:\/\/agora.xtec.cat\/ies-alexandre-de-riquer\/wp-json\/wp\/v2\/users\/1"}],"replies":[{"embeddable":true,"href":"https:\/\/agora.xtec.cat\/ies-alexandre-de-riquer\/wp-json\/wp\/v2\/comments?post=8353"}],"version-history":[{"count":4,"href":"https:\/\/agora.xtec.cat\/ies-alexandre-de-riquer\/wp-json\/wp\/v2\/pages\/8353\/revisions"}],"predecessor-version":[{"id":8401,"href":"https:\/\/agora.xtec.cat\/ies-alexandre-de-riquer\/wp-json\/wp\/v2\/pages\/8353\/revisions\/8401"}],"wp:attachment":[{"href":"https:\/\/agora.xtec.cat\/ies-alexandre-de-riquer\/wp-json\/wp\/v2\/media?parent=8353"}],"curies":[{"name":"wp","href":"https:\/\/api.w.org\/{rel}","templated":true}]}}