{"id":8348,"date":"2025-02-05T10:27:27","date_gmt":"2025-02-05T09:27:27","guid":{"rendered":"https:\/\/agora.xtec.cat\/ies-alexandre-de-riquer\/?page_id=8348"},"modified":"2025-02-07T16:08:23","modified_gmt":"2025-02-07T15:08:23","slug":"projectes-academics","status":"publish","type":"page","link":"https:\/\/agora.xtec.cat\/ies-alexandre-de-riquer\/projectes-academics\/","title":{"rendered":"Projectes acad\u00e8mics"},"content":{"rendered":"<p><strong>Projectes Trimestrals<\/strong><\/p>\n<p><span style=\"font-weight: 400;\">Les classes ordin\u00e0ries s&#8217;aturen durant una setmana cada trimestre per fer treballs per projectes (aix\u00ed es reparteixen les <\/span><span style=\"font-weight: 400;\">hores de gesti\u00f3 aut\u00f2noma). <\/span><span style=\"font-weight: 400;\">Aix\u00f2 implica 4 projectes per curs, 1 per trimestre i 1 de final (Treball de S\u00edntesi) despr\u00e9s de l\u2019acabament del 3r trimestre en un calendari similar a <\/span><span style=\"font-weight: 400;\">aquest<\/span><span style=\"font-weight: 400;\">:\u00a0<\/span><\/p>\n<ul>\n<li style=\"font-weight: 400;\" aria-level=\"1\"><span style=\"font-weight: 400;\">1r trimestre: Identitats (1r ESO), Llaminadures saludables (2n ESO), TAS (3r ESO), Pompeia (4t ESO).<\/span><\/li>\n<li style=\"font-weight: 400;\" aria-level=\"1\"><span style=\"font-weight: 400;\">2n trimestre: Carnaval (tots els grups d\u2019ESO i un dia batxillerat).<\/span><\/li>\n<li style=\"font-weight: 400;\" aria-level=\"1\"><span style=\"font-weight: 400;\">3r trimestre: Meteorologia (1r ESO), TS Planoles (2n ESO), Fem Dansa (3r ESO), TS Orientaci\u00f3 (4t ESO).<\/span><\/li>\n<li style=\"font-weight: 400;\" aria-level=\"1\"><span style=\"font-weight: 400;\">Darreres setmanes: TS Arrela&#8217;t (1r ESO), M\u2019expliques un conte? (2n ESO), TS Emp\u00faries (3r ESO), Menorca (4t ESO).<\/span><\/li>\n<\/ul>\n<p><span style=\"font-weight: 400;\">Hi ha projectes similars o situacions d\u2019aprenentatge com el Fem \u00d2pera de 1r d\u2019ESO en la mat\u00e8ria de m\u00fasica, les Fake News de 4t d\u2019ESO o Els Medicaments de 3r d\u2019ESO, entre altres.\u00a0<\/span><\/p>\n","protected":false},"excerpt":{"rendered":"<p>Projectes Trimestrals Les classes ordin\u00e0ries s&#8217;aturen durant una setmana cada trimestre per fer treballs per projectes (aix\u00ed es reparteixen les hores de gesti\u00f3 aut\u00f2noma). Aix\u00f2 implica 4 projectes per curs, 1 per trimestre i 1 de final (Treball de S\u00edntesi) despr\u00e9s de l\u2019acabament del 3r trimestre en un calendari similar a aquest:\u00a0 1r trimestre: Identitats [&hellip;]<\/p>\n","protected":false},"author":1,"featured_media":0,"parent":0,"menu_order":0,"comment_status":"closed","ping_status":"closed","template":"","meta":{"_bbp_topic_count":0,"_bbp_reply_count":0,"_bbp_total_topic_count":0,"_bbp_total_reply_count":0,"_bbp_voice_count":0,"_bbp_anonymous_reply_count":0,"_bbp_topic_count_hidden":0,"_bbp_reply_count_hidden":0,"_bbp_forum_subforum_count":0,"site-sidebar-layout":"default","site-content-layout":"","ast-site-content-layout":"","site-content-style":"default","site-sidebar-style":"default","ast-global-header-display":"","ast-banner-title-visibility":"","ast-main-header-display":"","ast-hfb-above-header-display":"","ast-hfb-below-header-display":"","ast-hfb-mobile-header-display":"","site-post-title":"","ast-breadcrumbs-content":"","ast-featured-img":"","footer-sml-layout":"","theme-transparent-header-meta":"","adv-header-id-meta":"","stick-header-meta":"","header-above-stick-meta":"","header-main-stick-meta":"","header-below-stick-meta":"","astra-migrate-meta-layouts":"default","ast-page-background-enabled":"default","ast-page-background-meta":{"desktop":{"background-color":"var(--ast-global-color-4)","background-image":"","background-repeat":"repeat","background-position":"center center","background-size":"auto","background-attachment":"scroll","background-type":"","background-media":"","overlay-type":"","overlay-color":"","overlay-opacity":"","overlay-gradient":""},"tablet":{"background-color":"","background-image":"","background-repeat":"repeat","background-position":"center center","background-size":"auto","background-attachment":"scroll","background-type":"","background-media":"","overlay-type":"","overlay-color":"","overlay-opacity":"","overlay-gradient":""},"mobile":{"background-color":"","background-image":"","background-repeat":"repeat","background-position":"center center","background-size":"auto","background-attachment":"scroll","background-type":"","background-media":"","overlay-type":"","overlay-color":"","overlay-opacity":"","overlay-gradient":""}},"ast-content-background-meta":{"desktop":{"background-color":"var(--ast-global-color-5)","background-image":"","background-repeat":"repeat","background-position":"center center","background-size":"auto","background-attachment":"scroll","background-type":"","background-media":"","overlay-type":"","overlay-color":"","overlay-opacity":"","overlay-gradient":""},"tablet":{"background-color":"var(--ast-global-color-5)","background-image":"","background-repeat":"repeat","background-position":"center center","background-size":"auto","background-attachment":"scroll","background-type":"","background-media":"","overlay-type":"","overlay-color":"","overlay-opacity":"","overlay-gradient":""},"mobile":{"background-color":"var(--ast-global-color-5)","background-image":"","background-repeat":"repeat","background-position":"center center","background-size":"auto","background-attachment":"scroll","background-type":"","background-media":"","overlay-type":"","overlay-color":"","overlay-opacity":"","overlay-gradient":""}},"footnotes":""},"class_list":["post-8348","page","type-page","status-publish","hentry"],"post_mailing_queue_ids":[],"_links":{"self":[{"href":"https:\/\/agora.xtec.cat\/ies-alexandre-de-riquer\/wp-json\/wp\/v2\/pages\/8348","targetHints":{"allow":["GET"]}}],"collection":[{"href":"https:\/\/agora.xtec.cat\/ies-alexandre-de-riquer\/wp-json\/wp\/v2\/pages"}],"about":[{"href":"https:\/\/agora.xtec.cat\/ies-alexandre-de-riquer\/wp-json\/wp\/v2\/types\/page"}],"author":[{"embeddable":true,"href":"https:\/\/agora.xtec.cat\/ies-alexandre-de-riquer\/wp-json\/wp\/v2\/users\/1"}],"replies":[{"embeddable":true,"href":"https:\/\/agora.xtec.cat\/ies-alexandre-de-riquer\/wp-json\/wp\/v2\/comments?post=8348"}],"version-history":[{"count":3,"href":"https:\/\/agora.xtec.cat\/ies-alexandre-de-riquer\/wp-json\/wp\/v2\/pages\/8348\/revisions"}],"predecessor-version":[{"id":8399,"href":"https:\/\/agora.xtec.cat\/ies-alexandre-de-riquer\/wp-json\/wp\/v2\/pages\/8348\/revisions\/8399"}],"wp:attachment":[{"href":"https:\/\/agora.xtec.cat\/ies-alexandre-de-riquer\/wp-json\/wp\/v2\/media?parent=8348"}],"curies":[{"name":"wp","href":"https:\/\/api.w.org\/{rel}","templated":true}]}}