{"id":52,"date":"2014-09-17T16:58:07","date_gmt":"2014-09-17T15:58:07","guid":{"rendered":"http:\/\/agora.xtec.cat\/ies-alexandre-de-riquer\/?page_id=52"},"modified":"2025-10-28T13:36:04","modified_gmt":"2025-10-28T12:36:04","slug":"calendari-del-curs","status":"publish","type":"page","link":"https:\/\/agora.xtec.cat\/ies-alexandre-de-riquer\/linstitut\/calendari-del-curs\/","title":{"rendered":"Calendari del curs"},"content":{"rendered":"\n<h3 class=\"wp-block-heading\"><strong>CALENDARI ESCOLAR DEL CURS 2025-26<\/strong><\/h3>\n\n\n\n<p>Inici de les classes a l\u2019ESO: <strong>9&nbsp; de setembre del 2025<\/strong><\/p>\n\n\n\n<p>Inici de les classes de Batxillerat i Cicle Formatiu de Grau Mitj\u00e0: <strong>12&nbsp; de setembre del 2025<\/strong><\/p>\n\n\n\n<p>Vacances de Nadal: del <strong>20 de desembre del 2025 al&nbsp;7 de gener de 2026<\/strong>, ambd\u00f3s inclosos.<br><\/p>\n\n\n\n<p>Vacances de Setmana Santa: del <strong>28 de mar\u00e7 al 6 d\u2019abril de 2026<\/strong> ambd\u00f3s inclosos.<br><\/p>\n\n\n\n<p><strong>19 de juny del 2026<\/strong>: Finalitzaci\u00f3 del per\u00edode acad\u00e8mic.<br><\/p>\n\n\n\n<p><strong>DIES DE LLIURE DISPOSICI\u00d3:<\/strong><\/p>\n\n\n\n<p>1r:&nbsp; 31 d\u2019octubre de 2025<\/p>\n\n\n\n<p>2n:&nbsp; 6 de febrer de 2026<\/p>\n\n\n\n<p>3r: &nbsp; 30 d\u2019abril de 2026<\/p>\n\n\n\n<p>4t: &nbsp; 25 de maig de 2026<\/p>\n\n\n\n<p><strong>FINALITZACI\u00d3 TRIMESTRES ESO i 1r BATXILLERAT:<\/strong><\/p>\n\n\n\n<p>1r trimestre: 5 de desembre<\/p>\n\n\n\n<p>2n trimestre:13 de mar\u00e7<\/p>\n\n\n\n<p>3r trimestre: 12 de juny<\/p>\n\n\n\n<p><strong>FINALITZACI\u00d3 TRIMESTRES 2n BATXILLERAT:<\/strong><\/p>\n\n\n\n<p>1r trimestre: 28 de novembre<\/p>\n\n\n\n<p>2n trimestre: 20 de febrer<\/p>\n\n\n\n<p>3r trimestre: 15 de maig<\/p>\n","protected":false},"excerpt":{"rendered":"<p>CALENDARI ESCOLAR DEL CURS 2025-26 Inici de les classes a l\u2019ESO: 9&nbsp; de setembre del 2025 Inici de les classes de Batxillerat i Cicle Formatiu de Grau Mitj\u00e0: 12&nbsp; de setembre del 2025 Vacances de Nadal: del 20 de desembre del 2025 al&nbsp;7 de gener de 2026, ambd\u00f3s inclosos. Vacances de Setmana Santa: del 28 [&hellip;]<\/p>\n","protected":false},"author":1,"featured_media":0,"parent":19,"menu_order":70,"comment_status":"closed","ping_status":"closed","template":"","meta":{"_bbp_topic_count":0,"_bbp_reply_count":0,"_bbp_total_topic_count":0,"_bbp_total_reply_count":0,"_bbp_voice_count":0,"_bbp_anonymous_reply_count":0,"_bbp_topic_count_hidden":0,"_bbp_reply_count_hidden":0,"_bbp_forum_subforum_count":0,"site-sidebar-layout":"default","site-content-layout":"","ast-site-content-layout":"default","site-content-style":"default","site-sidebar-style":"default","ast-global-header-display":"","ast-banner-title-visibility":"","ast-main-header-display":"","ast-hfb-above-header-display":"","ast-hfb-below-header-display":"","ast-hfb-mobile-header-display":"","site-post-title":"","ast-breadcrumbs-content":"","ast-featured-img":"","footer-sml-layout":"","theme-transparent-header-meta":"","adv-header-id-meta":"","stick-header-meta":"","header-above-stick-meta":"","header-main-stick-meta":"","header-below-stick-meta":"","astra-migrate-meta-layouts":"set","ast-page-background-enabled":"default","ast-page-background-meta":{"desktop":{"background-color":"var(--ast-global-color-4)","background-image":"","background-repeat":"repeat","background-position":"center center","background-size":"auto","background-attachment":"scroll","background-type":"","background-media":"","overlay-type":"","overlay-color":"","overlay-opacity":"","overlay-gradient":""},"tablet":{"background-color":"","background-image":"","background-repeat":"repeat","background-position":"center center","background-size":"auto","background-attachment":"scroll","background-type":"","background-media":"","overlay-type":"","overlay-color":"","overlay-opacity":"","overlay-gradient":""},"mobile":{"background-color":"","background-image":"","background-repeat":"repeat","background-position":"center center","background-size":"auto","background-attachment":"scroll","background-type":"","background-media":"","overlay-type":"","overlay-color":"","overlay-opacity":"","overlay-gradient":""}},"ast-content-background-meta":{"desktop":{"background-color":"var(--ast-global-color-5)","background-image":"","background-repeat":"repeat","background-position":"center center","background-size":"auto","background-attachment":"scroll","background-type":"","background-media":"","overlay-type":"","overlay-color":"","overlay-opacity":"","overlay-gradient":""},"tablet":{"background-color":"var(--ast-global-color-5)","background-image":"","background-repeat":"repeat","background-position":"center center","background-size":"auto","background-attachment":"scroll","background-type":"","background-media":"","overlay-type":"","overlay-color":"","overlay-opacity":"","overlay-gradient":""},"mobile":{"background-color":"var(--ast-global-color-5)","background-image":"","background-repeat":"repeat","background-position":"center center","background-size":"auto","background-attachment":"scroll","background-type":"","background-media":"","overlay-type":"","overlay-color":"","overlay-opacity":"","overlay-gradient":""}},"footnotes":""},"class_list":["post-52","page","type-page","status-publish","hentry"],"post_mailing_queue_ids":[],"_links":{"self":[{"href":"https:\/\/agora.xtec.cat\/ies-alexandre-de-riquer\/wp-json\/wp\/v2\/pages\/52","targetHints":{"allow":["GET"]}}],"collection":[{"href":"https:\/\/agora.xtec.cat\/ies-alexandre-de-riquer\/wp-json\/wp\/v2\/pages"}],"about":[{"href":"https:\/\/agora.xtec.cat\/ies-alexandre-de-riquer\/wp-json\/wp\/v2\/types\/page"}],"author":[{"embeddable":true,"href":"https:\/\/agora.xtec.cat\/ies-alexandre-de-riquer\/wp-json\/wp\/v2\/users\/1"}],"replies":[{"embeddable":true,"href":"https:\/\/agora.xtec.cat\/ies-alexandre-de-riquer\/wp-json\/wp\/v2\/comments?post=52"}],"version-history":[{"count":6,"href":"https:\/\/agora.xtec.cat\/ies-alexandre-de-riquer\/wp-json\/wp\/v2\/pages\/52\/revisions"}],"predecessor-version":[{"id":8751,"href":"https:\/\/agora.xtec.cat\/ies-alexandre-de-riquer\/wp-json\/wp\/v2\/pages\/52\/revisions\/8751"}],"up":[{"embeddable":true,"href":"https:\/\/agora.xtec.cat\/ies-alexandre-de-riquer\/wp-json\/wp\/v2\/pages\/19"}],"wp:attachment":[{"href":"https:\/\/agora.xtec.cat\/ies-alexandre-de-riquer\/wp-json\/wp\/v2\/media?parent=52"}],"curies":[{"name":"wp","href":"https:\/\/api.w.org\/{rel}","templated":true}]}}