{"id":492,"date":"2016-08-17T22:53:22","date_gmt":"2016-08-17T21:53:22","guid":{"rendered":"http:\/\/agora.xtec.cat\/ies-alexandre-de-riquer\/?page_id=492"},"modified":"2025-10-27T12:11:56","modified_gmt":"2025-10-27T11:11:56","slug":"documents-dinteres","status":"publish","type":"page","link":"https:\/\/agora.xtec.cat\/ies-alexandre-de-riquer\/secretaria\/documents-dinteres\/","title":{"rendered":"Documents d&#8217;inter\u00e8s"},"content":{"rendered":"<p>Paper per canvi de la <a href=\"https:\/\/drive.google.com\/open?id=1nCRQhw4LbO06FWwfSTZ14a5CCoBgMDuT\" target=\"_blank\" rel=\"noopener noreferrer\"><strong><span style=\"color: #33cccc;\">Domiciliaci\u00f3 banc\u00e0ria<\/span><\/strong><\/a> de les fam\u00edlies.<\/p>\n<p>Informaci\u00f3 sobre el centre. <a href=\"https:\/\/agora.xtec.cat\/ies-alexandre-de-riquer\/wp-content\/uploads\/usu862\/2022\/03\/Triptic-22.pdf\" target=\"_blank\" rel=\"noopener noreferrer\"><span style=\"color: #33cccc;\"><strong>D\u00edptic informatiu<\/strong><\/span><\/a>.<\/p>\n<p>Acreditaci\u00f3 del nivell de Llengua catalana. Vegeu <a href=\"https:\/\/educacio.gencat.cat\/ca\/tramits\/tramits-temes\/22046-reconeixement-b2-c1-catala\" target=\"_blank\" rel=\"noopener noreferrer\"><strong>el proc\u00e9s i els documents<\/strong><\/a><\/p>\n<p>Petici\u00f3 de vaga d&#8217;estudiants (delegats). <strong><a href=\"https:\/\/drive.google.com\/open?id=1xRmys-6rEP9cQWN__Z1VITACk6U0kQfw\" target=\"_blank\" rel=\"noopener noreferrer\">Document<\/a><\/strong><\/p>\n<p><strong><a href=\"https:\/\/drive.google.com\/open?id=1z3BOKohjhEhtYddF6uwCR8GVHLfnJMhX\" target=\"_blank\" rel=\"noopener noreferrer\">Autoritzaci\u00f3 de no assist\u00e8ncia<\/a><\/strong> a classe per vaga d&#8217;estudiants<\/p>\n<p>Inst\u00e0ncia general <strong><a href=\"https:\/\/docs.google.com\/document\/d\/1_Qd3i_gDxY8c_1GE1oPkPc6-axM6QP5Y\/edit?usp=sharing&amp;ouid=101687760505413503355&amp;rtpof=true&amp;sd=true\" target=\"_blank\" rel=\"noopener\">Document<\/a><\/strong><\/p>\n<p><a href=\"https:\/\/agora.xtec.cat\/ies-alexandre-de-riquer\/wp-content\/uploads\/usu862\/2022\/12\/Autoritzacio-recollida-titol.pdf\"><strong>Autoritzaci\u00f3 recollida t\u00edtol<\/strong><\/a> acad\u00e8mic per un tercer<\/p>\n<p>Cicle Formatiu de Grau Mig &#8211; <strong><a href=\"https:\/\/drive.google.com\/file\/d\/17_9RsRZaa8Uiqzr3_1X2rio4pcjn7k7d\/view?usp=drive_link\" target=\"_blank\" rel=\"noopener\">N\u00famero de la Seguretat Social per a les pr\u00e0ctiques formatives<\/a><\/strong><\/p>\n","protected":false},"excerpt":{"rendered":"<p>Paper per canvi de la Domiciliaci\u00f3 banc\u00e0ria de les fam\u00edlies. Informaci\u00f3 sobre el centre. D\u00edptic informatiu. Acreditaci\u00f3 del nivell de Llengua catalana. Vegeu el proc\u00e9s i els documents Petici\u00f3 de vaga d&#8217;estudiants (delegats). Document Autoritzaci\u00f3 de no assist\u00e8ncia a classe per vaga d&#8217;estudiants Inst\u00e0ncia general Document Autoritzaci\u00f3 recollida t\u00edtol acad\u00e8mic per un tercer Cicle Formatiu [&hellip;]<\/p>\n","protected":false},"author":1,"featured_media":0,"parent":81,"menu_order":0,"comment_status":"closed","ping_status":"closed","template":"","meta":{"_bbp_topic_count":0,"_bbp_reply_count":0,"_bbp_total_topic_count":0,"_bbp_total_reply_count":0,"_bbp_voice_count":0,"_bbp_anonymous_reply_count":0,"_bbp_topic_count_hidden":0,"_bbp_reply_count_hidden":0,"_bbp_forum_subforum_count":0,"site-sidebar-layout":"default","site-content-layout":"","ast-site-content-layout":"default","site-content-style":"default","site-sidebar-style":"default","ast-global-header-display":"","ast-banner-title-visibility":"","ast-main-header-display":"","ast-hfb-above-header-display":"","ast-hfb-below-header-display":"","ast-hfb-mobile-header-display":"","site-post-title":"","ast-breadcrumbs-content":"","ast-featured-img":"","footer-sml-layout":"","theme-transparent-header-meta":"","adv-header-id-meta":"","stick-header-meta":"","header-above-stick-meta":"","header-main-stick-meta":"","header-below-stick-meta":"","astra-migrate-meta-layouts":"set","ast-page-background-enabled":"default","ast-page-background-meta":{"desktop":{"background-color":"var(--ast-global-color-4)","background-image":"","background-repeat":"repeat","background-position":"center center","background-size":"auto","background-attachment":"scroll","background-type":"","background-media":"","overlay-type":"","overlay-color":"","overlay-opacity":"","overlay-gradient":""},"tablet":{"background-color":"","background-image":"","background-repeat":"repeat","background-position":"center center","background-size":"auto","background-attachment":"scroll","background-type":"","background-media":"","overlay-type":"","overlay-color":"","overlay-opacity":"","overlay-gradient":""},"mobile":{"background-color":"","background-image":"","background-repeat":"repeat","background-position":"center center","background-size":"auto","background-attachment":"scroll","background-type":"","background-media":"","overlay-type":"","overlay-color":"","overlay-opacity":"","overlay-gradient":""}},"ast-content-background-meta":{"desktop":{"background-color":"var(--ast-global-color-5)","background-image":"","background-repeat":"repeat","background-position":"center center","background-size":"auto","background-attachment":"scroll","background-type":"","background-media":"","overlay-type":"","overlay-color":"","overlay-opacity":"","overlay-gradient":""},"tablet":{"background-color":"var(--ast-global-color-5)","background-image":"","background-repeat":"repeat","background-position":"center center","background-size":"auto","background-attachment":"scroll","background-type":"","background-media":"","overlay-type":"","overlay-color":"","overlay-opacity":"","overlay-gradient":""},"mobile":{"background-color":"var(--ast-global-color-5)","background-image":"","background-repeat":"repeat","background-position":"center center","background-size":"auto","background-attachment":"scroll","background-type":"","background-media":"","overlay-type":"","overlay-color":"","overlay-opacity":"","overlay-gradient":""}},"footnotes":""},"class_list":["post-492","page","type-page","status-publish","hentry"],"post_mailing_queue_ids":[],"_links":{"self":[{"href":"https:\/\/agora.xtec.cat\/ies-alexandre-de-riquer\/wp-json\/wp\/v2\/pages\/492","targetHints":{"allow":["GET"]}}],"collection":[{"href":"https:\/\/agora.xtec.cat\/ies-alexandre-de-riquer\/wp-json\/wp\/v2\/pages"}],"about":[{"href":"https:\/\/agora.xtec.cat\/ies-alexandre-de-riquer\/wp-json\/wp\/v2\/types\/page"}],"author":[{"embeddable":true,"href":"https:\/\/agora.xtec.cat\/ies-alexandre-de-riquer\/wp-json\/wp\/v2\/users\/1"}],"replies":[{"embeddable":true,"href":"https:\/\/agora.xtec.cat\/ies-alexandre-de-riquer\/wp-json\/wp\/v2\/comments?post=492"}],"version-history":[{"count":6,"href":"https:\/\/agora.xtec.cat\/ies-alexandre-de-riquer\/wp-json\/wp\/v2\/pages\/492\/revisions"}],"predecessor-version":[{"id":8749,"href":"https:\/\/agora.xtec.cat\/ies-alexandre-de-riquer\/wp-json\/wp\/v2\/pages\/492\/revisions\/8749"}],"up":[{"embeddable":true,"href":"https:\/\/agora.xtec.cat\/ies-alexandre-de-riquer\/wp-json\/wp\/v2\/pages\/81"}],"wp:attachment":[{"href":"https:\/\/agora.xtec.cat\/ies-alexandre-de-riquer\/wp-json\/wp\/v2\/media?parent=492"}],"curies":[{"name":"wp","href":"https:\/\/api.w.org\/{rel}","templated":true}]}}