{"id":46,"date":"2014-09-17T16:53:45","date_gmt":"2014-09-17T16:53:45","guid":{"rendered":"http:\/\/agora.xtec.cat\/ies-alexandre-de-riquer\/?page_id=46"},"modified":"2025-10-28T13:57:29","modified_gmt":"2025-10-28T12:57:29","slug":"organigrama","status":"publish","type":"page","link":"https:\/\/agora.xtec.cat\/ies-alexandre-de-riquer\/linstitut\/organigrama\/","title":{"rendered":"Organigrama"},"content":{"rendered":"<p>L&#8217;organigrama de l&#8217;Institut Alexandre de Riquer CURS 2025\/2026 \u00e9s:<\/p>\n<table style=\"border-collapse: collapse; width: 45.9279%; height: 448px;\">\n<tbody>\n<tr style=\"height: 32px;\">\n<td style=\"width: 20.6439%; height: 32px;\">Jordi Pip\u00f3<\/td>\n<td style=\"width: 25.2841%; height: 32px;\">Director<\/td>\n<\/tr>\n<tr style=\"height: 32px;\">\n<td style=\"width: 20.6439%; height: 32px;\">Vanessa Grau<\/td>\n<td style=\"width: 25.2841%; height: 32px;\">Cap d&#8217;estudis<\/td>\n<\/tr>\n<tr style=\"height: 32px;\">\n<td style=\"width: 20.6439%; height: 32px;\">Ariadna Segura<\/td>\n<td style=\"width: 25.2841%; height: 32px;\">Secret\u00e0ria<\/td>\n<\/tr>\n<tr style=\"height: 32px;\">\n<td style=\"width: 20.6439%; height: 32px;\">Elisabet Riera<\/td>\n<td style=\"width: 25.2841%; height: 32px;\">Coordinadora Pedag\u00f2gica<\/td>\n<\/tr>\n<tr style=\"height: 32px;\">\n<td style=\"width: 20.6439%; height: 32px;\">N\u00faria Torras<\/td>\n<td style=\"width: 25.2841%; height: 32px;\">Coord. 1r ESO<\/td>\n<\/tr>\n<tr style=\"height: 32px;\">\n<td style=\"width: 20.6439%; height: 32px;\">Ricard Pag\u00e8s<\/td>\n<td style=\"width: 25.2841%; height: 32px;\">Coord. 2n ESO<\/td>\n<\/tr>\n<tr style=\"height: 32px;\">\n<td style=\"width: 20.6439%; height: 32px;\">N\u00faria Cluet<\/td>\n<td style=\"width: 25.2841%; height: 32px;\">Coord. 3r ESO<\/td>\n<\/tr>\n<tr style=\"height: 32px;\">\n<td style=\"width: 20.6439%; height: 32px;\">Anna Bresc\u00f3<\/td>\n<td style=\"width: 25.2841%; height: 32px;\">Coord. 4t ESO<\/td>\n<\/tr>\n<tr style=\"height: 32px;\">\n<td style=\"width: 20.6439%; height: 32px;\">Mireia Gimeno<\/td>\n<td style=\"width: 25.2841%; height: 32px;\">Coord. Batxillerat<\/td>\n<\/tr>\n<tr style=\"height: 32px;\">\n<td style=\"width: 20.6439%; height: 32px;\">Paloma Molt\u00f3<\/td>\n<td style=\"width: 25.2841%; height: 32px;\">Dep. lleng\u00fces<\/td>\n<\/tr>\n<tr style=\"height: 32px;\">\n<td style=\"width: 20.6439%; height: 32px;\">S\u00edlvia Gut\u00ederrez<\/td>\n<td style=\"width: 25.2841%; height: 32px;\">Dep. expressi\u00f3<\/td>\n<\/tr>\n<tr style=\"height: 32px;\">\n<td style=\"width: 20.6439%; height: 32px;\">Roger Codina<\/td>\n<td style=\"width: 25.2841%; height: 32px;\">Dep. ci\u00e8ncies i tecnologia<\/td>\n<\/tr>\n<tr style=\"height: 32px;\">\n<td style=\"width: 20.6439%; height: 32px;\">Aitor Bernab\u00e9<\/td>\n<td style=\"width: 25.2841%; height: 32px;\">Dep. socials<\/td>\n<\/tr>\n<tr style=\"height: 32px;\">\n<td style=\"width: 20.6439%; height: 32px;\">Imma Cantacorps<\/td>\n<td style=\"width: 25.2841%; height: 32px;\">Dept. Matem\u00e0tiques i economia<\/td>\n<\/tr>\n<tr>\n<td style=\"width: 20.6439%;\">Eva Torres<\/td>\n<td style=\"width: 25.2841%;\">Projectes Ling\u00fc\u00edstics<\/td>\n<\/tr>\n<tr>\n<td style=\"width: 20.6439%;\">Dolors Minguell<\/td>\n<td style=\"width: 25.2841%;\">Coord. CLIC<\/td>\n<\/tr>\n<tr>\n<td style=\"width: 20.6439%;\">Gerard Corominas<\/td>\n<td style=\"width: 25.2841%;\">Coord. Inform\u00e0tica<\/td>\n<\/tr>\n<tr>\n<td style=\"width: 20.6439%;\">Marta Soler<\/td>\n<td style=\"width: 25.2841%;\">Prevenci\u00f3 de riscos laborals<\/td>\n<\/tr>\n<\/tbody>\n<\/table>\n","protected":false},"excerpt":{"rendered":"<p>L&#8217;organigrama de l&#8217;Institut Alexandre de Riquer CURS 2025\/2026 \u00e9s: Jordi Pip\u00f3 Director Vanessa Grau Cap d&#8217;estudis Ariadna Segura Secret\u00e0ria Elisabet Riera Coordinadora Pedag\u00f2gica N\u00faria Torras Coord. 1r ESO Ricard Pag\u00e8s Coord. 2n ESO N\u00faria Cluet Coord. 3r ESO Anna Bresc\u00f3 Coord. 4t ESO Mireia Gimeno Coord. Batxillerat Paloma Molt\u00f3 Dep. lleng\u00fces S\u00edlvia Gut\u00ederrez Dep. expressi\u00f3 [&hellip;]<\/p>\n","protected":false},"author":1,"featured_media":0,"parent":19,"menu_order":50,"comment_status":"closed","ping_status":"closed","template":"","meta":{"_bbp_topic_count":0,"_bbp_reply_count":0,"_bbp_total_topic_count":0,"_bbp_total_reply_count":0,"_bbp_voice_count":0,"_bbp_anonymous_reply_count":0,"_bbp_topic_count_hidden":0,"_bbp_reply_count_hidden":0,"_bbp_forum_subforum_count":0,"site-sidebar-layout":"default","site-content-layout":"","ast-site-content-layout":"default","site-content-style":"default","site-sidebar-style":"default","ast-global-header-display":"","ast-banner-title-visibility":"","ast-main-header-display":"","ast-hfb-above-header-display":"","ast-hfb-below-header-display":"","ast-hfb-mobile-header-display":"","site-post-title":"","ast-breadcrumbs-content":"","ast-featured-img":"","footer-sml-layout":"","theme-transparent-header-meta":"","adv-header-id-meta":"","stick-header-meta":"","header-above-stick-meta":"","header-main-stick-meta":"","header-below-stick-meta":"","astra-migrate-meta-layouts":"set","ast-page-background-enabled":"default","ast-page-background-meta":{"desktop":{"background-color":"var(--ast-global-color-4)","background-image":"","background-repeat":"repeat","background-position":"center center","background-size":"auto","background-attachment":"scroll","background-type":"","background-media":"","overlay-type":"","overlay-color":"","overlay-opacity":"","overlay-gradient":""},"tablet":{"background-color":"","background-image":"","background-repeat":"repeat","background-position":"center center","background-size":"auto","background-attachment":"scroll","background-type":"","background-media":"","overlay-type":"","overlay-color":"","overlay-opacity":"","overlay-gradient":""},"mobile":{"background-color":"","background-image":"","background-repeat":"repeat","background-position":"center center","background-size":"auto","background-attachment":"scroll","background-type":"","background-media":"","overlay-type":"","overlay-color":"","overlay-opacity":"","overlay-gradient":""}},"ast-content-background-meta":{"desktop":{"background-color":"var(--ast-global-color-5)","background-image":"","background-repeat":"repeat","background-position":"center center","background-size":"auto","background-attachment":"scroll","background-type":"","background-media":"","overlay-type":"","overlay-color":"","overlay-opacity":"","overlay-gradient":""},"tablet":{"background-color":"var(--ast-global-color-5)","background-image":"","background-repeat":"repeat","background-position":"center center","background-size":"auto","background-attachment":"scroll","background-type":"","background-media":"","overlay-type":"","overlay-color":"","overlay-opacity":"","overlay-gradient":""},"mobile":{"background-color":"var(--ast-global-color-5)","background-image":"","background-repeat":"repeat","background-position":"center center","background-size":"auto","background-attachment":"scroll","background-type":"","background-media":"","overlay-type":"","overlay-color":"","overlay-opacity":"","overlay-gradient":""}},"footnotes":""},"class_list":["post-46","page","type-page","status-publish","hentry"],"post_mailing_queue_ids":[],"_links":{"self":[{"href":"https:\/\/agora.xtec.cat\/ies-alexandre-de-riquer\/wp-json\/wp\/v2\/pages\/46","targetHints":{"allow":["GET"]}}],"collection":[{"href":"https:\/\/agora.xtec.cat\/ies-alexandre-de-riquer\/wp-json\/wp\/v2\/pages"}],"about":[{"href":"https:\/\/agora.xtec.cat\/ies-alexandre-de-riquer\/wp-json\/wp\/v2\/types\/page"}],"author":[{"embeddable":true,"href":"https:\/\/agora.xtec.cat\/ies-alexandre-de-riquer\/wp-json\/wp\/v2\/users\/1"}],"replies":[{"embeddable":true,"href":"https:\/\/agora.xtec.cat\/ies-alexandre-de-riquer\/wp-json\/wp\/v2\/comments?post=46"}],"version-history":[{"count":6,"href":"https:\/\/agora.xtec.cat\/ies-alexandre-de-riquer\/wp-json\/wp\/v2\/pages\/46\/revisions"}],"predecessor-version":[{"id":8754,"href":"https:\/\/agora.xtec.cat\/ies-alexandre-de-riquer\/wp-json\/wp\/v2\/pages\/46\/revisions\/8754"}],"up":[{"embeddable":true,"href":"https:\/\/agora.xtec.cat\/ies-alexandre-de-riquer\/wp-json\/wp\/v2\/pages\/19"}],"wp:attachment":[{"href":"https:\/\/agora.xtec.cat\/ies-alexandre-de-riquer\/wp-json\/wp\/v2\/media?parent=46"}],"curies":[{"name":"wp","href":"https:\/\/api.w.org\/{rel}","templated":true}]}}