{"id":442,"date":"2016-08-16T09:54:09","date_gmt":"2016-08-16T08:54:09","guid":{"rendered":"http:\/\/agora.xtec.cat\/ies-alexandre-de-riquer\/?page_id=442"},"modified":"2016-08-31T17:09:10","modified_gmt":"2016-08-31T16:09:10","slug":"departaments-didactics","status":"publish","type":"page","link":"https:\/\/agora.xtec.cat\/ies-alexandre-de-riquer\/linstitut\/departaments-didactics\/","title":{"rendered":"Departaments did\u00e0ctics"},"content":{"rendered":"<table class=\"aligncenter\" style=\"height: 306px;\" border=\"1\" width=\"731\">\n<tbody>\n<tr>\n<td>&nbsp;<\/p>\n<p><a href=\"http:\/\/agora.xtec.cat\/ies-alexandre-de-riquer\/categoria\/departaments\/llengua-catalana\/\">LLENGUA<\/a><br \/>\n<a href=\"http:\/\/agora.xtec.cat\/ies-alexandre-de-riquer\/categoria\/departaments\/llengua-catalana\/\">CATALANA<\/a><\/td>\n<td>&nbsp;<\/p>\n<p><a href=\"http:\/\/agora.xtec.cat\/ies-alexandre-de-riquer\/categoria\/departaments\/llengua-castellana\/\">LLENGUA<br \/>\nCASTELLANA<\/a><\/td>\n<td><a href=\"http:\/\/agora.xtec.cat\/ies-alexandre-de-riquer\/categoria\/departaments\/llengua-anglesa\/\"><br \/>\n<\/a><br \/>\n<a href=\"http:\/\/agora.xtec.cat\/ies-alexandre-de-riquer\/categoria\/departaments\/llengua-anglesa\/\">LLENGUA<br \/>\nANGLESA<\/a><\/td>\n<td>&nbsp;<\/p>\n<p><a href=\"http:\/\/agora.xtec.cat\/ies-alexandre-de-riquer\/categoria\/departaments\/llengua-francesa\/\">LLENGUA<\/a><a href=\"http:\/\/agora.xtec.cat\/ies-alexandre-de-riquer\/categoria\/departaments\/llengua-francesa\/\"><br \/>\n<\/a><a href=\"http:\/\/agora.xtec.cat\/ies-alexandre-de-riquer\/categoria\/departaments\/llengua-francesa\/\">FRANCESA<\/a><\/td>\n<td><a href=\"http:\/\/agora.xtec.cat\/ies-alexandre-de-riquer\/categoria\/departaments\/cultura-classica\/\"><br \/>\nCULTURA<br \/>\nCL\u00c0SSICA<\/a><\/td>\n<\/tr>\n<tr>\n<td>&nbsp;<\/p>\n<p><a href=\"http:\/\/agora.xtec.cat\/ies-alexandre-de-riquer\/categoria\/departaments\/matematiques\/\">MATEM\u00c0TIQUES<\/a><\/td>\n<td><a href=\"http:\/\/agora.xtec.cat\/ies-alexandre-de-riquer\/categoria\/departaments\/ciencies-socials\/\">CI\u00c8NCIES<br \/>\nSOCIALS<\/a><\/td>\n<td><a href=\"http:\/\/agora.xtec.cat\/ies-alexandre-de-riquer\/categoria\/departaments\/cn-biologia-i-geologia\/\">CI\u00c8NCIES<\/a>\u00a0<a href=\"http:\/\/agora.xtec.cat\/ies-alexandre-de-riquer\/categoria\/departaments\/cn-biologia-i-geologia\/\">NATURALS:<br \/>\nBIOLOGIA\/GEOLOGIA<\/a><\/td>\n<td><a href=\"http:\/\/agora.xtec.cat\/ies-alexandre-de-riquer\/categoria\/departaments\/cn-fisica-i-quimica\/\">CI\u00c8NCIES\u00a0NATURALS:<\/a><br \/>\n<a href=\"http:\/\/agora.xtec.cat\/ies-alexandre-de-riquer\/categoria\/departaments\/cn-fisica-i-quimica\/\">F\u00cdSICA I QU\u00cdMICA<\/a><\/td>\n<td><a href=\"http:\/\/agora.xtec.cat\/ies-alexandre-de-riquer\/categoria\/departaments\/tecnologia\/\">TECNOLOGIA<\/a><\/td>\n<\/tr>\n<tr>\n<td><a href=\"http:\/\/agora.xtec.cat\/ies-alexandre-de-riquer\/categoria\/departaments\/musica\/\" target=\"_blank\">M\u00daSICA<\/a><\/td>\n<td><a href=\"http:\/\/agora.xtec.cat\/ies-alexandre-de-riquer\/categoria\/departaments\/educacio-visual-i-plastica\/\" target=\"_blank\">EDUCACI\u00d3 VISUAL<\/a><br \/>\n<a href=\"http:\/\/agora.xtec.cat\/ies-alexandre-de-riquer\/categoria\/departaments\/educacio-visual-i-plastica\/\" target=\"_blank\">I PL\u00c0STICA<\/a><\/td>\n<td>&nbsp;<\/p>\n<p><a href=\"http:\/\/agora.xtec.cat\/ies-alexandre-de-riquer\/categoria\/departaments\/educacio-fisica\/\" target=\"_blank\">EDUCACI\u00d3 F\u00cdSICA<\/a><\/td>\n<td><a href=\"http:\/\/agora.xtec.cat\/ies-alexandre-de-riquer\/categoria\/departaments\/economia\/\" target=\"_blank\">ECONOMIA<\/a><\/td>\n<td><a href=\"http:\/\/agora.xtec.cat\/ies-alexandre-de-riquer\/categoria\/departaments\/psicopedagogia\/\" target=\"_blank\">PSICOPEDAGOGIA<\/a><\/td>\n<\/tr>\n<\/tbody>\n<\/table>\n","protected":false},"excerpt":{"rendered":"<p>&nbsp; LLENGUA CATALANA &nbsp; LLENGUA CASTELLANA LLENGUA ANGLESA &nbsp; LLENGUA FRANCESA CULTURA CL\u00c0SSICA &nbsp; MATEM\u00c0TIQUES CI\u00c8NCIES SOCIALS CI\u00c8NCIES\u00a0NATURALS: BIOLOGIA\/GEOLOGIA CI\u00c8NCIES\u00a0NATURALS: F\u00cdSICA I QU\u00cdMICA TECNOLOGIA M\u00daSICA EDUCACI\u00d3 VISUAL I PL\u00c0STICA &nbsp; EDUCACI\u00d3 F\u00cdSICA ECONOMIA PSICOPEDAGOGIA<\/p>\n","protected":false},"author":1,"featured_media":0,"parent":19,"menu_order":0,"comment_status":"closed","ping_status":"closed","template":"page-templates\/side-menu.php","meta":{"_bbp_topic_count":0,"_bbp_reply_count":0,"_bbp_total_topic_count":0,"_bbp_total_reply_count":0,"_bbp_voice_count":0,"_bbp_anonymous_reply_count":0,"_bbp_topic_count_hidden":0,"_bbp_reply_count_hidden":0,"_bbp_forum_subforum_count":0,"site-sidebar-layout":"default","site-content-layout":"","ast-site-content-layout":"","site-content-style":"default","site-sidebar-style":"default","ast-global-header-display":"","ast-banner-title-visibility":"","ast-main-header-display":"","ast-hfb-above-header-display":"","ast-hfb-below-header-display":"","ast-hfb-mobile-header-display":"","site-post-title":"","ast-breadcrumbs-content":"","ast-featured-img":"","footer-sml-layout":"","theme-transparent-header-meta":"","adv-header-id-meta":"","stick-header-meta":"","header-above-stick-meta":"","header-main-stick-meta":"","header-below-stick-meta":"","astra-migrate-meta-layouts":"default","ast-page-background-enabled":"default","ast-page-background-meta":{"desktop":{"background-color":"var(--ast-global-color-4)","background-image":"","background-repeat":"repeat","background-position":"center center","background-size":"auto","background-attachment":"scroll","background-type":"","background-media":"","overlay-type":"","overlay-color":"","overlay-opacity":"","overlay-gradient":""},"tablet":{"background-color":"","background-image":"","background-repeat":"repeat","background-position":"center center","background-size":"auto","background-attachment":"scroll","background-type":"","background-media":"","overlay-type":"","overlay-color":"","overlay-opacity":"","overlay-gradient":""},"mobile":{"background-color":"","background-image":"","background-repeat":"repeat","background-position":"center center","background-size":"auto","background-attachment":"scroll","background-type":"","background-media":"","overlay-type":"","overlay-color":"","overlay-opacity":"","overlay-gradient":""}},"ast-content-background-meta":{"desktop":{"background-color":"var(--ast-global-color-5)","background-image":"","background-repeat":"repeat","background-position":"center center","background-size":"auto","background-attachment":"scroll","background-type":"","background-media":"","overlay-type":"","overlay-color":"","overlay-opacity":"","overlay-gradient":""},"tablet":{"background-color":"var(--ast-global-color-5)","background-image":"","background-repeat":"repeat","background-position":"center center","background-size":"auto","background-attachment":"scroll","background-type":"","background-media":"","overlay-type":"","overlay-color":"","overlay-opacity":"","overlay-gradient":""},"mobile":{"background-color":"var(--ast-global-color-5)","background-image":"","background-repeat":"repeat","background-position":"center center","background-size":"auto","background-attachment":"scroll","background-type":"","background-media":"","overlay-type":"","overlay-color":"","overlay-opacity":"","overlay-gradient":""}},"footnotes":""},"class_list":["post-442","page","type-page","status-publish","hentry"],"post_mailing_queue_ids":[],"_links":{"self":[{"href":"https:\/\/agora.xtec.cat\/ies-alexandre-de-riquer\/wp-json\/wp\/v2\/pages\/442","targetHints":{"allow":["GET"]}}],"collection":[{"href":"https:\/\/agora.xtec.cat\/ies-alexandre-de-riquer\/wp-json\/wp\/v2\/pages"}],"about":[{"href":"https:\/\/agora.xtec.cat\/ies-alexandre-de-riquer\/wp-json\/wp\/v2\/types\/page"}],"author":[{"embeddable":true,"href":"https:\/\/agora.xtec.cat\/ies-alexandre-de-riquer\/wp-json\/wp\/v2\/users\/1"}],"replies":[{"embeddable":true,"href":"https:\/\/agora.xtec.cat\/ies-alexandre-de-riquer\/wp-json\/wp\/v2\/comments?post=442"}],"version-history":[{"count":3,"href":"https:\/\/agora.xtec.cat\/ies-alexandre-de-riquer\/wp-json\/wp\/v2\/pages\/442\/revisions"}],"predecessor-version":[{"id":757,"href":"https:\/\/agora.xtec.cat\/ies-alexandre-de-riquer\/wp-json\/wp\/v2\/pages\/442\/revisions\/757"}],"up":[{"embeddable":true,"href":"https:\/\/agora.xtec.cat\/ies-alexandre-de-riquer\/wp-json\/wp\/v2\/pages\/19"}],"wp:attachment":[{"href":"https:\/\/agora.xtec.cat\/ies-alexandre-de-riquer\/wp-json\/wp\/v2\/media?parent=442"}],"curies":[{"name":"wp","href":"https:\/\/api.w.org\/{rel}","templated":true}]}}