{"id":43,"date":"2014-09-17T16:45:07","date_gmt":"2014-09-17T16:45:07","guid":{"rendered":"http:\/\/agora.xtec.cat\/ies-alexandre-de-riquer\/?page_id=43"},"modified":"2026-01-12T10:00:17","modified_gmt":"2026-01-12T09:00:17","slug":"consell-escolar","status":"publish","type":"page","link":"https:\/\/agora.xtec.cat\/ies-alexandre-de-riquer\/linstitut\/consell-escolar\/","title":{"rendered":"Consell escolar"},"content":{"rendered":"<p>Els representants del Consell Escolar s\u00f3n:<\/p>\n<table width=\"419\">\n<tbody>\n<tr>\n<td width=\"209\">Nom<\/td>\n<td width=\"210\">Sector<\/td>\n<\/tr>\n<tr>\n<td width=\"209\">Vanessa Grau S\u00e1nchez<\/td>\n<td width=\"210\">Cap d\u2019estudis<\/td>\n<\/tr>\n<tr>\n<td width=\"209\">Jordi Pip\u00f3 Vicent<\/td>\n<td width=\"210\">Director de l&#8217;Institut<\/td>\n<\/tr>\n<tr>\n<td width=\"209\">Ariadna Segura Duch<\/td>\n<td width=\"210\">Secretaria<\/td>\n<\/tr>\n<tr>\n<td width=\"209\">Anna Busquet Alsina<\/td>\n<td width=\"210\">Repres AFA<\/td>\n<\/tr>\n<tr>\n<td width=\"209\">Montserrat Isern i Vivancos<\/td>\n<td width=\"210\">Repres Ajuntament<\/td>\n<\/tr>\n<tr>\n<td width=\"209\">Cristina P\u00e9rez Cervell\u00f3<\/td>\n<td width=\"210\">Repres PAS<\/td>\n<\/tr>\n<tr>\n<td width=\"209\">Ricard Pag\u00e8s Ortiz<\/td>\n<td width=\"210\">Repres. Professorat<\/td>\n<\/tr>\n<tr>\n<td width=\"209\">Gerard Corominas Auguets<\/td>\n<td width=\"210\">Repres. Professorat<\/td>\n<\/tr>\n<tr>\n<td width=\"209\">N\u00faria Torras Melench\u00f3n<\/td>\n<td width=\"210\">Repres. Professorat<\/td>\n<\/tr>\n<tr>\n<td width=\"209\">Roger Codina Comellas<\/td>\n<td width=\"210\">Repres. Professorat<\/td>\n<\/tr>\n<tr>\n<td width=\"209\">Eva Torres Vilajuana<\/td>\n<td width=\"210\">Repres. Professorat<\/td>\n<\/tr>\n<tr>\n<td width=\"209\">Estel Gamboa Ballester<\/td>\n<td width=\"210\">Repres. sector alumnes<\/td>\n<\/tr>\n<tr>\n<td width=\"209\">Mamadou Yacine Fall Diouf<\/td>\n<td width=\"210\">Repres. sector alumnes<\/td>\n<\/tr>\n<tr>\n<td width=\"209\">Isabel Gallego Grau<\/td>\n<td width=\"210\">Repres. sector mares i pares<\/td>\n<\/tr>\n<tr>\n<td width=\"209\">Ang\u00e8lica Cuadros Quingles<\/td>\n<td width=\"210\">Repres. sector mares i pares<\/td>\n<\/tr>\n<\/tbody>\n<\/table>\n","protected":false},"excerpt":{"rendered":"<p>Els representants del Consell Escolar s\u00f3n: Nom Sector Vanessa Grau S\u00e1nchez Cap d\u2019estudis Jordi Pip\u00f3 Vicent Director de l&#8217;Institut Ariadna Segura Duch Secretaria Anna Busquet Alsina Repres AFA Montserrat Isern i Vivancos Repres Ajuntament Cristina P\u00e9rez Cervell\u00f3 Repres PAS Ricard Pag\u00e8s Ortiz Repres. Professorat Gerard Corominas Auguets Repres. Professorat N\u00faria Torras Melench\u00f3n Repres. Professorat Roger [&hellip;]<\/p>\n","protected":false},"author":1,"featured_media":0,"parent":19,"menu_order":40,"comment_status":"closed","ping_status":"closed","template":"","meta":{"_bbp_topic_count":0,"_bbp_reply_count":0,"_bbp_total_topic_count":0,"_bbp_total_reply_count":0,"_bbp_voice_count":0,"_bbp_anonymous_reply_count":0,"_bbp_topic_count_hidden":0,"_bbp_reply_count_hidden":0,"_bbp_forum_subforum_count":0,"site-sidebar-layout":"default","site-content-layout":"","ast-site-content-layout":"default","site-content-style":"default","site-sidebar-style":"default","ast-global-header-display":"","ast-banner-title-visibility":"","ast-main-header-display":"","ast-hfb-above-header-display":"","ast-hfb-below-header-display":"","ast-hfb-mobile-header-display":"","site-post-title":"","ast-breadcrumbs-content":"","ast-featured-img":"","footer-sml-layout":"","theme-transparent-header-meta":"","adv-header-id-meta":"","stick-header-meta":"","header-above-stick-meta":"","header-main-stick-meta":"","header-below-stick-meta":"","astra-migrate-meta-layouts":"set","ast-page-background-enabled":"default","ast-page-background-meta":{"desktop":{"background-color":"var(--ast-global-color-4)","background-image":"","background-repeat":"repeat","background-position":"center center","background-size":"auto","background-attachment":"scroll","background-type":"","background-media":"","overlay-type":"","overlay-color":"","overlay-opacity":"","overlay-gradient":""},"tablet":{"background-color":"","background-image":"","background-repeat":"repeat","background-position":"center center","background-size":"auto","background-attachment":"scroll","background-type":"","background-media":"","overlay-type":"","overlay-color":"","overlay-opacity":"","overlay-gradient":""},"mobile":{"background-color":"","background-image":"","background-repeat":"repeat","background-position":"center center","background-size":"auto","background-attachment":"scroll","background-type":"","background-media":"","overlay-type":"","overlay-color":"","overlay-opacity":"","overlay-gradient":""}},"ast-content-background-meta":{"desktop":{"background-color":"var(--ast-global-color-5)","background-image":"","background-repeat":"repeat","background-position":"center center","background-size":"auto","background-attachment":"scroll","background-type":"","background-media":"","overlay-type":"","overlay-color":"","overlay-opacity":"","overlay-gradient":""},"tablet":{"background-color":"var(--ast-global-color-5)","background-image":"","background-repeat":"repeat","background-position":"center center","background-size":"auto","background-attachment":"scroll","background-type":"","background-media":"","overlay-type":"","overlay-color":"","overlay-opacity":"","overlay-gradient":""},"mobile":{"background-color":"var(--ast-global-color-5)","background-image":"","background-repeat":"repeat","background-position":"center center","background-size":"auto","background-attachment":"scroll","background-type":"","background-media":"","overlay-type":"","overlay-color":"","overlay-opacity":"","overlay-gradient":""}},"footnotes":""},"class_list":["post-43","page","type-page","status-publish","hentry"],"post_mailing_queue_ids":[],"_links":{"self":[{"href":"https:\/\/agora.xtec.cat\/ies-alexandre-de-riquer\/wp-json\/wp\/v2\/pages\/43","targetHints":{"allow":["GET"]}}],"collection":[{"href":"https:\/\/agora.xtec.cat\/ies-alexandre-de-riquer\/wp-json\/wp\/v2\/pages"}],"about":[{"href":"https:\/\/agora.xtec.cat\/ies-alexandre-de-riquer\/wp-json\/wp\/v2\/types\/page"}],"author":[{"embeddable":true,"href":"https:\/\/agora.xtec.cat\/ies-alexandre-de-riquer\/wp-json\/wp\/v2\/users\/1"}],"replies":[{"embeddable":true,"href":"https:\/\/agora.xtec.cat\/ies-alexandre-de-riquer\/wp-json\/wp\/v2\/comments?post=43"}],"version-history":[{"count":6,"href":"https:\/\/agora.xtec.cat\/ies-alexandre-de-riquer\/wp-json\/wp\/v2\/pages\/43\/revisions"}],"predecessor-version":[{"id":8790,"href":"https:\/\/agora.xtec.cat\/ies-alexandre-de-riquer\/wp-json\/wp\/v2\/pages\/43\/revisions\/8790"}],"up":[{"embeddable":true,"href":"https:\/\/agora.xtec.cat\/ies-alexandre-de-riquer\/wp-json\/wp\/v2\/pages\/19"}],"wp:attachment":[{"href":"https:\/\/agora.xtec.cat\/ies-alexandre-de-riquer\/wp-json\/wp\/v2\/media?parent=43"}],"curies":[{"name":"wp","href":"https:\/\/api.w.org\/{rel}","templated":true}]}}