{"id":21,"date":"2014-09-17T16:14:14","date_gmt":"2014-09-17T16:14:14","guid":{"rendered":"http:\/\/agora.xtec.cat\/ies-alexandre-de-riquer\/?page_id=21"},"modified":"2025-10-28T13:52:45","modified_gmt":"2025-10-28T12:52:45","slug":"on-som","status":"publish","type":"page","link":"https:\/\/agora.xtec.cat\/ies-alexandre-de-riquer\/linstitut\/on-som\/","title":{"rendered":"Dades del centre"},"content":{"rendered":"<p><strong>INSTITUT ALEXANDRE DE RIQUER<\/strong><\/p>\n<p>C. Sant Joan Bta. de la Salle 6-8<br \/>\n08280 Calaf (Anoia)<br \/>\nTel. 93 868 04 14<\/p>\n<p><a href=\"mailto:a8043395@xtec.cat\">a8043395@xtec.cat<\/a><\/p>\n<p>Horari lectiu: matins de 8,00 a 14,35.<br \/>\nHorari d&#8217;atenci\u00f3 al p\u00fablic: de dilluns a divendres de 8 a 14h<\/p>\n<p><strong>OFERTA EDUCATIVA<\/strong>: A l&#8217;Institut Alexandre de Riquer s&#8217;ofereixen els seg\u00fcents cursos:<\/p>\n<p>ESO: 1r, 2n, 3r, 4rt<br \/>\n(alumnes de 12 a 16 anys)<\/p>\n<p>Batxillerats:\u00a0 De Ci\u00e8ncies i Tecnologia i\u00a0 d&#8217;Humanitats i Ci\u00e8ncies Socials<\/p>\n<p>Cicle Formatiu de Grau Mig\u00a0 AG10-Gesti\u00f3 Administrativa<\/p>\n<p><strong>ACTIVITATS DEL CENTRE<br \/>\n<\/strong>A m\u00e9s de les activitats acad\u00e8miques ordin\u00e0ries, a l&#8217;Institut Alexandre de Riquer es fan activitats de caire festiu, cultural, convivencial, etc. Aquestes activitats es programaran anualment i poden variar. Alguns exemples d&#8217;activitats s\u00f3n:<\/p>\n<p>CASTANYADA<br \/>\nFESTA DE NADAL<br \/>\nESQUIADA A 1r ESO<br \/>\nJORNADA DE PORTES OBERTES<br \/>\nCARNESTOLTES<br \/>\nFESTA DE SANT JORDI<br \/>\nSORTIDA CULTURAL A L&#8217;ESTRANGER A BATXILLERAT<br \/>\nTREBALLS DE S\u00cdNTESI FORA DEL CENTRE<br \/>\nINTERCANVIS AMB CENTRES EUROPEUS<br \/>\nVIATGE DE 4rt ESO<br \/>\nFESTA DE LA GRADUACI\u00d3<br \/>\nFINAL DE CURS<\/p>\n<p><strong>BIBLIOTECA DE CALAF<\/strong><\/p>\n<p>Situada al centre ofereix servei als estudiants del centre i a la poblaci\u00f3 en general en horari de 4,30 a 7 de la tarda.<\/p>\n","protected":false},"excerpt":{"rendered":"<p>INSTITUT ALEXANDRE DE RIQUER C. Sant Joan Bta. de la Salle 6-8 08280 Calaf (Anoia) Tel. 93 868 04 14 a8043395@xtec.cat Horari lectiu: matins de 8,00 a 14,35. Horari d&#8217;atenci\u00f3 al p\u00fablic: de dilluns a divendres de 8 a 14h OFERTA EDUCATIVA: A l&#8217;Institut Alexandre de Riquer s&#8217;ofereixen els seg\u00fcents cursos: ESO: 1r, 2n, 3r, [&hellip;]<\/p>\n","protected":false},"author":1,"featured_media":0,"parent":19,"menu_order":10,"comment_status":"closed","ping_status":"closed","template":"","meta":{"_bbp_topic_count":0,"_bbp_reply_count":0,"_bbp_total_topic_count":0,"_bbp_total_reply_count":0,"_bbp_voice_count":0,"_bbp_anonymous_reply_count":0,"_bbp_topic_count_hidden":0,"_bbp_reply_count_hidden":0,"_bbp_forum_subforum_count":0,"site-sidebar-layout":"default","site-content-layout":"","ast-site-content-layout":"default","site-content-style":"default","site-sidebar-style":"default","ast-global-header-display":"","ast-banner-title-visibility":"","ast-main-header-display":"","ast-hfb-above-header-display":"","ast-hfb-below-header-display":"","ast-hfb-mobile-header-display":"","site-post-title":"","ast-breadcrumbs-content":"","ast-featured-img":"","footer-sml-layout":"","theme-transparent-header-meta":"","adv-header-id-meta":"","stick-header-meta":"","header-above-stick-meta":"","header-main-stick-meta":"","header-below-stick-meta":"","astra-migrate-meta-layouts":"set","ast-page-background-enabled":"default","ast-page-background-meta":{"desktop":{"background-color":"var(--ast-global-color-4)","background-image":"","background-repeat":"repeat","background-position":"center center","background-size":"auto","background-attachment":"scroll","background-type":"","background-media":"","overlay-type":"","overlay-color":"","overlay-opacity":"","overlay-gradient":""},"tablet":{"background-color":"","background-image":"","background-repeat":"repeat","background-position":"center center","background-size":"auto","background-attachment":"scroll","background-type":"","background-media":"","overlay-type":"","overlay-color":"","overlay-opacity":"","overlay-gradient":""},"mobile":{"background-color":"","background-image":"","background-repeat":"repeat","background-position":"center center","background-size":"auto","background-attachment":"scroll","background-type":"","background-media":"","overlay-type":"","overlay-color":"","overlay-opacity":"","overlay-gradient":""}},"ast-content-background-meta":{"desktop":{"background-color":"var(--ast-global-color-5)","background-image":"","background-repeat":"repeat","background-position":"center center","background-size":"auto","background-attachment":"scroll","background-type":"","background-media":"","overlay-type":"","overlay-color":"","overlay-opacity":"","overlay-gradient":""},"tablet":{"background-color":"var(--ast-global-color-5)","background-image":"","background-repeat":"repeat","background-position":"center center","background-size":"auto","background-attachment":"scroll","background-type":"","background-media":"","overlay-type":"","overlay-color":"","overlay-opacity":"","overlay-gradient":""},"mobile":{"background-color":"var(--ast-global-color-5)","background-image":"","background-repeat":"repeat","background-position":"center center","background-size":"auto","background-attachment":"scroll","background-type":"","background-media":"","overlay-type":"","overlay-color":"","overlay-opacity":"","overlay-gradient":""}},"footnotes":""},"class_list":["post-21","page","type-page","status-publish","hentry"],"post_mailing_queue_ids":[],"_links":{"self":[{"href":"https:\/\/agora.xtec.cat\/ies-alexandre-de-riquer\/wp-json\/wp\/v2\/pages\/21","targetHints":{"allow":["GET"]}}],"collection":[{"href":"https:\/\/agora.xtec.cat\/ies-alexandre-de-riquer\/wp-json\/wp\/v2\/pages"}],"about":[{"href":"https:\/\/agora.xtec.cat\/ies-alexandre-de-riquer\/wp-json\/wp\/v2\/types\/page"}],"author":[{"embeddable":true,"href":"https:\/\/agora.xtec.cat\/ies-alexandre-de-riquer\/wp-json\/wp\/v2\/users\/1"}],"replies":[{"embeddable":true,"href":"https:\/\/agora.xtec.cat\/ies-alexandre-de-riquer\/wp-json\/wp\/v2\/comments?post=21"}],"version-history":[{"count":5,"href":"https:\/\/agora.xtec.cat\/ies-alexandre-de-riquer\/wp-json\/wp\/v2\/pages\/21\/revisions"}],"predecessor-version":[{"id":8753,"href":"https:\/\/agora.xtec.cat\/ies-alexandre-de-riquer\/wp-json\/wp\/v2\/pages\/21\/revisions\/8753"}],"up":[{"embeddable":true,"href":"https:\/\/agora.xtec.cat\/ies-alexandre-de-riquer\/wp-json\/wp\/v2\/pages\/19"}],"wp:attachment":[{"href":"https:\/\/agora.xtec.cat\/ies-alexandre-de-riquer\/wp-json\/wp\/v2\/media?parent=21"}],"curies":[{"name":"wp","href":"https:\/\/api.w.org\/{rel}","templated":true}]}}