{"id":28,"date":"2014-09-18T12:29:35","date_gmt":"2014-09-18T12:29:35","guid":{"rendered":"http:\/\/agora.xtec.cat\/ieribesdefreser\/?page_id=28"},"modified":"2026-02-27T14:53:04","modified_gmt":"2026-02-27T13:53:04","slug":"consell-escolar","status":"publish","type":"page","link":"https:\/\/agora.xtec.cat\/ieribesdefreser\/lescola\/consell-escolar\/","title":{"rendered":"Consell escolar"},"content":{"rendered":"\n<p>l consell escolar del centre \u00e9s l&#8217;<strong>\u00f2rgan col\u00b7legiat de participaci\u00f3<\/strong>&nbsp;de la comunitat escolar en el govern del centre. En el consell escolar hi ha representats tots els col\u00b7lectius que intervenen en la comunitat educativa.<\/p>\n\n\n\n<p class=\"has-text-align-center\">Funcions<\/p>\n\n\n\n<p>Corresponen al consell escolar les funcions seg\u00fcents:<\/p>\n\n\n\n<ul class=\"wp-block-list\">\n<li>Aprovar el projecte educatiu i les modificacions corresponents per una majoria de tres cinquenes parts dels membres.<\/li>\n\n\n\n<li>Aprovar la programaci\u00f3 general anual del centre i avaluar-ne el desenvolupament i els resultats.<\/li>\n\n\n\n<li>Aprovar les propostes d&#8217;acords de corresponsabilitat, convenis i altres acords de col\u00b7laboraci\u00f3 del centre amb entitats o institucions.<\/li>\n\n\n\n<li>Aprovar les normes d&#8217;organitzaci\u00f3 i funcionament i les modificacions corresponents.<\/li>\n\n\n\n<li>Aprovar la carta de comprom\u00eds educatiu.<\/li>\n\n\n\n<li>Aprovar el pressupost del centre i el rendiment de comptes.<\/li>\n\n\n\n<li>Intervenir en el procediment d&#8217;admissi\u00f3 d&#8217;alumnes.<\/li>\n\n\n\n<li>Participar en el procediment de selecci\u00f3 i en la proposta de cessament del director o directora.<\/li>\n\n\n\n<li>Intervenir en la resoluci\u00f3 dels conflictes i, si escau, revisar les sancions als alumnes.<\/li>\n\n\n\n<li>Aprovar les directrius per a la programaci\u00f3 d&#8217;activitats escolars complement\u00e0ries i d&#8217;activitats extraescolars, i avaluar-ne el desenvolupament.<\/li>\n\n\n\n<li>Participar en les an\u00e0lisis i les avaluacions del funcionament general del centre i con\u00e8ixer l&#8217;evoluci\u00f3 del rendiment escolar.<\/li>\n\n\n\n<li>Aprovar els criteris de col\u00b7laboraci\u00f3 amb altres centres i amb l&#8217;entorn.<\/li>\n\n\n\n<li>Qualsevol altra que li sigui atribu\u00efda per les normes legals o reglament\u00e0ries.<\/li>\n<\/ul>\n\n\n\n<p class=\"has-text-align-center\">Representants<\/p>\n\n\n\n<p>El Consell Escolar est\u00e0 format per: 1 representant de l&#8217;alumnat, 5 representants de les fam\u00edlies, 1 representant de l\u2019AFA, 6 representants del claustre (repartir entre docents de prim\u00e0ria i secund\u00e0ria), 1 representant PAS, 1 Ajuntament i l\u2019Equip directiu.<\/p>\n\n\n\n<p>Els membres del Consell Escolar s\u00f3n elegits per un per\u00edode de quatre anys i es renoven per meitats cada dos anys.<\/p>\n\n\n\n<ul class=\"wp-block-list\">\n<li><em>Presidenta<\/em>: Helena Verdaguer Ribas<\/li>\n\n\n\n<li>Cap d&#8217;estudis: Marta Carbonell Montells<\/li>\n\n\n\n<li><em>Representants mestres:\u00a0<\/em> Anna Lloret Anglada, Montserrat Portabella Darn\u00e9s, Judit Tubau Casas, Andrea Carri\u00f3n Mart\u00ednez i Iris L\u00f3pez Poch.<\/li>\n\n\n\n<li><em>Representants  fam\u00edlies:<\/em> Julieta Van Thu, Maria del Mar Jos\u00e9, Laia Sala Picola, Eva Cardona Soy  i Andreu Barnils Carrera.<\/li>\n\n\n\n<li>PAS: M\u00f2nica Cano Cuesta<\/li>\n\n\n\n<li><em>Representant AFA<\/em>: \u00c0frica Estap\u00e9<\/li>\n\n\n\n<li><em>Representant Ajuntament: Nat\u00e0lia Cab\u00f3s<\/em><\/li>\n\n\n\n<li>Secretari: Marc Fern\u00e1ndez S\u00e1nchez<\/li>\n<\/ul>\n\n\n\n<p><\/p>\n","protected":false},"excerpt":{"rendered":"<p>l consell escolar del centre \u00e9s l&#8217;\u00f2rgan col\u00b7legiat de participaci\u00f3&nbsp;de la comunitat escolar en el govern del centre. En el consell escolar hi ha representats tots els col\u00b7lectius que intervenen en la comunitat educativa. Funcions Corresponen al consell escolar les funcions seg\u00fcents: Representants El Consell Escolar est\u00e0 format per: 1 representant de l&#8217;alumnat, 5 representants [&hellip;]<\/p>\n","protected":false},"author":2,"featured_media":0,"parent":22,"menu_order":30,"comment_status":"closed","ping_status":"closed","template":"","meta":{"_bbp_topic_count":0,"_bbp_reply_count":0,"_bbp_total_topic_count":0,"_bbp_total_reply_count":0,"_bbp_voice_count":0,"_bbp_anonymous_reply_count":0,"_bbp_topic_count_hidden":0,"_bbp_reply_count_hidden":0,"_bbp_forum_subforum_count":0,"site-sidebar-layout":"default","site-content-layout":"","ast-site-content-layout":"default","site-content-style":"default","site-sidebar-style":"default","ast-global-header-display":"","ast-banner-title-visibility":"","ast-main-header-display":"","ast-hfb-above-header-display":"","ast-hfb-below-header-display":"","ast-hfb-mobile-header-display":"","site-post-title":"","ast-breadcrumbs-content":"","ast-featured-img":"","footer-sml-layout":"","theme-transparent-header-meta":"","adv-header-id-meta":"","stick-header-meta":"","header-above-stick-meta":"","header-main-stick-meta":"","header-below-stick-meta":"","astra-migrate-meta-layouts":"set","ast-page-background-enabled":"default","ast-page-background-meta":{"desktop":{"background-color":"var(--ast-global-color-4)","background-image":"","background-repeat":"repeat","background-position":"center center","background-size":"auto","background-attachment":"scroll","background-type":"","background-media":"","overlay-type":"","overlay-color":"","overlay-opacity":"","overlay-gradient":""},"tablet":{"background-color":"","background-image":"","background-repeat":"repeat","background-position":"center center","background-size":"auto","background-attachment":"scroll","background-type":"","background-media":"","overlay-type":"","overlay-color":"","overlay-opacity":"","overlay-gradient":""},"mobile":{"background-color":"","background-image":"","background-repeat":"repeat","background-position":"center center","background-size":"auto","background-attachment":"scroll","background-type":"","background-media":"","overlay-type":"","overlay-color":"","overlay-opacity":"","overlay-gradient":""}},"ast-content-background-meta":{"desktop":{"background-color":"var(--ast-global-color-5)","background-image":"","background-repeat":"repeat","background-position":"center center","background-size":"auto","background-attachment":"scroll","background-type":"","background-media":"","overlay-type":"","overlay-color":"","overlay-opacity":"","overlay-gradient":""},"tablet":{"background-color":"var(--ast-global-color-5)","background-image":"","background-repeat":"repeat","background-position":"center center","background-size":"auto","background-attachment":"scroll","background-type":"","background-media":"","overlay-type":"","overlay-color":"","overlay-opacity":"","overlay-gradient":""},"mobile":{"background-color":"var(--ast-global-color-5)","background-image":"","background-repeat":"repeat","background-position":"center center","background-size":"auto","background-attachment":"scroll","background-type":"","background-media":"","overlay-type":"","overlay-color":"","overlay-opacity":"","overlay-gradient":""}},"footnotes":""},"class_list":["post-28","page","type-page","status-publish","hentry"],"post_mailing_queue_ids":[],"_links":{"self":[{"href":"https:\/\/agora.xtec.cat\/ieribesdefreser\/wp-json\/wp\/v2\/pages\/28","targetHints":{"allow":["GET"]}}],"collection":[{"href":"https:\/\/agora.xtec.cat\/ieribesdefreser\/wp-json\/wp\/v2\/pages"}],"about":[{"href":"https:\/\/agora.xtec.cat\/ieribesdefreser\/wp-json\/wp\/v2\/types\/page"}],"author":[{"embeddable":true,"href":"https:\/\/agora.xtec.cat\/ieribesdefreser\/wp-json\/wp\/v2\/users\/2"}],"replies":[{"embeddable":true,"href":"https:\/\/agora.xtec.cat\/ieribesdefreser\/wp-json\/wp\/v2\/comments?post=28"}],"version-history":[{"count":6,"href":"https:\/\/agora.xtec.cat\/ieribesdefreser\/wp-json\/wp\/v2\/pages\/28\/revisions"}],"predecessor-version":[{"id":20045,"href":"https:\/\/agora.xtec.cat\/ieribesdefreser\/wp-json\/wp\/v2\/pages\/28\/revisions\/20045"}],"up":[{"embeddable":true,"href":"https:\/\/agora.xtec.cat\/ieribesdefreser\/wp-json\/wp\/v2\/pages\/22"}],"wp:attachment":[{"href":"https:\/\/agora.xtec.cat\/ieribesdefreser\/wp-json\/wp\/v2\/media?parent=28"}],"curies":[{"name":"wp","href":"https:\/\/api.w.org\/{rel}","templated":true}]}}