{"id":19425,"date":"2025-10-13T09:45:31","date_gmt":"2025-10-13T07:45:31","guid":{"rendered":"https:\/\/agora.xtec.cat\/ieribesdefreser\/?page_id=19425"},"modified":"2025-10-13T13:04:37","modified_gmt":"2025-10-13T11:04:37","slug":"projecte-transversal-batecs","status":"publish","type":"page","link":"https:\/\/agora.xtec.cat\/ieribesdefreser\/projecte-transversal-batecs\/","title":{"rendered":"Projecte transversal BATECS"},"content":{"rendered":"\n<p>El curs 2024-2025 va tenir lloc un canvi d\u2019equip directiu a l\u2019Institut Escola Vall de Ribes i, despr\u00e9s de realitzar entrevistes amb els docents i de detectar les debilitats, amenaces, fortaleses i oportunitats del centre educatiu, un dels eixos principals al projecte de direcci\u00f3 va \u00e9sser el de millorar la <strong>cohesi\u00f3 social<\/strong> (estrat\u00e8gia marcada pel departament d\u2019educaci\u00f3 i formaci\u00f3 professional) i el de <strong>millorar la projecci\u00f3 externa<\/strong> de l&#8217;institut escola.<\/p>\n\n\n\n<p>Aix\u00ed doncs, es va definir un projecte que englob\u00e9s totes les etapes educatives del centre, des l\u2019infantil 3 al darrer curs de l\u2019ESO. Un projecte transversal amb una clara vessant art\u00edstica per\u00f2 sense oblidar la resta de mat\u00e8ries que impartim. A m\u00e9s a m\u00e9s, l\u2019alumnat de 2on i 4t curs de l\u2019ESO disposen d\u2019una hora lectiva per tal d\u2019organitzar, planificar i dur a terme l\u2019exposici\u00f3 final on s\u2019exposen tots els projectes de cada curs, ja que el projecte culmina amb una exposici\u00f3 a l\u2019aula polivalent oberta a tota la comunitat educativa i poblaci\u00f3.<\/p>\n\n\n\n<p>El curs passat vam escollir la paraula <strong>Arrels<\/strong> per simbolitzar la necessitat d\u2019enfortir els vincles amb tota la comunitat educativa i arrelar-nos plegats a l\u2019Institut Escola. La paraula arrels ens va donar tamb\u00e9 un lema pel curs 24-25: <strong><em>Som arrels, serem arbre<\/em>.<\/strong><\/p>\n\n\n\n<p>Aquest any fem un pas m\u00e9s amb el projecte <strong>Batecs<\/strong>. Els batecs representen la vida que compartim, l\u2019energia que ens impulsa i el ritme que ens fa avan\u00e7ar junts. Cada batec \u00e9s \u00fanic, per\u00f2 tots junts creen un pols com\u00fa, capa\u00e7 de donar for\u00e7a i cohesi\u00f3 al nostre centre dia a dia. Aquest any, el lema pel curs actual \u00e9s el de: <strong><em>Mil batecs, un sol cor<\/em>.<\/strong><\/p>\n\n\n\n<figure class=\"wp-block-image size-full\"><a href=\"https:\/\/agora.xtec.cat\/ieribesdefreser\/wp-content\/uploads\/usu353\/2025\/09\/batecs-2-1.png\"><img loading=\"lazy\" decoding=\"async\" width=\"767\" height=\"837\" src=\"https:\/\/agora.xtec.cat\/ieribesdefreser\/wp-content\/uploads\/usu353\/2025\/09\/batecs-2-1.png\" alt=\"\" class=\"wp-image-18864\" srcset=\"https:\/\/agora.xtec.cat\/ieribesdefreser\/wp-content\/uploads\/usu353\/2025\/09\/batecs-2-1.png 767w, https:\/\/agora.xtec.cat\/ieribesdefreser\/wp-content\/uploads\/usu353\/2025\/09\/batecs-2-1-275x300.png 275w\" sizes=\"auto, (max-width: 767px) 100vw, 767px\" \/><\/a><\/figure>\n","protected":false},"excerpt":{"rendered":"<p>El curs 2024-2025 va tenir lloc un canvi d\u2019equip directiu a l\u2019Institut Escola Vall de Ribes i, despr\u00e9s de realitzar entrevistes amb els docents i de detectar les debilitats, amenaces, fortaleses i oportunitats del centre educatiu, un dels eixos principals al projecte de direcci\u00f3 va \u00e9sser el de millorar la cohesi\u00f3 social (estrat\u00e8gia marcada pel [&hellip;]<\/p>\n","protected":false},"author":20,"featured_media":0,"parent":0,"menu_order":0,"comment_status":"closed","ping_status":"close","template":"","meta":{"_bbp_topic_count":0,"_bbp_reply_count":0,"_bbp_total_topic_count":0,"_bbp_total_reply_count":0,"_bbp_voice_count":0,"_bbp_anonymous_reply_count":0,"_bbp_topic_count_hidden":0,"_bbp_reply_count_hidden":0,"_bbp_forum_subforum_count":0,"site-sidebar-layout":"default","site-content-layout":"","ast-site-content-layout":"default","site-content-style":"default","site-sidebar-style":"default","ast-global-header-display":"","ast-banner-title-visibility":"","ast-main-header-display":"","ast-hfb-above-header-display":"","ast-hfb-below-header-display":"","ast-hfb-mobile-header-display":"","site-post-title":"","ast-breadcrumbs-content":"","ast-featured-img":"","footer-sml-layout":"","theme-transparent-header-meta":"","adv-header-id-meta":"","stick-header-meta":"","header-above-stick-meta":"","header-main-stick-meta":"","header-below-stick-meta":"","astra-migrate-meta-layouts":"set","ast-page-background-enabled":"default","ast-page-background-meta":{"desktop":{"background-color":"var(--ast-global-color-4)","background-image":"","background-repeat":"repeat","background-position":"center center","background-size":"auto","background-attachment":"scroll","background-type":"","background-media":"","overlay-type":"","overlay-color":"","overlay-opacity":"","overlay-gradient":""},"tablet":{"background-color":"","background-image":"","background-repeat":"repeat","background-position":"center center","background-size":"auto","background-attachment":"scroll","background-type":"","background-media":"","overlay-type":"","overlay-color":"","overlay-opacity":"","overlay-gradient":""},"mobile":{"background-color":"","background-image":"","background-repeat":"repeat","background-position":"center center","background-size":"auto","background-attachment":"scroll","background-type":"","background-media":"","overlay-type":"","overlay-color":"","overlay-opacity":"","overlay-gradient":""}},"ast-content-background-meta":{"desktop":{"background-color":"var(--ast-global-color-5)","background-image":"","background-repeat":"repeat","background-position":"center center","background-size":"auto","background-attachment":"scroll","background-type":"","background-media":"","overlay-type":"","overlay-color":"","overlay-opacity":"","overlay-gradient":""},"tablet":{"background-color":"var(--ast-global-color-5)","background-image":"","background-repeat":"repeat","background-position":"center center","background-size":"auto","background-attachment":"scroll","background-type":"","background-media":"","overlay-type":"","overlay-color":"","overlay-opacity":"","overlay-gradient":""},"mobile":{"background-color":"var(--ast-global-color-5)","background-image":"","background-repeat":"repeat","background-position":"center center","background-size":"auto","background-attachment":"scroll","background-type":"","background-media":"","overlay-type":"","overlay-color":"","overlay-opacity":"","overlay-gradient":""}},"footnotes":""},"class_list":["post-19425","page","type-page","status-publish","hentry"],"post_mailing_queue_ids":[],"_links":{"self":[{"href":"https:\/\/agora.xtec.cat\/ieribesdefreser\/wp-json\/wp\/v2\/pages\/19425","targetHints":{"allow":["GET"]}}],"collection":[{"href":"https:\/\/agora.xtec.cat\/ieribesdefreser\/wp-json\/wp\/v2\/pages"}],"about":[{"href":"https:\/\/agora.xtec.cat\/ieribesdefreser\/wp-json\/wp\/v2\/types\/page"}],"author":[{"embeddable":true,"href":"https:\/\/agora.xtec.cat\/ieribesdefreser\/wp-json\/wp\/v2\/users\/20"}],"replies":[{"embeddable":true,"href":"https:\/\/agora.xtec.cat\/ieribesdefreser\/wp-json\/wp\/v2\/comments?post=19425"}],"version-history":[{"count":2,"href":"https:\/\/agora.xtec.cat\/ieribesdefreser\/wp-json\/wp\/v2\/pages\/19425\/revisions"}],"predecessor-version":[{"id":19498,"href":"https:\/\/agora.xtec.cat\/ieribesdefreser\/wp-json\/wp\/v2\/pages\/19425\/revisions\/19498"}],"wp:attachment":[{"href":"https:\/\/agora.xtec.cat\/ieribesdefreser\/wp-json\/wp\/v2\/media?parent=19425"}],"curies":[{"name":"wp","href":"https:\/\/api.w.org\/{rel}","templated":true}]}}