{"id":19401,"date":"2025-10-13T09:34:10","date_gmt":"2025-10-13T07:34:10","guid":{"rendered":"https:\/\/agora.xtec.cat\/ieribesdefreser\/?page_id=19401"},"modified":"2025-10-13T12:51:33","modified_gmt":"2025-10-13T10:51:33","slug":"xarxa-competencies-basiques-xcb","status":"publish","type":"page","link":"https:\/\/agora.xtec.cat\/ieribesdefreser\/xarxa-competencies-basiques-xcb\/","title":{"rendered":"Xarxa de compet\u00e8ncies b\u00e0siques XCB"},"content":{"rendered":"\n<p>La Xarxa de Compet\u00e8ncies \u00e9s una modalitat de formaci\u00f3 i desenvolupament professional docent basat en l\u2019aprenentatge entre iguals i en xarxa, promoguda pel Departament d\u2019Educaci\u00f3, dins el seu pla de formaci\u00f3 permanent. <\/p>\n\n\n\n<p>La Xarxa de Compet\u00e8ncies est\u00e0 formada per equips docents de centres d\u2019educaci\u00f3 infantil, prim\u00e0ria, secund\u00e0ria i batxillerat que volen iniciar, mantenir o consolidar processos de reflexi\u00f3-acci\u00f3 en equip i en xarxa per transformar l\u2019escola en un espai que afavoreixi l\u2019aprenentatge i ajudi els docents a millorar el seu desenvolupament professional i als centres a constituir-se en organitzacions que aprenen. Actualment est\u00e0 formada per m\u00e9s de 700 centres, tant de prim\u00e0ria com de secund\u00e0ria, organitzats en xarxes territorials, i implica m\u00e9s de 10.000 docents.<\/p>\n\n\n\n<p>Des de l&#8217;institut escola Vall de Ribes hi participem assistint tant a les jornades formatives ( coordinadora pedag\u00f2gica i coordinadora de prim\u00e0ria) com a la cloenda anual a Barcelona presentant una activitat significativa realitzada al centre.<\/p>\n\n\n\n<div class=\"wp-block-getwid-images-slider has-arrows-inside has-dots-inside has-images-center has-cropped-images\"><div class=\"wp-block-getwid-images-slider__wrapper\" data-effect=\"slide\" data-slides-show=\"1\" data-slides-show-laptop=\"1\" data-slides-show-tablet=\"1\" data-slides-show-mobile=\"1\" data-slides-scroll=\"1\" data-autoplay=\"false\" data-pause-hover=\"false\" data-autoplay-speed=\"6000\" data-infinite=\"true\" data-animation-speed=\"800\" data-center-mode=\"false\" data-variable-width=\"false\" data-arrows=\"inside\" data-dots=\"inside\" data-spacing=\"none\"><div class=\"wp-block-getwid-images-slider__item\"><figure><img loading=\"lazy\" decoding=\"async\" width=\"1600\" height=\"900\" src=\"https:\/\/agora.xtec.cat\/ieribesdefreser\/wp-content\/uploads\/usu353\/2025\/10\/ca9699a0-ff89-413b-be0f-33642f9a8475-1.jpg\" data-id=\"19493\" data-link=\"https:\/\/agora.xtec.cat\/ieribesdefreser\/xarxa-competencies-basiques-xcb\/attachment\/ca9699a0-ff89-413b-be0f-33642f9a8475-2\/\" data-original-link=\"https:\/\/agora.xtec.cat\/ieribesdefreser\/wp-content\/uploads\/usu353\/2025\/10\/ca9699a0-ff89-413b-be0f-33642f9a8475-1.jpg\" class=\"wp-block-getwid-images-slider__image wp-image-19493\" srcset=\"https:\/\/agora.xtec.cat\/ieribesdefreser\/wp-content\/uploads\/usu353\/2025\/10\/ca9699a0-ff89-413b-be0f-33642f9a8475-1.jpg 1600w, https:\/\/agora.xtec.cat\/ieribesdefreser\/wp-content\/uploads\/usu353\/2025\/10\/ca9699a0-ff89-413b-be0f-33642f9a8475-1-300x169.jpg 300w, https:\/\/agora.xtec.cat\/ieribesdefreser\/wp-content\/uploads\/usu353\/2025\/10\/ca9699a0-ff89-413b-be0f-33642f9a8475-1-1024x576.jpg 1024w, https:\/\/agora.xtec.cat\/ieribesdefreser\/wp-content\/uploads\/usu353\/2025\/10\/ca9699a0-ff89-413b-be0f-33642f9a8475-1-768x432.jpg 768w, https:\/\/agora.xtec.cat\/ieribesdefreser\/wp-content\/uploads\/usu353\/2025\/10\/ca9699a0-ff89-413b-be0f-33642f9a8475-1-1536x864.jpg 1536w\" sizes=\"auto, (max-width: 1600px) 100vw, 1600px\" \/><\/figure><\/div><div class=\"wp-block-getwid-images-slider__item\"><figure><img loading=\"lazy\" decoding=\"async\" width=\"2016\" height=\"1512\" src=\"https:\/\/agora.xtec.cat\/ieribesdefreser\/wp-content\/uploads\/usu353\/2025\/10\/IMG_5889-1.jpg\" data-id=\"19492\" data-link=\"https:\/\/agora.xtec.cat\/ieribesdefreser\/xarxa-competencies-basiques-xcb\/attachment\/img_5889-2\/\" data-original-link=\"https:\/\/agora.xtec.cat\/ieribesdefreser\/wp-content\/uploads\/usu353\/2025\/10\/IMG_5889-1.jpg\" class=\"wp-block-getwid-images-slider__image wp-image-19492\" srcset=\"https:\/\/agora.xtec.cat\/ieribesdefreser\/wp-content\/uploads\/usu353\/2025\/10\/IMG_5889-1.jpg 2016w, https:\/\/agora.xtec.cat\/ieribesdefreser\/wp-content\/uploads\/usu353\/2025\/10\/IMG_5889-1-300x225.jpg 300w, https:\/\/agora.xtec.cat\/ieribesdefreser\/wp-content\/uploads\/usu353\/2025\/10\/IMG_5889-1-1024x768.jpg 1024w, https:\/\/agora.xtec.cat\/ieribesdefreser\/wp-content\/uploads\/usu353\/2025\/10\/IMG_5889-1-768x576.jpg 768w, https:\/\/agora.xtec.cat\/ieribesdefreser\/wp-content\/uploads\/usu353\/2025\/10\/IMG_5889-1-1536x1152.jpg 1536w\" sizes=\"auto, (max-width: 2016px) 100vw, 2016px\" \/><\/figure><\/div><div class=\"wp-block-getwid-images-slider__item\"><figure><img loading=\"lazy\" decoding=\"async\" width=\"1512\" height=\"2016\" src=\"https:\/\/agora.xtec.cat\/ieribesdefreser\/wp-content\/uploads\/usu353\/2025\/10\/IMG_5890-2-rotated.jpg\" data-id=\"19496\" data-link=\"https:\/\/agora.xtec.cat\/ieribesdefreser\/xarxa-competencies-basiques-xcb\/attachment\/img_5890-3\/\" data-original-link=\"https:\/\/agora.xtec.cat\/ieribesdefreser\/wp-content\/uploads\/usu353\/2025\/10\/IMG_5890-2-rotated.jpg\" class=\"wp-block-getwid-images-slider__image wp-image-19496\" srcset=\"https:\/\/agora.xtec.cat\/ieribesdefreser\/wp-content\/uploads\/usu353\/2025\/10\/IMG_5890-2-rotated.jpg 1512w, https:\/\/agora.xtec.cat\/ieribesdefreser\/wp-content\/uploads\/usu353\/2025\/10\/IMG_5890-2-225x300.jpg 225w, https:\/\/agora.xtec.cat\/ieribesdefreser\/wp-content\/uploads\/usu353\/2025\/10\/IMG_5890-2-768x1024.jpg 768w, https:\/\/agora.xtec.cat\/ieribesdefreser\/wp-content\/uploads\/usu353\/2025\/10\/IMG_5890-2-1152x1536.jpg 1152w\" sizes=\"auto, (max-width: 1512px) 100vw, 1512px\" \/><\/figure><\/div><div class=\"wp-block-getwid-images-slider__item\"><figure><img loading=\"lazy\" decoding=\"async\" width=\"1512\" height=\"2016\" src=\"https:\/\/agora.xtec.cat\/ieribesdefreser\/wp-content\/uploads\/usu353\/2025\/10\/IMG_5893-1-rotated.jpg\" data-id=\"19494\" data-link=\"https:\/\/agora.xtec.cat\/ieribesdefreser\/xarxa-competencies-basiques-xcb\/attachment\/img_5893-2\/\" data-original-link=\"https:\/\/agora.xtec.cat\/ieribesdefreser\/wp-content\/uploads\/usu353\/2025\/10\/IMG_5893-1-rotated.jpg\" class=\"wp-block-getwid-images-slider__image wp-image-19494\" srcset=\"https:\/\/agora.xtec.cat\/ieribesdefreser\/wp-content\/uploads\/usu353\/2025\/10\/IMG_5893-1-rotated.jpg 1512w, https:\/\/agora.xtec.cat\/ieribesdefreser\/wp-content\/uploads\/usu353\/2025\/10\/IMG_5893-1-225x300.jpg 225w, https:\/\/agora.xtec.cat\/ieribesdefreser\/wp-content\/uploads\/usu353\/2025\/10\/IMG_5893-1-768x1024.jpg 768w, https:\/\/agora.xtec.cat\/ieribesdefreser\/wp-content\/uploads\/usu353\/2025\/10\/IMG_5893-1-1152x1536.jpg 1152w\" sizes=\"auto, (max-width: 1512px) 100vw, 1512px\" \/><\/figure><\/div><div class=\"wp-block-getwid-images-slider__item\"><figure><img loading=\"lazy\" decoding=\"async\" width=\"2016\" height=\"1512\" src=\"https:\/\/agora.xtec.cat\/ieribesdefreser\/wp-content\/uploads\/usu353\/2025\/10\/IMG_5901-1.jpg\" data-id=\"19495\" data-link=\"https:\/\/agora.xtec.cat\/ieribesdefreser\/xarxa-competencies-basiques-xcb\/attachment\/img_5901-2\/\" data-original-link=\"https:\/\/agora.xtec.cat\/ieribesdefreser\/wp-content\/uploads\/usu353\/2025\/10\/IMG_5901-1.jpg\" class=\"wp-block-getwid-images-slider__image wp-image-19495\" srcset=\"https:\/\/agora.xtec.cat\/ieribesdefreser\/wp-content\/uploads\/usu353\/2025\/10\/IMG_5901-1.jpg 2016w, https:\/\/agora.xtec.cat\/ieribesdefreser\/wp-content\/uploads\/usu353\/2025\/10\/IMG_5901-1-300x225.jpg 300w, https:\/\/agora.xtec.cat\/ieribesdefreser\/wp-content\/uploads\/usu353\/2025\/10\/IMG_5901-1-1024x768.jpg 1024w, https:\/\/agora.xtec.cat\/ieribesdefreser\/wp-content\/uploads\/usu353\/2025\/10\/IMG_5901-1-768x576.jpg 768w, https:\/\/agora.xtec.cat\/ieribesdefreser\/wp-content\/uploads\/usu353\/2025\/10\/IMG_5901-1-1536x1152.jpg 1536w\" sizes=\"auto, (max-width: 2016px) 100vw, 2016px\" \/><\/figure><\/div><\/div><\/div>\n\n\n\n<figure class=\"wp-block-embed is-type-video is-provider-youtube wp-block-embed-youtube wp-embed-aspect-16-9 wp-has-aspect-ratio\"><div class=\"wp-block-embed__wrapper\">\n<div class=\"ast-oembed-container \" style=\"height: 100%;\"><iframe loading=\"lazy\" title=\"Xarxa de Compet\u00e8ncies B\u00e0siques\" width=\"500\" height=\"281\" src=\"https:\/\/www.youtube.com\/embed\/hWU97TTolGo?feature=oembed\" frameborder=\"0\" allow=\"accelerometer; autoplay; clipboard-write; encrypted-media; gyroscope; picture-in-picture; web-share\" referrerpolicy=\"strict-origin-when-cross-origin\" allowfullscreen><\/iframe><\/div>\n<\/div><\/figure>\n","protected":false},"excerpt":{"rendered":"<p>La Xarxa de Compet\u00e8ncies \u00e9s una modalitat de formaci\u00f3 i desenvolupament professional docent basat en l\u2019aprenentatge entre iguals i en xarxa, promoguda pel Departament d\u2019Educaci\u00f3, dins el seu pla de formaci\u00f3 permanent. La Xarxa de Compet\u00e8ncies est\u00e0 formada per equips docents de centres d\u2019educaci\u00f3 infantil, prim\u00e0ria, secund\u00e0ria i batxillerat que volen iniciar, mantenir o consolidar [&hellip;]<\/p>\n","protected":false},"author":20,"featured_media":0,"parent":0,"menu_order":0,"comment_status":"closed","ping_status":"close","template":"","meta":{"_bbp_topic_count":0,"_bbp_reply_count":0,"_bbp_total_topic_count":0,"_bbp_total_reply_count":0,"_bbp_voice_count":0,"_bbp_anonymous_reply_count":0,"_bbp_topic_count_hidden":0,"_bbp_reply_count_hidden":0,"_bbp_forum_subforum_count":0,"site-sidebar-layout":"default","site-content-layout":"","ast-site-content-layout":"default","site-content-style":"default","site-sidebar-style":"default","ast-global-header-display":"","ast-banner-title-visibility":"","ast-main-header-display":"","ast-hfb-above-header-display":"","ast-hfb-below-header-display":"","ast-hfb-mobile-header-display":"","site-post-title":"","ast-breadcrumbs-content":"","ast-featured-img":"","footer-sml-layout":"","theme-transparent-header-meta":"","adv-header-id-meta":"","stick-header-meta":"","header-above-stick-meta":"","header-main-stick-meta":"","header-below-stick-meta":"","astra-migrate-meta-layouts":"set","ast-page-background-enabled":"default","ast-page-background-meta":{"desktop":{"background-color":"var(--ast-global-color-4)","background-image":"","background-repeat":"repeat","background-position":"center center","background-size":"auto","background-attachment":"scroll","background-type":"","background-media":"","overlay-type":"","overlay-color":"","overlay-opacity":"","overlay-gradient":""},"tablet":{"background-color":"","background-image":"","background-repeat":"repeat","background-position":"center center","background-size":"auto","background-attachment":"scroll","background-type":"","background-media":"","overlay-type":"","overlay-color":"","overlay-opacity":"","overlay-gradient":""},"mobile":{"background-color":"","background-image":"","background-repeat":"repeat","background-position":"center center","background-size":"auto","background-attachment":"scroll","background-type":"","background-media":"","overlay-type":"","overlay-color":"","overlay-opacity":"","overlay-gradient":""}},"ast-content-background-meta":{"desktop":{"background-color":"var(--ast-global-color-5)","background-image":"","background-repeat":"repeat","background-position":"center center","background-size":"auto","background-attachment":"scroll","background-type":"","background-media":"","overlay-type":"","overlay-color":"","overlay-opacity":"","overlay-gradient":""},"tablet":{"background-color":"var(--ast-global-color-5)","background-image":"","background-repeat":"repeat","background-position":"center center","background-size":"auto","background-attachment":"scroll","background-type":"","background-media":"","overlay-type":"","overlay-color":"","overlay-opacity":"","overlay-gradient":""},"mobile":{"background-color":"var(--ast-global-color-5)","background-image":"","background-repeat":"repeat","background-position":"center center","background-size":"auto","background-attachment":"scroll","background-type":"","background-media":"","overlay-type":"","overlay-color":"","overlay-opacity":"","overlay-gradient":""}},"footnotes":""},"class_list":["post-19401","page","type-page","status-publish","hentry"],"post_mailing_queue_ids":[],"_links":{"self":[{"href":"https:\/\/agora.xtec.cat\/ieribesdefreser\/wp-json\/wp\/v2\/pages\/19401","targetHints":{"allow":["GET"]}}],"collection":[{"href":"https:\/\/agora.xtec.cat\/ieribesdefreser\/wp-json\/wp\/v2\/pages"}],"about":[{"href":"https:\/\/agora.xtec.cat\/ieribesdefreser\/wp-json\/wp\/v2\/types\/page"}],"author":[{"embeddable":true,"href":"https:\/\/agora.xtec.cat\/ieribesdefreser\/wp-json\/wp\/v2\/users\/20"}],"replies":[{"embeddable":true,"href":"https:\/\/agora.xtec.cat\/ieribesdefreser\/wp-json\/wp\/v2\/comments?post=19401"}],"version-history":[{"count":6,"href":"https:\/\/agora.xtec.cat\/ieribesdefreser\/wp-json\/wp\/v2\/pages\/19401\/revisions"}],"predecessor-version":[{"id":19497,"href":"https:\/\/agora.xtec.cat\/ieribesdefreser\/wp-json\/wp\/v2\/pages\/19401\/revisions\/19497"}],"wp:attachment":[{"href":"https:\/\/agora.xtec.cat\/ieribesdefreser\/wp-json\/wp\/v2\/media?parent=19401"}],"curies":[{"name":"wp","href":"https:\/\/api.w.org\/{rel}","templated":true}]}}