{"id":15860,"date":"2022-05-31T18:08:12","date_gmt":"2022-05-31T16:08:12","guid":{"rendered":"https:\/\/agora.xtec.cat\/ieribesdefreser\/?page_id=15860"},"modified":"2023-06-27T11:44:18","modified_gmt":"2023-06-27T09:44:18","slug":"projecte-digital-de-centre-edc","status":"publish","type":"page","link":"https:\/\/agora.xtec.cat\/ieribesdefreser\/projecte-digital-de-centre-edc\/","title":{"rendered":"Projecte digital de centre EDC"},"content":{"rendered":"<p><a href=\"https:\/\/sites.google.com\/d\/1J87VYykIsjbgd56JZvKs7UP9UGs88syu\/p\/1HEJEe4PqH8iPmzWPoXaoQzPkIl_TpElJ\/edit\">L\u2019EDC<\/a> \u00e9s un document que recull totes les accions que es realitzen a l\u2019Institut Escola Vall de Ribes i les que es realitzaran a mitj\u00e0 termini, per aconseguir la m\u00e0xima compet\u00e8ncia digital de l\u2019alumnat, del professorat i del centre educatiu.<br \/>\nHa de tenir com a referent el Pla d\u2019educaci\u00f3 digital de Catalunya,<br \/>\n\u00c9s un document pr\u00e0ctic que t\u00e9 per finalitat definir les l\u00ednies d\u2019actuaci\u00f3 de la tecnologia en el marc d\u2019autonomia de centre i del Projecte Educatiu (PEC)<\/p>\n<p>OBJECTIUS DE L\u2019 ESTRAT\u00c8GIA DIGITAL DE CENTRE (EDC)<\/p>\n<ul>\n<li>Assegurar la compet\u00e8ncia digital de tot l&#8217;alumnat.<\/li>\n<li>Aconseguir la integraci\u00f3 curricular de les eines digitals.<\/li>\n<li>Afavorir la inclusi\u00f3 digital de tota la comunitat educativa.<\/li>\n<li>Promoure la innovaci\u00f3 pedag\u00f2gica.<\/li>\n<li>Seguretat i protecci\u00f3 de dades.<\/li>\n<\/ul>\n","protected":false},"excerpt":{"rendered":"<p>L\u2019EDC \u00e9s un document que recull totes les accions que es realitzen a l\u2019Institut Escola Vall de Ribes i les que es realitzaran a mitj\u00e0 termini, per aconseguir la m\u00e0xima compet\u00e8ncia digital de l\u2019alumnat, del professorat i del centre educatiu. Ha de tenir com a referent el Pla d\u2019educaci\u00f3 digital de Catalunya, \u00c9s un document [&hellip;]<\/p>\n","protected":false},"author":1,"featured_media":0,"parent":0,"menu_order":0,"comment_status":"closed","ping_status":"closed","template":"","meta":{"_bbp_topic_count":0,"_bbp_reply_count":0,"_bbp_total_topic_count":0,"_bbp_total_reply_count":0,"_bbp_voice_count":0,"_bbp_anonymous_reply_count":0,"_bbp_topic_count_hidden":0,"_bbp_reply_count_hidden":0,"_bbp_forum_subforum_count":0,"site-sidebar-layout":"default","site-content-layout":"","ast-site-content-layout":"","site-content-style":"default","site-sidebar-style":"default","ast-global-header-display":"","ast-banner-title-visibility":"","ast-main-header-display":"","ast-hfb-above-header-display":"","ast-hfb-below-header-display":"","ast-hfb-mobile-header-display":"","site-post-title":"","ast-breadcrumbs-content":"","ast-featured-img":"","footer-sml-layout":"","theme-transparent-header-meta":"","adv-header-id-meta":"","stick-header-meta":"","header-above-stick-meta":"","header-main-stick-meta":"","header-below-stick-meta":"","astra-migrate-meta-layouts":"default","ast-page-background-enabled":"default","ast-page-background-meta":{"desktop":{"background-color":"var(--ast-global-color-4)","background-image":"","background-repeat":"repeat","background-position":"center center","background-size":"auto","background-attachment":"scroll","background-type":"","background-media":"","overlay-type":"","overlay-color":"","overlay-opacity":"","overlay-gradient":""},"tablet":{"background-color":"","background-image":"","background-repeat":"repeat","background-position":"center center","background-size":"auto","background-attachment":"scroll","background-type":"","background-media":"","overlay-type":"","overlay-color":"","overlay-opacity":"","overlay-gradient":""},"mobile":{"background-color":"","background-image":"","background-repeat":"repeat","background-position":"center center","background-size":"auto","background-attachment":"scroll","background-type":"","background-media":"","overlay-type":"","overlay-color":"","overlay-opacity":"","overlay-gradient":""}},"ast-content-background-meta":{"desktop":{"background-color":"var(--ast-global-color-5)","background-image":"","background-repeat":"repeat","background-position":"center center","background-size":"auto","background-attachment":"scroll","background-type":"","background-media":"","overlay-type":"","overlay-color":"","overlay-opacity":"","overlay-gradient":""},"tablet":{"background-color":"var(--ast-global-color-5)","background-image":"","background-repeat":"repeat","background-position":"center center","background-size":"auto","background-attachment":"scroll","background-type":"","background-media":"","overlay-type":"","overlay-color":"","overlay-opacity":"","overlay-gradient":""},"mobile":{"background-color":"var(--ast-global-color-5)","background-image":"","background-repeat":"repeat","background-position":"center center","background-size":"auto","background-attachment":"scroll","background-type":"","background-media":"","overlay-type":"","overlay-color":"","overlay-opacity":"","overlay-gradient":""}},"footnotes":""},"class_list":["post-15860","page","type-page","status-publish","hentry"],"post_mailing_queue_ids":[],"_links":{"self":[{"href":"https:\/\/agora.xtec.cat\/ieribesdefreser\/wp-json\/wp\/v2\/pages\/15860","targetHints":{"allow":["GET"]}}],"collection":[{"href":"https:\/\/agora.xtec.cat\/ieribesdefreser\/wp-json\/wp\/v2\/pages"}],"about":[{"href":"https:\/\/agora.xtec.cat\/ieribesdefreser\/wp-json\/wp\/v2\/types\/page"}],"author":[{"embeddable":true,"href":"https:\/\/agora.xtec.cat\/ieribesdefreser\/wp-json\/wp\/v2\/users\/1"}],"replies":[{"embeddable":true,"href":"https:\/\/agora.xtec.cat\/ieribesdefreser\/wp-json\/wp\/v2\/comments?post=15860"}],"version-history":[{"count":4,"href":"https:\/\/agora.xtec.cat\/ieribesdefreser\/wp-json\/wp\/v2\/pages\/15860\/revisions"}],"predecessor-version":[{"id":17319,"href":"https:\/\/agora.xtec.cat\/ieribesdefreser\/wp-json\/wp\/v2\/pages\/15860\/revisions\/17319"}],"wp:attachment":[{"href":"https:\/\/agora.xtec.cat\/ieribesdefreser\/wp-json\/wp\/v2\/media?parent=15860"}],"curies":[{"name":"wp","href":"https:\/\/api.w.org\/{rel}","templated":true}]}}