{"id":14713,"date":"2021-09-09T19:24:21","date_gmt":"2021-09-09T17:24:21","guid":{"rendered":"https:\/\/agora.xtec.cat\/ieribesdefreser\/?page_id=14713"},"modified":"2025-10-10T09:21:14","modified_gmt":"2025-10-10T07:21:14","slug":"carta-compromis","status":"publish","type":"page","link":"https:\/\/agora.xtec.cat\/ieribesdefreser\/carta-compromis\/","title":{"rendered":"Carta de comprom\u00eds"},"content":{"rendered":"\n<p>La carta de comprom\u00eds educatiu \u00e9s un document que t\u00e9 com a finalitat potenciar la comunicaci\u00f3, la participaci\u00f3, la implicaci\u00f3, el comprom\u00eds i la corresponsabilitat entre els centres i les fam\u00edlies en l&#8217;educaci\u00f3 d&#8217;infants i joves.<\/p>\n\n\n\n<div data-wp-interactive=\"core\/file\" class=\"wp-block-file\"><object data-wp-bind--hidden=\"!state.hasPdfPreview\" hidden class=\"wp-block-file__embed\" data=\"https:\/\/agora.xtec.cat\/ieribesdefreser\/wp-content\/uploads\/usu353\/2025\/10\/ESO_CARTA-DE-COMPROMIS-EDUCATIU-IE-Vall-de-Ribes-.docx.pdf\" type=\"application\/pdf\" style=\"width:100%;height:600px\" aria-label=\"Incrustaci\u00f3 del fitxer ESO_CARTA DE COMPROM\u00cdS EDUCATIU IE Vall de Ribes .docx.\"><\/object><a id=\"wp-block-file--media-2dfcbcbf-f96e-4b49-b459-f6e47eae192b\" href=\"https:\/\/agora.xtec.cat\/ieribesdefreser\/wp-content\/uploads\/usu353\/2025\/10\/ESO_CARTA-DE-COMPROMIS-EDUCATIU-IE-Vall-de-Ribes-.docx.pdf\">ESO_CARTA DE COMPROM\u00cdS EDUCATIU IE Vall de Ribes .docx<\/a><a href=\"https:\/\/agora.xtec.cat\/ieribesdefreser\/wp-content\/uploads\/usu353\/2025\/10\/ESO_CARTA-DE-COMPROMIS-EDUCATIU-IE-Vall-de-Ribes-.docx.pdf\" class=\"wp-block-file__button wp-element-button\" download aria-describedby=\"wp-block-file--media-2dfcbcbf-f96e-4b49-b459-f6e47eae192b\">Baixa<\/a><\/div>\n\n\n\n\n\n<div data-wp-interactive=\"core\/file\" class=\"wp-block-file\"><object data-wp-bind--hidden=\"!state.hasPdfPreview\" hidden class=\"wp-block-file__embed\" data=\"https:\/\/agora.xtec.cat\/ieribesdefreser\/wp-content\/uploads\/usu353\/2025\/10\/PRI_CARTA-DE-COMPROMIS-EDUCATIU-IE-Vall-de-Ribes.docx.pdf\" type=\"application\/pdf\" style=\"width:100%;height:600px\" aria-label=\"Incrustaci\u00f3 del fitxer PRI_CARTA DE COMPROM\u00cdS EDUCATIU IE Vall de Ribes.docx.\"><\/object><a id=\"wp-block-file--media-f30722bb-840a-4bef-8466-fb02580b27f3\" href=\"https:\/\/agora.xtec.cat\/ieribesdefreser\/wp-content\/uploads\/usu353\/2025\/10\/PRI_CARTA-DE-COMPROMIS-EDUCATIU-IE-Vall-de-Ribes.docx.pdf\">PRI_CARTA DE COMPROM\u00cdS EDUCATIU IE Vall de Ribes.docx<\/a><a href=\"https:\/\/agora.xtec.cat\/ieribesdefreser\/wp-content\/uploads\/usu353\/2025\/10\/PRI_CARTA-DE-COMPROMIS-EDUCATIU-IE-Vall-de-Ribes.docx.pdf\" class=\"wp-block-file__button wp-element-button\" download aria-describedby=\"wp-block-file--media-f30722bb-840a-4bef-8466-fb02580b27f3\">Baixa<\/a><\/div>\n","protected":false},"excerpt":{"rendered":"<p>La carta de comprom\u00eds educatiu \u00e9s un document que t\u00e9 com a finalitat potenciar la comunicaci\u00f3, la participaci\u00f3, la implicaci\u00f3, el comprom\u00eds i la corresponsabilitat entre els centres i les fam\u00edlies en l&#8217;educaci\u00f3 d&#8217;infants i joves.<\/p>\n","protected":false},"author":1,"featured_media":0,"parent":0,"menu_order":0,"comment_status":"closed","ping_status":"closed","template":"","meta":{"_bbp_topic_count":0,"_bbp_reply_count":0,"_bbp_total_topic_count":0,"_bbp_total_reply_count":0,"_bbp_voice_count":0,"_bbp_anonymous_reply_count":0,"_bbp_topic_count_hidden":0,"_bbp_reply_count_hidden":0,"_bbp_forum_subforum_count":0,"site-sidebar-layout":"default","site-content-layout":"","ast-site-content-layout":"default","site-content-style":"default","site-sidebar-style":"default","ast-global-header-display":"","ast-banner-title-visibility":"","ast-main-header-display":"","ast-hfb-above-header-display":"","ast-hfb-below-header-display":"","ast-hfb-mobile-header-display":"","site-post-title":"","ast-breadcrumbs-content":"","ast-featured-img":"","footer-sml-layout":"","theme-transparent-header-meta":"","adv-header-id-meta":"","stick-header-meta":"","header-above-stick-meta":"","header-main-stick-meta":"","header-below-stick-meta":"","astra-migrate-meta-layouts":"set","ast-page-background-enabled":"default","ast-page-background-meta":{"desktop":{"background-color":"var(--ast-global-color-4)","background-image":"","background-repeat":"repeat","background-position":"center center","background-size":"auto","background-attachment":"scroll","background-type":"","background-media":"","overlay-type":"","overlay-color":"","overlay-opacity":"","overlay-gradient":""},"tablet":{"background-color":"","background-image":"","background-repeat":"repeat","background-position":"center center","background-size":"auto","background-attachment":"scroll","background-type":"","background-media":"","overlay-type":"","overlay-color":"","overlay-opacity":"","overlay-gradient":""},"mobile":{"background-color":"","background-image":"","background-repeat":"repeat","background-position":"center center","background-size":"auto","background-attachment":"scroll","background-type":"","background-media":"","overlay-type":"","overlay-color":"","overlay-opacity":"","overlay-gradient":""}},"ast-content-background-meta":{"desktop":{"background-color":"var(--ast-global-color-5)","background-image":"","background-repeat":"repeat","background-position":"center center","background-size":"auto","background-attachment":"scroll","background-type":"","background-media":"","overlay-type":"","overlay-color":"","overlay-opacity":"","overlay-gradient":""},"tablet":{"background-color":"var(--ast-global-color-5)","background-image":"","background-repeat":"repeat","background-position":"center center","background-size":"auto","background-attachment":"scroll","background-type":"","background-media":"","overlay-type":"","overlay-color":"","overlay-opacity":"","overlay-gradient":""},"mobile":{"background-color":"var(--ast-global-color-5)","background-image":"","background-repeat":"repeat","background-position":"center center","background-size":"auto","background-attachment":"scroll","background-type":"","background-media":"","overlay-type":"","overlay-color":"","overlay-opacity":"","overlay-gradient":""}},"footnotes":""},"class_list":["post-14713","page","type-page","status-publish","hentry"],"post_mailing_queue_ids":[],"_links":{"self":[{"href":"https:\/\/agora.xtec.cat\/ieribesdefreser\/wp-json\/wp\/v2\/pages\/14713","targetHints":{"allow":["GET"]}}],"collection":[{"href":"https:\/\/agora.xtec.cat\/ieribesdefreser\/wp-json\/wp\/v2\/pages"}],"about":[{"href":"https:\/\/agora.xtec.cat\/ieribesdefreser\/wp-json\/wp\/v2\/types\/page"}],"author":[{"embeddable":true,"href":"https:\/\/agora.xtec.cat\/ieribesdefreser\/wp-json\/wp\/v2\/users\/1"}],"replies":[{"embeddable":true,"href":"https:\/\/agora.xtec.cat\/ieribesdefreser\/wp-json\/wp\/v2\/comments?post=14713"}],"version-history":[{"count":6,"href":"https:\/\/agora.xtec.cat\/ieribesdefreser\/wp-json\/wp\/v2\/pages\/14713\/revisions"}],"predecessor-version":[{"id":19303,"href":"https:\/\/agora.xtec.cat\/ieribesdefreser\/wp-json\/wp\/v2\/pages\/14713\/revisions\/19303"}],"wp:attachment":[{"href":"https:\/\/agora.xtec.cat\/ieribesdefreser\/wp-json\/wp\/v2\/media?parent=14713"}],"curies":[{"name":"wp","href":"https:\/\/api.w.org\/{rel}","templated":true}]}}