{"id":13627,"date":"2021-02-10T11:41:56","date_gmt":"2021-02-10T10:41:56","guid":{"rendered":"https:\/\/agora.xtec.cat\/ieribesdefreser\/?page_id=13627"},"modified":"2023-05-23T10:24:45","modified_gmt":"2023-05-23T08:24:45","slug":"escola-de-neu","status":"publish","type":"page","link":"https:\/\/agora.xtec.cat\/ieribesdefreser\/escola-de-neu\/","title":{"rendered":"Escola de neu"},"content":{"rendered":"<h3 id=\"sites-page-title-header\" align=\"left\"><span id=\"sites-page-title\" dir=\"ltr\" tabindex=\"-1\">PROJECTE &#8220;ESCOLA DE NEU&#8221;<\/span><\/h3>\n<div id=\"sites-canvas-main\" class=\"sites-canvas-main\">\n<div id=\"sites-canvas-main-content\">\n<p>L\u2019Institut Escola\u00a0Vall de Ribes, imparteix el seu programa educatiu i esportiu \u201cEscola de neu\u201d. Avalat pel Departament d\u2019Educaci\u00f3 i el Consell Superior d\u2019Esports de la Generalitat, aquest projecte implica la pr\u00e0ctica de l\u2019esqu\u00ed de tots els alumnes durant els quatre cursos de l\u2019ESO.<\/p>\n<p>El Projecte Educatiu de centre i en concret la mat\u00e8ria d\u2019Educaci\u00f3 F\u00edsica inclou dins el seu curr\u00edculum les compet\u00e8ncies esportives d\u2019aquest esport d\u2019hivern, combinant els coneixements te\u00f2rics amb la pr\u00e0ctica de les t\u00e8cniques de l\u2019esqu\u00ed alp\u00ed, des de cinqu\u00e8 fins a 4t ESO.<\/p>\n<p>Cicle mitja s&#8217;inicia amb l&#8217;esqui amb E.B.E (Esport Blanc Escolar).<\/p>\n<\/div>\n<\/div>\n<p><a href=\"https:\/\/agora.xtec.cat\/ieribesdefreser\/wp-content\/uploads\/usu353\/2023\/05\/Captura-8.png\"><img loading=\"lazy\" decoding=\"async\" src=\"https:\/\/agora.xtec.cat\/ieribesdefreser\/wp-content\/uploads\/usu353\/2023\/05\/Captura-8-1024x746.png\" alt=\"\" width=\"1024\" height=\"746\" class=\"alignnone size-large wp-image-17219\" srcset=\"https:\/\/agora.xtec.cat\/ieribesdefreser\/wp-content\/uploads\/usu353\/2023\/05\/Captura-8-1024x746.png 1024w, https:\/\/agora.xtec.cat\/ieribesdefreser\/wp-content\/uploads\/usu353\/2023\/05\/Captura-8-300x219.png 300w, https:\/\/agora.xtec.cat\/ieribesdefreser\/wp-content\/uploads\/usu353\/2023\/05\/Captura-8-768x560.png 768w, https:\/\/agora.xtec.cat\/ieribesdefreser\/wp-content\/uploads\/usu353\/2023\/05\/Captura-8.png 1209w\" sizes=\"auto, (max-width: 1024px) 100vw, 1024px\" \/><\/a><\/p>\n","protected":false},"excerpt":{"rendered":"<p>PROJECTE &#8220;ESCOLA DE NEU&#8221; L\u2019Institut Escola\u00a0Vall de Ribes, imparteix el seu programa educatiu i esportiu \u201cEscola de neu\u201d. Avalat pel Departament d\u2019Educaci\u00f3 i el Consell Superior d\u2019Esports de la Generalitat, aquest projecte implica la pr\u00e0ctica de l\u2019esqu\u00ed de tots els alumnes durant els quatre cursos de l\u2019ESO. El Projecte Educatiu de centre i en concret [&hellip;]<\/p>\n","protected":false},"author":1,"featured_media":0,"parent":0,"menu_order":0,"comment_status":"closed","ping_status":"closed","template":"","meta":{"_bbp_topic_count":0,"_bbp_reply_count":0,"_bbp_total_topic_count":0,"_bbp_total_reply_count":0,"_bbp_voice_count":0,"_bbp_anonymous_reply_count":0,"_bbp_topic_count_hidden":0,"_bbp_reply_count_hidden":0,"_bbp_forum_subforum_count":0,"site-sidebar-layout":"default","site-content-layout":"","ast-site-content-layout":"","site-content-style":"default","site-sidebar-style":"default","ast-global-header-display":"","ast-banner-title-visibility":"","ast-main-header-display":"","ast-hfb-above-header-display":"","ast-hfb-below-header-display":"","ast-hfb-mobile-header-display":"","site-post-title":"","ast-breadcrumbs-content":"","ast-featured-img":"","footer-sml-layout":"","theme-transparent-header-meta":"","adv-header-id-meta":"","stick-header-meta":"","header-above-stick-meta":"","header-main-stick-meta":"","header-below-stick-meta":"","astra-migrate-meta-layouts":"default","ast-page-background-enabled":"default","ast-page-background-meta":{"desktop":{"background-color":"var(--ast-global-color-4)","background-image":"","background-repeat":"repeat","background-position":"center center","background-size":"auto","background-attachment":"scroll","background-type":"","background-media":"","overlay-type":"","overlay-color":"","overlay-opacity":"","overlay-gradient":""},"tablet":{"background-color":"","background-image":"","background-repeat":"repeat","background-position":"center center","background-size":"auto","background-attachment":"scroll","background-type":"","background-media":"","overlay-type":"","overlay-color":"","overlay-opacity":"","overlay-gradient":""},"mobile":{"background-color":"","background-image":"","background-repeat":"repeat","background-position":"center center","background-size":"auto","background-attachment":"scroll","background-type":"","background-media":"","overlay-type":"","overlay-color":"","overlay-opacity":"","overlay-gradient":""}},"ast-content-background-meta":{"desktop":{"background-color":"var(--ast-global-color-5)","background-image":"","background-repeat":"repeat","background-position":"center center","background-size":"auto","background-attachment":"scroll","background-type":"","background-media":"","overlay-type":"","overlay-color":"","overlay-opacity":"","overlay-gradient":""},"tablet":{"background-color":"var(--ast-global-color-5)","background-image":"","background-repeat":"repeat","background-position":"center center","background-size":"auto","background-attachment":"scroll","background-type":"","background-media":"","overlay-type":"","overlay-color":"","overlay-opacity":"","overlay-gradient":""},"mobile":{"background-color":"var(--ast-global-color-5)","background-image":"","background-repeat":"repeat","background-position":"center center","background-size":"auto","background-attachment":"scroll","background-type":"","background-media":"","overlay-type":"","overlay-color":"","overlay-opacity":"","overlay-gradient":""}},"footnotes":""},"class_list":["post-13627","page","type-page","status-publish","hentry"],"post_mailing_queue_ids":[],"_links":{"self":[{"href":"https:\/\/agora.xtec.cat\/ieribesdefreser\/wp-json\/wp\/v2\/pages\/13627","targetHints":{"allow":["GET"]}}],"collection":[{"href":"https:\/\/agora.xtec.cat\/ieribesdefreser\/wp-json\/wp\/v2\/pages"}],"about":[{"href":"https:\/\/agora.xtec.cat\/ieribesdefreser\/wp-json\/wp\/v2\/types\/page"}],"author":[{"embeddable":true,"href":"https:\/\/agora.xtec.cat\/ieribesdefreser\/wp-json\/wp\/v2\/users\/1"}],"replies":[{"embeddable":true,"href":"https:\/\/agora.xtec.cat\/ieribesdefreser\/wp-json\/wp\/v2\/comments?post=13627"}],"version-history":[{"count":3,"href":"https:\/\/agora.xtec.cat\/ieribesdefreser\/wp-json\/wp\/v2\/pages\/13627\/revisions"}],"predecessor-version":[{"id":17220,"href":"https:\/\/agora.xtec.cat\/ieribesdefreser\/wp-json\/wp\/v2\/pages\/13627\/revisions\/17220"}],"wp:attachment":[{"href":"https:\/\/agora.xtec.cat\/ieribesdefreser\/wp-json\/wp\/v2\/media?parent=13627"}],"curies":[{"name":"wp","href":"https:\/\/api.w.org\/{rel}","templated":true}]}}