{"id":13623,"date":"2021-02-10T11:27:32","date_gmt":"2021-02-10T10:27:32","guid":{"rendered":"https:\/\/agora.xtec.cat\/ieribesdefreser\/?page_id=13623"},"modified":"2025-10-10T09:27:24","modified_gmt":"2025-10-10T07:27:24","slug":"sigues-tu","status":"publish","type":"page","link":"https:\/\/agora.xtec.cat\/ieribesdefreser\/serveis\/documents\/sigues-tu\/","title":{"rendered":"Sigues tu"},"content":{"rendered":"<p>\u00abSigues tu\u00bb \u00e9s un programa que promou estils de vida saludables i respectuosos amb l&#8217;entorn a partir del treball de les habilitats per a la vida i el sentit de coher\u00e8ncia. Concentra la intervenci\u00f3 en infants i adolescents.<\/p>\n<p>El programa est\u00e0 dissenyat per entrenar les habilitats per a la vida que l\u2019Organitzaci\u00f3 Mundial de la Salut (OMS) qualifica de \u00abb\u00e0siques\u00bb:\u00a0 la comunicaci\u00f3 interpersonal, la capacitat de negociaci\u00f3 i rebuig, l\u2019empatia, la col\u00b7laboraci\u00f3 i el treball en equip, l&#8217;advocaci\u00f3 i la defensa d\u2019interessos col\u00b7lectius, la presa de decisions, la resoluci\u00f3 de problemes, el pensament cr\u00edtic, el control intern, l\u2019autoestima i la gesti\u00f3 de les emocions i els sentiments i de les tensions i l\u2019estr\u00e8s.<\/p>\n<p style=\"text-align: center;\"><strong>La classificaci\u00f3 m\u00e9s recent de les habilitats per a la vida (<a href=\"http:\/\/www.siguestu.cat\/ca\/recursos2\/l\/372-skills-for-health.html?searchSHORTCODE%20NO%20DEFINIT:%20%3Cstrong%3E%3C\/strong%3E=skills&amp;typeSHORTCODE%20NO%20DEFINIT:%20%3Cstrong%3E%3C\/strong%3E%C3%80udioSHORTCODE%20NO%20DEFINIT:%20%3Cstrong%3E%3C\/strong%3E=on&amp;typeSHORTCODE%20NO%20DEFINIT:%20%3Cstrong%3E%3C\/strong%3EV%C3%ADdeoSHORTCODE%20NO%20DEFINIT:%20%3Cstrong%3E%3C\/strong%3E=on&amp;typeSHORTCODE%20NO%20DEFINIT:%20%3Cstrong%3E%3C\/strong%3EFitxerSHORTCODE%20NO%20DEFINIT:%20%3Cstrong%3E%3C\/strong%3E=on&amp;typeSHORTCODE%20NO%20DEFINIT:%20%3Cstrong%3E%3C\/strong%3EEnlla%C3%A7SHORTCODE%20NO%20DEFINIT:%20%3Cstrong%3E%3C\/strong%3E=on&amp;typeSHORTCODE%20NO%20DEFINIT:%20%3Cstrong%3E%3C\/strong%3EBibliografiaSHORTCODE%20NO%20DEFINIT:%20%3Cstrong%3E%3C\/strong%3E=on&amp;typeSHORTCODE%20NO%20DEFINIT:%20%3Cstrong%3E%3C\/strong%3EDin%C3%A0micaSHORTCODE%20NO%20DEFINIT:%20%3Cstrong%3E%3C\/strong%3E=on&amp;order=destacats\" target=\"_blank\" rel=\"noopener\">Skills of health\u00a0OMS, 2003<\/a>), en la qual es basa el \u00abSigues tu\u00bb, \u00e9s la seg\u00fcent:\u00a0<\/strong><\/p>\n\n\n<figure class=\"wp-block-image size-large\"><a href=\"https:\/\/agora.xtec.cat\/ieribesdefreser\/wp-content\/uploads\/usu353\/2025\/10\/Nova-imatge-habilitats-2.png\"><img loading=\"lazy\" decoding=\"async\" width=\"1024\" height=\"724\" src=\"https:\/\/agora.xtec.cat\/ieribesdefreser\/wp-content\/uploads\/usu353\/2025\/10\/Nova-imatge-habilitats-2-1024x724.png\" alt=\"\" class=\"wp-image-19304\" srcset=\"https:\/\/agora.xtec.cat\/ieribesdefreser\/wp-content\/uploads\/usu353\/2025\/10\/Nova-imatge-habilitats-2-1024x724.png 1024w, https:\/\/agora.xtec.cat\/ieribesdefreser\/wp-content\/uploads\/usu353\/2025\/10\/Nova-imatge-habilitats-2-300x212.png 300w, https:\/\/agora.xtec.cat\/ieribesdefreser\/wp-content\/uploads\/usu353\/2025\/10\/Nova-imatge-habilitats-2-768x543.png 768w, https:\/\/agora.xtec.cat\/ieribesdefreser\/wp-content\/uploads\/usu353\/2025\/10\/Nova-imatge-habilitats-2-1536x1086.png 1536w, https:\/\/agora.xtec.cat\/ieribesdefreser\/wp-content\/uploads\/usu353\/2025\/10\/Nova-imatge-habilitats-2-2048x1448.png 2048w\" sizes=\"auto, (max-width: 1024px) 100vw, 1024px\" \/><\/a><\/figure>\n\n\n\n<figure class=\"wp-block-image\"><img decoding=\"async\" src=\"https:\/\/www.siguestu.cat\/pujades\/images\/Imatge%20Autoconeixement%282%29.png\" alt=\"\"\/><\/figure>\n\n\n\n<p><a href=\"https:\/\/www.siguestu.cat\/ca\/noticies\/103-lhabilitat-de-lautoconeixement.html\" target=\"_blank\" rel=\"noreferrer noopener\"><strong>Autoconeixement:<\/strong><\/a>&nbsp;\u00c9s la capacitat de prendre consci\u00e8ncia del nostre \u00e9sser, car\u00e0cter, formes de ser, actuar i interactuar; de les nostres fortaleses i debilitats, mancances i potencialitats, gustos i disgustos. L&#8217;autoconeixement requereix consci\u00e8ncia de l&#8217;exist\u00e8ncia de cadasc\u00fa i de cadasc\u00fa en interacci\u00f3 amb l&#8217;entorn. Suposa construir hol\u00edsticament una imatge pr\u00f2pia del que s&#8217;\u00e9s, recon\u00e8ixer-se en aquesta imatge&nbsp;i atorgar-li un valor, que permet confiar, o no, en les pr\u00f2pies capacitats per abordar els reptes de la vida i interactuar amb ella. La capacitat d&#8217;avaluar el propi comportament&nbsp;permet controlar-lo, millorar la capacitat de modificar-lo i aprofundir en un mateix.<\/p>\n\n\n\n<p><a href=\"https:\/\/www.siguestu.cat\/ca\/noticies\/113-lhabilitat-de-gestio-de-les-emocions.html\" target=\"_blank\" rel=\"noreferrer noopener\"><strong>Gesti\u00f3 de les emocions:<\/strong><\/a>&nbsp;\u00c9s la capacitat de percebre, recon\u00e8ixer, acceptar, expressar i regular les nostres emocions i sentiments siguin agradables (l&#8217;alegria, la tendresa, la compassi\u00f3&#8230;) o desagradables (la por, la ira, la tristesa&#8230;) i les fonts que les produeixen, amb la finalitat de generar benestar. Implica prendre consci\u00e8ncia de com les nostres emocions i sentiments estan enlla\u00e7ades amb el que fem i pensem, i de que com interactuem amb el m\u00f3n influeix en la nostra vida personal i social. Requereix tamb\u00e9 tractar saludablement amb les emocions dels altres.<\/p>\n\n\n\n<p><a href=\"https:\/\/www.siguestu.cat\/ca\/noticies\/108-lhabilitat-de-gestio-de-les-tensions-i-lestre.html\" target=\"_blank\" rel=\"noreferrer noopener\"><strong>Gesti\u00f3 de l&#8217;estr\u00e8s:<\/strong><\/a>&nbsp;\u00c9s la capacitat de recon\u00e8ixer, analitzar i respondre harm\u00f2nicament i equilibrada a aquells aspectes de les nostres vides: personal, familiar, acad\u00e8mic, laboral, social&#8230; que ens suposen un repte o una amena\u00e7a i que ens generen tensions. Inclou examinar les situacions estressants, tant positives \u2013 reptes &#8211; com negatives \u2013 amenaces -, i identificar els recursos personals per adoptar estrat\u00e8gies d&#8217;afrontament positiu com, saber organitzar el temps, posar-se objectius realistes, tenir un pensament positiu i aprendre a relaxar-se en situacions que g<\/p>\n\n\n\n<p><strong><a href=\"https:\/\/www.siguestu.cat\/ca\/noticies\/106-lhabilitat-de-la-comunicacio-interpersonal.html\" target=\"_blank\" rel=\"noreferrer noopener\">Comunicaci\u00f3 interpersonal<\/a>:<\/strong>&nbsp;\u00c9s la capacitat, d&#8217;acord amb la dignitat humana, d&#8217;establir una connexi\u00f3 dial\u00f2gica amb altres persones; crear un clima propici i usar l&#8217;escolta activa perqu\u00e8 totes les persones puguin expressar-se, de forma verbal i no verbal, coherentment amb el que senten, pensen i necessiten; per la qual cosa la interacci\u00f3 sigui significativa i profitosa per a totes elles. Aquesta capacitat se sustenta en la voluntat personal de comunicar-se, el respecte a la diversitat i la consci\u00e8ncia de la influ\u00e8ncia de la cultura i el context.<\/p>\n\n\n\n<p><strong><a href=\"https:\/\/www.siguestu.cat\/ca\/noticies\/105-les-habilitats-per-a-la-vida-empatia.html\" target=\"_blank\" rel=\"noreferrer noopener\">Empatia<\/a>:&nbsp;<\/strong>\u00c9s la capacitat d&#8217;interessar-se i connectar amb altres persones per escoltar, comprendre i respectar el que pensen, senten o fan; des de les seves circumst\u00e0ncies i sistema de valors; expressant, verbal o no verbal, aquest respecte i comprensi\u00f3; implica recon\u00e8ixer la diversitat de maneres de pensar, sentir i fer, encara que no implica necess\u00e0riament acceptar, compartir o justificar el que els altres pensen, senten o fan.<\/p>\n\n\n\n<p><a href=\"https:\/\/www.siguestu.cat\/ca\/noticies\/110-lhabilitat-dadvocacio-i-compromis-social.html\" target=\"_blank\" rel=\"noreferrer noopener\"><strong>Advocaci\u00f3 i comprom\u00eds social:<\/strong><\/a>&nbsp;\u00c9s la capacitat de parlar, personalment o en grup, a favor d&#8217;una causa o b\u00e9 com\u00fa (persona, concepte o objecte), a trav\u00e9s de la ra\u00f3, l&#8217;argumentaci\u00f3 i l&#8217;emoci\u00f3; creant les condicions perqu\u00e8 altres persones puguin reflexionar sobre el que pensen, senten i fan; i aix\u00f2 permeti ampliar la seva comprensi\u00f3 sobre la causa i implicar-s\u2019hi lliurement per provocar un efecte social positiu.<\/p>\n\n\n\n<p><a href=\"https:\/\/www.siguestu.cat\/ca\/noticies\/112-lhabilitat-de-negociacio-i-refus.html\" target=\"_blank\" rel=\"noreferrer noopener\"><strong>Negociaci\u00f3 i ref\u00fas:<\/strong>&nbsp;<\/a>\u00c9s la capacitat de dilucidar qualsevol assumpte amb altres persones que senten, pensen o tenen interessos o necessitats diferents; facilita la gesti\u00f3 del conflicte buscant arribar a un acord benefici\u00f3s per ambdues parts, mostrant flexibilitat, confian\u00e7a i convicci\u00f3, aprofitant la diversitat de perspectives que les altres persones representen; reconeix el dret de les persones a no arribar a un acord, a rebutjar determinades opinions, conductes o valors i a negar-se a actuar contra la pr\u00f2pia consci\u00e8ncia i voluntat sense que aix\u00f2 suposi ni el rebuig a la persona ni l&#8217;exercici de cap viol\u00e8ncia.<\/p>\n\n\n\n<p><strong><a href=\"https:\/\/www.siguestu.cat\/ca\/noticies\/109-lhabilitat-de-cooperacio-i-treball-en-equip.html\" target=\"_blank\" rel=\"noreferrer noopener\">Cooperaci\u00f3 i treball en equip:<\/a>&nbsp;<\/strong>\u00c9s la capacitat de la persona que li permet; implicar-se i col\u00b7laborar de forma flexible amb altres persones per assolir objectius comuns; promoure relacions que permetin compartir dubtes, il\u00b7lusions, expectatives, fracassos, \u00e8xits i responsabilitats; expressar respecte i reconeixement a la diversitat i a les contribucions dels altres; facilitar i promoure que cadasc\u00fa prengui consci\u00e8ncia del valor de les seves aportacions, que el tot \u00e9s millor que la suma de les parts, i que, els objectius individuals han de ser compatibles amb els objectius comuns; amb la consci\u00e8ncia dels recursos personals i les pr\u00f2pies limitacions, posant-les al servei dels objectius comuns.<\/p>\n\n\n\n<p><a href=\"https:\/\/www.siguestu.cat\/ca\/noticies\/107-lhabilitat-de-presa-de-decisions-i-solucio-de.html\" target=\"_blank\" rel=\"noreferrer noopener\"><strong>Presa de decisions i resoluci\u00f3 de problemes:<\/strong><\/a>&nbsp;\u00c9s la capacitat de prendre decisions per manejar les dificultats i reptes diaris de la vida de forma creativa i constructiva. Requereix obtenir, analitzar cr\u00edticament la informaci\u00f3 relativa al tema, repte o situaci\u00f3 a la qual es fa front i examinar creativament les diferents opcions, tant les conegudes com aquelles per imaginar. Requereix assumir les responsabilitats immediates i futures de les nostres accions sobre nosaltres mateixos i\/o els altres; i implica prendre consci\u00e8ncia de com les emocions, els valors i les actituds pr\u00f2pies i alienes influeixen sobre les motivacions de les persones.&nbsp;<\/p>\n\n\n\n<p><a href=\"https:\/\/www.siguestu.cat\/ca\/noticies\/111-lhabilitat-de-pensament-critic.html\" target=\"_blank\" rel=\"noreferrer noopener\"><strong>Pensament cr\u00edtic:&nbsp;<\/strong><\/a>\u00c9s la capacitat que ens permet analitzar, contrastar i q\u00fcestionar amb cura i de manera objectiva la informaci\u00f3, fet o situaci\u00f3 per construir-se un criteri propi; i implica saber identificar fonts d&#8217;informaci\u00f3 i informaci\u00f3 rellevant. En aquest proc\u00e9s s&#8217;ha de ser conscient de la influ\u00e8ncia que poden tenir la cultura, les creences, les emocions, els valors, les actituds, les normes socials, els grups d&#8217;iguals i tamb\u00e9 els interessos ocults, que venen a trav\u00e9s dels mitjans de comunicaci\u00f3, les xarxes socials, etc.&nbsp;<\/p>\n\n\n\n<figure class=\"wp-block-image size-full\"><a href=\"https:\/\/agora.xtec.cat\/ieribesdefreser\/wp-content\/uploads\/usu353\/2025\/10\/dipsalut_habilitats_vida_ca_03.png\"><img loading=\"lazy\" decoding=\"async\" width=\"800\" height=\"521\" src=\"https:\/\/agora.xtec.cat\/ieribesdefreser\/wp-content\/uploads\/usu353\/2025\/10\/dipsalut_habilitats_vida_ca_03.png\" alt=\"\" class=\"wp-image-19305\" srcset=\"https:\/\/agora.xtec.cat\/ieribesdefreser\/wp-content\/uploads\/usu353\/2025\/10\/dipsalut_habilitats_vida_ca_03.png 800w, https:\/\/agora.xtec.cat\/ieribesdefreser\/wp-content\/uploads\/usu353\/2025\/10\/dipsalut_habilitats_vida_ca_03-300x195.png 300w, https:\/\/agora.xtec.cat\/ieribesdefreser\/wp-content\/uploads\/usu353\/2025\/10\/dipsalut_habilitats_vida_ca_03-768x500.png 768w\" sizes=\"auto, (max-width: 800px) 100vw, 800px\" \/><\/a><\/figure>\n","protected":false},"excerpt":{"rendered":"<p>\u00abSigues tu\u00bb \u00e9s un programa que promou estils de vida saludables i respectuosos amb l&#8217;entorn a partir del treball de les habilitats per a la vida i el sentit de coher\u00e8ncia. Concentra la intervenci\u00f3 en infants i adolescents. El programa est\u00e0 dissenyat per entrenar les habilitats per a la vida que l\u2019Organitzaci\u00f3 Mundial de la [&hellip;]<\/p>\n","protected":false},"author":1,"featured_media":0,"parent":71,"menu_order":0,"comment_status":"closed","ping_status":"closed","template":"","meta":{"_bbp_topic_count":0,"_bbp_reply_count":0,"_bbp_total_topic_count":0,"_bbp_total_reply_count":0,"_bbp_voice_count":0,"_bbp_anonymous_reply_count":0,"_bbp_topic_count_hidden":0,"_bbp_reply_count_hidden":0,"_bbp_forum_subforum_count":0,"site-sidebar-layout":"default","site-content-layout":"","ast-site-content-layout":"default","site-content-style":"default","site-sidebar-style":"default","ast-global-header-display":"","ast-banner-title-visibility":"","ast-main-header-display":"","ast-hfb-above-header-display":"","ast-hfb-below-header-display":"","ast-hfb-mobile-header-display":"","site-post-title":"","ast-breadcrumbs-content":"","ast-featured-img":"","footer-sml-layout":"","theme-transparent-header-meta":"","adv-header-id-meta":"","stick-header-meta":"","header-above-stick-meta":"","header-main-stick-meta":"","header-below-stick-meta":"","astra-migrate-meta-layouts":"set","ast-page-background-enabled":"default","ast-page-background-meta":{"desktop":{"background-color":"var(--ast-global-color-4)","background-image":"","background-repeat":"repeat","background-position":"center center","background-size":"auto","background-attachment":"scroll","background-type":"","background-media":"","overlay-type":"","overlay-color":"","overlay-opacity":"","overlay-gradient":""},"tablet":{"background-color":"","background-image":"","background-repeat":"repeat","background-position":"center center","background-size":"auto","background-attachment":"scroll","background-type":"","background-media":"","overlay-type":"","overlay-color":"","overlay-opacity":"","overlay-gradient":""},"mobile":{"background-color":"","background-image":"","background-repeat":"repeat","background-position":"center center","background-size":"auto","background-attachment":"scroll","background-type":"","background-media":"","overlay-type":"","overlay-color":"","overlay-opacity":"","overlay-gradient":""}},"ast-content-background-meta":{"desktop":{"background-color":"var(--ast-global-color-5)","background-image":"","background-repeat":"repeat","background-position":"center center","background-size":"auto","background-attachment":"scroll","background-type":"","background-media":"","overlay-type":"","overlay-color":"","overlay-opacity":"","overlay-gradient":""},"tablet":{"background-color":"var(--ast-global-color-5)","background-image":"","background-repeat":"repeat","background-position":"center center","background-size":"auto","background-attachment":"scroll","background-type":"","background-media":"","overlay-type":"","overlay-color":"","overlay-opacity":"","overlay-gradient":""},"mobile":{"background-color":"var(--ast-global-color-5)","background-image":"","background-repeat":"repeat","background-position":"center center","background-size":"auto","background-attachment":"scroll","background-type":"","background-media":"","overlay-type":"","overlay-color":"","overlay-opacity":"","overlay-gradient":""}},"footnotes":""},"class_list":["post-13623","page","type-page","status-publish","hentry"],"post_mailing_queue_ids":[],"_links":{"self":[{"href":"https:\/\/agora.xtec.cat\/ieribesdefreser\/wp-json\/wp\/v2\/pages\/13623","targetHints":{"allow":["GET"]}}],"collection":[{"href":"https:\/\/agora.xtec.cat\/ieribesdefreser\/wp-json\/wp\/v2\/pages"}],"about":[{"href":"https:\/\/agora.xtec.cat\/ieribesdefreser\/wp-json\/wp\/v2\/types\/page"}],"author":[{"embeddable":true,"href":"https:\/\/agora.xtec.cat\/ieribesdefreser\/wp-json\/wp\/v2\/users\/1"}],"replies":[{"embeddable":true,"href":"https:\/\/agora.xtec.cat\/ieribesdefreser\/wp-json\/wp\/v2\/comments?post=13623"}],"version-history":[{"count":4,"href":"https:\/\/agora.xtec.cat\/ieribesdefreser\/wp-json\/wp\/v2\/pages\/13623\/revisions"}],"predecessor-version":[{"id":19307,"href":"https:\/\/agora.xtec.cat\/ieribesdefreser\/wp-json\/wp\/v2\/pages\/13623\/revisions\/19307"}],"up":[{"embeddable":true,"href":"https:\/\/agora.xtec.cat\/ieribesdefreser\/wp-json\/wp\/v2\/pages\/71"}],"wp:attachment":[{"href":"https:\/\/agora.xtec.cat\/ieribesdefreser\/wp-json\/wp\/v2\/media?parent=13623"}],"curies":[{"name":"wp","href":"https:\/\/api.w.org\/{rel}","templated":true}]}}