{"id":7334,"date":"2022-02-21T12:06:18","date_gmt":"2022-02-21T11:06:18","guid":{"rendered":"https:\/\/agora.xtec.cat\/iereccomtal\/?page_id=7334"},"modified":"2022-05-22T18:16:11","modified_gmt":"2022-05-22T16:16:11","slug":"lambit-steam","status":"publish","type":"page","link":"https:\/\/agora.xtec.cat\/iereccomtal\/projectes\/lambit-steam\/","title":{"rendered":"L&#8217;\u00e0mbit STEAM"},"content":{"rendered":"<blockquote>\n<p style=\"text-align: left;\"><strong>&#8220;Massa sovint donem als infants respostes per recordar en comptes de problemes per solucionar.&#8221;<\/strong><\/p>\n<p>Roger Lewin<\/p><\/blockquote>\n<p style=\"text-align: left;\"><img loading=\"lazy\" decoding=\"async\" class=\"wp-image-7335 alignright\" src=\"https:\/\/agora.xtec.cat\/iereccomtal\/wp-content\/uploads\/usu2139\/2022\/02\/STEAM1-1024x576.jpg\" alt=\"\" width=\"500\" height=\"281\" srcset=\"https:\/\/agora.xtec.cat\/iereccomtal\/wp-content\/uploads\/usu2139\/2022\/02\/STEAM1-1024x576.jpg 1024w, https:\/\/agora.xtec.cat\/iereccomtal\/wp-content\/uploads\/usu2139\/2022\/02\/STEAM1-300x169.jpg 300w, https:\/\/agora.xtec.cat\/iereccomtal\/wp-content\/uploads\/usu2139\/2022\/02\/STEAM1-768x432.jpg 768w, https:\/\/agora.xtec.cat\/iereccomtal\/wp-content\/uploads\/usu2139\/2022\/02\/STEAM1.jpg 1200w\" sizes=\"auto, (max-width: 500px) 100vw, 500px\" \/>Un dels<strong> eixos singulars<\/strong> del projecte educatiu de centre de l&#8217;Institut Escola Rec Comtal s\u00f3n les STEAM com a \u00e0mbit singular a les tres etapes educatives: Infantil, Prim\u00e0ria i Secund\u00e0ria.<\/p>\n<p style=\"text-align: left;\">Les sigles <strong>STEAM<\/strong> formen un acr\u00f2nim en angl\u00e8s que sorgeix de les paraules Ci\u00e8ncia, Tecnologia, Enginyeria, Art i Matem\u00e0tiques (Science, Technology, Engineering, Arts, Mathematics). La metodologia STEAM busca integrar totes aquestes disciplines de forma unificada en un mateix programa. Els programes STEAM han estat consolidats amb \u00e8xit en altres centres de molts pa\u00efsos i han ajudat a millorar les habilitats acad\u00e8miques, cient\u00edfiques, tecnol\u00f2giques i per a la vida de l&#8217;alumnat amb resultats molt rellevants.<\/p>\n<p><img loading=\"lazy\" decoding=\"async\" class=\"wp-image-7497 alignleft\" src=\"https:\/\/agora.xtec.cat\/iereccomtal\/wp-content\/uploads\/usu2139\/2022\/03\/eduxarxa_museu_agbar_raco_aigua_escola_0016-300x200.jpg\" alt=\"\" width=\"500\" height=\"333\" srcset=\"https:\/\/agora.xtec.cat\/iereccomtal\/wp-content\/uploads\/usu2139\/2022\/03\/eduxarxa_museu_agbar_raco_aigua_escola_0016-300x200.jpg 300w, https:\/\/agora.xtec.cat\/iereccomtal\/wp-content\/uploads\/usu2139\/2022\/03\/eduxarxa_museu_agbar_raco_aigua_escola_0016-1024x682.jpg 1024w, https:\/\/agora.xtec.cat\/iereccomtal\/wp-content\/uploads\/usu2139\/2022\/03\/eduxarxa_museu_agbar_raco_aigua_escola_0016-768x511.jpg 768w, https:\/\/agora.xtec.cat\/iereccomtal\/wp-content\/uploads\/usu2139\/2022\/03\/eduxarxa_museu_agbar_raco_aigua_escola_0016.jpg 1200w\" sizes=\"auto, (max-width: 500px) 100vw, 500px\" \/><\/p>\n<p>Actualment, el claustre s&#8217;est\u00e0 formant amb un projecte d&#8217;acompanyament de tres anys (2021-2024) amb l&#8217;ajuda de la cooperativa <strong><a href=\"https:\/\/eduxarxa.coop\/\">Eduxarxa <\/a><\/strong>, Pla de Barris de l&#8217;Ajuntament de Barcelona i el Consorci d&#8217;Educaci\u00f3 de Barcelona. L&#8217;objectiu \u00e9s dissenyar i implementar un nou model pedag\u00f2gic propi que apropi les habilitats cient\u00edfiques i tecnol\u00f2giques als nostres infants i fomentar el seu inter<span style=\"font-family: inherit; font-size: 1em;\">\u00e8s en aquestes \u00e0rees.<\/span><\/p>\n<p style=\"text-align: left;\">A l&#8217;\u00e0mbit STEAM treballem per <strong>projectes globalitzats<\/strong> a partir de<strong> contextos reals i reptes<\/strong> que inclouen continguts de les diferents disciplines utilitzant l&#8217;<strong>aprenentatge basat en el pensament<\/strong> (rutines i destreses de pensament), l&#8217;<strong>aprenentatge cooperatiu\u00a0<\/strong>i la\u00a0<strong>digitalitzaci\u00f3<\/strong>.<\/p>\n<p>Aquesta perspectiva potencia el <strong>pensament reflexiu<\/strong> i la <strong>creativitat<\/strong> de l&#8217;alumnat adquirint noves capacitats i compet\u00e8ncies per resoldre problemes.<\/p>\n<p><img loading=\"lazy\" decoding=\"async\" class=\"wp-image-7337 alignright\" src=\"https:\/\/agora.xtec.cat\/iereccomtal\/wp-content\/uploads\/usu2139\/2022\/02\/STEAM3-300x169.jpg\" alt=\"\" width=\"500\" height=\"281\" srcset=\"https:\/\/agora.xtec.cat\/iereccomtal\/wp-content\/uploads\/usu2139\/2022\/02\/STEAM3-300x169.jpg 300w, https:\/\/agora.xtec.cat\/iereccomtal\/wp-content\/uploads\/usu2139\/2022\/02\/STEAM3-1024x576.jpg 1024w, https:\/\/agora.xtec.cat\/iereccomtal\/wp-content\/uploads\/usu2139\/2022\/02\/STEAM3-768x432.jpg 768w, https:\/\/agora.xtec.cat\/iereccomtal\/wp-content\/uploads\/usu2139\/2022\/02\/STEAM3.jpg 1200w\" sizes=\"auto, (max-width: 500px) 100vw, 500px\" \/><\/p>\n<p>Durant el curs 2021-2022 l&#8217;alumnat de Sis\u00e8 de Prim\u00e0ria est\u00e0 participant tamb\u00e9 en el programa de <strong>Fabricaci\u00f3 Digital<\/strong> amb l&#8217;ajuda de la <a href=\"https:\/\/ajuntament.barcelona.cat\/ateneusdefabricacio\/ca\/\">Xarxa d&#8217;Ateneus de Fabricaci\u00f3<\/a>. Aquest programa ens permet treballar amb noves metodologies, com el Design Thinking, amb l&#8217;objectiu de fabricar digitalment per resoldre problemes i millorar el nostre entorn proper.<\/p>\n<p>&nbsp;<\/p>\n","protected":false},"excerpt":{"rendered":"<p>&#8220;Massa sovint donem als infants respostes per recordar en comptes de problemes per solucionar.&#8221; Roger Lewin Un dels eixos singulars del projecte educatiu de centre de l&#8217;Institut Escola Rec Comtal s\u00f3n les STEAM com a \u00e0mbit singular a les tres etapes educatives: Infantil, Prim\u00e0ria i Secund\u00e0ria. Les sigles STEAM formen un acr\u00f2nim en angl\u00e8s que [&hellip;]<\/p>\n","protected":false},"author":3,"featured_media":0,"parent":3861,"menu_order":-1,"comment_status":"closed","ping_status":"closed","template":"page-templates\/side-menu.php","meta":{"_bbp_topic_count":0,"_bbp_reply_count":0,"_bbp_total_topic_count":0,"_bbp_total_reply_count":0,"_bbp_voice_count":0,"_bbp_anonymous_reply_count":0,"_bbp_topic_count_hidden":0,"_bbp_reply_count_hidden":0,"_bbp_forum_subforum_count":0,"site-sidebar-layout":"default","site-content-layout":"","ast-site-content-layout":"","site-content-style":"default","site-sidebar-style":"default","ast-global-header-display":"","ast-banner-title-visibility":"","ast-main-header-display":"","ast-hfb-above-header-display":"","ast-hfb-below-header-display":"","ast-hfb-mobile-header-display":"","site-post-title":"","ast-breadcrumbs-content":"","ast-featured-img":"","footer-sml-layout":"","theme-transparent-header-meta":"","adv-header-id-meta":"","stick-header-meta":"","header-above-stick-meta":"","header-main-stick-meta":"","header-below-stick-meta":"","astra-migrate-meta-layouts":"default","ast-page-background-enabled":"default","ast-page-background-meta":{"desktop":{"background-color":"var(--ast-global-color-4)","background-image":"","background-repeat":"repeat","background-position":"center center","background-size":"auto","background-attachment":"scroll","background-type":"","background-media":"","overlay-type":"","overlay-color":"","overlay-opacity":"","overlay-gradient":""},"tablet":{"background-color":"","background-image":"","background-repeat":"repeat","background-position":"center center","background-size":"auto","background-attachment":"scroll","background-type":"","background-media":"","overlay-type":"","overlay-color":"","overlay-opacity":"","overlay-gradient":""},"mobile":{"background-color":"","background-image":"","background-repeat":"repeat","background-position":"center center","background-size":"auto","background-attachment":"scroll","background-type":"","background-media":"","overlay-type":"","overlay-color":"","overlay-opacity":"","overlay-gradient":""}},"ast-content-background-meta":{"desktop":{"background-color":"var(--ast-global-color-5)","background-image":"","background-repeat":"repeat","background-position":"center center","background-size":"auto","background-attachment":"scroll","background-type":"","background-media":"","overlay-type":"","overlay-color":"","overlay-opacity":"","overlay-gradient":""},"tablet":{"background-color":"var(--ast-global-color-5)","background-image":"","background-repeat":"repeat","background-position":"center center","background-size":"auto","background-attachment":"scroll","background-type":"","background-media":"","overlay-type":"","overlay-color":"","overlay-opacity":"","overlay-gradient":""},"mobile":{"background-color":"var(--ast-global-color-5)","background-image":"","background-repeat":"repeat","background-position":"center center","background-size":"auto","background-attachment":"scroll","background-type":"","background-media":"","overlay-type":"","overlay-color":"","overlay-opacity":"","overlay-gradient":""}},"footnotes":""},"class_list":["post-7334","page","type-page","status-publish","hentry"],"post_mailing_queue_ids":[],"_links":{"self":[{"href":"https:\/\/agora.xtec.cat\/iereccomtal\/wp-json\/wp\/v2\/pages\/7334","targetHints":{"allow":["GET"]}}],"collection":[{"href":"https:\/\/agora.xtec.cat\/iereccomtal\/wp-json\/wp\/v2\/pages"}],"about":[{"href":"https:\/\/agora.xtec.cat\/iereccomtal\/wp-json\/wp\/v2\/types\/page"}],"author":[{"embeddable":true,"href":"https:\/\/agora.xtec.cat\/iereccomtal\/wp-json\/wp\/v2\/users\/3"}],"replies":[{"embeddable":true,"href":"https:\/\/agora.xtec.cat\/iereccomtal\/wp-json\/wp\/v2\/comments?post=7334"}],"version-history":[{"count":3,"href":"https:\/\/agora.xtec.cat\/iereccomtal\/wp-json\/wp\/v2\/pages\/7334\/revisions"}],"predecessor-version":[{"id":7954,"href":"https:\/\/agora.xtec.cat\/iereccomtal\/wp-json\/wp\/v2\/pages\/7334\/revisions\/7954"}],"up":[{"embeddable":true,"href":"https:\/\/agora.xtec.cat\/iereccomtal\/wp-json\/wp\/v2\/pages\/3861"}],"wp:attachment":[{"href":"https:\/\/agora.xtec.cat\/iereccomtal\/wp-json\/wp\/v2\/media?parent=7334"}],"curies":[{"name":"wp","href":"https:\/\/api.w.org\/{rel}","templated":true}]}}