{"id":69,"date":"2014-09-18T10:15:07","date_gmt":"2014-09-18T09:15:07","guid":{"rendered":"http:\/\/agora.xtec.cat\/iereccomtal\/?page_id=69"},"modified":"2024-09-16T13:10:16","modified_gmt":"2024-09-16T11:10:16","slug":"menjador-escolar","status":"publish","type":"page","link":"https:\/\/agora.xtec.cat\/iereccomtal\/serveis\/menjador-escolar\/","title":{"rendered":"Menjador escolar"},"content":{"rendered":"<h3>MEN\u00da ESCOLAR<\/h3>\n<p><a href=\"https:\/\/camposestela.com\/\"><img loading=\"lazy\" decoding=\"async\" class=\"\" src=\"https:\/\/camposestela.com\/wp-content\/uploads\/2020\/02\/campos-estela-sabequealimenta.png\" alt=\"Campos Estela\" width=\"233\" height=\"79\" \/><\/a><\/p>\n<p>Creem un menjador escolar ent\u00e8s com un espai-temps de responsabilitat compartida, amb un marc educatiu i alimentari propi. Un menjador on tots els nens i les nenes, els\/les monitors\/es de menjador i cuina, l&#8217;escola i la fam\u00edlia en formen part activa.<\/p>\n<h4>Treballem conjuntament per afavorir el benestar emocional i el desenvolupament aut\u00f2nom dels infants.<\/h4>\n<p>El nostre menjador escolar \u00e9s:<\/p>\n<ul>\n<li>Educatiu, tant des de l\u2019\u00e0mbit pedag\u00f2gic com alimentari<\/li>\n<li>Relacional, on els infants participen i en son protagonistes<\/li>\n<li>L\u00fadic, on destaca l\u2019aprenentatge natural, a partir del joc i de les viv\u00e8ncies<\/li>\n<li>Emocional, on els vincles s\u00f3n important<\/li>\n<li>Ecol\u00f2gic i de proximitat on vetllem pel planeta i l\u2019entorn en el que vivim<\/li>\n<li>Saludable, oferint una dieta sana, variada i equilibrada.<\/li>\n<li>Innovador, on l\u2019infant no nom\u00e9s autogestiona el seu espai de joc si no que tamb\u00e9 autogestiona el seu \u00e0pat.<\/li>\n<\/ul>\n","protected":false},"excerpt":{"rendered":"<p>MEN\u00da ESCOLAR Creem un menjador escolar ent\u00e8s com un espai-temps de responsabilitat compartida, amb un marc educatiu i alimentari propi. Un menjador on tots els nens i les nenes, els\/les monitors\/es de menjador i cuina, l&#8217;escola i la fam\u00edlia en formen part activa. Treballem conjuntament per afavorir el benestar emocional i el desenvolupament aut\u00f2nom dels [&hellip;]<\/p>\n","protected":false},"author":1,"featured_media":0,"parent":63,"menu_order":20,"comment_status":"closed","ping_status":"closed","template":"page-templates\/side-menu.php","meta":{"_bbp_topic_count":0,"_bbp_reply_count":0,"_bbp_total_topic_count":0,"_bbp_total_reply_count":0,"_bbp_voice_count":0,"_bbp_anonymous_reply_count":0,"_bbp_topic_count_hidden":0,"_bbp_reply_count_hidden":0,"_bbp_forum_subforum_count":0,"site-sidebar-layout":"default","site-content-layout":"","ast-site-content-layout":"","site-content-style":"default","site-sidebar-style":"default","ast-global-header-display":"","ast-banner-title-visibility":"","ast-main-header-display":"","ast-hfb-above-header-display":"","ast-hfb-below-header-display":"","ast-hfb-mobile-header-display":"","site-post-title":"","ast-breadcrumbs-content":"","ast-featured-img":"","footer-sml-layout":"","theme-transparent-header-meta":"","adv-header-id-meta":"","stick-header-meta":"","header-above-stick-meta":"","header-main-stick-meta":"","header-below-stick-meta":"","astra-migrate-meta-layouts":"default","ast-page-background-enabled":"default","ast-page-background-meta":{"desktop":{"background-color":"var(--ast-global-color-4)","background-image":"","background-repeat":"repeat","background-position":"center center","background-size":"auto","background-attachment":"scroll","background-type":"","background-media":"","overlay-type":"","overlay-color":"","overlay-opacity":"","overlay-gradient":""},"tablet":{"background-color":"","background-image":"","background-repeat":"repeat","background-position":"center center","background-size":"auto","background-attachment":"scroll","background-type":"","background-media":"","overlay-type":"","overlay-color":"","overlay-opacity":"","overlay-gradient":""},"mobile":{"background-color":"","background-image":"","background-repeat":"repeat","background-position":"center center","background-size":"auto","background-attachment":"scroll","background-type":"","background-media":"","overlay-type":"","overlay-color":"","overlay-opacity":"","overlay-gradient":""}},"ast-content-background-meta":{"desktop":{"background-color":"var(--ast-global-color-5)","background-image":"","background-repeat":"repeat","background-position":"center center","background-size":"auto","background-attachment":"scroll","background-type":"","background-media":"","overlay-type":"","overlay-color":"","overlay-opacity":"","overlay-gradient":""},"tablet":{"background-color":"var(--ast-global-color-5)","background-image":"","background-repeat":"repeat","background-position":"center center","background-size":"auto","background-attachment":"scroll","background-type":"","background-media":"","overlay-type":"","overlay-color":"","overlay-opacity":"","overlay-gradient":""},"mobile":{"background-color":"var(--ast-global-color-5)","background-image":"","background-repeat":"repeat","background-position":"center center","background-size":"auto","background-attachment":"scroll","background-type":"","background-media":"","overlay-type":"","overlay-color":"","overlay-opacity":"","overlay-gradient":""}},"footnotes":""},"class_list":["post-69","page","type-page","status-publish","hentry"],"post_mailing_queue_ids":[],"_links":{"self":[{"href":"https:\/\/agora.xtec.cat\/iereccomtal\/wp-json\/wp\/v2\/pages\/69","targetHints":{"allow":["GET"]}}],"collection":[{"href":"https:\/\/agora.xtec.cat\/iereccomtal\/wp-json\/wp\/v2\/pages"}],"about":[{"href":"https:\/\/agora.xtec.cat\/iereccomtal\/wp-json\/wp\/v2\/types\/page"}],"author":[{"embeddable":true,"href":"https:\/\/agora.xtec.cat\/iereccomtal\/wp-json\/wp\/v2\/users\/1"}],"replies":[{"embeddable":true,"href":"https:\/\/agora.xtec.cat\/iereccomtal\/wp-json\/wp\/v2\/comments?post=69"}],"version-history":[{"count":6,"href":"https:\/\/agora.xtec.cat\/iereccomtal\/wp-json\/wp\/v2\/pages\/69\/revisions"}],"predecessor-version":[{"id":10301,"href":"https:\/\/agora.xtec.cat\/iereccomtal\/wp-json\/wp\/v2\/pages\/69\/revisions\/10301"}],"up":[{"embeddable":true,"href":"https:\/\/agora.xtec.cat\/iereccomtal\/wp-json\/wp\/v2\/pages\/63"}],"wp:attachment":[{"href":"https:\/\/agora.xtec.cat\/iereccomtal\/wp-json\/wp\/v2\/media?parent=69"}],"curies":[{"name":"wp","href":"https:\/\/api.w.org\/{rel}","templated":true}]}}