{"id":49,"date":"2014-09-17T16:55:55","date_gmt":"2014-09-17T16:55:55","guid":{"rendered":"http:\/\/agora.xtec.cat\/iereccomtal\/?page_id=49"},"modified":"2021-04-11T18:58:22","modified_gmt":"2021-04-11T16:58:22","slug":"normes-dorganitzacio-i-funcionament","status":"publish","type":"page","link":"https:\/\/agora.xtec.cat\/iereccomtal\/linstitut\/normes-dorganitzacio-i-funcionament\/","title":{"rendered":"Normes i funcionament"},"content":{"rendered":"<p>Aquestes informacions que us presentem a continuaci\u00f3 tenen l\u2019objectiu de mostrar i facilitar alguns aspectes del funcionament i organitzaci\u00f3 del centre.<\/p>\n<h3><span id=\"Entrades_i_sortides\">Entrades i sortides<\/span><\/h3>\n<p><strong>P3<\/strong><\/p>\n<p>Les fam\u00edlies acompanyen i recullen en totes les entrades i sortides els seus fills a la classe.<\/p>\n<p><strong>P4, P5, CICLE INICIAL (1r\/2n)<\/strong><\/p>\n<p>Les fam\u00edlies acompanyen els seus fills fins a la tanca met\u00e0l\u00b7lica del pati. Les professores respectives esperen els alumnes a l\u2019entrada del porxo situat a la part dreta de l\u2019edifici. Per recollir-los les fam\u00edlies esperen darrere de la tanca met\u00e0l\u00b7lica la sortida dels seus fills. Els alumnes no podran sortir si els familiars no els v\u00e9nen a recollir.<\/p>\n<p><strong>CICLE MITJ\u00c0 (3r\/4t) i CICLE SUPERIOR (5\u00e8\/6\u00e8)<\/strong><\/p>\n<p>Els alumnes accedeixen al pati i es dirigeixen cap a l\u2019entrada de l\u2019edifici situada a la part esquerra, on els esperen les professores. Per la sortida els alumnes de cicle mitj\u00e0 no podran marxar sols si no els v\u00e9nen a recollir o els pares ho han autoritzat<\/p>\n<p><strong>PUNTUALITAT<\/strong><\/p>\n<p>La puntualitat tant en les entrades com en les sortides, \u00e9s fonamental. Si no es compleix, es produeix una distorsi\u00f3 i mal funcionament del centre, i els mateixos alumnes ho passen malament<\/p>\n<h3><span id=\"Atencio_a_les_families\">Atenci\u00f3 a les fam\u00edlies<\/span><\/h3>\n<p><strong>Direcci\u00f3<\/strong><\/p>\n<p>Dilluns de 9 a 10 h i divendres de 10 a 11 h<\/p>\n<p>Dilluns de 15 a 16 h<\/p>\n<p><strong>Secretaria<\/strong><\/p>\n<p>Dimarts i dijous de 10 a 13 h<\/p>\n<p><strong>Professorat<\/strong><\/p>\n<p>Cal contactar pr\u00e8viament amb el professorat per tal de concertar les entrevistes.<\/p>\n<h3><span id=\"Menjador\">Menjador<\/span><\/h3>\n<p>La coordinadora d\u2019aquest servei est\u00e0 a disposici\u00f3 de les fam\u00edlies a partir de les 9\u202fh al mateix espai de menjador.<\/p>\n<p>La modalitat eventual requereix la inscripci\u00f3 i el pagament diari.<\/p>\n<p>La modalitat fixe requereix omplir i lliurar a la mateixa encarregada la fitxa d\u2019inscripci\u00f3.<\/p>\n<h3><span id=\"Medicaments\">Medicaments<\/span><\/h3>\n<p>La normativa del Departament d\u2019Ensenyament al respecte \u00e9s molt estricta i nom\u00e9s permet que els mestres administrin medicaci\u00f3 en horari lectiu \u00fanicament quan sigui imprescindible.<\/p>\n<p>Per poder subministrar els medicaments \u00e9s necessari que la fam\u00edlia lliuri al centre c\u00f2pia de la recepta o informe del metge o metgessa on consti el nom de l\u2019alumne, el nom del medicament que ha de prendre, i la fam\u00edlia haur\u00e0 d\u2019omplir i signar una petici\u00f3-autoritzaci\u00f3 que li facilitaran a secretaria.<\/p>\n<h3><span id=\"Accidents_i_febre_en_els_alumnes\">Accidents i febre en els alumnes<\/span><\/h3>\n<p>Quan un alumne pren mal durant l\u2019horari escolar, si considerem que requereix l\u2019observaci\u00f3 d\u2019un metge, avisem a la fam\u00edlia. Si aquesta no es pot fer c\u00e0rrec del nen\/a, des de l&#8217;escola el\/la portem al centre m\u00e8dic. Si observem que un alumne t\u00e9 m\u00e9s de 37,5\u00b0 de temperatura avisem a la fam\u00edlia perqu\u00e8 el vinguin a recollir.<\/p>\n<h3><span id=\"Sortir_de_l8217escola_durant_les_hores_lectives\">Sortir de l\u2019escola durant les hores lectives<\/span><\/h3>\n<p>Els alumnes no podran sortir sols de l\u2019escola durant les hores lectives. Els hauran de recollir els seus pares o familiars i signar una autoritzaci\u00f3 a la consergeria del centre.<\/p>\n","protected":false},"excerpt":{"rendered":"<p>Aquestes informacions que us presentem a continuaci\u00f3 tenen l\u2019objectiu de mostrar i facilitar alguns aspectes del funcionament i organitzaci\u00f3 del centre. Entrades i sortides P3 Les fam\u00edlies acompanyen i recullen en totes les entrades i sortides els seus fills a la classe. P4, P5, CICLE INICIAL (1r\/2n) Les fam\u00edlies acompanyen els seus fills fins a [&hellip;]<\/p>\n","protected":false},"author":1,"featured_media":0,"parent":19,"menu_order":60,"comment_status":"closed","ping_status":"closed","template":"page-templates\/side-menu.php","meta":{"_bbp_topic_count":0,"_bbp_reply_count":0,"_bbp_total_topic_count":0,"_bbp_total_reply_count":0,"_bbp_voice_count":0,"_bbp_anonymous_reply_count":0,"_bbp_topic_count_hidden":0,"_bbp_reply_count_hidden":0,"_bbp_forum_subforum_count":0,"site-sidebar-layout":"default","site-content-layout":"","ast-site-content-layout":"","site-content-style":"default","site-sidebar-style":"default","ast-global-header-display":"","ast-banner-title-visibility":"","ast-main-header-display":"","ast-hfb-above-header-display":"","ast-hfb-below-header-display":"","ast-hfb-mobile-header-display":"","site-post-title":"","ast-breadcrumbs-content":"","ast-featured-img":"","footer-sml-layout":"","theme-transparent-header-meta":"","adv-header-id-meta":"","stick-header-meta":"","header-above-stick-meta":"","header-main-stick-meta":"","header-below-stick-meta":"","astra-migrate-meta-layouts":"default","ast-page-background-enabled":"default","ast-page-background-meta":{"desktop":{"background-color":"var(--ast-global-color-4)","background-image":"","background-repeat":"repeat","background-position":"center center","background-size":"auto","background-attachment":"scroll","background-type":"","background-media":"","overlay-type":"","overlay-color":"","overlay-opacity":"","overlay-gradient":""},"tablet":{"background-color":"","background-image":"","background-repeat":"repeat","background-position":"center center","background-size":"auto","background-attachment":"scroll","background-type":"","background-media":"","overlay-type":"","overlay-color":"","overlay-opacity":"","overlay-gradient":""},"mobile":{"background-color":"","background-image":"","background-repeat":"repeat","background-position":"center center","background-size":"auto","background-attachment":"scroll","background-type":"","background-media":"","overlay-type":"","overlay-color":"","overlay-opacity":"","overlay-gradient":""}},"ast-content-background-meta":{"desktop":{"background-color":"var(--ast-global-color-5)","background-image":"","background-repeat":"repeat","background-position":"center center","background-size":"auto","background-attachment":"scroll","background-type":"","background-media":"","overlay-type":"","overlay-color":"","overlay-opacity":"","overlay-gradient":""},"tablet":{"background-color":"var(--ast-global-color-5)","background-image":"","background-repeat":"repeat","background-position":"center center","background-size":"auto","background-attachment":"scroll","background-type":"","background-media":"","overlay-type":"","overlay-color":"","overlay-opacity":"","overlay-gradient":""},"mobile":{"background-color":"var(--ast-global-color-5)","background-image":"","background-repeat":"repeat","background-position":"center center","background-size":"auto","background-attachment":"scroll","background-type":"","background-media":"","overlay-type":"","overlay-color":"","overlay-opacity":"","overlay-gradient":""}},"footnotes":""},"class_list":["post-49","page","type-page","status-publish","hentry"],"post_mailing_queue_ids":[],"_links":{"self":[{"href":"https:\/\/agora.xtec.cat\/iereccomtal\/wp-json\/wp\/v2\/pages\/49","targetHints":{"allow":["GET"]}}],"collection":[{"href":"https:\/\/agora.xtec.cat\/iereccomtal\/wp-json\/wp\/v2\/pages"}],"about":[{"href":"https:\/\/agora.xtec.cat\/iereccomtal\/wp-json\/wp\/v2\/types\/page"}],"author":[{"embeddable":true,"href":"https:\/\/agora.xtec.cat\/iereccomtal\/wp-json\/wp\/v2\/users\/1"}],"replies":[{"embeddable":true,"href":"https:\/\/agora.xtec.cat\/iereccomtal\/wp-json\/wp\/v2\/comments?post=49"}],"version-history":[{"count":4,"href":"https:\/\/agora.xtec.cat\/iereccomtal\/wp-json\/wp\/v2\/pages\/49\/revisions"}],"predecessor-version":[{"id":6953,"href":"https:\/\/agora.xtec.cat\/iereccomtal\/wp-json\/wp\/v2\/pages\/49\/revisions\/6953"}],"up":[{"embeddable":true,"href":"https:\/\/agora.xtec.cat\/iereccomtal\/wp-json\/wp\/v2\/pages\/19"}],"wp:attachment":[{"href":"https:\/\/agora.xtec.cat\/iereccomtal\/wp-json\/wp\/v2\/media?parent=49"}],"curies":[{"name":"wp","href":"https:\/\/api.w.org\/{rel}","templated":true}]}}