{"id":3871,"date":"2017-10-25T16:12:45","date_gmt":"2017-10-25T15:12:45","guid":{"rendered":"http:\/\/www.escolaramonycajal.com\/?page_id=3871"},"modified":"2022-05-22T18:14:53","modified_gmt":"2022-05-22T16:14:53","slug":"racons-a-infantil","status":"publish","type":"page","link":"https:\/\/agora.xtec.cat\/iereccomtal\/projectes\/racons-a-infantil\/","title":{"rendered":"Espais d&#8217;aprenentatge a Infantil"},"content":{"rendered":"<div id=\"gt-res-content\">\n<div id=\"gt-res-dir-ctr\" class=\"trans-verified-button-small\" dir=\"ltr\">\n<blockquote>\n<p id=\"tts_button\"><strong><span id=\"result_box\" class=\"\" lang=\"ca\">&#8220;Els infants aprenen <span class=\"\">per<\/span> mitj\u00e0 de l&#8217;observaci\u00f3 per despr\u00e9s desenvolupar els seus propis projectes de creaci\u00f3.&#8221;<\/span><\/strong><\/p>\n<p>Loris Malaguzzi<\/p><\/blockquote>\n<div>En construcci\u00f3&#8230;<\/div>\n<\/div>\n<\/div>\n","protected":false},"excerpt":{"rendered":"<p>&#8220;Els infants aprenen per mitj\u00e0 de l&#8217;observaci\u00f3 per despr\u00e9s desenvolupar els seus propis projectes de creaci\u00f3.&#8221; Loris Malaguzzi En construcci\u00f3&#8230;<\/p>\n","protected":false},"author":1,"featured_media":0,"parent":3861,"menu_order":0,"comment_status":"closed","ping_status":"closed","template":"page-templates\/side-menu.php","meta":{"_bbp_topic_count":0,"_bbp_reply_count":0,"_bbp_total_topic_count":0,"_bbp_total_reply_count":0,"_bbp_voice_count":0,"_bbp_anonymous_reply_count":0,"_bbp_topic_count_hidden":0,"_bbp_reply_count_hidden":0,"_bbp_forum_subforum_count":0,"site-sidebar-layout":"default","site-content-layout":"","ast-site-content-layout":"","site-content-style":"default","site-sidebar-style":"default","ast-global-header-display":"","ast-banner-title-visibility":"","ast-main-header-display":"","ast-hfb-above-header-display":"","ast-hfb-below-header-display":"","ast-hfb-mobile-header-display":"","site-post-title":"","ast-breadcrumbs-content":"","ast-featured-img":"","footer-sml-layout":"","theme-transparent-header-meta":"","adv-header-id-meta":"","stick-header-meta":"","header-above-stick-meta":"","header-main-stick-meta":"","header-below-stick-meta":"","astra-migrate-meta-layouts":"default","ast-page-background-enabled":"default","ast-page-background-meta":{"desktop":{"background-color":"var(--ast-global-color-4)","background-image":"","background-repeat":"repeat","background-position":"center center","background-size":"auto","background-attachment":"scroll","background-type":"","background-media":"","overlay-type":"","overlay-color":"","overlay-opacity":"","overlay-gradient":""},"tablet":{"background-color":"","background-image":"","background-repeat":"repeat","background-position":"center center","background-size":"auto","background-attachment":"scroll","background-type":"","background-media":"","overlay-type":"","overlay-color":"","overlay-opacity":"","overlay-gradient":""},"mobile":{"background-color":"","background-image":"","background-repeat":"repeat","background-position":"center center","background-size":"auto","background-attachment":"scroll","background-type":"","background-media":"","overlay-type":"","overlay-color":"","overlay-opacity":"","overlay-gradient":""}},"ast-content-background-meta":{"desktop":{"background-color":"var(--ast-global-color-5)","background-image":"","background-repeat":"repeat","background-position":"center center","background-size":"auto","background-attachment":"scroll","background-type":"","background-media":"","overlay-type":"","overlay-color":"","overlay-opacity":"","overlay-gradient":""},"tablet":{"background-color":"var(--ast-global-color-5)","background-image":"","background-repeat":"repeat","background-position":"center center","background-size":"auto","background-attachment":"scroll","background-type":"","background-media":"","overlay-type":"","overlay-color":"","overlay-opacity":"","overlay-gradient":""},"mobile":{"background-color":"var(--ast-global-color-5)","background-image":"","background-repeat":"repeat","background-position":"center center","background-size":"auto","background-attachment":"scroll","background-type":"","background-media":"","overlay-type":"","overlay-color":"","overlay-opacity":"","overlay-gradient":""}},"footnotes":""},"class_list":["post-3871","page","type-page","status-publish","hentry"],"post_mailing_queue_ids":[],"_links":{"self":[{"href":"https:\/\/agora.xtec.cat\/iereccomtal\/wp-json\/wp\/v2\/pages\/3871","targetHints":{"allow":["GET"]}}],"collection":[{"href":"https:\/\/agora.xtec.cat\/iereccomtal\/wp-json\/wp\/v2\/pages"}],"about":[{"href":"https:\/\/agora.xtec.cat\/iereccomtal\/wp-json\/wp\/v2\/types\/page"}],"author":[{"embeddable":true,"href":"https:\/\/agora.xtec.cat\/iereccomtal\/wp-json\/wp\/v2\/users\/1"}],"replies":[{"embeddable":true,"href":"https:\/\/agora.xtec.cat\/iereccomtal\/wp-json\/wp\/v2\/comments?post=3871"}],"version-history":[{"count":2,"href":"https:\/\/agora.xtec.cat\/iereccomtal\/wp-json\/wp\/v2\/pages\/3871\/revisions"}],"predecessor-version":[{"id":7952,"href":"https:\/\/agora.xtec.cat\/iereccomtal\/wp-json\/wp\/v2\/pages\/3871\/revisions\/7952"}],"up":[{"embeddable":true,"href":"https:\/\/agora.xtec.cat\/iereccomtal\/wp-json\/wp\/v2\/pages\/3861"}],"wp:attachment":[{"href":"https:\/\/agora.xtec.cat\/iereccomtal\/wp-json\/wp\/v2\/media?parent=3871"}],"curies":[{"name":"wp","href":"https:\/\/api.w.org\/{rel}","templated":true}]}}