{"id":3865,"date":"2017-10-25T12:20:25","date_gmt":"2017-10-25T11:20:25","guid":{"rendered":"http:\/\/www.escolaramonycajal.com\/?page_id=3865"},"modified":"2021-01-09T16:17:28","modified_gmt":"2021-01-09T15:17:28","slug":"jump-math","status":"publish","type":"page","link":"https:\/\/agora.xtec.cat\/iereccomtal\/projectes\/jump-math\/","title":{"rendered":"JUMP Math"},"content":{"rendered":"<blockquote><p><strong>&#8220;Desaprofitem molta alegria i emoci\u00f3 que podria haver-hi en les classes tots els dies. Als nens els encanta aprendre, comprendre patrons i connexions i descobrir la bellesa invisible del m\u00f3n.&#8221;<\/strong><\/p>\n<p>John Mighton, fundador de JUMP Math<\/p><\/blockquote>\n<p><a href=\"http:\/\/jumpmath.es\/ca\/\" target=\"_blank\" rel=\"noopener noreferrer\">JUMP Math<\/a> \u00e9s un programa d\u2019<strong>ensenyament-aprenentatge de matem\u00e0tiques<\/strong> en l\u2019\u00e0mbit escolar. Es tracta d\u2019un programa que aplica procediments i recursos provats, convertint a tots els docents en ensenyants extraordinaris de matem\u00e0tiques, capaces de guiar als estudiants perqu\u00e8 obtinguin el seu m\u00e0xim rendiment.<\/p>\n<p><a href=\"https:\/\/jumpmath.org\/jump\/en\/john_mighton\" target=\"_blank\" rel=\"noopener noreferrer\">John Mighton<\/a>, el creador d\u2019aquest innovador programa, \u00e9s doctor en Matem\u00e0tiques, emprenedor social de la xarxa Ashoka i ha estat reconegut com a Emprenedor Social de l\u2019Any 2015 per Schwab Foundation i guanyador dels premis WISE 2016.<\/p>\n<h3>JUMP Math a l&#8217;IE Rec Comtal (Barcelona)<\/h3>\n<p>En construcci\u00f3&#8230;<\/p>\n","protected":false},"excerpt":{"rendered":"<p>&#8220;Desaprofitem molta alegria i emoci\u00f3 que podria haver-hi en les classes tots els dies. Als nens els encanta aprendre, comprendre patrons i connexions i descobrir la bellesa invisible del m\u00f3n.&#8221; John Mighton, fundador de JUMP Math JUMP Math \u00e9s un programa d\u2019ensenyament-aprenentatge de matem\u00e0tiques en l\u2019\u00e0mbit escolar. Es tracta d\u2019un programa que aplica procediments i [&hellip;]<\/p>\n","protected":false},"author":1,"featured_media":0,"parent":3861,"menu_order":0,"comment_status":"closed","ping_status":"closed","template":"page-templates\/side-menu.php","meta":{"_bbp_topic_count":0,"_bbp_reply_count":0,"_bbp_total_topic_count":0,"_bbp_total_reply_count":0,"_bbp_voice_count":0,"_bbp_anonymous_reply_count":0,"_bbp_topic_count_hidden":0,"_bbp_reply_count_hidden":0,"_bbp_forum_subforum_count":0,"site-sidebar-layout":"default","site-content-layout":"","ast-site-content-layout":"","site-content-style":"default","site-sidebar-style":"default","ast-global-header-display":"","ast-banner-title-visibility":"","ast-main-header-display":"","ast-hfb-above-header-display":"","ast-hfb-below-header-display":"","ast-hfb-mobile-header-display":"","site-post-title":"","ast-breadcrumbs-content":"","ast-featured-img":"","footer-sml-layout":"","theme-transparent-header-meta":"","adv-header-id-meta":"","stick-header-meta":"","header-above-stick-meta":"","header-main-stick-meta":"","header-below-stick-meta":"","astra-migrate-meta-layouts":"default","ast-page-background-enabled":"default","ast-page-background-meta":{"desktop":{"background-color":"var(--ast-global-color-4)","background-image":"","background-repeat":"repeat","background-position":"center center","background-size":"auto","background-attachment":"scroll","background-type":"","background-media":"","overlay-type":"","overlay-color":"","overlay-opacity":"","overlay-gradient":""},"tablet":{"background-color":"","background-image":"","background-repeat":"repeat","background-position":"center center","background-size":"auto","background-attachment":"scroll","background-type":"","background-media":"","overlay-type":"","overlay-color":"","overlay-opacity":"","overlay-gradient":""},"mobile":{"background-color":"","background-image":"","background-repeat":"repeat","background-position":"center center","background-size":"auto","background-attachment":"scroll","background-type":"","background-media":"","overlay-type":"","overlay-color":"","overlay-opacity":"","overlay-gradient":""}},"ast-content-background-meta":{"desktop":{"background-color":"var(--ast-global-color-5)","background-image":"","background-repeat":"repeat","background-position":"center center","background-size":"auto","background-attachment":"scroll","background-type":"","background-media":"","overlay-type":"","overlay-color":"","overlay-opacity":"","overlay-gradient":""},"tablet":{"background-color":"var(--ast-global-color-5)","background-image":"","background-repeat":"repeat","background-position":"center center","background-size":"auto","background-attachment":"scroll","background-type":"","background-media":"","overlay-type":"","overlay-color":"","overlay-opacity":"","overlay-gradient":""},"mobile":{"background-color":"var(--ast-global-color-5)","background-image":"","background-repeat":"repeat","background-position":"center center","background-size":"auto","background-attachment":"scroll","background-type":"","background-media":"","overlay-type":"","overlay-color":"","overlay-opacity":"","overlay-gradient":""}},"footnotes":""},"class_list":["post-3865","page","type-page","status-publish","hentry"],"post_mailing_queue_ids":[],"_links":{"self":[{"href":"https:\/\/agora.xtec.cat\/iereccomtal\/wp-json\/wp\/v2\/pages\/3865","targetHints":{"allow":["GET"]}}],"collection":[{"href":"https:\/\/agora.xtec.cat\/iereccomtal\/wp-json\/wp\/v2\/pages"}],"about":[{"href":"https:\/\/agora.xtec.cat\/iereccomtal\/wp-json\/wp\/v2\/types\/page"}],"author":[{"embeddable":true,"href":"https:\/\/agora.xtec.cat\/iereccomtal\/wp-json\/wp\/v2\/users\/1"}],"replies":[{"embeddable":true,"href":"https:\/\/agora.xtec.cat\/iereccomtal\/wp-json\/wp\/v2\/comments?post=3865"}],"version-history":[{"count":1,"href":"https:\/\/agora.xtec.cat\/iereccomtal\/wp-json\/wp\/v2\/pages\/3865\/revisions"}],"predecessor-version":[{"id":6682,"href":"https:\/\/agora.xtec.cat\/iereccomtal\/wp-json\/wp\/v2\/pages\/3865\/revisions\/6682"}],"up":[{"embeddable":true,"href":"https:\/\/agora.xtec.cat\/iereccomtal\/wp-json\/wp\/v2\/pages\/3861"}],"wp:attachment":[{"href":"https:\/\/agora.xtec.cat\/iereccomtal\/wp-json\/wp\/v2\/media?parent=3865"}],"curies":[{"name":"wp","href":"https:\/\/api.w.org\/{rel}","templated":true}]}}