{"id":21,"date":"2014-09-17T16:14:14","date_gmt":"2014-09-17T16:14:14","guid":{"rendered":"http:\/\/agora.xtec.cat\/iereccomtal\/?page_id=21"},"modified":"2022-05-19T19:26:15","modified_gmt":"2022-05-19T17:26:15","slug":"on-som","status":"publish","type":"page","link":"https:\/\/agora.xtec.cat\/iereccomtal\/linstitut\/on-som\/","title":{"rendered":"On som"},"content":{"rendered":"<div class=\"row\">\n<div class=\"column\">\n<p style=\"color: #666666;\"><strong>Institut Escola Rec Comtal<\/strong><\/p>\n<p>C. Via Barcino, 90 (Edifici Prim\u00e0ria i Secund\u00e0ria)<\/p>\n<p style=\"color: #666666;\">C. Mare de D\u00e9u de Lorda 25 (Edifici infantil)<\/p>\n<p style=\"color: #666666;\">08033 Barcelona (Trinitat Vella)<\/p>\n<p><strong>Com arribar-hi:<br \/>\n<\/strong><\/p>\n<ul>\n<li>Per metro: Estaci\u00f3 Trinitat Vella de la l\u00ednia 1 (vermella)<\/li>\n<li>Per bus: L\u00ednies V31, L11 i L40<\/li>\n<\/ul>\n<p><strong>Correu electr\u00f2nic de contacte<\/strong><br \/>\n<a href=\"mailto:a8072310@xtec.cat\">a8072310@xtec.cat<\/a><\/p>\n<\/div>\n<div class=\"column\"><iframe loading=\"lazy\" src=\"https:\/\/www.google.com\/maps\/embed?pb=!1m14!1m8!1m3!1d5029.427017766044!2d2.189661005177944!3d41.44973997120441!3m2!1i1024!2i768!4f13.1!3m3!1m2!1s0x0%3A0x42b20f230f80942e!2sEscola%20Ram%C3%B3n%20y%20Cajal!5e0!3m2!1sca!2ses!4v1594468771921!5m2!1sca!2ses\" width=\"600\" height=\"450\" frameborder=\"0\" aria-hidden=\"false\"><\/iframe><\/div>\n<\/div>\n","protected":false},"excerpt":{"rendered":"<p>Institut Escola Rec Comtal C. Via Barcino, 90 (Edifici Prim\u00e0ria i Secund\u00e0ria) C. Mare de D\u00e9u de Lorda 25 (Edifici infantil) 08033 Barcelona (Trinitat Vella) Com arribar-hi: Per metro: Estaci\u00f3 Trinitat Vella de la l\u00ednia 1 (vermella) Per bus: L\u00ednies V31, L11 i L40 Correu electr\u00f2nic de contacte a8072310@xtec.cat<\/p>\n","protected":false},"author":1,"featured_media":0,"parent":19,"menu_order":10,"comment_status":"closed","ping_status":"closed","template":"page-templates\/side-menu.php","meta":{"_bbp_topic_count":0,"_bbp_reply_count":0,"_bbp_total_topic_count":0,"_bbp_total_reply_count":0,"_bbp_voice_count":0,"_bbp_anonymous_reply_count":0,"_bbp_topic_count_hidden":0,"_bbp_reply_count_hidden":0,"_bbp_forum_subforum_count":0,"site-sidebar-layout":"default","site-content-layout":"","ast-site-content-layout":"","site-content-style":"default","site-sidebar-style":"default","ast-global-header-display":"","ast-banner-title-visibility":"","ast-main-header-display":"","ast-hfb-above-header-display":"","ast-hfb-below-header-display":"","ast-hfb-mobile-header-display":"","site-post-title":"","ast-breadcrumbs-content":"","ast-featured-img":"","footer-sml-layout":"","theme-transparent-header-meta":"","adv-header-id-meta":"","stick-header-meta":"","header-above-stick-meta":"","header-main-stick-meta":"","header-below-stick-meta":"","astra-migrate-meta-layouts":"default","ast-page-background-enabled":"default","ast-page-background-meta":{"desktop":{"background-color":"var(--ast-global-color-4)","background-image":"","background-repeat":"repeat","background-position":"center center","background-size":"auto","background-attachment":"scroll","background-type":"","background-media":"","overlay-type":"","overlay-color":"","overlay-opacity":"","overlay-gradient":""},"tablet":{"background-color":"","background-image":"","background-repeat":"repeat","background-position":"center center","background-size":"auto","background-attachment":"scroll","background-type":"","background-media":"","overlay-type":"","overlay-color":"","overlay-opacity":"","overlay-gradient":""},"mobile":{"background-color":"","background-image":"","background-repeat":"repeat","background-position":"center center","background-size":"auto","background-attachment":"scroll","background-type":"","background-media":"","overlay-type":"","overlay-color":"","overlay-opacity":"","overlay-gradient":""}},"ast-content-background-meta":{"desktop":{"background-color":"var(--ast-global-color-5)","background-image":"","background-repeat":"repeat","background-position":"center center","background-size":"auto","background-attachment":"scroll","background-type":"","background-media":"","overlay-type":"","overlay-color":"","overlay-opacity":"","overlay-gradient":""},"tablet":{"background-color":"var(--ast-global-color-5)","background-image":"","background-repeat":"repeat","background-position":"center center","background-size":"auto","background-attachment":"scroll","background-type":"","background-media":"","overlay-type":"","overlay-color":"","overlay-opacity":"","overlay-gradient":""},"mobile":{"background-color":"var(--ast-global-color-5)","background-image":"","background-repeat":"repeat","background-position":"center center","background-size":"auto","background-attachment":"scroll","background-type":"","background-media":"","overlay-type":"","overlay-color":"","overlay-opacity":"","overlay-gradient":""}},"footnotes":""},"class_list":["post-21","page","type-page","status-publish","hentry"],"post_mailing_queue_ids":[],"_links":{"self":[{"href":"https:\/\/agora.xtec.cat\/iereccomtal\/wp-json\/wp\/v2\/pages\/21","targetHints":{"allow":["GET"]}}],"collection":[{"href":"https:\/\/agora.xtec.cat\/iereccomtal\/wp-json\/wp\/v2\/pages"}],"about":[{"href":"https:\/\/agora.xtec.cat\/iereccomtal\/wp-json\/wp\/v2\/types\/page"}],"author":[{"embeddable":true,"href":"https:\/\/agora.xtec.cat\/iereccomtal\/wp-json\/wp\/v2\/users\/1"}],"replies":[{"embeddable":true,"href":"https:\/\/agora.xtec.cat\/iereccomtal\/wp-json\/wp\/v2\/comments?post=21"}],"version-history":[{"count":3,"href":"https:\/\/agora.xtec.cat\/iereccomtal\/wp-json\/wp\/v2\/pages\/21\/revisions"}],"predecessor-version":[{"id":7929,"href":"https:\/\/agora.xtec.cat\/iereccomtal\/wp-json\/wp\/v2\/pages\/21\/revisions\/7929"}],"up":[{"embeddable":true,"href":"https:\/\/agora.xtec.cat\/iereccomtal\/wp-json\/wp\/v2\/pages\/19"}],"wp:attachment":[{"href":"https:\/\/agora.xtec.cat\/iereccomtal\/wp-json\/wp\/v2\/media?parent=21"}],"curies":[{"name":"wp","href":"https:\/\/api.w.org\/{rel}","templated":true}]}}