{"id":1710,"date":"2013-10-16T13:48:40","date_gmt":"2013-10-16T12:48:40","guid":{"rendered":"http:\/\/escolaramonycajal.com\/?page_id=1710"},"modified":"2013-10-16T13:48:40","modified_gmt":"2013-10-16T12:48:40","slug":"biblioteca","status":"publish","type":"page","link":"https:\/\/agora.xtec.cat\/iereccomtal\/projectes\/biblioteca\/","title":{"rendered":"Biblioteca-Lectura"},"content":{"rendered":"<blockquote><p><strong><span id=\"result_box\" class=\"\" lang=\"ca\">&#8220;<span class=\"\">Un llibre<\/span> ha de ser la destral que trenqui el mar gelat que hi ha dins de nosaltres.&#8221;<\/span><\/strong><\/p>\n<p><span id=\"result_box\" class=\"\" lang=\"ca\">Franz Kafka, <span class=\"\">escriptor<\/span>.<\/span><\/p><\/blockquote>\n<p><strong>PRESENTACI\u00d3 DE LA NOSTRA BIBLIOTECA<\/strong><\/p>\n<p>La nostra biblioteca \u00e9s un <strong>espai educatiu, din\u00e0mic i acollidor<\/strong>.\u00a0 Cont\u00e9 recursos\u00a0 i documents en tot tipus de suports, per a l&#8217;aprenentatge i per a la recerca, dirigits als alumnes i als mestres de l&#8217;escola.<\/p>\n<p>\u00c9s un recurs fonamental per a l&#8217;adquisici\u00f3 de les compet\u00e8ncies b\u00e0siques i el desplegament dels continguts curriculars a totes les \u00e0rees i etapes educatives. A m\u00e9s a m\u00e9s, \u00e9s una pe\u00e7a clau, dins del nostre projecte educatiu,\u00a0 per a l&#8217;<strong>assoliment de la compet\u00e8ncia informacional,<\/strong> <strong>el foment de la lectura i l&#8217;adquisici\u00f3 d&#8217;aprenentatges aut\u00f2noms<\/strong>.<\/p>\n<p>La biblioteca de la nostra escola forma part del <strong>Projecte d&#8217;Innovaci\u00f3 Pedag\u00f2gica &#8220;Puntedu&#8221;<\/strong> des del curs 2006-2007. Aquest projecte \u00e9s una iniciativa educativa que pret\u00e9n estimular la capacitat d&#8217;aprenentatge, les habilitats i potencialitats personals, <strong>l&#8217;\u00e8xit escolar<\/strong> <strong>de tots els alumnes<\/strong> i el desenvolupament del projecte educatiu del centre.<\/p>\n<p>La comissi\u00f3 de la nostra biblioteca, formada per mestres d&#8217;Educaci\u00f3 Infantil i Prim\u00e0ria, planifica, organitza i prepara totes les activitats\u00a0 que es duen a terme des d&#8217;aquest espai, durant el curs escolar.<\/p>\n<p>Aquestes <strong>activitats<\/strong> s\u00f3n de caire din\u00e0mic amb l&#8217;objectiu de <strong>fomentar el gust per llegir<\/strong>: contes animats amb titelles, jocs, visites d&#8217;autor a l&#8217;escola, visites trimestrals a la biblioteca del nostre barri, participaci\u00f3 en concursos i tallers promoguts i organitzats pel centre de Recursos de Sant Andreu.<\/p>\n<p>Des de\u00a0 la biblioteca tamb\u00e9 s&#8217;impulsa el <strong>Pla de Lectura del Centre<\/strong> a trav\u00e9s d&#8217;activitats de comprensi\u00f3 lectora, cerca d&#8217;informaci\u00f3, etc.<\/p>\n<p>La nostra biblioteca ha anat creixent i prenent forma en aquests darrers anys.\u00a0 Treballem pel manteniment de l&#8217;espai tot realitzant comandes a diferents editorials per mantenir viu el fons de la biblioteca. Preparem les<strong> maletes viatgeres<\/strong> que utilitzen P3, P4 i P5, i organitzem els lots de llibres en pr\u00e9stec a tots els grups de Prim\u00e0ria.<\/p>\n<p><strong>La Diada de Sant Jordi<\/strong> \u00e9s molt especial a l&#8217;escola. Organitzem una fira on pares i alumnes poden portar llibres de casa que ja han llegit per a intercanviar-los.<\/p>\n<p>La biblioteca de l&#8217;escola \u00e9s un espai molt estimat pels <strong>nostres alumnes<\/strong>, el seu paper en l&#8217;aprenentatge de la lectura \u00e9s clau, per\u00f2 el gust per llegir va m\u00e9s enll\u00e0 del projecte educatiu de l&#8217;escola i necessita de la col\u00b7laboraci\u00f3 de les fam\u00edlies.<\/p>\n<p><strong>&#8220;Llegir \u00e9s una aventura que dura tota la vida&#8221;<\/strong><\/p>\n<p><img loading=\"lazy\" decoding=\"async\" class=\"aligncenter wp-image-4847 size-large\" src=\"http:\/\/www.escolaramonycajal.com\/wp-content\/uploads\/2013\/10\/unnamed-1024x513.jpg\" alt=\"\" width=\"1024\" height=\"513\" \/><\/p>\n","protected":false},"excerpt":{"rendered":"<p>&#8220;Un llibre ha de ser la destral que trenqui el mar gelat que hi ha dins de nosaltres.&#8221; Franz Kafka, escriptor. PRESENTACI\u00d3 DE LA NOSTRA BIBLIOTECA La nostra biblioteca \u00e9s un espai educatiu, din\u00e0mic i acollidor.\u00a0 Cont\u00e9 recursos\u00a0 i documents en tot tipus de suports, per a l&#8217;aprenentatge i per a la recerca, dirigits als [&hellip;]<\/p>\n","protected":false},"author":1,"featured_media":2240,"parent":3861,"menu_order":0,"comment_status":"closed","ping_status":"closed","template":"page-templates\/side-menu.php","meta":{"_bbp_topic_count":0,"_bbp_reply_count":0,"_bbp_total_topic_count":0,"_bbp_total_reply_count":0,"_bbp_voice_count":0,"_bbp_anonymous_reply_count":0,"_bbp_topic_count_hidden":0,"_bbp_reply_count_hidden":0,"_bbp_forum_subforum_count":0,"site-sidebar-layout":"default","site-content-layout":"","ast-site-content-layout":"","site-content-style":"default","site-sidebar-style":"default","ast-global-header-display":"","ast-banner-title-visibility":"","ast-main-header-display":"","ast-hfb-above-header-display":"","ast-hfb-below-header-display":"","ast-hfb-mobile-header-display":"","site-post-title":"","ast-breadcrumbs-content":"","ast-featured-img":"","footer-sml-layout":"","theme-transparent-header-meta":"","adv-header-id-meta":"","stick-header-meta":"","header-above-stick-meta":"","header-main-stick-meta":"","header-below-stick-meta":"","astra-migrate-meta-layouts":"default","ast-page-background-enabled":"default","ast-page-background-meta":{"desktop":{"background-color":"var(--ast-global-color-4)","background-image":"","background-repeat":"repeat","background-position":"center center","background-size":"auto","background-attachment":"scroll","background-type":"","background-media":"","overlay-type":"","overlay-color":"","overlay-opacity":"","overlay-gradient":""},"tablet":{"background-color":"","background-image":"","background-repeat":"repeat","background-position":"center center","background-size":"auto","background-attachment":"scroll","background-type":"","background-media":"","overlay-type":"","overlay-color":"","overlay-opacity":"","overlay-gradient":""},"mobile":{"background-color":"","background-image":"","background-repeat":"repeat","background-position":"center center","background-size":"auto","background-attachment":"scroll","background-type":"","background-media":"","overlay-type":"","overlay-color":"","overlay-opacity":"","overlay-gradient":""}},"ast-content-background-meta":{"desktop":{"background-color":"var(--ast-global-color-5)","background-image":"","background-repeat":"repeat","background-position":"center center","background-size":"auto","background-attachment":"scroll","background-type":"","background-media":"","overlay-type":"","overlay-color":"","overlay-opacity":"","overlay-gradient":""},"tablet":{"background-color":"var(--ast-global-color-5)","background-image":"","background-repeat":"repeat","background-position":"center center","background-size":"auto","background-attachment":"scroll","background-type":"","background-media":"","overlay-type":"","overlay-color":"","overlay-opacity":"","overlay-gradient":""},"mobile":{"background-color":"var(--ast-global-color-5)","background-image":"","background-repeat":"repeat","background-position":"center center","background-size":"auto","background-attachment":"scroll","background-type":"","background-media":"","overlay-type":"","overlay-color":"","overlay-opacity":"","overlay-gradient":""}},"footnotes":""},"class_list":["post-1710","page","type-page","status-publish","has-post-thumbnail","hentry"],"post_mailing_queue_ids":[],"_links":{"self":[{"href":"https:\/\/agora.xtec.cat\/iereccomtal\/wp-json\/wp\/v2\/pages\/1710","targetHints":{"allow":["GET"]}}],"collection":[{"href":"https:\/\/agora.xtec.cat\/iereccomtal\/wp-json\/wp\/v2\/pages"}],"about":[{"href":"https:\/\/agora.xtec.cat\/iereccomtal\/wp-json\/wp\/v2\/types\/page"}],"author":[{"embeddable":true,"href":"https:\/\/agora.xtec.cat\/iereccomtal\/wp-json\/wp\/v2\/users\/1"}],"replies":[{"embeddable":true,"href":"https:\/\/agora.xtec.cat\/iereccomtal\/wp-json\/wp\/v2\/comments?post=1710"}],"version-history":[{"count":0,"href":"https:\/\/agora.xtec.cat\/iereccomtal\/wp-json\/wp\/v2\/pages\/1710\/revisions"}],"up":[{"embeddable":true,"href":"https:\/\/agora.xtec.cat\/iereccomtal\/wp-json\/wp\/v2\/pages\/3861"}],"wp:featuredmedia":[{"embeddable":true,"href":"https:\/\/agora.xtec.cat\/iereccomtal\/wp-json\/"}],"wp:attachment":[{"href":"https:\/\/agora.xtec.cat\/iereccomtal\/wp-json\/wp\/v2\/media?parent=1710"}],"curies":[{"name":"wp","href":"https:\/\/api.w.org\/{rel}","templated":true}]}}