{"id":1497,"date":"2013-08-14T20:55:26","date_gmt":"2013-08-14T19:55:26","guid":{"rendered":"http:\/\/escolaramonycajal.com\/?page_id=1497"},"modified":"2022-05-22T17:12:42","modified_gmt":"2022-05-22T15:12:42","slug":"treballcooperatiu","status":"publish","type":"page","link":"https:\/\/agora.xtec.cat\/iereccomtal\/projectes\/treballcooperatiu\/","title":{"rendered":"Treball cooperatiu"},"content":{"rendered":"<blockquote>\n<p style=\"text-align: left;\"><strong>Cooperar per aprendre, aprendre a cooperar<\/strong><\/p>\n<\/blockquote>\n<p style=\"text-align: left;\"><strong>L\u2019aprenentatge cooperatiu<\/strong> \u00e9s una metodologia privilegiada que duu a terme diferents t\u00e8cniques per a millorar, no nom\u00e9s el rendiment acad\u00e8mic dels alumnes sin\u00f3, fins i tot, per a <strong>potenciar les seves capacitats intel\u00b7lectuals i socials<\/strong>. El principal objectiu \u00e9s la formaci\u00f3 integral de l\u2019alumne. Es fa un treball en equip, no es tracta de ser el millor sin\u00f3 de treballar junts per assolir un objectiu com\u00fa d\u2019aprenentatge.<\/p>\n<p style=\"text-align: left;\">El treball cooperatiu <strong>millora la motivaci\u00f3, l&#8217;autoestima i l&#8217;aprenentatge dels alumnes<\/strong>. Mitjan\u00e7ant els grups cooperatius els alumnes aprenen a posar en pr\u00e0ctica els seus coneixements i adaptar-los en funci\u00f3 de les seves necessitats. A trav\u00e9s del joc els alumnes aprenen a donar, rebre i a compartir les coses.<\/p>\n<p><strong>Tres arguments per fomentar l\u2019aprenentatge cooperatiu:<\/strong><\/p>\n<ol>\n<li>L\u2019aprenentatge cooperatiu \u00e9s un condici\u00f3 i un instrument per la inclusi\u00f3, pel desenvolupament de la <strong>solidaritat i de la cohesi\u00f3 social.<\/strong><\/li>\n<li>L\u2019aprenentatge cooperatiu \u00e9s una finalitat del sistema educatiu i a la vegada, un mitj\u00e0 pel desenvolupament de les <strong>compet\u00e8ncies b\u00e0siques.<\/strong><\/li>\n<li>L\u2019estructura cooperativa en\u00a0 les activitats a l\u2019aula permeten el desenvolupament de les estrat\u00e8gies per a l\u2019<strong>atenci\u00f3 a la diversitat.<\/strong><\/li>\n<\/ol>\n","protected":false},"excerpt":{"rendered":"<p>Cooperar per aprendre, aprendre a cooperar L\u2019aprenentatge cooperatiu \u00e9s una metodologia privilegiada que duu a terme diferents t\u00e8cniques per a millorar, no nom\u00e9s el rendiment acad\u00e8mic dels alumnes sin\u00f3, fins i tot, per a potenciar les seves capacitats intel\u00b7lectuals i socials. El principal objectiu \u00e9s la formaci\u00f3 integral de l\u2019alumne. Es fa un treball en [&hellip;]<\/p>\n","protected":false},"author":1,"featured_media":0,"parent":3861,"menu_order":3,"comment_status":"closed","ping_status":"closed","template":"page-templates\/side-menu.php","meta":{"_bbp_topic_count":0,"_bbp_reply_count":0,"_bbp_total_topic_count":0,"_bbp_total_reply_count":0,"_bbp_voice_count":0,"_bbp_anonymous_reply_count":0,"_bbp_topic_count_hidden":0,"_bbp_reply_count_hidden":0,"_bbp_forum_subforum_count":0,"site-sidebar-layout":"default","site-content-layout":"","ast-site-content-layout":"","site-content-style":"default","site-sidebar-style":"default","ast-global-header-display":"","ast-banner-title-visibility":"","ast-main-header-display":"","ast-hfb-above-header-display":"","ast-hfb-below-header-display":"","ast-hfb-mobile-header-display":"","site-post-title":"","ast-breadcrumbs-content":"","ast-featured-img":"","footer-sml-layout":"","theme-transparent-header-meta":"","adv-header-id-meta":"","stick-header-meta":"","header-above-stick-meta":"","header-main-stick-meta":"","header-below-stick-meta":"","astra-migrate-meta-layouts":"default","ast-page-background-enabled":"default","ast-page-background-meta":{"desktop":{"background-color":"var(--ast-global-color-4)","background-image":"","background-repeat":"repeat","background-position":"center center","background-size":"auto","background-attachment":"scroll","background-type":"","background-media":"","overlay-type":"","overlay-color":"","overlay-opacity":"","overlay-gradient":""},"tablet":{"background-color":"","background-image":"","background-repeat":"repeat","background-position":"center center","background-size":"auto","background-attachment":"scroll","background-type":"","background-media":"","overlay-type":"","overlay-color":"","overlay-opacity":"","overlay-gradient":""},"mobile":{"background-color":"","background-image":"","background-repeat":"repeat","background-position":"center center","background-size":"auto","background-attachment":"scroll","background-type":"","background-media":"","overlay-type":"","overlay-color":"","overlay-opacity":"","overlay-gradient":""}},"ast-content-background-meta":{"desktop":{"background-color":"var(--ast-global-color-5)","background-image":"","background-repeat":"repeat","background-position":"center center","background-size":"auto","background-attachment":"scroll","background-type":"","background-media":"","overlay-type":"","overlay-color":"","overlay-opacity":"","overlay-gradient":""},"tablet":{"background-color":"var(--ast-global-color-5)","background-image":"","background-repeat":"repeat","background-position":"center center","background-size":"auto","background-attachment":"scroll","background-type":"","background-media":"","overlay-type":"","overlay-color":"","overlay-opacity":"","overlay-gradient":""},"mobile":{"background-color":"var(--ast-global-color-5)","background-image":"","background-repeat":"repeat","background-position":"center center","background-size":"auto","background-attachment":"scroll","background-type":"","background-media":"","overlay-type":"","overlay-color":"","overlay-opacity":"","overlay-gradient":""}},"footnotes":""},"class_list":["post-1497","page","type-page","status-publish","hentry"],"post_mailing_queue_ids":[],"_links":{"self":[{"href":"https:\/\/agora.xtec.cat\/iereccomtal\/wp-json\/wp\/v2\/pages\/1497","targetHints":{"allow":["GET"]}}],"collection":[{"href":"https:\/\/agora.xtec.cat\/iereccomtal\/wp-json\/wp\/v2\/pages"}],"about":[{"href":"https:\/\/agora.xtec.cat\/iereccomtal\/wp-json\/wp\/v2\/types\/page"}],"author":[{"embeddable":true,"href":"https:\/\/agora.xtec.cat\/iereccomtal\/wp-json\/wp\/v2\/users\/1"}],"replies":[{"embeddable":true,"href":"https:\/\/agora.xtec.cat\/iereccomtal\/wp-json\/wp\/v2\/comments?post=1497"}],"version-history":[{"count":2,"href":"https:\/\/agora.xtec.cat\/iereccomtal\/wp-json\/wp\/v2\/pages\/1497\/revisions"}],"predecessor-version":[{"id":7951,"href":"https:\/\/agora.xtec.cat\/iereccomtal\/wp-json\/wp\/v2\/pages\/1497\/revisions\/7951"}],"up":[{"embeddable":true,"href":"https:\/\/agora.xtec.cat\/iereccomtal\/wp-json\/wp\/v2\/pages\/3861"}],"wp:attachment":[{"href":"https:\/\/agora.xtec.cat\/iereccomtal\/wp-json\/wp\/v2\/media?parent=1497"}],"curies":[{"name":"wp","href":"https:\/\/api.w.org\/{rel}","templated":true}]}}