{"id":1493,"date":"2013-08-14T20:51:50","date_gmt":"2013-08-14T20:51:50","guid":{"rendered":"http:\/\/escolaramonycajal.com\/?page_id=1493"},"modified":"2022-05-22T17:04:32","modified_gmt":"2022-05-22T15:04:32","slug":"projecte-linguistic","status":"publish","type":"page","link":"https:\/\/agora.xtec.cat\/iereccomtal\/projectes\/projecte-linguistic\/","title":{"rendered":"Projecte ling\u00fc\u00edstic"},"content":{"rendered":"<p><img loading=\"lazy\" decoding=\"async\" class=\"wp-image-1980 alignright\" src=\"http:\/\/escolaramonycajal.com\/wp-content\/uploads\/2013\/11\/0002558336RR-1920x1280-copia-2.jpg\" alt=\"0002558336RR-1920x1280 copia 2\" width=\"360\" height=\"240\" \/><strong>En construcci\u00f3&#8230;<\/strong><\/p>\n<p>El <strong>projecte ling\u00fc\u00edstic<\/strong> \u00e9s un element molt important del Projecte educatiu de l\u2019escola. Regula i gestiona el tractament de totes les lleng\u00fces presents al centre en el marc del nou context multiling\u00fce de la nostra societat i que cada any es fa m\u00e9s present al nostre centre, at\u00e8s l\u2019increment d\u2019alumnes provinents d\u2019altres pa\u00efsos i d\u2019altres cultures.<\/p>\n<p><strong>El projecte ling\u00fc\u00edstic es desenvolupa<\/strong> al llarg de tota l\u2019escolaritat. L\u2019objectiu m\u00e9s important en el curr\u00edculum dels alumnes \u00e9s que acabin l\u2019educaci\u00f3 prim\u00e0ria amb el domini ple i la compet\u00e8ncia oral i escrita del catal\u00e0 i del castell\u00e0. Tamb\u00e9 hem fet una aposta important per la introducci\u00f3 progressiva de l\u2019angl\u00e8s a partir del segon curs d\u2019educaci\u00f3 infantil, P4. I per impartir l\u2019\u00e0rea d\u2019educaci\u00f3 visual i pl\u00e0stica a tots els cursos d\u2019educaci\u00f3 prim\u00e0ria, en angl\u00e8s. Tot plegat ha de permetre posar les bases per qu\u00e8 els alumnes es familiaritzin cada vegada m\u00e9s amb aquesta llengua tant important en la comunicaci\u00f3 mundial.<\/p>\n<p><strong>El projecte ling\u00fc\u00edstic recull<\/strong> el paper del catal\u00e0 com a llengua vehicular, el tractament de les lleng\u00fces curriculars i els aspectes d\u2019organitzaci\u00f3 i de gesti\u00f3 que tinguin repercussions ling\u00fc\u00edstiques. \u00c9s un projecte obert que permet la incorporaci\u00f3 gradual de les innovacions que cada curs es reflecteixin en el Pla anual del centre.<\/p>\n<p><a href=\"https:\/\/img.escolaramonycajal.com\/2013\/08\/PROJECTE-LING\u00dc\u00cdSTIC-19-RyC.pdf\">PROJECTE LING\u00dc\u00cdSTIC 19 RyC<\/a>\u00a0(Document en revisi\u00f3)<\/p>\n","protected":false},"excerpt":{"rendered":"<p>En construcci\u00f3&#8230; El projecte ling\u00fc\u00edstic \u00e9s un element molt important del Projecte educatiu de l\u2019escola. Regula i gestiona el tractament de totes les lleng\u00fces presents al centre en el marc del nou context multiling\u00fce de la nostra societat i que cada any es fa m\u00e9s present al nostre centre, at\u00e8s l\u2019increment d\u2019alumnes provinents d\u2019altres pa\u00efsos [&hellip;]<\/p>\n","protected":false},"author":1,"featured_media":0,"parent":3861,"menu_order":0,"comment_status":"closed","ping_status":"closed","template":"page-templates\/side-menu.php","meta":{"_bbp_topic_count":0,"_bbp_reply_count":0,"_bbp_total_topic_count":0,"_bbp_total_reply_count":0,"_bbp_voice_count":0,"_bbp_anonymous_reply_count":0,"_bbp_topic_count_hidden":0,"_bbp_reply_count_hidden":0,"_bbp_forum_subforum_count":0,"site-sidebar-layout":"default","site-content-layout":"","ast-site-content-layout":"","site-content-style":"default","site-sidebar-style":"default","ast-global-header-display":"","ast-banner-title-visibility":"","ast-main-header-display":"","ast-hfb-above-header-display":"","ast-hfb-below-header-display":"","ast-hfb-mobile-header-display":"","site-post-title":"","ast-breadcrumbs-content":"","ast-featured-img":"","footer-sml-layout":"","theme-transparent-header-meta":"","adv-header-id-meta":"","stick-header-meta":"","header-above-stick-meta":"","header-main-stick-meta":"","header-below-stick-meta":"","astra-migrate-meta-layouts":"default","ast-page-background-enabled":"default","ast-page-background-meta":{"desktop":{"background-color":"var(--ast-global-color-4)","background-image":"","background-repeat":"repeat","background-position":"center center","background-size":"auto","background-attachment":"scroll","background-type":"","background-media":"","overlay-type":"","overlay-color":"","overlay-opacity":"","overlay-gradient":""},"tablet":{"background-color":"","background-image":"","background-repeat":"repeat","background-position":"center center","background-size":"auto","background-attachment":"scroll","background-type":"","background-media":"","overlay-type":"","overlay-color":"","overlay-opacity":"","overlay-gradient":""},"mobile":{"background-color":"","background-image":"","background-repeat":"repeat","background-position":"center center","background-size":"auto","background-attachment":"scroll","background-type":"","background-media":"","overlay-type":"","overlay-color":"","overlay-opacity":"","overlay-gradient":""}},"ast-content-background-meta":{"desktop":{"background-color":"var(--ast-global-color-5)","background-image":"","background-repeat":"repeat","background-position":"center center","background-size":"auto","background-attachment":"scroll","background-type":"","background-media":"","overlay-type":"","overlay-color":"","overlay-opacity":"","overlay-gradient":""},"tablet":{"background-color":"var(--ast-global-color-5)","background-image":"","background-repeat":"repeat","background-position":"center center","background-size":"auto","background-attachment":"scroll","background-type":"","background-media":"","overlay-type":"","overlay-color":"","overlay-opacity":"","overlay-gradient":""},"mobile":{"background-color":"var(--ast-global-color-5)","background-image":"","background-repeat":"repeat","background-position":"center center","background-size":"auto","background-attachment":"scroll","background-type":"","background-media":"","overlay-type":"","overlay-color":"","overlay-opacity":"","overlay-gradient":""}},"footnotes":""},"class_list":["post-1493","page","type-page","status-publish","hentry"],"post_mailing_queue_ids":[],"_links":{"self":[{"href":"https:\/\/agora.xtec.cat\/iereccomtal\/wp-json\/wp\/v2\/pages\/1493","targetHints":{"allow":["GET"]}}],"collection":[{"href":"https:\/\/agora.xtec.cat\/iereccomtal\/wp-json\/wp\/v2\/pages"}],"about":[{"href":"https:\/\/agora.xtec.cat\/iereccomtal\/wp-json\/wp\/v2\/types\/page"}],"author":[{"embeddable":true,"href":"https:\/\/agora.xtec.cat\/iereccomtal\/wp-json\/wp\/v2\/users\/1"}],"replies":[{"embeddable":true,"href":"https:\/\/agora.xtec.cat\/iereccomtal\/wp-json\/wp\/v2\/comments?post=1493"}],"version-history":[{"count":1,"href":"https:\/\/agora.xtec.cat\/iereccomtal\/wp-json\/wp\/v2\/pages\/1493\/revisions"}],"predecessor-version":[{"id":7946,"href":"https:\/\/agora.xtec.cat\/iereccomtal\/wp-json\/wp\/v2\/pages\/1493\/revisions\/7946"}],"up":[{"embeddable":true,"href":"https:\/\/agora.xtec.cat\/iereccomtal\/wp-json\/wp\/v2\/pages\/3861"}],"wp:attachment":[{"href":"https:\/\/agora.xtec.cat\/iereccomtal\/wp-json\/wp\/v2\/media?parent=1493"}],"curies":[{"name":"wp","href":"https:\/\/api.w.org\/{rel}","templated":true}]}}