{"id":7,"date":"2014-09-17T15:07:41","date_gmt":"2014-09-17T15:07:41","guid":{"rendered":"http:\/\/agora.xtec.cat\/ieportalbatea\/\/?page_id=7"},"modified":"2019-05-20T13:11:45","modified_gmt":"2019-05-20T11:11:45","slug":"pagines-dinici","status":"publish","type":"page","link":"https:\/\/agora.xtec.cat\/ieportalbatea\/lescola\/pagines-dinici\/","title":{"rendered":"Emprenedors"},"content":{"rendered":"<h2 style=\"text-align: center;\">RESUM COOPERATIVES<\/h2>\n<p><a href=\"http:\/\/agora.xtec.cat\/ieportalbatea\/wp-content\/uploads\/usu92\/2014\/09\/Vallmajor86_P\u00e1gina_50.jpg\"><img loading=\"lazy\" decoding=\"async\" class=\"size-medium wp-image-1972 aligncenter\" src=\"http:\/\/agora.xtec.cat\/ieportalbatea\/wp-content\/uploads\/usu92\/2014\/09\/Vallmajor86_P\u00e1gina_50-211x300.jpg\" alt=\"Vallmajor86_P\u00e1gina_50\" width=\"211\" height=\"300\" srcset=\"https:\/\/agora.xtec.cat\/ieportalbatea\/wp-content\/uploads\/usu92\/2014\/09\/Vallmajor86_P\u00e1gina_50-211x300.jpg 211w, https:\/\/agora.xtec.cat\/ieportalbatea\/wp-content\/uploads\/usu92\/2014\/09\/Vallmajor86_P\u00e1gina_50-723x1024.jpg 723w, https:\/\/agora.xtec.cat\/ieportalbatea\/wp-content\/uploads\/usu92\/2014\/09\/Vallmajor86_P\u00e1gina_50.jpg 1240w\" sizes=\"auto, (max-width: 211px) 100vw, 211px\" \/><\/a><\/p>\n<h2 style=\"text-align: center;\"><span style=\"color: #800000;\"><strong>PROJECTES EMPRENEDORS CURSOS ANTERIORS<\/strong><\/span><\/h2>\n<p style=\"text-align: center;\"><strong><span style=\"color: #800080;\">PAS A PAS: FEM COOPERATIVA<\/span><\/strong><br \/>\n<iframe loading=\"lazy\" id=\"iframe_container\" src=\"https:\/\/prezi.com\/embed\/q1jhkev8vum6\/?bgcolor=ffffff&amp;lock_to_path=0&amp;autoplay=0&amp;autohide_ctrls=0&amp;landing_data=bHVZZmNaNDBIWnNjdEVENDRhZDFNZGNIUE43MHdLNWpsdFJLb2ZHanI0NUJKMjNZSHlhNmlXNVlFTGRrS09ncXdRPT0&amp;landing_sign=TlFL0WkYkTcyNEji9xJZYteEKAT56KljRtOBbuxAmWM\" width=\"550\" height=\"400\" frameborder=\"0\" allowfullscreen=\"allowfullscreen\"><\/iframe><\/p>\n<p style=\"text-align: center;\"><a href=\"http:\/\/www.calameo.com\/books\/00346692298163bb57ec9\" target=\"_blank\" rel=\"noopener noreferrer\">MEM\u00d2RIA EME 2012-2013<\/a><\/p>\n<div style=\"text-align: center;\">\n<p><iframe loading=\"lazy\" src=\"\/\/v.calameo.com\/?bkcode=00346692298163bb57ec9&amp;view=slide&amp;clickto=view\" width=\"300\" height=\"194\" frameborder=\"0\" scrolling=\"no\" allowfullscreen=\"allowfullscreen\"><\/iframe><\/p>\n<\/div>\n<div style=\"text-align: center;\">\n<div style=\"margin: 8px 0px 4px;\"><a href=\"http:\/\/www.calameo.com\/books\/003466922bcdf9a52a3ff\" target=\"_blank\" rel=\"noopener noreferrer\">MEM\u00d2RIA EME 2011-2012<\/a><\/div>\n<p><iframe loading=\"lazy\" style=\"margin: 0 auto;\" src=\"\/\/v.calameo.com\/?bkcode=003466922bcdf9a52a3ff&amp;view=slide&amp;clickto=view\" width=\"300\" height=\"194\" frameborder=\"0\" scrolling=\"no\" allowfullscreen=\"allowfullscreen\"><\/iframe><\/p>\n<\/div>\n<div style=\"text-align: center;\">\n<div style=\"margin: 8px 0px 4px;\"><a href=\"http:\/\/www.calameo.com\/books\/00346692286ad3fe45400\" target=\"_blank\" rel=\"noopener noreferrer\">MEM\u00d2RIA EME 2011-2012 (2)<\/a><\/div>\n<p><iframe loading=\"lazy\" style=\"margin: 0 auto;\" src=\"\/\/v.calameo.com\/?bkcode=00346692286ad3fe45400&amp;view=slide&amp;clickto=view\" width=\"300\" height=\"194\" frameborder=\"0\" scrolling=\"no\" allowfullscreen=\"allowfullscreen\"><\/iframe><\/p>\n<\/div>\n<div style=\"text-align: center;\">\n<div style=\"margin: 8px 0px 4px; text-align: center;\"><a href=\"http:\/\/www.calameo.com\/books\/00346692213b7ec1e08a4\" target=\"_blank\" rel=\"noopener noreferrer\">HIST\u00d2RIA D&#8217;EME 2010-2011<\/a><\/div>\n<p><iframe loading=\"lazy\" style=\"margin: 0 auto;\" src=\"\/\/v.calameo.com\/?bkcode=00346692213b7ec1e08a4&amp;view=slide&amp;clickto=view\" width=\"300\" height=\"194\" frameborder=\"0\" scrolling=\"no\" allowfullscreen=\"allowfullscreen\"><\/iframe><\/p>\n<div style=\"margin: 4px 0px 8px;\"><\/div>\n<\/div>\n","protected":false},"excerpt":{"rendered":"<p>RESUM COOPERATIVES PROJECTES EMPRENEDORS CURSOS ANTERIORS PAS A PAS: FEM COOPERATIVA MEM\u00d2RIA EME 2012-2013 MEM\u00d2RIA EME 2011-2012 MEM\u00d2RIA EME 2011-2012 (2) HIST\u00d2RIA D&#8217;EME 2010-2011<\/p>\n","protected":false},"author":2,"featured_media":0,"parent":22,"menu_order":0,"comment_status":"closed","ping_status":"closed","template":"","meta":{"_bbp_topic_count":0,"_bbp_reply_count":0,"_bbp_total_topic_count":0,"_bbp_total_reply_count":0,"_bbp_voice_count":0,"_bbp_anonymous_reply_count":0,"_bbp_topic_count_hidden":0,"_bbp_reply_count_hidden":0,"_bbp_forum_subforum_count":0,"site-sidebar-layout":"default","site-content-layout":"","ast-site-content-layout":"","site-content-style":"default","site-sidebar-style":"default","ast-global-header-display":"","ast-banner-title-visibility":"","ast-main-header-display":"","ast-hfb-above-header-display":"","ast-hfb-below-header-display":"","ast-hfb-mobile-header-display":"","site-post-title":"","ast-breadcrumbs-content":"","ast-featured-img":"","footer-sml-layout":"","theme-transparent-header-meta":"","adv-header-id-meta":"","stick-header-meta":"","header-above-stick-meta":"","header-main-stick-meta":"","header-below-stick-meta":"","astra-migrate-meta-layouts":"default","ast-page-background-enabled":"default","ast-page-background-meta":{"desktop":{"background-color":"var(--ast-global-color-4)","background-image":"","background-repeat":"repeat","background-position":"center center","background-size":"auto","background-attachment":"scroll","background-type":"","background-media":"","overlay-type":"","overlay-color":"","overlay-opacity":"","overlay-gradient":""},"tablet":{"background-color":"","background-image":"","background-repeat":"repeat","background-position":"center center","background-size":"auto","background-attachment":"scroll","background-type":"","background-media":"","overlay-type":"","overlay-color":"","overlay-opacity":"","overlay-gradient":""},"mobile":{"background-color":"","background-image":"","background-repeat":"repeat","background-position":"center center","background-size":"auto","background-attachment":"scroll","background-type":"","background-media":"","overlay-type":"","overlay-color":"","overlay-opacity":"","overlay-gradient":""}},"ast-content-background-meta":{"desktop":{"background-color":"var(--ast-global-color-5)","background-image":"","background-repeat":"repeat","background-position":"center center","background-size":"auto","background-attachment":"scroll","background-type":"","background-media":"","overlay-type":"","overlay-color":"","overlay-opacity":"","overlay-gradient":""},"tablet":{"background-color":"var(--ast-global-color-5)","background-image":"","background-repeat":"repeat","background-position":"center center","background-size":"auto","background-attachment":"scroll","background-type":"","background-media":"","overlay-type":"","overlay-color":"","overlay-opacity":"","overlay-gradient":""},"mobile":{"background-color":"var(--ast-global-color-5)","background-image":"","background-repeat":"repeat","background-position":"center center","background-size":"auto","background-attachment":"scroll","background-type":"","background-media":"","overlay-type":"","overlay-color":"","overlay-opacity":"","overlay-gradient":""}},"footnotes":""},"class_list":["post-7","page","type-page","status-publish","hentry"],"post_mailing_queue_ids":[],"_links":{"self":[{"href":"https:\/\/agora.xtec.cat\/ieportalbatea\/wp-json\/wp\/v2\/pages\/7","targetHints":{"allow":["GET"]}}],"collection":[{"href":"https:\/\/agora.xtec.cat\/ieportalbatea\/wp-json\/wp\/v2\/pages"}],"about":[{"href":"https:\/\/agora.xtec.cat\/ieportalbatea\/wp-json\/wp\/v2\/types\/page"}],"author":[{"embeddable":true,"href":"https:\/\/agora.xtec.cat\/ieportalbatea\/wp-json\/wp\/v2\/users\/2"}],"replies":[{"embeddable":true,"href":"https:\/\/agora.xtec.cat\/ieportalbatea\/wp-json\/wp\/v2\/comments?post=7"}],"version-history":[{"count":5,"href":"https:\/\/agora.xtec.cat\/ieportalbatea\/wp-json\/wp\/v2\/pages\/7\/revisions"}],"predecessor-version":[{"id":17222,"href":"https:\/\/agora.xtec.cat\/ieportalbatea\/wp-json\/wp\/v2\/pages\/7\/revisions\/17222"}],"up":[{"embeddable":true,"href":"https:\/\/agora.xtec.cat\/ieportalbatea\/wp-json\/wp\/v2\/pages\/22"}],"wp:attachment":[{"href":"https:\/\/agora.xtec.cat\/ieportalbatea\/wp-json\/wp\/v2\/media?parent=7"}],"curies":[{"name":"wp","href":"https:\/\/api.w.org\/{rel}","templated":true}]}}