{"id":4882,"date":"2016-06-09T09:31:07","date_gmt":"2016-06-09T08:31:07","guid":{"rendered":"http:\/\/agora.xtec.cat\/ieportalbatea\/?page_id=4882"},"modified":"2021-06-11T09:34:20","modified_gmt":"2021-06-11T07:34:20","slug":"gep","status":"publish","type":"page","link":"https:\/\/agora.xtec.cat\/ieportalbatea\/lescola\/gep\/","title":{"rendered":"PROGRAMA GEP"},"content":{"rendered":"<ul>\n<li>Presentaci\u00f3 &#8220;Som centre GEP!&#8221;<\/li>\n<\/ul>\n<p style=\"text-align: center;\"><iframe loading=\"lazy\" src=\"https:\/\/prezi.com\/embed\/4k63bqgp5yop\/?bgcolor=ffffff&amp;lock_to_path=0&amp;autoplay=0&amp;autohide_ctrls=0&amp;landing_data=bHVZZmNaNDBIWnNjdEVENDRhZDFNZGNIUE43MHdLNWpsdFJLb2ZHanI5eXVqUExBYzdROW9hTXlVWDZtdWx6QjBnPT0&amp;landing_sign=uvbKTtPMuwOcd29NTlDaAhCe0T_b7Z9Bya2LpgxPJIo\" width=\"550\" height=\"400\" frameborder=\"0\"><\/iframe><\/p>\n<ul>\n<li><a href=\"https:\/\/drive.google.com\/file\/d\/0B7Yb5fbs3gfeSjhIanlxcjU4ZjQ\/view?usp=sharing\" target=\"_blank\" rel=\"noopener noreferrer\">GEP: Reuni\u00f3 Experimental del pluriling\u00fcisme<\/a><\/li>\n<li style=\"text-align: left;\"><a href=\"http:\/\/www.calameo.com\/books\/003466922b74df038c18c\" target=\"_blank\" rel=\"noopener noreferrer\">GEP (Segon Any)<\/a><\/li>\n<\/ul>\n<div style=\"text-align: center;\">\n<p><iframe loading=\"lazy\" src=\"\/\/v.calameo.com\/?bkcode=003466922b74df038c18c&amp;mode=mini\" width=\"480\" height=\"300\" frameborder=\"0\"><\/iframe><\/p>\n<div style=\"margin: 4px 0px 8px;\"><a href=\"http:\/\/www.calameo.com\/\" target=\"_blank\" rel=\"noopener noreferrer\">Leer m\u00e1s publicaciones en Calam\u00e9o<\/a><\/div>\n<\/div>\n","protected":false},"excerpt":{"rendered":"<p>Presentaci\u00f3 &#8220;Som centre GEP!&#8221; GEP: Reuni\u00f3 Experimental del pluriling\u00fcisme GEP (Segon Any) Leer m\u00e1s publicaciones en Calam\u00e9o<\/p>\n","protected":false},"author":1,"featured_media":0,"parent":22,"menu_order":0,"comment_status":"closed","ping_status":"closed","template":"","meta":{"_bbp_topic_count":0,"_bbp_reply_count":0,"_bbp_total_topic_count":0,"_bbp_total_reply_count":0,"_bbp_voice_count":0,"_bbp_anonymous_reply_count":0,"_bbp_topic_count_hidden":0,"_bbp_reply_count_hidden":0,"_bbp_forum_subforum_count":0,"site-sidebar-layout":"default","site-content-layout":"","ast-site-content-layout":"","site-content-style":"default","site-sidebar-style":"default","ast-global-header-display":"","ast-banner-title-visibility":"","ast-main-header-display":"","ast-hfb-above-header-display":"","ast-hfb-below-header-display":"","ast-hfb-mobile-header-display":"","site-post-title":"","ast-breadcrumbs-content":"","ast-featured-img":"","footer-sml-layout":"","theme-transparent-header-meta":"","adv-header-id-meta":"","stick-header-meta":"","header-above-stick-meta":"","header-main-stick-meta":"","header-below-stick-meta":"","astra-migrate-meta-layouts":"default","ast-page-background-enabled":"default","ast-page-background-meta":{"desktop":{"background-color":"var(--ast-global-color-4)","background-image":"","background-repeat":"repeat","background-position":"center center","background-size":"auto","background-attachment":"scroll","background-type":"","background-media":"","overlay-type":"","overlay-color":"","overlay-opacity":"","overlay-gradient":""},"tablet":{"background-color":"","background-image":"","background-repeat":"repeat","background-position":"center center","background-size":"auto","background-attachment":"scroll","background-type":"","background-media":"","overlay-type":"","overlay-color":"","overlay-opacity":"","overlay-gradient":""},"mobile":{"background-color":"","background-image":"","background-repeat":"repeat","background-position":"center center","background-size":"auto","background-attachment":"scroll","background-type":"","background-media":"","overlay-type":"","overlay-color":"","overlay-opacity":"","overlay-gradient":""}},"ast-content-background-meta":{"desktop":{"background-color":"var(--ast-global-color-5)","background-image":"","background-repeat":"repeat","background-position":"center center","background-size":"auto","background-attachment":"scroll","background-type":"","background-media":"","overlay-type":"","overlay-color":"","overlay-opacity":"","overlay-gradient":""},"tablet":{"background-color":"var(--ast-global-color-5)","background-image":"","background-repeat":"repeat","background-position":"center center","background-size":"auto","background-attachment":"scroll","background-type":"","background-media":"","overlay-type":"","overlay-color":"","overlay-opacity":"","overlay-gradient":""},"mobile":{"background-color":"var(--ast-global-color-5)","background-image":"","background-repeat":"repeat","background-position":"center center","background-size":"auto","background-attachment":"scroll","background-type":"","background-media":"","overlay-type":"","overlay-color":"","overlay-opacity":"","overlay-gradient":""}},"footnotes":""},"class_list":["post-4882","page","type-page","status-publish","hentry"],"post_mailing_queue_ids":[],"_links":{"self":[{"href":"https:\/\/agora.xtec.cat\/ieportalbatea\/wp-json\/wp\/v2\/pages\/4882","targetHints":{"allow":["GET"]}}],"collection":[{"href":"https:\/\/agora.xtec.cat\/ieportalbatea\/wp-json\/wp\/v2\/pages"}],"about":[{"href":"https:\/\/agora.xtec.cat\/ieportalbatea\/wp-json\/wp\/v2\/types\/page"}],"author":[{"embeddable":true,"href":"https:\/\/agora.xtec.cat\/ieportalbatea\/wp-json\/wp\/v2\/users\/1"}],"replies":[{"embeddable":true,"href":"https:\/\/agora.xtec.cat\/ieportalbatea\/wp-json\/wp\/v2\/comments?post=4882"}],"version-history":[{"count":4,"href":"https:\/\/agora.xtec.cat\/ieportalbatea\/wp-json\/wp\/v2\/pages\/4882\/revisions"}],"predecessor-version":[{"id":19625,"href":"https:\/\/agora.xtec.cat\/ieportalbatea\/wp-json\/wp\/v2\/pages\/4882\/revisions\/19625"}],"up":[{"embeddable":true,"href":"https:\/\/agora.xtec.cat\/ieportalbatea\/wp-json\/wp\/v2\/pages\/22"}],"wp:attachment":[{"href":"https:\/\/agora.xtec.cat\/ieportalbatea\/wp-json\/wp\/v2\/media?parent=4882"}],"curies":[{"name":"wp","href":"https:\/\/api.w.org\/{rel}","templated":true}]}}